{"id":4429,"date":"2023-05-02T22:00:05","date_gmt":"2023-05-02T19:00:05","guid":{"rendered":"https:\/\/www.giresunadahastanesi.com\/anesteziya-reanimasiyasi\/"},"modified":"2023-05-21T21:46:45","modified_gmt":"2023-05-21T18:46:45","slug":"anesteziya-reanimasiyasi","status":"publish","type":"page","link":"https:\/\/www.giresunadahastanesi.com\/az\/anesteziya-reanimasiyasi\/","title":{"rendered":"Anesteziya Reanimasiyas\u0131"},"content":{"rendered":"<div class=\"wpb-content-wrapper\"><p>[vc_row tm_bgimagefixed=&#8221;&#8221; break_in_responsive=&#8221;991&#8243;][vc_column][vc_single_image image=&#8221;4004&#8243; img_size=&#8221;full&#8221; alignment=&#8221;center&#8221;][vc_column_text css=&#8221;.vc_custom_1683038999238{margin-bottom: 20px !important;}&#8221;]Anesteziyadan \u0259vv\u0259l x\u0259st\u0259nin tibbi tarixinin qiym\u0259tl\u0259ndirilm\u0259si v\u0259 \u0259m\u0259liyyatdan sonrak\u0131 a\u011fr\u0131lar\u0131n idar\u0259 edilm\u0259si \u00fc\u00e7\u00fcn konsultasiya xidm\u0259tl\u0259ri d\u0259 g\u00f6st\u0259rilir.<\/p>\n<p>\u00dcr\u0259k c\u0259rrahiyy\u0259si kimi y\u00fcks\u0259k riskli \u0259m\u0259liyyatlarla yana\u015f\u0131, keys\u0259riyy\u0259 v\u0259 epidural anesteziya kimi sah\u0259d\u0259 x\u00fcsusi diqq\u0259t v\u0259 ixtisas t\u0259l\u0259b ed\u0259n t\u0259tbiql\u0259r d\u0259 m\u00fct\u0259x\u0259ssisl\u0259rimizin m\u00fcv\u0259ff\u0259qiyy\u0259tl\u0259 t\u0259tbiq etdiyi xidm\u0259tl\u0259r s\u0131ras\u0131ndad\u0131r.[\/vc_column_text]<h4 style=\"text-align:left;\" class=\"tm-custom-heading \" >Xidm\u0259tl\u0259r<\/h4>\n[vc_column_text css=&#8221;.vc_custom_1683054001109{margin-bottom: 10px !important;}&#8221;]<\/p>\n<div class=\"elementor-element elementor-element-2f3 elementor-widget elementor-widget-text-editor\" data-id=\"2f3\" data-element_type=\"text-editor.default\">\n<div class=\"elementor-widget-container\">\n<div class=\"elementor-text-editor elementor-clearfix\">\n<h2>A\u011fr\u0131 Klinikas\u0131<\/h2>\n<p>A\u011fr\u0131 hissi b\u0259zi hallarda orqanizmd\u0259 olan x\u0259st\u0259likl\u0259rin x\u0259b\u0259r\u00e7isi kimi faydal\u0131 hesab edils\u0259 d\u0259, \u00e7ox vaxt xilas olmaq ist\u0259diyimiz, g\u00fcnd\u0259lik h\u0259yat\u0131m\u0131za m\u0259nfi t\u0259sir ed\u0259n, h\u0259tta iztirablara s\u0259b\u0259b olan bir hissdir.<\/p>\n<p>A\u011fr\u0131, \u0259ziyy\u0259t \u00e7\u0259k\u0259nl\u0259r\u0259 fiziki, emosional v\u0259 psixoloji t\u0259sir edir, yax\u0131nlar\u0131 \u00fc\u00e7\u00fcn emosional v\u0259 sosial probleml\u0259r yarad\u0131r.<\/p>\n<p>A\u011fr\u0131 sad\u0259 bir x\u0259b\u0259rdarl\u0131q deyil. \u018fksin\u0259, bu, \u0259vv\u0259lki t\u0259cr\u00fcb\u0259l\u0259ri ehtiva ed\u0259n qar\u0131\u015f\u0131q bir qavray\u0131\u015fd\u0131r. Buraya \u00e7ox d\u0259rin emosional (m\u0259s\u0259l\u0259n, emosional) v\u0259 idrak (idrak) x\u00fcsusiyy\u0259tl\u0259ri, h\u0259m\u00e7inin stimulun yeri, n\u00f6v\u00fc v\u0259 \u015fidd\u0259ti kimi emosional mesajlar daxildir.<\/p>\n<p>Hiss olunma\u011fa ba\u015flayanda insan\u0131 narahat ed\u0259n v\u0259 narahat ed\u0259n xo\u015fag\u0259lm\u0259z bir hissdir.<\/p>\n<p>Sinirl\u0259rin i\u00e7\u0259risind\u0259 a\u011fr\u0131 lifl\u0259ri v\u0259 beynin i\u00e7\u0259risind\u0259 a\u011fr\u0131 yollar\u0131 yoxdur. Buna g\u00f6r\u0259 d\u0259, a\u011fr\u0131n\u0131n q\u0259bul edilm\u0259si t\u0259cr\u00fcb\u0259si kompleks mexanizmin son v\u0259ziyy\u0259tidir. M\u00fc\u0259yy\u0259n bir stimulun a\u011fr\u0131 kimi q\u0259bul edilm\u0259si t\u0259kc\u0259 stimulun t\u0259bi\u0259tind\u0259n as\u0131l\u0131 deyil. Ke\u00e7mi\u015f t\u0259cr\u00fcb\u0259l\u0259r, yadda\u015fda y\u0131\u011f\u0131lmalar v\u0259 haz\u0131rk\u0131 emosional v\u0259ziyy\u0259t d\u0259 qavray\u0131\u015fa t\u0259sir g\u00f6st\u0259rir.<\/p>\n<p>Bu m\u00fcr\u0259kk\u0259b qurulu\u015fun yax\u015f\u0131 t\u0259hlili, a\u011fr\u0131 m\u00fcalic\u0259si bax\u0131m\u0131ndan d\u00fczg\u00fcn yana\u015fman\u0131n ortaya \u00e7\u0131xar\u0131lmas\u0131 m\u00fcalic\u0259d\u0259 m\u00fcv\u0259ff\u0259qiyy\u0259t \u0259ld\u0259 etm\u0259k \u00fc\u00e7\u00fcn vacibdir. \u00d6z\u0259l Giresun Ada X\u0259st\u0259xanas\u0131 A\u011fr\u0131 Poliklinikas\u0131nda bu intizam \u00e7\u0259r\u00e7iv\u0259sind\u0259 tibbi v\u0259 ya invaziv \u00fcsullar da daxil olmaqla laz\u0131mi m\u00fcalic\u0259 xidm\u0259tl\u0259ri g\u00f6st\u0259rilir.<\/p><\/div>\n<\/div>\n<\/div>\n<p>[\/vc_column_text][vc_row_inner][vc_column_inner width=&#8221;1\/2&#8243;]<ul class=\"tm-list tm-list-style-icon tm-list-icon-color-skincolor tm-black tm-icon-skincolor tm-list-textsize- tm-list-icon-library-fontawesome\"><li><i class=\"tm-skincolor fa fa-arrow-circle-right\"><\/i>  <span class=\"tm-list-li-content\">Xroniki Davaml\u0131 A\u011fr\u0131<\/span><\/li><li><i class=\"tm-skincolor fa fa-arrow-circle-right\"><\/i>  <span class=\"tm-list-li-content\">Spontan a\u011fr\u0131lar<\/span><\/li><li><i class=\"tm-skincolor fa fa-arrow-circle-right\"><\/i>  <span class=\"tm-list-li-content\">X\u0259r\u00e7\u0259ng A\u011fr\u0131lar\u0131<\/span><\/li><li><i class=\"tm-skincolor fa fa-arrow-circle-right\"><\/i>  <span class=\"tm-list-li-content\">\u018fz\u0259l\u0259-skelet a\u011fr\u0131lar\u0131 (\u0259z\u0259l\u0259-skelet a\u011fr\u0131lar\u0131)<\/span><\/li><li><i class=\"tm-skincolor fa fa-arrow-circle-right\"><\/i>  <span class=\"tm-list-li-content\">Periferik v\u0259 m\u0259rk\u0259zi a\u011fr\u0131lar<\/span><\/li><\/ul>[\/vc_column_inner][vc_column_inner width=&#8221;1\/2&#8243; tm_responsive_css=&#8221;40737847|colbreak_no|||||||||colbreak_no|-33px||||||||colbreak_no||||||||||colbreak_no|||||||||&#8221;]<ul class=\"tm-list tm-list-style-icon tm-list-icon-color-skincolor tm-black tm-icon-skincolor tm-list-textsize- tm-list-icon-library-fontawesome\"><li><i class=\"tm-skincolor fa fa-arrow-circle-right\"><\/i>  <span class=\"tm-list-li-content\">Kompleks regional a\u011fr\u0131 sindromlar\u0131<\/span><\/li><li><i class=\"tm-skincolor fa fa-arrow-circle-right\"><\/i>  <span class=\"tm-list-li-content\">Migren v\u0259 dig\u0259r ba\u015f a\u011fr\u0131lar\u0131\n<\/span><\/li><li><i class=\"tm-skincolor fa fa-arrow-circle-right\"><\/i>  <span class=\"tm-list-li-content\">Persistent Postoperative Pain (Persistent Postoperative Pain)<\/span><\/li><li><i class=\"tm-skincolor fa fa-arrow-circle-right\"><\/i>  <span class=\"tm-list-li-content\">Bel A\u011fr\u0131s\u0131<\/span><\/li><\/ul>[\/vc_column_inner][\/vc_row_inner][\/vc_column][\/vc_row][vc_row tm_bgimagefixed=&#8221;&#8221; break_in_responsive=&#8221;991&#8243; css=&#8221;.vc_custom_1543407948016{padding-top: 10px !important;}&#8221;][vc_column]<h4 style=\"text-align:left;\" class=\"tm-custom-heading \" >Xidm\u0259t H\u0259kiml\u0259rimiz<\/h4>\n[vc_separator color=&#8221;custom&#8221; accent_color=&#8221;#ebebeb&#8221;]<div class=\"themetechmount-boxes themetechmount-boxes-team themetechmount-boxes-view-default themetechmount-boxes-col-three themetechmount-boxes-sortable-no themetechmount-boxes-textalign-center themetechmount-boxes-sortablebutton-\">\n\t\t<div class=\"themetechmount-boxes-inner themetechmount-boxes-team-inner \">\n\t\t\t\n\t\t\t<div class=\"row multi-columns-row themetechmount-boxes-row-wrapper\">\n\t\t\t\t<div class=\"tm-box-col-wrapper col-lg-4 col-sm-6 col-md-4 col-xs-12 anesteziya-v%c9%99-reanimasiya\"><article class=\"themetechmount-box themetechmount-box-team themetechmount-teambox-view-overlay\">\n\t<div class=\"themetechmount-post-item\">\n\t\t<div class=\"themetechmount-team-image-box\">\n\t\t\t\n\t\t<span class=\"themetechmount-item-thumbnail\">\n\t\t\t<span class=\"themetechmount-item-thumbnail-inner\">\n\t\t\t\t<img fetchpriority=\"high\" decoding=\"async\" width=\"380\" height=\"500\" src=\"https:\/\/www.giresunadahastanesi.com\/wp-content\/uploads\/2023\/05\/yucel-1-380x500.jpg\" class=\"attachment-themetechmount-img-teamoverlay size-themetechmount-img-teamoverlay wp-post-image\" alt=\"\" data-id=\"4164\" \/>\n\t\t\t<\/span>\n\t\t<\/span>\t        <div class=\"themetechmount-overlay\">\n\t\t\t\t<div class=\"themetechmount-icon-box themetechmount-box-link\"><a href=\"https:\/\/www.giresunadahastanesi.com\/az\/team-member\/uzm-dr-yucel-demirci\/\"><i class=\"tm-brivona-icon-plus-1\"><\/i><\/a><\/div>\t\n\t\t\t<\/div>\t\n\t\t<\/div>\t\n\t\t\t<div class=\"themetechmount-box-content\">\n\t\t\t\t<div class=\"themetechmount-team-position\">Anesteziya v\u0259 Reanimasiya<\/div>\n\t\t\t\t<div class=\"themetechmount-box-title\"><h4><a href=\"https:\/\/www.giresunadahastanesi.com\/az\/team-member\/uzm-dr-yucel-demirci\/\">Uzm.Dr. Y\u00fccel Demirci<\/a><\/h4><\/div>\t\t\t\t\t\t\t\t\n\t\t\t<\/div>\t\t\t\n\t<\/div>\n<\/article>\n <\/div><div class=\"tm-box-col-wrapper col-lg-4 col-sm-6 col-md-4 col-xs-12 anesteziya-v%c9%99-reanimasiya\"><article class=\"themetechmount-box themetechmount-box-team themetechmount-teambox-view-overlay\">\n\t<div class=\"themetechmount-post-item\">\n\t\t<div class=\"themetechmount-team-image-box\">\n\t\t\t\n\t\t<span class=\"themetechmount-item-thumbnail\">\n\t\t\t<span class=\"themetechmount-item-thumbnail-inner\">\n\t\t\t\t<img decoding=\"async\" width=\"380\" height=\"500\" src=\"https:\/\/www.giresunadahastanesi.com\/wp-content\/uploads\/2023\/05\/hasan-380x500.jpg\" class=\"attachment-themetechmount-img-teamoverlay size-themetechmount-img-teamoverlay wp-post-image\" alt=\"\" data-id=\"4168\" \/>\n\t\t\t<\/span>\n\t\t<\/span>\t        <div class=\"themetechmount-overlay\">\n\t\t\t\t<div class=\"themetechmount-icon-box themetechmount-box-link\"><a href=\"https:\/\/www.giresunadahastanesi.com\/az\/team-member\/uzm-dr-hasan-yilmaz\/\"><i class=\"tm-brivona-icon-plus-1\"><\/i><\/a><\/div>\t\n\t\t\t<\/div>\t\n\t\t<\/div>\t\n\t\t\t<div class=\"themetechmount-box-content\">\n\t\t\t\t<div class=\"themetechmount-team-position\">Anesteziya v\u0259 Reanimasiya<\/div>\n\t\t\t\t<div class=\"themetechmount-box-title\"><h4><a href=\"https:\/\/www.giresunadahastanesi.com\/az\/team-member\/uzm-dr-hasan-yilmaz\/\">Uzm.Dr. Hasan YILMAZ<\/a><\/h4><\/div>\t\t\t\t\t\t\t\t\n\t\t\t<\/div>\t\t\t\n\t<\/div>\n<\/article>\n <\/div>\n\t\t\t<\/div>\n\t\t<\/div><!-- .themetechmount-boxes-inner -->   <\/div><!-- .themetechmount-boxes -->  [\/vc_column][\/vc_row]<\/p>\n<\/div>","protected":false},"excerpt":{"rendered":"<p>[vc_row tm_bgimagefixed=&#8221;&#8221; break_in_responsive=&#8221;991&#8243;][vc_column][vc_single_image image=&#8221;4004&#8243; img_size=&#8221;full&#8221; alignment=&#8221;center&#8221;][vc_column_text css=&#8221;.vc_custom_1683038999238{margin-bottom: 20px !important;}&#8221;]Anesteziyadan \u0259vv\u0259l x\u0259st\u0259nin tibbi tarixinin qiym\u0259tl\u0259ndirilm\u0259si v\u0259 \u0259m\u0259liyyatdan sonrak\u0131 a\u011fr\u0131lar\u0131n idar\u0259 edilm\u0259si \u00fc\u00e7\u00fcn konsultasiya xidm\u0259tl\u0259ri d\u0259 g\u00f6st\u0259rilir. \u00dcr\u0259k c\u0259rrahiyy\u0259si kimi y\u00fcks\u0259k riskli \u0259m\u0259liyyatlarla yana\u015f\u0131, keys\u0259riyy\u0259 v\u0259 epidural anesteziya kimi sah\u0259d\u0259 x\u00fcsusi diqq\u0259t v\u0259 ixtisas t\u0259l\u0259b ed\u0259n t\u0259tbiql\u0259r d\u0259 m\u00fct\u0259x\u0259ssisl\u0259rimizin m\u00fcv\u0259ff\u0259qiyy\u0259tl\u0259 t\u0259tbiq etdiyi xidm\u0259tl\u0259r s\u0131ras\u0131ndad\u0131r.[\/vc_column_text][vc_column_text css=&#8221;.vc_custom_1683054001109{margin-bottom: 10px !important;}&#8221;] &hellip; <a href=\"https:\/\/www.giresunadahastanesi.com\/az\/team-member\/uzm-dr-hasan-yilmaz\/\" class=\"more-link\">Continue reading <span class=\"screen-reader-text\">Uzm.Dr. Hasan YILMAZ<\/span><\/a><\/p>\n","protected":false},"author":1,"featured_media":0,"parent":0,"menu_order":23,"comment_status":"closed","ping_status":"closed","template":"","meta":{"footnotes":""},"class_list":["post-4429","page","type-page","status-publish","hentry"],"_links":{"self":[{"href":"https:\/\/www.giresunadahastanesi.com\/az\/wp-json\/wp\/v2\/pages\/4429","targetHints":{"allow":["GET"]}}],"collection":[{"href":"https:\/\/www.giresunadahastanesi.com\/az\/wp-json\/wp\/v2\/pages"}],"about":[{"href":"https:\/\/www.giresunadahastanesi.com\/az\/wp-json\/wp\/v2\/types\/page"}],"author":[{"embeddable":true,"href":"https:\/\/www.giresunadahastanesi.com\/az\/wp-json\/wp\/v2\/users\/1"}],"replies":[{"embeddable":true,"href":"https:\/\/www.giresunadahastanesi.com\/az\/wp-json\/wp\/v2\/comments?post=4429"}],"version-history":[{"count":16,"href":"https:\/\/www.giresunadahastanesi.com\/az\/wp-json\/wp\/v2\/pages\/4429\/revisions"}],"predecessor-version":[{"id":7834,"href":"https:\/\/www.giresunadahastanesi.com\/az\/wp-json\/wp\/v2\/pages\/4429\/revisions\/7834"}],"wp:attachment":[{"href":"https:\/\/www.giresunadahastanesi.com\/az\/wp-json\/wp\/v2\/media?parent=4429"}],"curies":[{"name":"wp","href":"https:\/\/api.w.org\/{rel}","templated":true}]}}