{"id":4439,"date":"2023-05-02T17:46:01","date_gmt":"2023-05-02T14:46:01","guid":{"rendered":"https:\/\/www.giresunadahastanesi.com\/t%c9%99cili-yardim-xidm%c9%99tl%c9%99ri\/"},"modified":"2023-05-21T21:45:23","modified_gmt":"2023-05-21T18:45:23","slug":"t%c9%99cili-yardim-xidm%c9%99tl%c9%99ri","status":"publish","type":"page","link":"https:\/\/www.giresunadahastanesi.com\/az\/t%c9%99cili-yardim-xidm%c9%99tl%c9%99ri\/","title":{"rendered":"T\u0259cili yard\u0131m xidm\u0259tl\u0259ri"},"content":{"rendered":"<div class=\"wpb-content-wrapper\"><p>[vc_row tm_bgimagefixed=&#8221;&#8221; break_in_responsive=&#8221;991&#8243;][vc_column][vc_single_image image=&#8221;4000&#8243; img_size=&#8221;full&#8221; alignment=&#8221;center&#8221;][vc_column_text css=&#8221;.vc_custom_1683038735862{margin-bottom: 20px !important;}&#8221;]T\u0259cili yard\u0131m xidm\u0259timizl\u0259 h\u0259ft\u0259nin 7 g\u00fcn\u00fc 24 saat xidm\u0259tinizd\u0259yik&#8230;[\/vc_column_text]<h4 style=\"text-align:left;\" class=\"tm-custom-heading \" >Xidm\u0259tl\u0259r<\/h4>\n[vc_column_text css=&#8221;.vc_custom_1683038745037{margin-bottom: 10px !important;}&#8221;]<\/p>\n<div class=\"elementor-element elementor-element-2f3 elementor-widget elementor-widget-text-editor\" data-id=\"2f3\" data-element_type=\"text-editor.default\">\n<div class=\"elementor-widget-container\">\n<div class=\"elementor-text-editor elementor-clearfix\">\n<p>O, keyfiyy\u0259t v\u0259 rahatl\u0131\u011f\u0131 h\u0259r zaman yan\u0131n\u0131zda olacaq \u00f6z\u0259l t\u0259cili yard\u0131m xidm\u0259ti il\u0259 birl\u0259\u015fdirir. \u00d6z\u0259l Giresun Ada X\u0259st\u0259xanas\u0131n\u0131n t\u0259cili yard\u0131m xidm\u0259tl\u0259ri m\u00fct\u0259x\u0259ssis qruplar\u0131m\u0131zla x\u0259st\u0259nizi sa\u011flaml\u0131q n\u0259zar\u0259tli v\u0259 rahat \u015f\u0259kild\u0259 ist\u0259diyiniz yer\u0259 \u00e7atd\u0131rma\u011fa h\u0259r zaman haz\u0131rd\u0131r! \u015e\u0259h\u0259rl\u0259raras\u0131 v\u0259 \u015f\u0259h\u0259rdaxili \u00f6z\u0259l t\u0259cili yard\u0131m ma\u015f\u0131nlar\u0131m\u0131zla xidm\u0259tinizd\u0259yik. M\u0259lumat \u00fc\u00e7\u00fcn \u201c+90 535 460 51 86\u201d.<\/p><\/div>\n<\/div>\n<\/div>\n<p>[\/vc_column_text][\/vc_column][\/vc_row][vc_row tm_bgimagefixed=&#8221;&#8221; break_in_responsive=&#8221;991&#8243; css=&#8221;.vc_custom_1543407948016{padding-top: 10px !important;}&#8221;][vc_column]<h4 style=\"text-align:left;\" class=\"tm-custom-heading \" >Xidm\u0259t H\u0259kiml\u0259rimiz<\/h4>\n[vc_separator color=&#8221;custom&#8221; accent_color=&#8221;#ebebeb&#8221;]<div class=\"themetechmount-boxes themetechmount-boxes-team themetechmount-boxes-view-default themetechmount-boxes-col-three themetechmount-boxes-sortable-no themetechmount-boxes-textalign-center themetechmount-boxes-sortablebutton-\">\n\t\t<div class=\"themetechmount-boxes-inner themetechmount-boxes-team-inner \">\n\t\t\t\n\t\t\t<div class=\"row multi-columns-row themetechmount-boxes-row-wrapper\">\n\t\t\t\t<div class=\"tm-box-col-wrapper col-lg-4 col-sm-6 col-md-4 col-xs-12 t%c9%99cili\"><article class=\"themetechmount-box themetechmount-box-team themetechmount-teambox-view-overlay\">\n\t<div class=\"themetechmount-post-item\">\n\t\t<div class=\"themetechmount-team-image-box\">\n\t\t\t\n\t\t<span class=\"themetechmount-item-thumbnail\">\n\t\t\t<span class=\"themetechmount-item-thumbnail-inner\">\n\t\t\t\t<img fetchpriority=\"high\" decoding=\"async\" width=\"380\" height=\"500\" src=\"https:\/\/www.giresunadahastanesi.com\/wp-content\/uploads\/2023\/05\/ugurkara-380x500.jpg\" class=\"attachment-themetechmount-img-teamoverlay size-themetechmount-img-teamoverlay wp-post-image\" alt=\"\" data-id=\"4176\" \/>\n\t\t\t<\/span>\n\t\t<\/span>\t        <div class=\"themetechmount-overlay\">\n\t\t\t\t<div class=\"themetechmount-icon-box themetechmount-box-link\"><a href=\"https:\/\/www.giresunadahastanesi.com\/az\/team-member\/dr-ugur-kara\/\"><i class=\"tm-brivona-icon-plus-1\"><\/i><\/a><\/div>\t\n\t\t\t<\/div>\t\n\t\t<\/div>\t\n\t\t\t<div class=\"themetechmount-box-content\">\n\t\t\t\t<div class=\"themetechmount-team-position\">T\u0259cili<\/div>\n\t\t\t\t<div class=\"themetechmount-box-title\"><h4><a href=\"https:\/\/www.giresunadahastanesi.com\/az\/team-member\/dr-ugur-kara\/\">Dr. U\u011fur KARA<\/a><\/h4><\/div>\t\t\t\t\t\t\t\t\n\t\t\t<\/div>\t\t\t\n\t<\/div>\n<\/article>\n <\/div><div class=\"tm-box-col-wrapper col-lg-4 col-sm-6 col-md-4 col-xs-12 t%c9%99cili\"><article class=\"themetechmount-box themetechmount-box-team themetechmount-teambox-view-overlay\">\n\t<div class=\"themetechmount-post-item\">\n\t\t<div class=\"themetechmount-team-image-box\">\n\t\t\t\n\t\t<span class=\"themetechmount-item-thumbnail\">\n\t\t\t<span class=\"themetechmount-item-thumbnail-inner\">\n\t\t\t\t<img decoding=\"async\" width=\"380\" height=\"500\" src=\"https:\/\/www.giresunadahastanesi.com\/wp-content\/uploads\/2023\/05\/nophoto-380x500.jpg\" class=\"attachment-themetechmount-img-teamoverlay size-themetechmount-img-teamoverlay wp-post-image\" alt=\"\" data-id=\"4192\" \/>\n\t\t\t<\/span>\n\t\t<\/span>\t        <div class=\"themetechmount-overlay\">\n\t\t\t\t<div class=\"themetechmount-icon-box themetechmount-box-link\"><a href=\"https:\/\/www.giresunadahastanesi.com\/az\/team-member\/dr-ozan-erbil-alicanoglu\/\"><i class=\"tm-brivona-icon-plus-1\"><\/i><\/a><\/div>\t\n\t\t\t<\/div>\t\n\t\t<\/div>\t\n\t\t\t<div class=\"themetechmount-box-content\">\n\t\t\t\t<div class=\"themetechmount-team-position\">T\u0259cili<\/div>\n\t\t\t\t<div class=\"themetechmount-box-title\"><h4><a href=\"https:\/\/www.giresunadahastanesi.com\/az\/team-member\/dr-ozan-erbil-alicanoglu\/\">Dr. Ozan Erbil AL\u0130CANO\u011eLU<\/a><\/h4><\/div>\t\t\t\t\t\t\t\t\n\t\t\t<\/div>\t\t\t\n\t<\/div>\n<\/article>\n <\/div>\n\t\t\t<\/div>\n\t\t<\/div><!-- .themetechmount-boxes-inner -->   <\/div><!-- .themetechmount-boxes -->  [\/vc_column][\/vc_row]<\/p>\n<\/div>","protected":false},"excerpt":{"rendered":"<p>[vc_row tm_bgimagefixed=&#8221;&#8221; break_in_responsive=&#8221;991&#8243;][vc_column][vc_single_image image=&#8221;4000&#8243; img_size=&#8221;full&#8221; alignment=&#8221;center&#8221;][vc_column_text css=&#8221;.vc_custom_1683038735862{margin-bottom: 20px !important;}&#8221;]T\u0259cili yard\u0131m xidm\u0259timizl\u0259 h\u0259ft\u0259nin 7 g\u00fcn\u00fc 24 saat xidm\u0259tinizd\u0259yik&#8230;[\/vc_column_text][vc_column_text css=&#8221;.vc_custom_1683038745037{margin-bottom: 10px !important;}&#8221;] O, keyfiyy\u0259t v\u0259 rahatl\u0131\u011f\u0131 h\u0259r zaman yan\u0131n\u0131zda olacaq \u00f6z\u0259l t\u0259cili yard\u0131m xidm\u0259ti il\u0259 birl\u0259\u015fdirir. \u00d6z\u0259l Giresun Ada X\u0259st\u0259xanas\u0131n\u0131n t\u0259cili yard\u0131m xidm\u0259tl\u0259ri m\u00fct\u0259x\u0259ssis qruplar\u0131m\u0131zla x\u0259st\u0259nizi sa\u011flaml\u0131q n\u0259zar\u0259tli v\u0259 rahat \u015f\u0259kild\u0259 ist\u0259diyiniz yer\u0259 \u00e7atd\u0131rma\u011fa h\u0259r zaman haz\u0131rd\u0131r! &hellip; <a href=\"https:\/\/www.giresunadahastanesi.com\/az\/team-member\/dr-ozan-erbil-alicanoglu\/\" class=\"more-link\">Continue reading <span class=\"screen-reader-text\">Dr. Ozan Erbil AL\u0130CANO\u011eLU<\/span><\/a><\/p>\n","protected":false},"author":1,"featured_media":0,"parent":0,"menu_order":23,"comment_status":"closed","ping_status":"closed","template":"","meta":{"footnotes":""},"class_list":["post-4439","page","type-page","status-publish","hentry"],"_links":{"self":[{"href":"https:\/\/www.giresunadahastanesi.com\/az\/wp-json\/wp\/v2\/pages\/4439","targetHints":{"allow":["GET"]}}],"collection":[{"href":"https:\/\/www.giresunadahastanesi.com\/az\/wp-json\/wp\/v2\/pages"}],"about":[{"href":"https:\/\/www.giresunadahastanesi.com\/az\/wp-json\/wp\/v2\/types\/page"}],"author":[{"embeddable":true,"href":"https:\/\/www.giresunadahastanesi.com\/az\/wp-json\/wp\/v2\/users\/1"}],"replies":[{"embeddable":true,"href":"https:\/\/www.giresunadahastanesi.com\/az\/wp-json\/wp\/v2\/comments?post=4439"}],"version-history":[{"count":7,"href":"https:\/\/www.giresunadahastanesi.com\/az\/wp-json\/wp\/v2\/pages\/4439\/revisions"}],"predecessor-version":[{"id":7833,"href":"https:\/\/www.giresunadahastanesi.com\/az\/wp-json\/wp\/v2\/pages\/4439\/revisions\/7833"}],"wp:attachment":[{"href":"https:\/\/www.giresunadahastanesi.com\/az\/wp-json\/wp\/v2\/media?parent=4439"}],"curies":[{"name":"wp","href":"https:\/\/api.w.org\/{rel}","templated":true}]}}