{"id":4482,"date":"2023-05-09T14:50:16","date_gmt":"2023-05-09T11:50:16","guid":{"rendered":"https:\/\/www.giresunadahastanesi.com\/pediatriya\/"},"modified":"2023-05-21T21:50:06","modified_gmt":"2023-05-21T18:50:06","slug":"pediatriya","status":"publish","type":"page","link":"https:\/\/www.giresunadahastanesi.com\/az\/pediatriya\/","title":{"rendered":"Pediatriya"},"content":{"rendered":"<div class=\"wpb-content-wrapper\"><p>[vc_row tm_bgimagefixed=&#8221;&#8221; break_in_responsive=&#8221;991&#8243;][vc_column][vc_single_image image=&#8221;3816&#8243; img_size=&#8221;full&#8221; alignment=&#8221;center&#8221;][vc_column_text css=&#8221;.vc_custom_1683632949531{margin-bottom: 20px !important;}&#8221;]<\/p>\n<div class=\"elementor-element elementor-element-1986 elementor-widget elementor-widget-text-editor\" data-id=\"1986\" data-element_type=\"text-editor.default\">\n<div class=\"elementor-widget-container\">\n<div class=\"elementor-text-editor elementor-clearfix\">\n<p>U\u015faq poliklinikalar\u0131m\u0131zda u\u015faq v\u0259 k\u00f6rp\u0259l\u0259rin sa\u011flaml\u0131\u011f\u0131na, peyv\u0259ndl\u0259rin\u0259 n\u0259zar\u0259t olunur, h\u0259kim m\u00fcayin\u0259sind\u0259n \u0259vv\u0259l v\u0259 sonra u\u015faqlar\u0131n rahatl\u0131\u011f\u0131 \u00fc\u00e7\u00fcn oyun meydan\u00e7as\u0131 v\u0259 m\u00fchafiz\u0259 d\u0259rn\u0259yi f\u0259aliyy\u0259t g\u00f6st\u0259rir.<\/p><\/div>\n<\/div>\n<\/div>\n<p>[\/vc_column_text]<h4 style=\"text-align:left;\" class=\"tm-custom-heading \" >Xidm\u0259tl\u0259r<\/h4>\n[vc_column_text css=&#8221;.vc_custom_1683633015099{margin-bottom: 10px !important;}&#8221;]<\/p>\n<div class=\"elementor-element elementor-element-24f8 elementor-widget elementor-widget-text-editor\" data-id=\"24f8\" data-element_type=\"text-editor.default\">\n<div class=\"elementor-widget-container\">\n<div class=\"elementor-text-editor elementor-clearfix\">\n<p>Poliklinikalar\u0131m\u0131zda q\u0259bul sistemi il\u0259 z\u0259ng m\u0259rk\u0259zimizd\u0259n q\u0259bula yaz\u0131lmaqla m\u00fcayin\u0259l\u0259r edil\u0259 bil\u0259r, f\u00f6vq\u0259lad\u0259 hallarda is\u0259 t\u0259cili xidm\u0259timiz v\u0259 Pediatriya Poliklinikam\u0131z h\u0259kiml\u0259rimizin koordinasiyas\u0131 v\u0259 \u0259m\u0259kda\u015fl\u0131\u011f\u0131 il\u0259 siz\u0259 xidm\u0259t g\u00f6st\u0259rir.<\/p><\/div>\n<\/div>\n<\/div>\n<p>[\/vc_column_text][vc_row_inner][vc_column_inner width=&#8221;1\/2&#8243;]<ul class=\"tm-list tm-list-style-icon tm-list-icon-color-skincolor tm-black tm-icon-skincolor tm-list-textsize- tm-list-icon-library-fontawesome\"><li><i class=\"tm-skincolor fa fa-arrow-circle-right\"><\/i>  <span class=\"tm-list-li-content\">\u00dcmumi M\u00fcayin\u0259<\/span><\/li><\/ul>[\/vc_column_inner][vc_column_inner width=&#8221;1\/2&#8243; tm_responsive_css=&#8221;40737847|colbreak_no|||||||||colbreak_no|-33px||||||||colbreak_no||||||||||colbreak_no|||||||||&#8221;]<ul class=\"tm-list tm-list-style-icon tm-list-icon-color-skincolor tm-black tm-icon-skincolor tm-list-textsize- tm-list-icon-library-fontawesome\"><li><i class=\"tm-skincolor fa fa-arrow-circle-right\"><\/i>  <span class=\"tm-list-li-content\">Laz\u0131mi Texnikalar v\u0259 Laboratoriya Xidm\u0259tl\u0259ri<\/span><\/li><\/ul>[\/vc_column_inner][\/vc_row_inner][\/vc_column][\/vc_row][vc_row tm_bgimagefixed=&#8221;&#8221; break_in_responsive=&#8221;991&#8243; css=&#8221;.vc_custom_1543407948016{padding-top: 10px !important;}&#8221;][vc_column]<h4 style=\"text-align:left;\" class=\"tm-custom-heading \" >Xidm\u0259t H\u0259kiml\u0259rimiz<\/h4>\n[vc_separator color=&#8221;custom&#8221; accent_color=&#8221;#ebebeb&#8221;]<div class=\"themetechmount-boxes themetechmount-boxes-team themetechmount-boxes-view-default themetechmount-boxes-col-three themetechmount-boxes-sortable-no themetechmount-boxes-textalign-center themetechmount-boxes-sortablebutton-\">\n\t\t<div class=\"themetechmount-boxes-inner themetechmount-boxes-team-inner \">\n\t\t\t\n\t\t\t<div class=\"row multi-columns-row themetechmount-boxes-row-wrapper\">\n\t\t\t\t<div class=\"tm-box-col-wrapper col-lg-4 col-sm-6 col-md-4 col-xs-12 pediatriya\"><article class=\"themetechmount-box themetechmount-box-team themetechmount-teambox-view-overlay\">\n\t<div class=\"themetechmount-post-item\">\n\t\t<div class=\"themetechmount-team-image-box\">\n\t\t\t\n\t\t<span class=\"themetechmount-item-thumbnail\">\n\t\t\t<span class=\"themetechmount-item-thumbnail-inner\">\n\t\t\t\t<img fetchpriority=\"high\" decoding=\"async\" width=\"380\" height=\"500\" src=\"https:\/\/www.giresunadahastanesi.com\/wp-content\/uploads\/2023\/05\/huseyindinc-380x500.jpg\" class=\"attachment-themetechmount-img-teamoverlay size-themetechmount-img-teamoverlay wp-post-image\" alt=\"\" data-id=\"4140\" \/>\n\t\t\t<\/span>\n\t\t<\/span>\t        <div class=\"themetechmount-overlay\">\n\t\t\t\t<div class=\"themetechmount-icon-box themetechmount-box-link\"><a href=\"https:\/\/www.giresunadahastanesi.com\/az\/team-member\/uzm-dr-huseyin-dinc\/\"><i class=\"tm-brivona-icon-plus-1\"><\/i><\/a><\/div>\t\n\t\t\t<\/div>\t\n\t\t<\/div>\t\n\t\t\t<div class=\"themetechmount-box-content\">\n\t\t\t\t<div class=\"themetechmount-team-position\">Pediatriya<\/div>\n\t\t\t\t<div class=\"themetechmount-box-title\"><h4><a href=\"https:\/\/www.giresunadahastanesi.com\/az\/team-member\/uzm-dr-huseyin-dinc\/\">Uzm.Dr. H\u00fcseyin D\u0130N\u00c7<\/a><\/h4><\/div>\t\t\t\t\t\t\t\t\n\t\t\t<\/div>\t\t\t\n\t<\/div>\n<\/article>\n <\/div><div class=\"tm-box-col-wrapper col-lg-4 col-sm-6 col-md-4 col-xs-12 pediatriya\"><article class=\"themetechmount-box themetechmount-box-team themetechmount-teambox-view-overlay\">\n\t<div class=\"themetechmount-post-item\">\n\t\t<div class=\"themetechmount-team-image-box\">\n\t\t\t\n\t\t<span class=\"themetechmount-item-thumbnail\">\n\t\t\t<span class=\"themetechmount-item-thumbnail-inner\">\n\t\t\t\t<img decoding=\"async\" width=\"380\" height=\"500\" src=\"https:\/\/www.giresunadahastanesi.com\/wp-content\/uploads\/2023\/05\/aysemelikoglu-2-380x500.jpg\" class=\"attachment-themetechmount-img-teamoverlay size-themetechmount-img-teamoverlay wp-post-image\" alt=\"\" data-id=\"4144\" \/>\n\t\t\t<\/span>\n\t\t<\/span>\t        <div class=\"themetechmount-overlay\">\n\t\t\t\t<div class=\"themetechmount-icon-box themetechmount-box-link\"><a href=\"https:\/\/www.giresunadahastanesi.com\/az\/team-member\/uzm-dr-ayse-melikoglu\/\"><i class=\"tm-brivona-icon-plus-1\"><\/i><\/a><\/div>\t\n\t\t\t<\/div>\t\n\t\t<\/div>\t\n\t\t\t<div class=\"themetechmount-box-content\">\n\t\t\t\t<div class=\"themetechmount-team-position\">Pediatriya<\/div>\n\t\t\t\t<div class=\"themetechmount-box-title\"><h4><a href=\"https:\/\/www.giresunadahastanesi.com\/az\/team-member\/uzm-dr-ayse-melikoglu\/\">Uzm.Dr. Ay\u015fe MEL\u0130KO\u011eLU<\/a><\/h4><\/div>\t\t\t\t\t\t\t\t\n\t\t\t<\/div>\t\t\t\n\t<\/div>\n<\/article>\n <\/div>\n\t\t\t<\/div>\n\t\t<\/div><!-- .themetechmount-boxes-inner -->   <\/div><!-- .themetechmount-boxes -->  [\/vc_column][\/vc_row]<\/p>\n<\/div>","protected":false},"excerpt":{"rendered":"<p>[vc_row tm_bgimagefixed=&#8221;&#8221; break_in_responsive=&#8221;991&#8243;][vc_column][vc_single_image image=&#8221;3816&#8243; img_size=&#8221;full&#8221; alignment=&#8221;center&#8221;][vc_column_text css=&#8221;.vc_custom_1683632949531{margin-bottom: 20px !important;}&#8221;] U\u015faq poliklinikalar\u0131m\u0131zda u\u015faq v\u0259 k\u00f6rp\u0259l\u0259rin sa\u011flaml\u0131\u011f\u0131na, peyv\u0259ndl\u0259rin\u0259 n\u0259zar\u0259t olunur, h\u0259kim m\u00fcayin\u0259sind\u0259n \u0259vv\u0259l v\u0259 sonra u\u015faqlar\u0131n rahatl\u0131\u011f\u0131 \u00fc\u00e7\u00fcn oyun meydan\u00e7as\u0131 v\u0259 m\u00fchafiz\u0259 d\u0259rn\u0259yi f\u0259aliyy\u0259t g\u00f6st\u0259rir. [\/vc_column_text][vc_column_text css=&#8221;.vc_custom_1683633015099{margin-bottom: 10px !important;}&#8221;] Poliklinikalar\u0131m\u0131zda q\u0259bul sistemi il\u0259 z\u0259ng m\u0259rk\u0259zimizd\u0259n q\u0259bula yaz\u0131lmaqla m\u00fcayin\u0259l\u0259r edil\u0259 bil\u0259r, f\u00f6vq\u0259lad\u0259 hallarda is\u0259 t\u0259cili xidm\u0259timiz v\u0259 Pediatriya &hellip; <a href=\"https:\/\/www.giresunadahastanesi.com\/az\/team-member\/uzm-dr-ayse-melikoglu\/\" class=\"more-link\">Continue reading <span class=\"screen-reader-text\">Uzm.Dr. Ay\u015fe MEL\u0130KO\u011eLU<\/span><\/a><\/p>\n","protected":false},"author":1,"featured_media":0,"parent":0,"menu_order":23,"comment_status":"closed","ping_status":"closed","template":"","meta":{"footnotes":""},"class_list":["post-4482","page","type-page","status-publish","hentry"],"_links":{"self":[{"href":"https:\/\/www.giresunadahastanesi.com\/az\/wp-json\/wp\/v2\/pages\/4482","targetHints":{"allow":["GET"]}}],"collection":[{"href":"https:\/\/www.giresunadahastanesi.com\/az\/wp-json\/wp\/v2\/pages"}],"about":[{"href":"https:\/\/www.giresunadahastanesi.com\/az\/wp-json\/wp\/v2\/types\/page"}],"author":[{"embeddable":true,"href":"https:\/\/www.giresunadahastanesi.com\/az\/wp-json\/wp\/v2\/users\/1"}],"replies":[{"embeddable":true,"href":"https:\/\/www.giresunadahastanesi.com\/az\/wp-json\/wp\/v2\/comments?post=4482"}],"version-history":[{"count":12,"href":"https:\/\/www.giresunadahastanesi.com\/az\/wp-json\/wp\/v2\/pages\/4482\/revisions"}],"predecessor-version":[{"id":7839,"href":"https:\/\/www.giresunadahastanesi.com\/az\/wp-json\/wp\/v2\/pages\/4482\/revisions\/7839"}],"wp:attachment":[{"href":"https:\/\/www.giresunadahastanesi.com\/az\/wp-json\/wp\/v2\/media?parent=4482"}],"curies":[{"name":"wp","href":"https:\/\/api.w.org\/{rel}","templated":true}]}}