{"id":4539,"date":"2023-05-09T14:56:58","date_gmt":"2023-05-09T11:56:58","guid":{"rendered":"https:\/\/www.giresunadahastanesi.com\/dermatologiya\/"},"modified":"2023-05-21T21:52:33","modified_gmt":"2023-05-21T18:52:33","slug":"dermatologiya","status":"publish","type":"page","link":"https:\/\/www.giresunadahastanesi.com\/az\/dermatologiya\/","title":{"rendered":"Dermatologiya"},"content":{"rendered":"<div class=\"wpb-content-wrapper\"><p>[vc_row tm_bgimagefixed=&#8221;&#8221; break_in_responsive=&#8221;991&#8243;][vc_column][vc_single_image image=&#8221;3816&#8243; img_size=&#8221;full&#8221; alignment=&#8221;center&#8221;][vc_column_text css=&#8221;.vc_custom_1683633368964{margin-bottom: 20px !important;}&#8221;]<\/p>\n<div class=\"elementor-element elementor-element-6ed8 elementor-widget elementor-widget-text-editor\" data-id=\"6ed8\" data-element_type=\"text-editor.default\">\n<div class=\"elementor-widget-container\">\n<div class=\"elementor-text-editor elementor-clearfix\">\n<p>D\u0259ri x\u0259r\u00e7\u0259ngind\u0259n sonra \u0259h\u0259miyy\u0259tli x\u0259st\u0259likl\u0259rd\u0259n olan g\u00f6b\u0259l\u0259k, s\u0131zanaq m\u00fcalic\u0259si v\u0259 t\u0259qibi, allergik ekzema, k\u00f6stebek t\u0259qibi kimi m\u00f6vzular \u00fczr\u0259 \u015f\u00f6b\u0259l\u0259rimizin ixtisas sah\u0259l\u0259ridir. B\u00fct\u00fcn x\u0259st\u0259xanalar\u0131m\u0131zda yarad\u0131lan dermatoloji qruplar\u0131m\u0131z x\u00fcsusil\u0259 d\u0259ri x\u0259r\u00e7\u0259ngl\u0259rinin erk\u0259n diaqnostikas\u0131 v\u0259 m\u00fcalic\u0259si \u00fc\u00e7\u00fcn \u00e7ox u\u011furlu n\u0259tic\u0259l\u0259r \u0259ld\u0259 edirl\u0259r.<\/p><\/div>\n<\/div>\n<\/div>\n<p>[\/vc_column_text]<h4 style=\"text-align:left;\" class=\"tm-custom-heading \" >Xidm\u0259tl\u0259r<\/h4>\n[vc_column_text css=&#8221;.vc_custom_1683633381316{margin-bottom: 10px !important;}&#8221;]<\/p>\n<div class=\"elementor-element elementor-element-55fa elementor-widget elementor-widget-text-editor\" data-id=\"55fa\" data-element_type=\"text-editor.default\">\n<div class=\"elementor-widget-container\">\n<div class=\"elementor-text-editor elementor-clearfix\">\n<p><strong>Klinik \u0259hat\u0259 dair\u0259si<\/strong> : G\u00f6b\u0259l\u0259k x\u0259st\u0259likl\u0259ri, Psoriasis, Egzama, Sa\u00e7 v\u0259 d\u0131rnaq x\u0259st\u0259likl\u0259ri, Sifilis, gonoreya kimi z\u00f6hr\u0259vi x\u0259st\u0259likl\u0259r<\/div>\n<\/div>\n<\/div>\n<p>[\/vc_column_text][vc_row_inner][vc_column_inner width=&#8221;1\/2&#8243;]<ul class=\"tm-list tm-list-style-icon tm-list-icon-color-skincolor tm-black tm-icon-skincolor tm-list-textsize- tm-list-icon-library-fontawesome\"><li><i class=\"tm-skincolor fa fa-arrow-circle-right\"><\/i>  <span class=\"tm-list-li-content\">D\u0259ri x\u0259r\u00e7\u0259ngl\u0259ri<\/span><\/li><li><i class=\"tm-skincolor fa fa-arrow-circle-right\"><\/i>  <span class=\"tm-list-li-content\">Do\u011fum ni\u015fanlar\u0131<\/span><\/li><li><i class=\"tm-skincolor fa fa-arrow-circle-right\"><\/i>  <span class=\"tm-list-li-content\">Sa\u00e7 t\u00f6k\u00fclm\u0259si<\/span><\/li><li><i class=\"tm-skincolor fa fa-arrow-circle-right\"><\/i>  <span class=\"tm-list-li-content\">D\u0259rman allergiyas\u0131<\/span><\/li><\/ul>[\/vc_column_inner][vc_column_inner width=&#8221;1\/2&#8243; tm_responsive_css=&#8221;40737847|colbreak_no|||||||||colbreak_no|-33px||||||||colbreak_no||||||||||colbreak_no|||||||||&#8221;]<ul class=\"tm-list tm-list-style-icon tm-list-icon-color-skincolor tm-black tm-icon-skincolor tm-list-textsize- tm-list-icon-library-fontawesome\"><li><i class=\"tm-skincolor fa fa-arrow-circle-right\"><\/i>  <span class=\"tm-list-li-content\">Yetkinlik s\u0131zanaqlar\u0131<\/span><\/li><li><i class=\"tm-skincolor fa fa-arrow-circle-right\"><\/i>  <span class=\"tm-list-li-content\">Genetik olaraq \u00f6t\u00fcr\u00fcl\u0259n d\u0259ri x\u0259st\u0259likl\u0259ri<\/span><\/li><li><i class=\"tm-skincolor fa fa-arrow-circle-right\"><\/i>  <span class=\"tm-list-li-content\">Sa\u011flam d\u0259riy\u0259 qulluq<\/span><\/li><\/ul>[\/vc_column_inner][\/vc_row_inner][\/vc_column][\/vc_row][vc_row tm_bgimagefixed=&#8221;&#8221; break_in_responsive=&#8221;991&#8243; css=&#8221;.vc_custom_1543407948016{padding-top: 10px !important;}&#8221;][vc_column]<h4 style=\"text-align:left;\" class=\"tm-custom-heading \" >Xidm\u0259t H\u0259kiml\u0259rimiz<\/h4>\n[vc_separator color=&#8221;custom&#8221; accent_color=&#8221;#ebebeb&#8221;]<div class=\"themetechmount-boxes themetechmount-boxes-team themetechmount-boxes-view-default themetechmount-boxes-col-three themetechmount-boxes-sortable-no themetechmount-boxes-textalign-center themetechmount-boxes-sortablebutton-\">\n\t\t<div class=\"themetechmount-boxes-inner themetechmount-boxes-team-inner \">\n\t\t\t\n\t\t\t<div class=\"row multi-columns-row themetechmount-boxes-row-wrapper\">\n\t\t\t\t<div class=\"tm-box-col-wrapper col-lg-4 col-sm-6 col-md-4 col-xs-12 dermatologiya\"><article class=\"themetechmount-box themetechmount-box-team themetechmount-teambox-view-overlay\">\n\t<div class=\"themetechmount-post-item\">\n\t\t<div class=\"themetechmount-team-image-box\">\n\t\t\t\n\t\t<span class=\"themetechmount-item-thumbnail\">\n\t\t\t<span class=\"themetechmount-item-thumbnail-inner\">\n\t\t\t\t<img fetchpriority=\"high\" decoding=\"async\" width=\"380\" height=\"500\" src=\"https:\/\/www.giresunadahastanesi.com\/wp-content\/uploads\/2023\/05\/emrullah-380x500.jpg\" class=\"attachment-themetechmount-img-teamoverlay size-themetechmount-img-teamoverlay wp-post-image\" alt=\"\" data-id=\"4136\" \/>\n\t\t\t<\/span>\n\t\t<\/span>\t        <div class=\"themetechmount-overlay\">\n\t\t\t\t<div class=\"themetechmount-icon-box themetechmount-box-link\"><a href=\"https:\/\/www.giresunadahastanesi.com\/az\/team-member\/uzm-dr-emrullah-tomrukcu\/\"><i class=\"tm-brivona-icon-plus-1\"><\/i><\/a><\/div>\t\n\t\t\t<\/div>\t\n\t\t<\/div>\t\n\t\t\t<div class=\"themetechmount-box-content\">\n\t\t\t\t<div class=\"themetechmount-team-position\">Dermatoloq<\/div>\n\t\t\t\t<div class=\"themetechmount-box-title\"><h4><a href=\"https:\/\/www.giresunadahastanesi.com\/az\/team-member\/uzm-dr-emrullah-tomrukcu\/\">Uzm.Dr. Emrullah TOMRUK\u00c7U<\/a><\/h4><\/div>\t\t\t\t\t\t\t\t\n\t\t\t<\/div>\t\t\t\n\t<\/div>\n<\/article>\n <\/div>\n\t\t\t<\/div>\n\t\t<\/div><!-- .themetechmount-boxes-inner -->   <\/div><!-- .themetechmount-boxes -->  [\/vc_column][\/vc_row]<\/p>\n<\/div>","protected":false},"excerpt":{"rendered":"<p>[vc_row tm_bgimagefixed=&#8221;&#8221; break_in_responsive=&#8221;991&#8243;][vc_column][vc_single_image image=&#8221;3816&#8243; img_size=&#8221;full&#8221; alignment=&#8221;center&#8221;][vc_column_text css=&#8221;.vc_custom_1683633368964{margin-bottom: 20px !important;}&#8221;] D\u0259ri x\u0259r\u00e7\u0259ngind\u0259n sonra \u0259h\u0259miyy\u0259tli x\u0259st\u0259likl\u0259rd\u0259n olan g\u00f6b\u0259l\u0259k, s\u0131zanaq m\u00fcalic\u0259si v\u0259 t\u0259qibi, allergik ekzema, k\u00f6stebek t\u0259qibi kimi m\u00f6vzular \u00fczr\u0259 \u015f\u00f6b\u0259l\u0259rimizin ixtisas sah\u0259l\u0259ridir. B\u00fct\u00fcn x\u0259st\u0259xanalar\u0131m\u0131zda yarad\u0131lan dermatoloji qruplar\u0131m\u0131z x\u00fcsusil\u0259 d\u0259ri x\u0259r\u00e7\u0259ngl\u0259rinin erk\u0259n diaqnostikas\u0131 v\u0259 m\u00fcalic\u0259si \u00fc\u00e7\u00fcn \u00e7ox u\u011furlu n\u0259tic\u0259l\u0259r \u0259ld\u0259 edirl\u0259r. [\/vc_column_text][vc_column_text css=&#8221;.vc_custom_1683633381316{margin-bottom: 10px !important;}&#8221;] Klinik \u0259hat\u0259 dair\u0259si &hellip; <a href=\"https:\/\/www.giresunadahastanesi.com\/az\/team-member\/uzm-dr-emrullah-tomrukcu\/\" class=\"more-link\">Continue reading <span class=\"screen-reader-text\">Uzm.Dr. Emrullah TOMRUK\u00c7U<\/span><\/a><\/p>\n","protected":false},"author":1,"featured_media":0,"parent":0,"menu_order":23,"comment_status":"closed","ping_status":"closed","template":"","meta":{"footnotes":""},"class_list":["post-4539","page","type-page","status-publish","hentry"],"_links":{"self":[{"href":"https:\/\/www.giresunadahastanesi.com\/az\/wp-json\/wp\/v2\/pages\/4539","targetHints":{"allow":["GET"]}}],"collection":[{"href":"https:\/\/www.giresunadahastanesi.com\/az\/wp-json\/wp\/v2\/pages"}],"about":[{"href":"https:\/\/www.giresunadahastanesi.com\/az\/wp-json\/wp\/v2\/types\/page"}],"author":[{"embeddable":true,"href":"https:\/\/www.giresunadahastanesi.com\/az\/wp-json\/wp\/v2\/users\/1"}],"replies":[{"embeddable":true,"href":"https:\/\/www.giresunadahastanesi.com\/az\/wp-json\/wp\/v2\/comments?post=4539"}],"version-history":[{"count":16,"href":"https:\/\/www.giresunadahastanesi.com\/az\/wp-json\/wp\/v2\/pages\/4539\/revisions"}],"predecessor-version":[{"id":7842,"href":"https:\/\/www.giresunadahastanesi.com\/az\/wp-json\/wp\/v2\/pages\/4539\/revisions\/7842"}],"wp:attachment":[{"href":"https:\/\/www.giresunadahastanesi.com\/az\/wp-json\/wp\/v2\/media?parent=4539"}],"curies":[{"name":"wp","href":"https:\/\/api.w.org\/{rel}","templated":true}]}}