{"id":4544,"date":"2023-05-09T14:52:25","date_gmt":"2023-05-09T11:52:25","guid":{"rendered":"https:\/\/www.giresunadahastanesi.com\/usaq-c%c9%99rrahiyy%c9%99si\/"},"modified":"2023-05-21T21:50:20","modified_gmt":"2023-05-21T18:50:20","slug":"usaq-c%c9%99rrahiyy%c9%99si","status":"publish","type":"page","link":"https:\/\/www.giresunadahastanesi.com\/az\/usaq-c%c9%99rrahiyy%c9%99si\/","title":{"rendered":"U\u015faq C\u0259rrahiyy\u0259si"},"content":{"rendered":"<div class=\"wpb-content-wrapper\"><p>[vc_row tm_bgimagefixed=&#8221;&#8221; break_in_responsive=&#8221;991&#8243;][vc_column][vc_single_image image=&#8221;3816&#8243; img_size=&#8221;full&#8221; alignment=&#8221;center&#8221;][vc_column_text css=&#8221;.vc_custom_1683633112356{margin-bottom: 20px !important;}&#8221;]<\/p>\n<div class=\"elementor-element elementor-element-70b9 elementor-widget elementor-widget-text-editor\" data-id=\"70b9\" data-element_type=\"text-editor.default\">\n<div class=\"elementor-widget-container\">\n<div class=\"elementor-text-editor elementor-clearfix\">\n<p>U\u015faql\u0131q \u00e7a\u011f\u0131n\u0131n (0-17 ya\u015f) anadang\u0259lm\u0259 v\u0259\/v\u0259 ya qazan\u0131lm\u0131\u015f t\u0259n\u0259ff\u00fcs, h\u0259zm v\u0259 ifrazat sisteml\u0259ri il\u0259 ba\u011fl\u0131 c\u0259rrahi x\u0259st\u0259likl\u0259rin diaqnostika v\u0259 m\u00fcalic\u0259 \u00fcsullar\u0131n\u0131 neonatal d\u00f6vrd\u0259n yetkinliy\u0259 q\u0259d\u0259r t\u0259tbiq ed\u0259n elm sah\u0259sidir.<\/p><\/div>\n<\/div>\n<\/div>\n<p>[\/vc_column_text]<h4 style=\"text-align:left;\" class=\"tm-custom-heading \" >Xidm\u0259tl\u0259r<\/h4>\n[vc_column_text css=&#8221;.vc_custom_1683633127110{margin-bottom: 10px !important;}&#8221;]<\/p>\n<div class=\"elementor-element elementor-element-2f3 elementor-widget elementor-widget-text-editor\" data-id=\"2f3\" data-element_type=\"text-editor.default\">\n<div class=\"elementor-widget-container\">\n<div class=\"elementor-text-editor elementor-clearfix\">\n<p>U\u015faqlar he\u00e7 vaxt b\u00f6y\u00fckl\u0259rin azald\u0131lm\u0131\u015f versiyas\u0131 deyill\u0259r. U\u015faql\u0131\u011f\u0131n \u00f6z fiziologiyas\u0131 v\u0259 x\u0259st\u0259likl\u0259ri var. U\u015faql\u0131qda g\u00f6r\u00fcl\u0259n x\u0259st\u0259likl\u0259r d\u00f6vrl\u0259r\u0259 g\u00f6r\u0259 f\u0259rqli x\u00fcsusiyy\u0259tl\u0259r g\u00f6st\u0259rir. Bu x\u0259st\u0259likl\u0259rin diaqnozu v\u0259 m\u00fcalic\u0259si u\u015fa\u011f\u0131n inki\u015faf\u0131, fiziologiyas\u0131 v\u0259 psixologiyas\u0131 n\u0259z\u0259r\u0259 al\u0131nmaqla apar\u0131lmal\u0131d\u0131r. C\u0259rrahi yana\u015fma t\u0259l\u0259b ed\u0259n x\u0259st\u0259likl\u0259r m\u00fcvafiq m\u00f6vzulara xas diaqnostika v\u0259 m\u00fcalic\u0259 \u00fcsullar\u0131n\u0131 t\u0259yin ed\u0259n v\u0259 t\u0259tbiq ed\u0259n <strong>U\u015faq C\u0259rrahlar\u0131<\/strong> t\u0259r\u0259find\u0259n qiym\u0259tl\u0259ndirilm\u0259li v\u0259 icra edilm\u0259lidir.<\/p>\n<p>X\u0259st\u0259l\u0259r u\u015faql\u0131qda c\u0259rrahi m\u00fcdaxil\u0259nin n\u0259tic\u0259l\u0259rini \u00f6m\u00fcr boyu \u00f6zl\u0259ri il\u0259 da\u015f\u0131y\u0131rlar. Ona g\u00f6r\u0259 d\u0259 b\u00fct\u00fcn bu m\u00fcdaxil\u0259l\u0259r; Bu, uzun v\u0259 m\u0259\u015f\u0259qq\u0259tli bir t\u0259lim ke\u00e7mi\u015f, \u0259n intizaml\u0131 v\u0259 \u0259n m\u00fcasir m\u00fcalic\u0259 \u00fcsullar\u0131n\u0131 \u00f6yr\u0259nmi\u015f, t\u0259\u015f\u0259bb\u00fcskar olub, \u0259n ideal m\u00fcalic\u0259ni \u00e7ox q\u0131sa m\u00fcdd\u0259td\u0259 t\u0259tbiq ed\u0259 bil\u0259n, t\u0259cr\u00fcb\u0259li <strong>U\u015faq C\u0259rrahlar\u0131<\/strong> t\u0259r\u0259find\u0259n apar\u0131lmal\u0131d\u0131r.<\/div>\n<\/div>\n<\/div>\n<div class=\"elementor-element elementor-element-7bb0 elementor-widget elementor-widget-text-editor\" data-id=\"7bb0\" data-element_type=\"text-editor.default\">\n<div class=\"elementor-widget-container\">\n<div class=\"elementor-text-editor elementor-clearfix\">\n<p><strong>Yenido\u011fulmu\u015flar\u0131n C\u0259rrahi X\u0259st\u0259likl\u0259ri<\/strong><\/p>\n<ul>\n<li>\u00d6zofagusun anadang\u0259lm\u0259 olmamas\u0131, inki\u015faf s\u0259hvl\u0259ri v\u0259 onun n\u0259f\u0259s borusu il\u0259 \u0259laq\u0259si<\/li>\n<li>M\u0259d\u0259, onikibarmaq ba\u011f\u0131rsaq (duodenum), nazik v\u0259 yo\u011fun ba\u011f\u0131rsa\u011f\u0131n anadang\u0259lm\u0259 olmamas\u0131 v\u0259 ya t\u0131xanmas\u0131<\/li>\n<li>Diafraqman\u0131n olmamas\u0131 v\u0259 a\u011fciy\u0259rl\u0259rin qeyri-kafi inki\u015faf\u0131 (anadang\u0259lm\u0259 diafraqma y\u0131rt\u0131\u011f\u0131) s\u0259b\u0259bind\u0259n ba\u011f\u0131rsaqlar\u0131n qab\u0131r\u011fa q\u0259f\u0259sind\u0259 olmas\u0131.<\/li>\n<li>Anadang\u0259lm\u0259 \u00e7\u0259n\u0259 stenozu v\u0259 ya onun olmamas\u0131 (anorektal malformasiyalar)<\/li>\n<li>Premat\u00fcre v\u0259 \u0259laq\u0259li x\u0259st\u0259likl\u0259rin c\u0259rrahi m\u00fcalic\u0259si<\/li>\n<li>Qar\u0131n divar\u0131n\u0131n olmamas\u0131 s\u0259b\u0259bind\u0259n qar\u0131n xaricind\u0259 ba\u011f\u0131rsaqlar (Omphalosel v\u0259 Gastroschisis)<\/li>\n<\/ul>\n<p><strong>H\u0259zm Sisteminin C\u0259rrahi X\u0259st\u0259likl\u0259ri<\/strong><\/p>\n<ul>\n<li>Qida borusunun daralmas\u0131 (yem\u0259k borusu), al\u0131\u015fan v\u0259 kostik madd\u0259l\u0259rin q\u0259bulu n\u0259tic\u0259sind\u0259 yaranan x\u0259st\u0259likl\u0259r (korroziyal\u0131 ezofagit)<\/li>\n<li>M\u0259d\u0259 stenozu, t\u0131kan\u0131kl\u0131q v\u0259 xora x\u0259st\u0259liyi<\/li>\n<li>Qastroezofageal refl\u00fc x\u0259st\u0259liyi (GER) v\u0259 onun a\u011f\u0131rla\u015fmalar\u0131<\/li>\n<li>Nazik ba\u011f\u0131rsaq obstruksiyas\u0131, polip x\u0259st\u0259liyi, iltihabl\u0131 ba\u011f\u0131rsaq x\u0259st\u0259likl\u0259ri<\/li>\n<li>appendisit<\/li>\n<li>Anadang\u0259lm\u0259 ba\u011f\u0131rsaq sinirl\u0259rinin inki\u015faf poz\u011funlu\u011fu (Hirschprung x\u0259st\u0259liyi) s\u0259b\u0259biyl\u0259 meqakolon (geni\u015fl\u0259nmi\u015f yo\u011fun ba\u011f\u0131rsaq)<\/li>\n<li>Q\u0259bizlik, rektal \u00e7at v\u0259 fistula \u0259m\u0259l\u0259 g\u0259lm\u0259si<\/li>\n<li>Yeniyetm\u0259l\u0259rd\u0259 hemoroid v\u0259 onun c\u0259rrahiyy\u0259si<\/li>\n<li>qas\u0131q y\u0131rt\u0131\u011f\u0131, g\u00f6b\u0259k y\u0131rt\u0131\u011f\u0131<\/li>\n<li>Qaraciy\u0259r kistl\u0259ri, absesl\u0259r v\u0259 \u015fi\u015fl\u0259r<\/li>\n<li>\u00d6d yollar\u0131n\u0131n anadang\u0259lm\u0259 olmamas\u0131, kistik b\u00f6y\u00fcm\u0259 v\u0259 da\u015f x\u0259st\u0259liyi<\/li>\n<li>Pankreas kistl\u0259ri v\u0259 \u015fi\u015fl\u0259ri<\/li>\n<li>Dalaq x\u0259st\u0259likl\u0259rind\u0259 dala\u011f\u0131n \u00e7\u0131xar\u0131lmas\u0131 v\u0259 qan\u0131n kastrasiyas\u0131<\/li>\n<\/ul>\n<p><strong>T\u0259n\u0259ff\u00fcs sisteminin c\u0259rrahi x\u0259st\u0259likl\u0259ri<\/strong><\/p>\n<ul>\n<li>Anadang\u0259lm\u0259 a\u011fciy\u0259r x\u0259st\u0259likl\u0259ri, kistl\u0259r<\/li>\n<li>A\u011fciy\u0259r infeksiyalar\u0131 n\u0259tic\u0259sind\u0259 yaranan abses v\u0259 ampiyeman\u0131n m\u00fcalic\u0259si<\/li>\n<li>Traxeyan\u0131n anadang\u0259lm\u0259 x\u0259st\u0259likl\u0259ri<\/li>\n<li>Traxeyaya xarici cismin daxil olmas\u0131 v\u0259 bronkoskopik m\u00fcdaxil\u0259l\u0259r<\/li>\n<li>pnevmotoraks, hemotoraks<\/li>\n<li>Qab\u0131r\u011fa q\u0259f\u0259sinin deformasiyalar\u0131 (ayaqqab\u0131\u00e7\u0131 sin\u0259si, g\u00f6y\u0259r\u00e7in d\u00f6\u015f\u00fc)<\/li>\n<\/ul>\n<p><strong>U\u015faqlarda Travma<\/strong><\/p>\n<ul>\n<li>Yol q\u0259zalar\u0131<\/li>\n<li>D\u00fc\u015fm\u0259, d\u00f6y\u00fclm\u0259 v\u0259 buna b\u0259nz\u0259r \u00fcmumi b\u0259d\u0259n travmalar\u0131<\/li>\n<li>d\u00f6y\u00fclm\u00fc\u015f u\u015faq sindromu<\/li>\n<li>K\u0259sm\u0259, penetran, qar\u0131n, d\u00f6\u015f q\u0259f\u0259si travmalar\u0131<\/li>\n<\/ul>\n<p><strong>U\u015faql\u0131q X\u0259r\u00e7\u0259ng X\u0259st\u0259likl\u0259ri v\u0259 C\u0259rrahi M\u00fcalic\u0259l\u0259r<\/strong><\/p>\n<ul>\n<li>b\u00f6yr\u0259k \u015fi\u015fl\u0259ri<\/li>\n<li>Sinir elementl\u0259rind\u0259n yaranan \u015fi\u015fl\u0259r<\/li>\n<li>Yum\u015faq toxuma \u015fi\u015fl\u0259ri<\/li>\n<li>limfa d\u00fcy\u00fcnl\u0259rinin \u015fi\u015fl\u0259ri<\/li>\n<li>Qaraciy\u0259r \u015fi\u015fl\u0259ri<\/li>\n<li>A\u011fciy\u0259r\u0259 yay\u0131lm\u0131\u015f \u015fi\u015fl\u0259rin c\u0259rrahi m\u00fcalic\u0259si<\/li>\n<li>Yumurtal\u0131q, xaya (yumurtal\u0131q) \u015fi\u015fl\u0259ri<\/li>\n<li>Dig\u0259r orqanlar\u0131n \u015fi\u015fl\u0259ri<\/li>\n<\/ul>\n<p><strong>Hormonal X\u0259st\u0259likl\u0259rin C\u0259rrahi M\u00fcalic\u0259si<\/strong><\/p>\n<ul>\n<li>Qalxanab\u0259nz\u0259r v\u0259z (guatr) x\u0259st\u0259likl\u0259ri<\/li>\n<li>Pankreas x\u0259st\u0259likl\u0259ri<\/li>\n<li>Adrenal bezl\u0259rin x\u0259st\u0259likl\u0259ri<\/li>\n<\/ul>\n<p><strong>U\u015faqlarda Ba\u015f Boyun C\u0259rrahiyy\u0259si<\/strong><\/p>\n<ul>\n<li>Boyun k\u00fctl\u0259l\u0259ri<\/li>\n<li>Anadang\u0259lm\u0259 boyun kistl\u0259ri v\u0259 sinuslar<\/li>\n<\/ul>\n<p><strong>Yand\u0131rmaq<\/strong><\/p>\n<ul>\n<li>H\u0259r n\u00f6v yan\u0131qlar\u0131n ambulator v\u0259 stasionar m\u00fcalic\u0259si<\/li>\n<\/ul>\n<\/div>\n<\/div>\n<\/div>\n<section class=\"elementor-element elementor-element-4886 elementor-section-boxed elementor-section-height-default elementor-section-height-default elementor-section-content-middle elementor-section elementor-inner-section\" data-id=\"4886\" data-element_type=\"section\">\n<div class=\"elementor-container elementor-column-gap-default\">\n<div class=\"elementor-row\">\n<div class=\"elementor-element elementor-element-5b4f elementor-column elementor-col-33 elementor-inner-column\" data-id=\"5b4f\" data-element_type=\"column\">\n<div class=\"elementor-column-wrap elementor-element-populated\">\n<div class=\"elementor-widget-wrap\"><\/div>\n<\/div>\n<\/div>\n<\/div>\n<\/div>\n<\/section>\n<p>[\/vc_column_text][\/vc_column][\/vc_row][vc_row tm_bgimagefixed=&#8221;&#8221; break_in_responsive=&#8221;991&#8243; css=&#8221;.vc_custom_1543407948016{padding-top: 10px !important;}&#8221;][vc_column]<h4 style=\"text-align:left;\" class=\"tm-custom-heading \" >Xidm\u0259t H\u0259kiml\u0259rimiz<\/h4>\n[vc_separator color=&#8221;custom&#8221; accent_color=&#8221;#ebebeb&#8221;]<div class=\"themetechmount-boxes themetechmount-boxes-team themetechmount-boxes-view-default themetechmount-boxes-col-three themetechmount-boxes-sortable-no themetechmount-boxes-textalign-center themetechmount-boxes-sortablebutton-\">\n\t\t<div class=\"themetechmount-boxes-inner themetechmount-boxes-team-inner \">\n\t\t\t\n\t\t\t<div class=\"row multi-columns-row themetechmount-boxes-row-wrapper\">\n\t\t\t\t<div class=\"tm-box-col-wrapper col-lg-4 col-sm-6 col-md-4 col-xs-12 pediatriya\"><article class=\"themetechmount-box themetechmount-box-team themetechmount-teambox-view-overlay\">\n\t<div class=\"themetechmount-post-item\">\n\t\t<div class=\"themetechmount-team-image-box\">\n\t\t\t\n\t\t<span class=\"themetechmount-item-thumbnail\">\n\t\t\t<span class=\"themetechmount-item-thumbnail-inner\">\n\t\t\t\t<img fetchpriority=\"high\" decoding=\"async\" width=\"380\" height=\"500\" src=\"https:\/\/www.giresunadahastanesi.com\/wp-content\/uploads\/2023\/05\/huseyindinc-380x500.jpg\" class=\"attachment-themetechmount-img-teamoverlay size-themetechmount-img-teamoverlay wp-post-image\" alt=\"\" data-id=\"4140\" \/>\n\t\t\t<\/span>\n\t\t<\/span>\t        <div class=\"themetechmount-overlay\">\n\t\t\t\t<div class=\"themetechmount-icon-box themetechmount-box-link\"><a href=\"https:\/\/www.giresunadahastanesi.com\/az\/team-member\/uzm-dr-huseyin-dinc\/\"><i class=\"tm-brivona-icon-plus-1\"><\/i><\/a><\/div>\t\n\t\t\t<\/div>\t\n\t\t<\/div>\t\n\t\t\t<div class=\"themetechmount-box-content\">\n\t\t\t\t<div class=\"themetechmount-team-position\">Pediatriya<\/div>\n\t\t\t\t<div class=\"themetechmount-box-title\"><h4><a href=\"https:\/\/www.giresunadahastanesi.com\/az\/team-member\/uzm-dr-huseyin-dinc\/\">Uzm.Dr. H\u00fcseyin D\u0130N\u00c7<\/a><\/h4><\/div>\t\t\t\t\t\t\t\t\n\t\t\t<\/div>\t\t\t\n\t<\/div>\n<\/article>\n <\/div><div class=\"tm-box-col-wrapper col-lg-4 col-sm-6 col-md-4 col-xs-12 pediatriya\"><article class=\"themetechmount-box themetechmount-box-team themetechmount-teambox-view-overlay\">\n\t<div class=\"themetechmount-post-item\">\n\t\t<div class=\"themetechmount-team-image-box\">\n\t\t\t\n\t\t<span class=\"themetechmount-item-thumbnail\">\n\t\t\t<span class=\"themetechmount-item-thumbnail-inner\">\n\t\t\t\t<img decoding=\"async\" width=\"380\" height=\"500\" src=\"https:\/\/www.giresunadahastanesi.com\/wp-content\/uploads\/2023\/05\/aysemelikoglu-2-380x500.jpg\" class=\"attachment-themetechmount-img-teamoverlay size-themetechmount-img-teamoverlay wp-post-image\" alt=\"\" data-id=\"4144\" \/>\n\t\t\t<\/span>\n\t\t<\/span>\t        <div class=\"themetechmount-overlay\">\n\t\t\t\t<div class=\"themetechmount-icon-box themetechmount-box-link\"><a href=\"https:\/\/www.giresunadahastanesi.com\/az\/team-member\/uzm-dr-ayse-melikoglu\/\"><i class=\"tm-brivona-icon-plus-1\"><\/i><\/a><\/div>\t\n\t\t\t<\/div>\t\n\t\t<\/div>\t\n\t\t\t<div class=\"themetechmount-box-content\">\n\t\t\t\t<div class=\"themetechmount-team-position\">Pediatriya<\/div>\n\t\t\t\t<div class=\"themetechmount-box-title\"><h4><a href=\"https:\/\/www.giresunadahastanesi.com\/az\/team-member\/uzm-dr-ayse-melikoglu\/\">Uzm.Dr. Ay\u015fe MEL\u0130KO\u011eLU<\/a><\/h4><\/div>\t\t\t\t\t\t\t\t\n\t\t\t<\/div>\t\t\t\n\t<\/div>\n<\/article>\n <\/div>\n\t\t\t<\/div>\n\t\t<\/div><!-- .themetechmount-boxes-inner -->   <\/div><!-- .themetechmount-boxes -->  [\/vc_column][\/vc_row]<\/p>\n<\/div>","protected":false},"excerpt":{"rendered":"<p>[vc_row tm_bgimagefixed=&#8221;&#8221; break_in_responsive=&#8221;991&#8243;][vc_column][vc_single_image image=&#8221;3816&#8243; img_size=&#8221;full&#8221; alignment=&#8221;center&#8221;][vc_column_text css=&#8221;.vc_custom_1683633112356{margin-bottom: 20px !important;}&#8221;] U\u015faql\u0131q \u00e7a\u011f\u0131n\u0131n (0-17 ya\u015f) anadang\u0259lm\u0259 v\u0259\/v\u0259 ya qazan\u0131lm\u0131\u015f t\u0259n\u0259ff\u00fcs, h\u0259zm v\u0259 ifrazat sisteml\u0259ri il\u0259 ba\u011fl\u0131 c\u0259rrahi x\u0259st\u0259likl\u0259rin diaqnostika v\u0259 m\u00fcalic\u0259 \u00fcsullar\u0131n\u0131 neonatal d\u00f6vrd\u0259n yetkinliy\u0259 q\u0259d\u0259r t\u0259tbiq ed\u0259n elm sah\u0259sidir. [\/vc_column_text][vc_column_text css=&#8221;.vc_custom_1683633127110{margin-bottom: 10px !important;}&#8221;] U\u015faqlar he\u00e7 vaxt b\u00f6y\u00fckl\u0259rin azald\u0131lm\u0131\u015f versiyas\u0131 deyill\u0259r. U\u015faql\u0131\u011f\u0131n \u00f6z fiziologiyas\u0131 v\u0259 x\u0259st\u0259likl\u0259ri var. &hellip; <a href=\"https:\/\/www.giresunadahastanesi.com\/az\/team-member\/uzm-dr-ayse-melikoglu\/\" class=\"more-link\">Continue reading <span class=\"screen-reader-text\">Uzm.Dr. Ay\u015fe MEL\u0130KO\u011eLU<\/span><\/a><\/p>\n","protected":false},"author":1,"featured_media":0,"parent":0,"menu_order":23,"comment_status":"closed","ping_status":"closed","template":"","meta":{"footnotes":""},"class_list":["post-4544","page","type-page","status-publish","hentry"],"_links":{"self":[{"href":"https:\/\/www.giresunadahastanesi.com\/az\/wp-json\/wp\/v2\/pages\/4544","targetHints":{"allow":["GET"]}}],"collection":[{"href":"https:\/\/www.giresunadahastanesi.com\/az\/wp-json\/wp\/v2\/pages"}],"about":[{"href":"https:\/\/www.giresunadahastanesi.com\/az\/wp-json\/wp\/v2\/types\/page"}],"author":[{"embeddable":true,"href":"https:\/\/www.giresunadahastanesi.com\/az\/wp-json\/wp\/v2\/users\/1"}],"replies":[{"embeddable":true,"href":"https:\/\/www.giresunadahastanesi.com\/az\/wp-json\/wp\/v2\/comments?post=4544"}],"version-history":[{"count":6,"href":"https:\/\/www.giresunadahastanesi.com\/az\/wp-json\/wp\/v2\/pages\/4544\/revisions"}],"predecessor-version":[{"id":7840,"href":"https:\/\/www.giresunadahastanesi.com\/az\/wp-json\/wp\/v2\/pages\/4544\/revisions\/7840"}],"wp:attachment":[{"href":"https:\/\/www.giresunadahastanesi.com\/az\/wp-json\/wp\/v2\/media?parent=4544"}],"curies":[{"name":"wp","href":"https:\/\/api.w.org\/{rel}","templated":true}]}}