{"id":4547,"date":"2023-05-09T14:54:46","date_gmt":"2023-05-09T11:54:46","guid":{"rendered":"https:\/\/www.giresunadahastanesi.com\/usaq-v%c9%99-yeniyetm%c9%99-psixiatriyasi\/"},"modified":"2023-05-21T21:50:56","modified_gmt":"2023-05-21T18:50:56","slug":"usaq-v%c9%99-yeniyetm%c9%99-psixiatriyasi","status":"publish","type":"page","link":"https:\/\/www.giresunadahastanesi.com\/az\/usaq-v%c9%99-yeniyetm%c9%99-psixiatriyasi\/","title":{"rendered":"U\u015faq v\u0259 Yeniyetm\u0259 Psixiatriyas\u0131"},"content":{"rendered":"<div class=\"wpb-content-wrapper\"><p>[vc_row tm_bgimagefixed=&#8221;&#8221; break_in_responsive=&#8221;991&#8243;][vc_column][vc_single_image image=&#8221;3816&#8243; img_size=&#8221;full&#8221; alignment=&#8221;center&#8221;][vc_column_text css=&#8221;.vc_custom_1683633224339{margin-bottom: 20px !important;}&#8221;]U\u015faql\u0131q v\u0259 yeniyetm\u0259lik insan h\u0259yat\u0131nda \u0259n \u00e7ox d\u0259yi\u015fiklik v\u0259 inki\u015faf\u0131n ba\u015f verdiyi d\u00f6vrl\u0259rdir. Bu d\u00f6vrd\u0259 ba\u015f ver\u0259n d\u0259yi\u015fiklikl\u0259r v\u0259 inki\u015faflar t\u0259kc\u0259 cari d\u00f6vr\u0259 deyil, b\u00fct\u00fcn h\u0259yata t\u0259sir g\u00f6st\u0259rir.[\/vc_column_text]<h4 style=\"text-align:left;\" class=\"tm-custom-heading \" >Xidm\u0259tl\u0259r<\/h4>\n[vc_column_text css=&#8221;.vc_custom_1683633238943{margin-bottom: 10px !important;}&#8221;]<\/p>\n<div class=\"elementor-element elementor-element-24f8 elementor-widget elementor-widget-text-editor\" data-id=\"24f8\" data-element_type=\"text-editor.default\">\n<div class=\"elementor-widget-container\">\n<div class=\"elementor-text-editor elementor-clearfix\">\n<p>Bu g\u00fcn U\u015faq v\u0259 Yeniyetm\u0259 Psixiatriyas\u0131 b\u00fct\u00fcn d\u00fcnyada v\u0259 \u00f6lk\u0259mizd\u0259 s\u00fcr\u0259tl\u0259 geni\u015fl\u0259n\u0259n, sosial v\u0259 f\u0259rdi aspektl\u0259r bax\u0131m\u0131ndan b\u00fct\u00fcn bioloji, psixoloji v\u0259 sosioloji elml\u0259rl\u0259 birba\u015fa qar\u015f\u0131l\u0131ql\u0131 \u0259laq\u0259d\u0259 olan bir elm sah\u0259sidir.<\/p>\n<p>U\u015faq v\u0259 Yeniyetm\u0259 Psixiatriyas\u0131 Avropa Tibb M\u00fct\u0259x\u0259ssisl\u0259ri Assosiasiyas\u0131 t\u0259r\u0259find\u0259n \u201c18 ya\u015f\u0131nad\u0259k u\u015faqlarda m\u00fct\u0259x\u0259ssis h\u0259kim t\u0259r\u0259find\u0259n tibbi metodlar, standartlar v\u0259 yana\u015fmalarla psixi sa\u011flaml\u0131q probleml\u0259rinin qar\u015f\u0131s\u0131n\u0131n al\u0131nmas\u0131, diaqnostikas\u0131 v\u0259 m\u00fcalic\u0259si\u201d kimi m\u00fc\u0259yy\u0259n edilmi\u015fdir.<\/p>\n<p>U\u015faq v\u0259 Yeniyetm\u0259 Psixiatriya \u015f\u00f6b\u0259mizd\u0259 0-18 ya\u015f aras\u0131 u\u015faq v\u0259 yeniyetm\u0259l\u0259r\u0259 f\u0259rdi psixoterapiya, ail\u0259 terapiyas\u0131, d\u0259rman terapiyas\u0131 v\u0259 psixometrik qiym\u0259tl\u0259ndirm\u0259l\u0259r t\u0259tbiq edilm\u0259kl\u0259 m\u00fcalic\u0259 xidm\u0259tl\u0259ri g\u00f6st\u0259rilir.<\/p>\n<p>\u018fg\u0259r 0-18 ya\u015f aras\u0131 u\u015fa\u011f\u0131n\u0131z\u0131n g\u00fcnd\u0259lik h\u0259yat\u0131na, zehni v\u0259 fiziki inki\u015faf\u0131na, m\u0259kt\u0259b m\u00fcv\u0259ff\u0259qiyy\u0259tin\u0259 v\u0259 dig\u0259r insanlarla m\u00fcnasib\u0259tl\u0259rin\u0259 m\u0259nfi t\u0259sir g\u00f6st\u0259r\u0259 bil\u0259c\u0259k emosional v\u0259 ya davran\u0131\u015f \u0259lam\u0259tl\u0259ri varsa, U\u015faq Psixiatr\u0131na m\u00fcraci\u0259t ed\u0259 bil\u0259rsiniz.<\/p>\n<p>Bundan \u0259lav\u0259 b\u00f6lm\u0259mizd\u0259 psixoloq t\u0259r\u0259find\u0259n diqq\u0259t, inki\u015faf v\u0259 intellekt testl\u0259ri h\u0259yata ke\u00e7irilir. B\u00f6lm\u0259mizd\u0259 t\u0259tbiq olunan testl\u0259r:<\/p><\/div>\n<\/div>\n<\/div>\n<p>[\/vc_column_text][vc_row_inner][vc_column_inner width=&#8221;1\/2&#8243;]<ul class=\"tm-list tm-list-style-icon tm-list-icon-color-skincolor tm-black tm-icon-skincolor tm-list-textsize- tm-list-icon-library-fontawesome\"><li><i class=\"tm-skincolor fa fa-arrow-circle-right\"><\/i>  <span class=\"tm-list-li-content\">\u0130nki\u015faf testl\u0259ri<\/span><\/li><li><i class=\"tm-skincolor fa fa-arrow-circle-right\"><\/i>  <span class=\"tm-list-li-content\">\u0130ntellekt Testl\u0259ri<\/span><\/li><\/ul>[\/vc_column_inner][vc_column_inner width=&#8221;1\/2&#8243; tm_responsive_css=&#8221;40737847|colbreak_no|||||||||colbreak_no|-33px||||||||colbreak_no||||||||||colbreak_no|||||||||&#8221;]<ul class=\"tm-list tm-list-style-icon tm-list-icon-color-skincolor tm-black tm-icon-skincolor tm-list-textsize- tm-list-icon-library-fontawesome\"><li><i class=\"tm-skincolor fa fa-arrow-circle-right\"><\/i>  <span class=\"tm-list-li-content\">Proyektiv testl\u0259r<\/span><\/li><\/ul>[\/vc_column_inner][\/vc_row_inner][\/vc_column][\/vc_row][vc_row tm_bgimagefixed=&#8221;&#8221; break_in_responsive=&#8221;991&#8243; css=&#8221;.vc_custom_1543407948016{padding-top: 10px !important;}&#8221;][vc_column]<h4 style=\"text-align:left;\" class=\"tm-custom-heading \" >Xidm\u0259t H\u0259kiml\u0259rimiz<\/h4>\n[vc_separator color=&#8221;custom&#8221; accent_color=&#8221;#ebebeb&#8221;]<div class=\"themetechmount-boxes themetechmount-boxes-team themetechmount-boxes-view-default themetechmount-boxes-col-three themetechmount-boxes-sortable-no themetechmount-boxes-textalign-center themetechmount-boxes-sortablebutton-\">\n\t\t<div class=\"themetechmount-boxes-inner themetechmount-boxes-team-inner \">\n\t\t\t\n\t\t\t<div class=\"row multi-columns-row themetechmount-boxes-row-wrapper\">\n\t\t\t\t<div class=\"tm-box-col-wrapper col-lg-4 col-sm-6 col-md-4 col-xs-12 psixologiya\"><article class=\"themetechmount-box themetechmount-box-team themetechmount-teambox-view-overlay\">\n\t<div class=\"themetechmount-post-item\">\n\t\t<div class=\"themetechmount-team-image-box\">\n\t\t\t\n\t\t<span class=\"themetechmount-item-thumbnail\">\n\t\t\t<span class=\"themetechmount-item-thumbnail-inner\">\n\t\t\t\t<img fetchpriority=\"high\" decoding=\"async\" width=\"380\" height=\"500\" src=\"https:\/\/www.giresunadahastanesi.com\/wp-content\/uploads\/2023\/05\/songul-380x500.jpg\" class=\"attachment-themetechmount-img-teamoverlay size-themetechmount-img-teamoverlay wp-post-image\" alt=\"\" data-id=\"4024\" \/>\n\t\t\t<\/span>\n\t\t<\/span>\t        <div class=\"themetechmount-overlay\">\n\t\t\t\t<div class=\"themetechmount-icon-box themetechmount-box-link\"><a href=\"https:\/\/www.giresunadahastanesi.com\/az\/team-member\/psk-songul-colakoglu\/\"><i class=\"tm-brivona-icon-plus-1\"><\/i><\/a><\/div>\t\n\t\t\t<\/div>\t\n\t\t<\/div>\t\n\t\t\t<div class=\"themetechmount-box-content\">\n\t\t\t\t<div class=\"themetechmount-team-position\">Psixologiya<\/div>\n\t\t\t\t<div class=\"themetechmount-box-title\"><h4><a href=\"https:\/\/www.giresunadahastanesi.com\/az\/team-member\/psk-songul-colakoglu\/\">Psk. Song\u00fcl \u00c7OLAKO\u011eLU<\/a><\/h4><\/div>\t\t\t\t\t\t\t\t\n\t\t\t<\/div>\t\t\t\n\t<\/div>\n<\/article>\n <\/div><div class=\"tm-box-col-wrapper col-lg-4 col-sm-6 col-md-4 col-xs-12 psixiatriya\"><article class=\"themetechmount-box themetechmount-box-team themetechmount-teambox-view-overlay\">\n\t<div class=\"themetechmount-post-item\">\n\t\t<div class=\"themetechmount-team-image-box\">\n\t\t\t\n\t\t<span class=\"themetechmount-item-thumbnail\">\n\t\t\t<span class=\"themetechmount-item-thumbnail-inner\">\n\t\t\t\t<img decoding=\"async\" width=\"380\" height=\"500\" src=\"https:\/\/www.giresunadahastanesi.com\/wp-content\/uploads\/2023\/05\/meltemhazel-380x500.jpg\" class=\"attachment-themetechmount-img-teamoverlay size-themetechmount-img-teamoverlay wp-post-image\" alt=\"\" data-id=\"4028\" \/>\n\t\t\t<\/span>\n\t\t<\/span>\t        <div class=\"themetechmount-overlay\">\n\t\t\t\t<div class=\"themetechmount-icon-box themetechmount-box-link\"><a href=\"https:\/\/www.giresunadahastanesi.com\/az\/team-member\/uzm-dr-meltem-hazel-simsek\/\"><i class=\"tm-brivona-icon-plus-1\"><\/i><\/a><\/div>\t\n\t\t\t<\/div>\t\n\t\t<\/div>\t\n\t\t\t<div class=\"themetechmount-box-content\">\n\t\t\t\t<div class=\"themetechmount-team-position\">Psixiatriya<\/div>\n\t\t\t\t<div class=\"themetechmount-box-title\"><h4><a href=\"https:\/\/www.giresunadahastanesi.com\/az\/team-member\/uzm-dr-meltem-hazel-simsek\/\">Uzm.Dr. Meltem Hazel \u015e\u0130M\u015eEK<\/a><\/h4><\/div>\t\t\t\t\t\t\t\t\n\t\t\t<\/div>\t\t\t\n\t<\/div>\n<\/article>\n <\/div>\n\t\t\t<\/div>\n\t\t<\/div><!-- .themetechmount-boxes-inner -->   <\/div><!-- .themetechmount-boxes -->  [\/vc_column][\/vc_row]<\/p>\n<\/div>","protected":false},"excerpt":{"rendered":"<p>[vc_row tm_bgimagefixed=&#8221;&#8221; break_in_responsive=&#8221;991&#8243;][vc_column][vc_single_image image=&#8221;3816&#8243; img_size=&#8221;full&#8221; alignment=&#8221;center&#8221;][vc_column_text css=&#8221;.vc_custom_1683633224339{margin-bottom: 20px !important;}&#8221;]U\u015faql\u0131q v\u0259 yeniyetm\u0259lik insan h\u0259yat\u0131nda \u0259n \u00e7ox d\u0259yi\u015fiklik v\u0259 inki\u015faf\u0131n ba\u015f verdiyi d\u00f6vrl\u0259rdir. Bu d\u00f6vrd\u0259 ba\u015f ver\u0259n d\u0259yi\u015fiklikl\u0259r v\u0259 inki\u015faflar t\u0259kc\u0259 cari d\u00f6vr\u0259 deyil, b\u00fct\u00fcn h\u0259yata t\u0259sir g\u00f6st\u0259rir.[\/vc_column_text][vc_column_text css=&#8221;.vc_custom_1683633238943{margin-bottom: 10px !important;}&#8221;] Bu g\u00fcn U\u015faq v\u0259 Yeniyetm\u0259 Psixiatriyas\u0131 b\u00fct\u00fcn d\u00fcnyada v\u0259 \u00f6lk\u0259mizd\u0259 s\u00fcr\u0259tl\u0259 geni\u015fl\u0259n\u0259n, sosial v\u0259 f\u0259rdi aspektl\u0259r &hellip; <a href=\"https:\/\/www.giresunadahastanesi.com\/az\/team-member\/uzm-dr-meltem-hazel-simsek\/\" class=\"more-link\">Continue reading <span class=\"screen-reader-text\">Uzm.Dr. Meltem Hazel \u015e\u0130M\u015eEK<\/span><\/a><\/p>\n","protected":false},"author":1,"featured_media":0,"parent":0,"menu_order":23,"comment_status":"closed","ping_status":"closed","template":"","meta":{"footnotes":""},"class_list":["post-4547","page","type-page","status-publish","hentry"],"_links":{"self":[{"href":"https:\/\/www.giresunadahastanesi.com\/az\/wp-json\/wp\/v2\/pages\/4547","targetHints":{"allow":["GET"]}}],"collection":[{"href":"https:\/\/www.giresunadahastanesi.com\/az\/wp-json\/wp\/v2\/pages"}],"about":[{"href":"https:\/\/www.giresunadahastanesi.com\/az\/wp-json\/wp\/v2\/types\/page"}],"author":[{"embeddable":true,"href":"https:\/\/www.giresunadahastanesi.com\/az\/wp-json\/wp\/v2\/users\/1"}],"replies":[{"embeddable":true,"href":"https:\/\/www.giresunadahastanesi.com\/az\/wp-json\/wp\/v2\/comments?post=4547"}],"version-history":[{"count":6,"href":"https:\/\/www.giresunadahastanesi.com\/az\/wp-json\/wp\/v2\/pages\/4547\/revisions"}],"predecessor-version":[{"id":7841,"href":"https:\/\/www.giresunadahastanesi.com\/az\/wp-json\/wp\/v2\/pages\/4547\/revisions\/7841"}],"wp:attachment":[{"href":"https:\/\/www.giresunadahastanesi.com\/az\/wp-json\/wp\/v2\/media?parent=4547"}],"curies":[{"name":"wp","href":"https:\/\/api.w.org\/{rel}","templated":true}]}}