{"id":4599,"date":"2023-05-09T14:58:42","date_gmt":"2023-05-09T11:58:42","guid":{"rendered":"https:\/\/www.giresunadahastanesi.com\/plastik-v%c9%99-rekonstruktiv-c%c9%99rrahiyy%c9%99\/"},"modified":"2023-05-21T21:52:43","modified_gmt":"2023-05-21T18:52:43","slug":"plastik-v%c9%99-rekonstruktiv-c%c9%99rrahiyy%c9%99","status":"publish","type":"page","link":"https:\/\/www.giresunadahastanesi.com\/az\/plastik-v%c9%99-rekonstruktiv-c%c9%99rrahiyy%c9%99\/","title":{"rendered":"Plastik v\u0259 Rekonstruktiv C\u0259rrahiyy\u0259"},"content":{"rendered":"<div class=\"wpb-content-wrapper\"><p>[vc_row tm_bgimagefixed=&#8221;&#8221; break_in_responsive=&#8221;991&#8243;][vc_column][vc_single_image image=&#8221;3816&#8243; img_size=&#8221;full&#8221; alignment=&#8221;center&#8221;][vc_column_text css=&#8221;.vc_custom_1683633515612{margin-bottom: 20px !important;}&#8221;]<\/p>\n<div class=\"elementor-element elementor-element-6ed8 elementor-widget elementor-widget-text-editor\" data-id=\"6ed8\" data-element_type=\"text-editor.default\">\n<div class=\"elementor-widget-container\">\n<div class=\"elementor-text-editor elementor-clearfix\">\n<p>B\u0259d\u0259nin v\u0259 \u00fcz\u00fcn estetik standartlara uy\u011fun yenid\u0259n formala\u015fd\u0131r\u0131lmas\u0131 prosesidir. Bu prosedurlar\u0131 yerin\u0259 yetir\u0259rk\u0259n bir \u00e7ox tibbi avadanl\u0131qdan istifad\u0259 olunur. Estetik i\u015fin m\u0259qs\u0259di x\u0259st\u0259nin g\u00f6zl\u0259ntil\u0259ri istiqam\u0259tind\u0259 h\u0259yata ke\u00e7iril\u0259c\u0259k c\u0259rrahi \u0259m\u0259liyyatlar v\u0259 ya minimal invaziv \u0259m\u0259liyyatlarla \u00f6z\u00fcn\u0259 inam\u0131 b\u0259rpa etm\u0259k v\u0259 x\u0259st\u0259 il\u0259 bar\u0131\u015f\u0131q ya\u015famaqd\u0131r. Estetik prosedurlarda x\u0259st\u0259 il\u0259 h\u0259kim aras\u0131nda \u00e7ox yax\u015f\u0131 bir \u00fcnsiyy\u0259tin olmas\u0131 v\u0259 t\u0259l\u0259bl\u0259ri qar\u015f\u0131lamaq \u00fc\u00e7\u00fcn h\u0259kiml\u0259 birlikd\u0259 \u0259n uy\u011fun prosedura q\u0259rar verm\u0259k \u00e7ox \u0259h\u0259miyy\u0259tlidir.<\/p><\/div>\n<\/div>\n<\/div>\n<p>[\/vc_column_text]<h4 style=\"text-align:left;\" class=\"tm-custom-heading \" >Xidm\u0259tl\u0259r<\/h4>\n[vc_column_text css=&#8221;.vc_custom_1683633521012{margin-bottom: 10px !important;}&#8221;]<\/p>\n<div class=\"elementor-element elementor-element-55fa elementor-widget elementor-widget-text-editor\" data-id=\"55fa\" data-element_type=\"text-editor.default\">\n<div class=\"elementor-widget-container\">\n<div class=\"elementor-text-editor elementor-clearfix\">\n<p>Burun esteti\u011fi (rinoplastika)<br \/>\n\u00dcz estetikas\u0131:<br \/>\n1. \u00dcst g\u00f6z qapa\u011f\u0131n\u0131n estetikas\u0131<br \/>\n2. A\u015fa\u011f\u0131 g\u00f6z qapa\u011f\u0131n\u0131n estetikas\u0131<br \/>\n3. G\u00f6z qapa\u011f\u0131n\u0131n sallanmas\u0131 estetikas\u0131 (ptoz \u0259m\u0259liyyat\u0131)<br \/>\n4. Badam g\u00f6z\u00fc estetikas\u0131 (pi\u015fik g\u00f6z\u00fc estetikas\u0131)<br \/>\n5. Qa\u015f qald\u0131rma estetikas\u0131<br \/>\n6. \u00dcz g\u0259rm\u0259 estetikas\u0131<br \/>\n7. \u00dcz asma estetikas\u0131<br \/>\n8. Dodaq qald\u0131rma estetikas\u0131<br \/>\n9. Ya\u011f inyeksiyas\u0131n\u0131n estetikas\u0131<br \/>\n10. Aln\u0131n uzanmas\u0131<br \/>\n11. Boyun uzanmas\u0131<br \/>\n12. Q\u0131d\u0131qlanmay\u0131n<br \/>\n13. Botox t\u0259tbiql\u0259ri<br \/>\n14. D\u0259rmana davaml\u0131 miqren botoksu<br \/>\n14. \u018friz\u0259l\u0259rin doldurulmas\u0131<br \/>\n15. Mezoterapiya v\u0259 prp prosedurlar\u0131 (\u00fcz, sa\u00e7, oynaq)<br \/>\nD\u00f6\u015f estetikas\u0131<br \/>\n1. D\u00f6\u015f qald\u0131rma<br \/>\n2. D\u00f6\u015fl\u0259rin ki\u00e7ildilm\u0259si<br \/>\n3. D\u00f6\u015f b\u00f6y\u00fctm\u0259<br \/>\n4. Ki\u015fil\u0259rd\u0259 d\u00f6\u015fl\u0259rin ki\u00e7ilm\u0259si (jinekomastiya)<br \/>\nqar\u0131n g\u0259rm\u0259<br \/>\nB\u0259d\u0259nin formala\u015fd\u0131r\u0131lmas\u0131 (liposaksiya)<br \/>\nOmba b\u00f6y\u00fcd\u00fclm\u0259si (bbl)<br \/>\nbud uzanmas\u0131<br \/>\nqolun uzanmas\u0131<br \/>\ngenital estetika<br \/>\n1. Vaginan\u0131n dart\u0131lmas\u0131<br \/>\n2. Genital ki\u00e7ilm\u0259<br \/>\n3. Penis uzad\u0131lmas\u0131<br \/>\nRekonstruktiv c\u0259rrahiyy\u0259 n\u0259dir<br \/>\nX\u0259st\u0259nin g\u00fcnd\u0259lik h\u0259yat\u0131na t\u0259sir ed\u0259n a\u00e7\u0131q yaralar\u0131n, oynaqlarda d\u0259ri \u00e7at\u0131\u015fmazl\u0131qlar\u0131n\u0131n v\u0259 d\u0259rin yan\u0131qlar\u0131n m\u00fcalic\u0259 prosesidir. Yaranan q\u00fcsurlar c\u0259rrahi \u0259m\u0259liyyatlarla d\u00fcz\u0259ldilir. Bu prosedurlar estetik prosedurlar deyil.<br \/>\n\u00fcz s\u0131n\u0131\u011f\u0131 \u0259m\u0259liyyat\u0131<br \/>\nYol q\u0259zalar\u0131, y\u0131x\u0131lmalar v\u0259 s. kimi travmalar n\u0259tic\u0259sind\u0259 yaranan \u00fcz s\u0131n\u0131qlar\u0131n\u0131n c\u0259rrahi yolla korreksiyas\u0131d\u0131r.<br \/>\n\u018fl v\u0259 mikro c\u0259rrahiyy\u0259<br \/>\nMikroskop alt\u0131nda travmadan sonra yaranan v\u0259t\u0259r, sinir v\u0259 arteriya z\u0259d\u0259l\u0259rinin b\u0259rpas\u0131 prosesidir. Buraya h\u0259m\u00e7inin karpal tunel sindromu, trigger barmaq kubital cin v\u0259 s. kimi sinir v\u0259 tendon s\u0131x\u0131lma poz\u011funluqlar\u0131n\u0131n aradan qald\u0131r\u0131lmas\u0131 daxildir. Barmaqlar\u0131n qopmas\u0131 zaman\u0131 barma\u011f\u0131n yerin\u0259 tiki\u015fi prosesi d\u0259 h\u0259yata ke\u00e7irilir.<\/div>\n<\/div>\n<\/div>\n<p>[\/vc_column_text][vc_row_inner][vc_column_inner width=&#8221;1\/2&#8243;]<ul class=\"tm-list tm-list-style-icon tm-list-icon-color-skincolor tm-black tm-icon-skincolor tm-list-textsize- tm-list-icon-library-fontawesome\"><\/ul>[\/vc_column_inner][vc_column_inner width=&#8221;1\/2&#8243; tm_responsive_css=&#8221;40737847|colbreak_no|||||||||colbreak_no|-33px||||||||colbreak_no||||||||||colbreak_no|||||||||&#8221;]<ul class=\"tm-list tm-list-style-icon tm-list-icon-color-skincolor tm-black tm-icon-skincolor tm-list-textsize- tm-list-icon-library-fontawesome\"><\/ul>[\/vc_column_inner][\/vc_row_inner][\/vc_column][\/vc_row][vc_row tm_bgimagefixed=&#8221;&#8221; break_in_responsive=&#8221;991&#8243; css=&#8221;.vc_custom_1543407948016{padding-top: 10px !important;}&#8221;][vc_column]<h4 style=\"text-align:left;\" class=\"tm-custom-heading \" >Xidm\u0259t H\u0259kiml\u0259rimiz<\/h4>\n[vc_separator color=&#8221;custom&#8221; accent_color=&#8221;#ebebeb&#8221;]<div class=\"themetechmount-boxes themetechmount-boxes-team themetechmount-boxes-view-default themetechmount-boxes-col-three themetechmount-boxes-sortable-no themetechmount-boxes-textalign-center themetechmount-boxes-sortablebutton-\">\n\t\t<div class=\"themetechmount-boxes-inner themetechmount-boxes-team-inner \"><\/div><!-- .themetechmount-boxes-inner -->   <\/div><!-- .themetechmount-boxes -->  [\/vc_column][\/vc_row]<\/p>\n<\/div>","protected":false},"excerpt":{"rendered":"<p>[vc_row tm_bgimagefixed=&#8221;&#8221; break_in_responsive=&#8221;991&#8243;][vc_column][vc_single_image image=&#8221;3816&#8243; img_size=&#8221;full&#8221; alignment=&#8221;center&#8221;][vc_column_text css=&#8221;.vc_custom_1683633515612{margin-bottom: 20px !important;}&#8221;] B\u0259d\u0259nin v\u0259 \u00fcz\u00fcn estetik standartlara uy\u011fun yenid\u0259n formala\u015fd\u0131r\u0131lmas\u0131 prosesidir. Bu prosedurlar\u0131 yerin\u0259 yetir\u0259rk\u0259n bir \u00e7ox tibbi avadanl\u0131qdan istifad\u0259 olunur. Estetik i\u015fin m\u0259qs\u0259di x\u0259st\u0259nin g\u00f6zl\u0259ntil\u0259ri istiqam\u0259tind\u0259 h\u0259yata ke\u00e7iril\u0259c\u0259k c\u0259rrahi \u0259m\u0259liyyatlar v\u0259 ya minimal invaziv \u0259m\u0259liyyatlarla \u00f6z\u00fcn\u0259 inam\u0131 b\u0259rpa etm\u0259k v\u0259 x\u0259st\u0259 il\u0259 bar\u0131\u015f\u0131q ya\u015famaqd\u0131r. Estetik prosedurlarda x\u0259st\u0259 &hellip; <a href=\"https:\/\/www.giresunadahastanesi.com\/az\/plastik-v%c9%99-rekonstruktiv-c%c9%99rrahiyy%c9%99\/\" class=\"more-link\">Continue reading <span class=\"screen-reader-text\">Plastik v\u0259 Rekonstruktiv C\u0259rrahiyy\u0259<\/span><\/a><\/p>\n","protected":false},"author":1,"featured_media":0,"parent":0,"menu_order":23,"comment_status":"closed","ping_status":"closed","template":"","meta":{"footnotes":""},"class_list":["post-4599","page","type-page","status-publish","hentry"],"_links":{"self":[{"href":"https:\/\/www.giresunadahastanesi.com\/az\/wp-json\/wp\/v2\/pages\/4599","targetHints":{"allow":["GET"]}}],"collection":[{"href":"https:\/\/www.giresunadahastanesi.com\/az\/wp-json\/wp\/v2\/pages"}],"about":[{"href":"https:\/\/www.giresunadahastanesi.com\/az\/wp-json\/wp\/v2\/types\/page"}],"author":[{"embeddable":true,"href":"https:\/\/www.giresunadahastanesi.com\/az\/wp-json\/wp\/v2\/users\/1"}],"replies":[{"embeddable":true,"href":"https:\/\/www.giresunadahastanesi.com\/az\/wp-json\/wp\/v2\/comments?post=4599"}],"version-history":[{"count":9,"href":"https:\/\/www.giresunadahastanesi.com\/az\/wp-json\/wp\/v2\/pages\/4599\/revisions"}],"predecessor-version":[{"id":7843,"href":"https:\/\/www.giresunadahastanesi.com\/az\/wp-json\/wp\/v2\/pages\/4599\/revisions\/7843"}],"wp:attachment":[{"href":"https:\/\/www.giresunadahastanesi.com\/az\/wp-json\/wp\/v2\/media?parent=4599"}],"curies":[{"name":"wp","href":"https:\/\/api.w.org\/{rel}","templated":true}]}}