{"id":4671,"date":"2023-05-09T15:03:54","date_gmt":"2023-05-09T12:03:54","guid":{"rendered":"https:\/\/www.giresunadahastanesi.com\/qidalanma-v%c9%99-p%c9%99hriz\/"},"modified":"2023-05-21T21:55:38","modified_gmt":"2023-05-21T18:55:38","slug":"qidalanma-v%c9%99-p%c9%99hriz","status":"publish","type":"page","link":"https:\/\/www.giresunadahastanesi.com\/az\/qidalanma-v%c9%99-p%c9%99hriz\/","title":{"rendered":"Qidalanma v\u0259 P\u0259hriz"},"content":{"rendered":"<div class=\"wpb-content-wrapper\"><p>[vc_row tm_bgimagefixed=&#8221;&#8221; break_in_responsive=&#8221;991&#8243;][vc_column][vc_single_image image=&#8221;3816&#8243; img_size=&#8221;full&#8221; alignment=&#8221;center&#8221;][vc_column_text css=&#8221;.vc_custom_1683633786133{margin-bottom: 20px !important;}&#8221;]<\/p>\n<div class=\"elementor-element elementor-element-1986 elementor-widget elementor-widget-text-editor\" data-id=\"1986\" data-element_type=\"text-editor.default\">\n<div class=\"elementor-widget-container\">\n<div class=\"elementor-text-editor elementor-clearfix\">\n<p>Qidalanma v\u0259 p\u0259hriz \u015f\u00f6b\u0259sind\u0259 laz\u0131mi m\u00fcayin\u0259l\u0259r edildikd\u0259n sonra i\u015f v\u0259 sosial \u015f\u0259rait n\u0259z\u0259r\u0259 al\u0131nmaqla f\u0259rdi sa\u011flam qidalanma proqram\u0131 haz\u0131rlan\u0131r. F\u0259rdi qidalanma plan\u0131 haz\u0131rlayan Qidalanma v\u0259 P\u0259hriz Vahidi h\u0259r hans\u0131 sa\u011flaml\u0131q problemi il\u0259 g\u0259l\u0259n insanlara sa\u011flam qidalanma\u011f\u0131 \u00f6yr\u0259tm\u0259y\u0259 v\u0259 ya qidalanma davran\u0131\u015f\u0131n\u0131n d\u0259yi\u015fm\u0259sini t\u0259min etm\u0259y\u0259 \u00e7al\u0131\u015f\u0131r.<\/p><\/div>\n<\/div>\n<\/div>\n<p>[\/vc_column_text]<h4 style=\"text-align:left;\" class=\"tm-custom-heading \" >Xidm\u0259tl\u0259r<\/h4>\n[vc_column_text css=&#8221;.vc_custom_1683633805532{margin-bottom: 10px !important;}&#8221;]<\/p>\n<div class=\"elementor-element elementor-element-24f8 elementor-widget elementor-widget-text-editor\" data-id=\"24f8\" data-element_type=\"text-editor.default\">\n<div class=\"elementor-widget-container\">\n<div class=\"elementor-text-editor elementor-clearfix\">\n<p>Bunun \u00fc\u00e7\u00fcn ilk m\u00fcayin\u0259d\u0259 f\u0259rdl\u0259rin qidalanma v\u0259rdi\u015fl\u0259ri \u0259trafl\u0131 \u015f\u0259kild\u0259 n\u0259z\u0259rd\u0259n ke\u00e7irilir. Qidalanma m\u0259sl\u0259h\u0259ti almaq ist\u0259y\u0259nl\u0259r v\u0259 ya x\u0259st\u0259l\u0259r \u00fc\u00e7\u00fcn ilk n\u00f6vb\u0259d\u0259 b\u0259d\u0259n ya\u011f\u0131, \u0259z\u0259l\u0259, su nisb\u0259ti v\u0259 m\u00f6vcud ya\u011flar\u0131n b\u0259d\u0259nd\u0259ki paylanmas\u0131 m\u00fc\u0259yy\u0259n edilir, daha sonra ya\u015fa uy\u011fun olaraq &#8216;ki\u015fiy\u0259 uy\u011fun qidalanma m\u00fcalic\u0259si&#8217; planlan\u0131r v\u0259 m\u00fcnt\u0259z\u0259m olaraq t\u0259qib edilir, boy, cinsi, fiziki f\u0259aliyy\u0259t v\u0259 qan tap\u0131nt\u0131lar\u0131. Bundan \u0259lav\u0259; \u015e\u0259k\u0259rli diabet, hamil\u0259 \u2013 \u0259mizdirm\u0259 d\u00f6vr\u00fc, u\u015faq v\u0259 yeniyetm\u0259l\u0259r \u00fc\u00e7\u00fcn d\u0259 qidalanma proqramlar\u0131 t\u0259\u015fkil edilir, t\u0259liml\u0259r ke\u00e7irilir v\u0259 m\u00fc\u015fahid\u0259l\u0259r apar\u0131l\u0131r.<\/p><\/div>\n<\/div>\n<\/div>\n<p>[\/vc_column_text][vc_row_inner][vc_column_inner width=&#8221;1\/2&#8243;]<ul class=\"tm-list tm-list-style-icon tm-list-icon-color-skincolor tm-black tm-icon-skincolor tm-list-textsize- tm-list-icon-library-fontawesome\"><li><i class=\"tm-skincolor fa fa-arrow-circle-right\"><\/i>  <span class=\"tm-list-li-content\">Diabet, \u00fcr\u0259k-damar v\u0259 hipertoniya x\u0259st\u0259l\u0259ri \u00fc\u00e7\u00fcn x\u00fcsusi qidalanma planlar\u0131<\/span><\/li><li><i class=\"tm-skincolor fa fa-arrow-circle-right\"><\/i>  <span class=\"tm-list-li-content\">H\u0259ddind\u0259n art\u0131q ar\u0131ql\u0131qdan \u0259ziyy\u0259t \u00e7\u0259k\u0259n insanlar \u00fc\u00e7\u00fcn \u00e7\u0259ki art\u0131m\u0131 proqramlar\u0131\n<\/span><\/li><li><i class=\"tm-skincolor fa fa-arrow-circle-right\"><\/i>  <span class=\"tm-list-li-content\">M\u0259d\u0259 v\u0259 ba\u011f\u0131rsaq x\u0259st\u0259l\u0259ri \u00fc\u00e7\u00fcn x\u00fcsusi qidalanma planlar\u0131<\/span><\/li><\/ul>[\/vc_column_inner][vc_column_inner width=&#8221;1\/2&#8243; tm_responsive_css=&#8221;40737847|colbreak_no|||||||||colbreak_no|-33px||||||||colbreak_no||||||||||colbreak_no|||||||||&#8221;]<ul class=\"tm-list tm-list-style-icon tm-list-icon-color-skincolor tm-black tm-icon-skincolor tm-list-textsize- tm-list-icon-library-fontawesome\"><li><i class=\"tm-skincolor fa fa-arrow-circle-right\"><\/i>  <span class=\"tm-list-li-content\">B\u00f6y\u00fcm\u0259 v\u0259 inki\u015faf d\u00f6vr\u00fcnd\u0259 u\u015faqlar \u00fc\u00e7\u00fcn x\u00fcsusi proqramlar<\/span><\/li><li><i class=\"tm-skincolor fa fa-arrow-circle-right\"><\/i>  <span class=\"tm-list-li-content\">Hamil\u0259lik v\u0259 ya ana s\u00fcd\u00fc zaman\u0131 analar \u00fc\u00e7\u00fcn x\u00fcsusi qidalanma planlar\u0131\n<\/span><\/li><\/ul>[\/vc_column_inner][\/vc_row_inner][\/vc_column][\/vc_row][vc_row tm_bgimagefixed=&#8221;&#8221; break_in_responsive=&#8221;991&#8243; css=&#8221;.vc_custom_1543407948016{padding-top: 10px !important;}&#8221;][vc_column]<h4 style=\"text-align:left;\" class=\"tm-custom-heading \" >Xidm\u0259t H\u0259kiml\u0259rimiz<\/h4>\n[vc_separator color=&#8221;custom&#8221; accent_color=&#8221;#ebebeb&#8221;]<div class=\"themetechmount-boxes themetechmount-boxes-team themetechmount-boxes-view-default themetechmount-boxes-col-three themetechmount-boxes-sortable-no themetechmount-boxes-textalign-center themetechmount-boxes-sortablebutton-\">\n\t\t<div class=\"themetechmount-boxes-inner themetechmount-boxes-team-inner \">\n\t\t\t\n\t\t\t<div class=\"row multi-columns-row themetechmount-boxes-row-wrapper\">\n\t\t\t\t<div class=\"tm-box-col-wrapper col-lg-4 col-sm-6 col-md-4 col-xs-12 diyetisyen-az\"><article class=\"themetechmount-box themetechmount-box-team themetechmount-teambox-view-overlay\">\n\t<div class=\"themetechmount-post-item\">\n\t\t<div class=\"themetechmount-team-image-box\">\n\t\t\t\n\t\t<span class=\"themetechmount-item-thumbnail\">\n\t\t\t<span class=\"themetechmount-item-thumbnail-inner\">\n\t\t\t\t<img fetchpriority=\"high\" decoding=\"async\" width=\"380\" height=\"500\" src=\"https:\/\/www.giresunadahastanesi.com\/wp-content\/uploads\/2023\/05\/nuray-380x500.jpg\" class=\"attachment-themetechmount-img-teamoverlay size-themetechmount-img-teamoverlay wp-post-image\" alt=\"\" data-id=\"4156\" \/>\n\t\t\t<\/span>\n\t\t<\/span>\t        <div class=\"themetechmount-overlay\">\n\t\t\t\t<div class=\"themetechmount-icon-box themetechmount-box-link\"><a href=\"https:\/\/www.giresunadahastanesi.com\/az\/team-member\/dyt-nuray-ipekci\/\"><i class=\"tm-brivona-icon-plus-1\"><\/i><\/a><\/div>\t\n\t\t\t<\/div>\t\n\t\t<\/div>\t\n\t\t\t<div class=\"themetechmount-box-content\">\n\t\t\t\t<div class=\"themetechmount-team-position\">Dietoloq<\/div>\n\t\t\t\t<div class=\"themetechmount-box-title\"><h4><a href=\"https:\/\/www.giresunadahastanesi.com\/az\/team-member\/dyt-nuray-ipekci\/\">Dyt. Nuray \u0130PEK\u00c7\u0130<\/a><\/h4><\/div>\t\t\t\t\t\t\t\t\n\t\t\t<\/div>\t\t\t\n\t<\/div>\n<\/article>\n <\/div><div class=\"tm-box-col-wrapper col-lg-4 col-sm-6 col-md-4 col-xs-12 diyetisyen-az\"><article class=\"themetechmount-box themetechmount-box-team themetechmount-teambox-view-overlay\">\n\t<div class=\"themetechmount-post-item\">\n\t\t<div class=\"themetechmount-team-image-box\">\n\t\t\t\n\t\t<span class=\"themetechmount-item-thumbnail\">\n\t\t\t<span class=\"themetechmount-item-thumbnail-inner\">\n\t\t\t\t<img decoding=\"async\" width=\"380\" height=\"500\" src=\"https:\/\/www.giresunadahastanesi.com\/wp-content\/uploads\/2023\/05\/ebrutasdemir-2-380x500.jpg\" class=\"attachment-themetechmount-img-teamoverlay size-themetechmount-img-teamoverlay wp-post-image\" alt=\"\" data-id=\"4160\" \/>\n\t\t\t<\/span>\n\t\t<\/span>\t        <div class=\"themetechmount-overlay\">\n\t\t\t\t<div class=\"themetechmount-icon-box themetechmount-box-link\"><a href=\"https:\/\/www.giresunadahastanesi.com\/az\/team-member\/dyt-ebru-tasdemir\/\"><i class=\"tm-brivona-icon-plus-1\"><\/i><\/a><\/div>\t\n\t\t\t<\/div>\t\n\t\t<\/div>\t\n\t\t\t<div class=\"themetechmount-box-content\">\n\t\t\t\t<div class=\"themetechmount-team-position\">Dietoloq<\/div>\n\t\t\t\t<div class=\"themetechmount-box-title\"><h4><a href=\"https:\/\/www.giresunadahastanesi.com\/az\/team-member\/dyt-ebru-tasdemir\/\">Dyt. Ebru TA\u015eDEM\u0130R<\/a><\/h4><\/div>\t\t\t\t\t\t\t\t\n\t\t\t<\/div>\t\t\t\n\t<\/div>\n<\/article>\n <\/div>\n\t\t\t<\/div>\n\t\t<\/div><!-- .themetechmount-boxes-inner -->   <\/div><!-- .themetechmount-boxes -->  [\/vc_column][\/vc_row]<\/p>\n<\/div>","protected":false},"excerpt":{"rendered":"<p>[vc_row tm_bgimagefixed=&#8221;&#8221; break_in_responsive=&#8221;991&#8243;][vc_column][vc_single_image image=&#8221;3816&#8243; img_size=&#8221;full&#8221; alignment=&#8221;center&#8221;][vc_column_text css=&#8221;.vc_custom_1683633786133{margin-bottom: 20px !important;}&#8221;] Qidalanma v\u0259 p\u0259hriz \u015f\u00f6b\u0259sind\u0259 laz\u0131mi m\u00fcayin\u0259l\u0259r edildikd\u0259n sonra i\u015f v\u0259 sosial \u015f\u0259rait n\u0259z\u0259r\u0259 al\u0131nmaqla f\u0259rdi sa\u011flam qidalanma proqram\u0131 haz\u0131rlan\u0131r. F\u0259rdi qidalanma plan\u0131 haz\u0131rlayan Qidalanma v\u0259 P\u0259hriz Vahidi h\u0259r hans\u0131 sa\u011flaml\u0131q problemi il\u0259 g\u0259l\u0259n insanlara sa\u011flam qidalanma\u011f\u0131 \u00f6yr\u0259tm\u0259y\u0259 v\u0259 ya qidalanma davran\u0131\u015f\u0131n\u0131n d\u0259yi\u015fm\u0259sini t\u0259min etm\u0259y\u0259 \u00e7al\u0131\u015f\u0131r. [\/vc_column_text][vc_column_text &hellip; <a href=\"https:\/\/www.giresunadahastanesi.com\/az\/team-member\/dyt-ebru-tasdemir\/\" class=\"more-link\">Continue reading <span class=\"screen-reader-text\">Dyt. Ebru TA\u015eDEM\u0130R<\/span><\/a><\/p>\n","protected":false},"author":1,"featured_media":0,"parent":0,"menu_order":23,"comment_status":"closed","ping_status":"closed","template":"","meta":{"footnotes":""},"class_list":["post-4671","page","type-page","status-publish","hentry"],"_links":{"self":[{"href":"https:\/\/www.giresunadahastanesi.com\/az\/wp-json\/wp\/v2\/pages\/4671","targetHints":{"allow":["GET"]}}],"collection":[{"href":"https:\/\/www.giresunadahastanesi.com\/az\/wp-json\/wp\/v2\/pages"}],"about":[{"href":"https:\/\/www.giresunadahastanesi.com\/az\/wp-json\/wp\/v2\/types\/page"}],"author":[{"embeddable":true,"href":"https:\/\/www.giresunadahastanesi.com\/az\/wp-json\/wp\/v2\/users\/1"}],"replies":[{"embeddable":true,"href":"https:\/\/www.giresunadahastanesi.com\/az\/wp-json\/wp\/v2\/comments?post=4671"}],"version-history":[{"count":16,"href":"https:\/\/www.giresunadahastanesi.com\/az\/wp-json\/wp\/v2\/pages\/4671\/revisions"}],"predecessor-version":[{"id":7845,"href":"https:\/\/www.giresunadahastanesi.com\/az\/wp-json\/wp\/v2\/pages\/4671\/revisions\/7845"}],"wp:attachment":[{"href":"https:\/\/www.giresunadahastanesi.com\/az\/wp-json\/wp\/v2\/media?parent=4671"}],"curies":[{"name":"wp","href":"https:\/\/api.w.org\/{rel}","templated":true}]}}