{"id":4686,"date":"2023-05-09T15:02:20","date_gmt":"2023-05-09T12:02:20","guid":{"rendered":"https:\/\/www.giresunadahastanesi.com\/agiz-v%c9%99-dis-saglamligi\/"},"modified":"2023-05-21T21:54:44","modified_gmt":"2023-05-21T18:54:44","slug":"agiz-v%c9%99-dis-saglamligi","status":"publish","type":"page","link":"https:\/\/www.giresunadahastanesi.com\/az\/agiz-v%c9%99-dis-saglamligi\/","title":{"rendered":"Oral v\u0259 Di\u015f Sa\u011flaml\u0131\u011f\u0131"},"content":{"rendered":"<div class=\"wpb-content-wrapper\"><p>[vc_row tm_bgimagefixed=&#8221;&#8221; break_in_responsive=&#8221;991&#8243;][vc_column][vc_single_image image=&#8221;3816&#8243; img_size=&#8221;full&#8221; alignment=&#8221;center&#8221;][vc_column_text css=&#8221;.vc_custom_1683633688133{margin-bottom: 20px !important;}&#8221;]<\/p>\n<div class=\"elementor-element elementor-element-74b3 elementor-widget elementor-widget-text-editor\" data-id=\"74b3\" data-element_type=\"text-editor.default\">\n<div class=\"elementor-widget-container\">\n<div class=\"elementor-text-editor elementor-clearfix\">\n<p>A\u011f\u0131z v\u0259 Di\u015f C\u0259rrahiyy\u0259sinin b\u00fct\u00fcn sah\u0259l\u0259rind\u0259 qabaqc\u0131l diaqnostika v\u0259 m\u00fcalic\u0259 xidm\u0259tl\u0259ri g\u00f6st\u0259r\u0259n x\u0259st\u0259xanalar\u0131m\u0131z profilaktik stomatologiya, endodontiya, a\u011f\u0131z v\u0259 \u00fcz-\u00e7\u0259n\u0259 c\u0259rrahiyy\u0259si, implantologiya, estetik stomatologiya, protez di\u015f m\u00fcalic\u0259si, c\u0259rrahi m\u00fcalic\u0259 (z\u0259rb\u0259li di\u015fl\u0259rin \u00e7\u0131xar\u0131lmas\u0131) sah\u0259l\u0259rind\u0259 m\u00fcasirdir. \u0259m\u0259liyyatlar, kist \u0259m\u0259liyyat\u0131, implant) v\u0259 \u0259n inki\u015faf etmi\u015f t\u0259tbiql\u0259rl\u0259 xidm\u0259t edir.<\/p><\/div>\n<\/div>\n<\/div>\n<p>[\/vc_column_text]<h4 style=\"text-align:left;\" class=\"tm-custom-heading \" >Xidm\u0259tl\u0259r<\/h4>\n[vc_column_text css=&#8221;.vc_custom_1683633699092{margin-bottom: 10px !important;}&#8221;][\/vc_column_text][vc_row_inner][vc_column_inner width=&#8221;1\/2&#8243;]<ul class=\"tm-list tm-list-style-icon tm-list-icon-color-skincolor tm-black tm-icon-skincolor tm-list-textsize- tm-list-icon-library-fontawesome\"><li><i class=\"tm-skincolor fa fa-arrow-circle-right\"><\/i>  <span class=\"tm-list-li-content\">Profilaktik stomatologiya t\u0259cr\u00fcb\u0259l\u0259ri<\/span><\/li><li><i class=\"tm-skincolor fa fa-arrow-circle-right\"><\/i>  <span class=\"tm-list-li-content\">Endodontiya<\/span><\/li><li><i class=\"tm-skincolor fa fa-arrow-circle-right\"><\/i>  <span class=\"tm-list-li-content\">A\u011f\u0131z v\u0259 \u00fcz-\u00e7\u0259n\u0259 c\u0259rrahiyy\u0259si<\/span><\/li><li><i class=\"tm-skincolor fa fa-arrow-circle-right\"><\/i>  <span class=\"tm-list-li-content\">\u0130mplantologiya b\u00f6lm\u0259si<\/span><\/li><\/ul>[\/vc_column_inner][vc_column_inner width=&#8221;1\/2&#8243; tm_responsive_css=&#8221;40737847|colbreak_no|||||||||colbreak_no|-33px||||||||colbreak_no||||||||||colbreak_no|||||||||&#8221;]<ul class=\"tm-list tm-list-style-icon tm-list-icon-color-skincolor tm-black tm-icon-skincolor tm-list-textsize- tm-list-icon-library-fontawesome\"><li><i class=\"tm-skincolor fa fa-arrow-circle-right\"><\/i>  <span class=\"tm-list-li-content\">Estetik Stomatologiya<\/span><\/li><li><i class=\"tm-skincolor fa fa-arrow-circle-right\"><\/i>  <span class=\"tm-list-li-content\">Protez<\/span><\/li><li><i class=\"tm-skincolor fa fa-arrow-circle-right\"><\/i>  <span class=\"tm-list-li-content\">G\u00fcl\u00fc\u015f Dizayn\u0131<\/span><\/li><li><i class=\"tm-skincolor fa fa-arrow-circle-right\"><\/i>  <span class=\"tm-list-li-content\">A\u011fard\u0131c\u0131<\/span><\/li><\/ul>[\/vc_column_inner][\/vc_row_inner][\/vc_column][\/vc_row][vc_row tm_bgimagefixed=&#8221;&#8221; break_in_responsive=&#8221;991&#8243; css=&#8221;.vc_custom_1543407948016{padding-top: 10px !important;}&#8221;][vc_column]<h4 style=\"text-align:left;\" class=\"tm-custom-heading \" >Xidm\u0259t H\u0259kiml\u0259rimiz<\/h4>\n[vc_separator color=&#8221;custom&#8221; accent_color=&#8221;#ebebeb&#8221;]<div class=\"themetechmount-boxes themetechmount-boxes-team themetechmount-boxes-view-default themetechmount-boxes-col-three themetechmount-boxes-sortable-no themetechmount-boxes-textalign-center themetechmount-boxes-sortablebutton-\">\n\t\t<div class=\"themetechmount-boxes-inner themetechmount-boxes-team-inner \">\n\t\t\t\n\t\t\t<div class=\"row multi-columns-row themetechmount-boxes-row-wrapper\">\n\t\t\t\t<div class=\"tm-box-col-wrapper col-lg-4 col-sm-6 col-md-4 col-xs-12 agiz-v%c9%99-dis-saglamligi\"><article class=\"themetechmount-box themetechmount-box-team themetechmount-teambox-view-overlay\">\n\t<div class=\"themetechmount-post-item\">\n\t\t<div class=\"themetechmount-team-image-box\">\n\t\t\t\n\t\t<span class=\"themetechmount-item-thumbnail\">\n\t\t\t<span class=\"themetechmount-item-thumbnail-inner\">\n\t\t\t\t<img fetchpriority=\"high\" decoding=\"async\" width=\"380\" height=\"500\" src=\"https:\/\/www.giresunadahastanesi.com\/wp-content\/uploads\/2023\/05\/sonerkahraman-380x500.jpg\" class=\"attachment-themetechmount-img-teamoverlay size-themetechmount-img-teamoverlay wp-post-image\" alt=\"\" data-id=\"4132\" \/>\n\t\t\t<\/span>\n\t\t<\/span>\t        <div class=\"themetechmount-overlay\">\n\t\t\t\t<div class=\"themetechmount-icon-box themetechmount-box-link\"><a href=\"https:\/\/www.giresunadahastanesi.com\/az\/team-member\/dt-soner-kahraman\/\"><i class=\"tm-brivona-icon-plus-1\"><\/i><\/a><\/div>\t\n\t\t\t<\/div>\t\n\t\t<\/div>\t\n\t\t\t<div class=\"themetechmount-box-content\">\n\t\t\t\t<div class=\"themetechmount-team-position\">Di\u015f h\u0259kimi<\/div>\n\t\t\t\t<div class=\"themetechmount-box-title\"><h4><a href=\"https:\/\/www.giresunadahastanesi.com\/az\/team-member\/dt-soner-kahraman\/\">Dt. Soner KAHRAMAN<\/a><\/h4><\/div>\t\t\t\t\t\t\t\t\n\t\t\t<\/div>\t\t\t\n\t<\/div>\n<\/article>\n <\/div>\n\t\t\t<\/div>\n\t\t<\/div><!-- .themetechmount-boxes-inner -->   <\/div><!-- .themetechmount-boxes -->  [\/vc_column][\/vc_row]<\/p>\n<\/div>","protected":false},"excerpt":{"rendered":"<p>[vc_row tm_bgimagefixed=&#8221;&#8221; break_in_responsive=&#8221;991&#8243;][vc_column][vc_single_image image=&#8221;3816&#8243; img_size=&#8221;full&#8221; alignment=&#8221;center&#8221;][vc_column_text css=&#8221;.vc_custom_1683633688133{margin-bottom: 20px !important;}&#8221;] A\u011f\u0131z v\u0259 Di\u015f C\u0259rrahiyy\u0259sinin b\u00fct\u00fcn sah\u0259l\u0259rind\u0259 qabaqc\u0131l diaqnostika v\u0259 m\u00fcalic\u0259 xidm\u0259tl\u0259ri g\u00f6st\u0259r\u0259n x\u0259st\u0259xanalar\u0131m\u0131z profilaktik stomatologiya, endodontiya, a\u011f\u0131z v\u0259 \u00fcz-\u00e7\u0259n\u0259 c\u0259rrahiyy\u0259si, implantologiya, estetik stomatologiya, protez di\u015f m\u00fcalic\u0259si, c\u0259rrahi m\u00fcalic\u0259 (z\u0259rb\u0259li di\u015fl\u0259rin \u00e7\u0131xar\u0131lmas\u0131) sah\u0259l\u0259rind\u0259 m\u00fcasirdir. \u0259m\u0259liyyatlar, kist \u0259m\u0259liyyat\u0131, implant) v\u0259 \u0259n inki\u015faf etmi\u015f t\u0259tbiql\u0259rl\u0259 xidm\u0259t edir. [\/vc_column_text][vc_column_text css=&#8221;.vc_custom_1683633699092{margin-bottom: &hellip; <a href=\"https:\/\/www.giresunadahastanesi.com\/az\/team-member\/dt-soner-kahraman\/\" class=\"more-link\">Continue reading <span class=\"screen-reader-text\">Dt. Soner KAHRAMAN<\/span><\/a><\/p>\n","protected":false},"author":1,"featured_media":0,"parent":0,"menu_order":23,"comment_status":"closed","ping_status":"closed","template":"","meta":{"footnotes":""},"class_list":["post-4686","page","type-page","status-publish","hentry"],"_links":{"self":[{"href":"https:\/\/www.giresunadahastanesi.com\/az\/wp-json\/wp\/v2\/pages\/4686","targetHints":{"allow":["GET"]}}],"collection":[{"href":"https:\/\/www.giresunadahastanesi.com\/az\/wp-json\/wp\/v2\/pages"}],"about":[{"href":"https:\/\/www.giresunadahastanesi.com\/az\/wp-json\/wp\/v2\/types\/page"}],"author":[{"embeddable":true,"href":"https:\/\/www.giresunadahastanesi.com\/az\/wp-json\/wp\/v2\/users\/1"}],"replies":[{"embeddable":true,"href":"https:\/\/www.giresunadahastanesi.com\/az\/wp-json\/wp\/v2\/comments?post=4686"}],"version-history":[{"count":11,"href":"https:\/\/www.giresunadahastanesi.com\/az\/wp-json\/wp\/v2\/pages\/4686\/revisions"}],"predecessor-version":[{"id":7844,"href":"https:\/\/www.giresunadahastanesi.com\/az\/wp-json\/wp\/v2\/pages\/4686\/revisions\/7844"}],"wp:attachment":[{"href":"https:\/\/www.giresunadahastanesi.com\/az\/wp-json\/wp\/v2\/media?parent=4686"}],"curies":[{"name":"wp","href":"https:\/\/api.w.org\/{rel}","templated":true}]}}