{"id":4688,"date":"2023-05-09T15:12:03","date_gmt":"2023-05-09T12:12:03","guid":{"rendered":"https:\/\/www.giresunadahastanesi.com\/fiziki-mualic%c9%99-v%c9%99-reabilitasiya\/"},"modified":"2023-05-21T22:00:12","modified_gmt":"2023-05-21T19:00:12","slug":"fiziki-mualic%c9%99-v%c9%99-reabilitasiya","status":"publish","type":"page","link":"https:\/\/www.giresunadahastanesi.com\/az\/fiziki-mualic%c9%99-v%c9%99-reabilitasiya\/","title":{"rendered":"Fiziki M\u00fcalic\u0259 v\u0259 Reabilitasiya"},"content":{"rendered":"<div class=\"wpb-content-wrapper\"><p>[vc_row tm_bgimagefixed=&#8221;&#8221; break_in_responsive=&#8221;991&#8243;][vc_column][vc_single_image image=&#8221;3816&#8243; img_size=&#8221;full&#8221; alignment=&#8221;center&#8221;][vc_column_text css=&#8221;.vc_custom_1683634258178{margin-bottom: 20px !important;}&#8221;]Fiziki M\u00fcalic\u0259 \u015e\u00f6b\u0259l\u0259ri fiziki m\u00fcalic\u0259 v\u0259\/v\u0259 ya reabilitasiya g\u00f6st\u0259ricil\u0259ri olan ambulator v\u0259 ya stasionar x\u0259st\u0259l\u0259r\u0259 m\u00f6vcud, etik v\u0259 beyn\u0259lxalq standartlara uy\u011fun xidm\u0259t g\u00f6st\u0259rm\u0259yi h\u0259d\u0259fl\u0259yir.[\/vc_column_text]<h4 style=\"text-align:left;\" class=\"tm-custom-heading \" >Xidm\u0259tl\u0259r<\/h4>\n[vc_column_text css=&#8221;.vc_custom_1683634271428{margin-bottom: 10px !important;}&#8221;]<\/p>\n<div class=\"elementor-element elementor-element-55fa elementor-widget elementor-widget-text-editor\" data-id=\"55fa\" data-element_type=\"text-editor.default\">\n<div class=\"elementor-widget-container\">\n<div class=\"elementor-text-editor elementor-clearfix\">\n<p>M\u00fcayin\u0259 otaqlar\u0131, fizioterapiya otaqlar\u0131 v\u0259 m\u0259\u015fq otaqlar\u0131ndan ibar\u0259t, \u0259n m\u00fcasir sistem cihazlar\u0131 il\u0259 t\u0259chiz olunmu\u015f fiziki m\u00fcalic\u0259 v\u0259 reabilitasiya \u015f\u00f6b\u0259mizd\u0259 t\u0259cr\u00fcb\u0259li m\u00fct\u0259x\u0259ssis h\u0259kim v\u0259 fizioterapevtl\u0259rd\u0259n ibar\u0259t komandam\u0131z ambulator, poliklinika v\u0259 reanimasiya x\u0259st\u0259l\u0259rin\u0259 xidm\u0259t g\u00f6st\u0259rir.<\/p>\n<p>Fizioterapiya v\u0259 Reabilitasiya sah\u0259si olan m\u00fcxt\u0259lif x\u0259st\u0259likl\u0259r v\u0259 ya x\u0259sar\u0259tl\u0259r n\u0259tic\u0259sind\u0259 b\u0259d\u0259nin m\u00fcxt\u0259lif hiss\u0259l\u0259rinin funksiyalar\u0131n\u0131n itirildiyi v\u0259 ya t\u0259hdid edildiyi hallarda x\u0259st\u0259l\u0259rin h\u0259yat keyfiyy\u0259tinin yax\u015f\u0131la\u015fd\u0131r\u0131lmas\u0131 m\u0259qs\u0259di da\u015f\u0131y\u0131r.<\/p>\n<p>\u018fsas\u0259n x\u0259st\u0259l\u0259rimizin m\u00fcst\u0259qil h\u0259r\u0259k\u0259t potensial\u0131n\u0131 art\u0131rmaq, a\u011fr\u0131lar\u0131n\u0131 y\u00fcng\u00fcll\u0259\u015fdirm\u0259k v\u0259 maksimum h\u0259r\u0259k\u0259tlilik \u0259ld\u0259 etm\u0259k \u00fc\u00e7\u00fcn m\u00fcasir reabilitasiya \u00fcsullar\u0131 t\u0259tbiq edilir.<\/p>\n<p>Fiziki M\u00fcalic\u0259 v\u0259 Reabilitasiya \u015f\u00f6b\u0259l\u0259rind\u0259 ortopedik reabilitasiya \u00e7\u0259r\u00e7iv\u0259sind\u0259 idman z\u0259d\u0259l\u0259rinin b\u0259rpas\u0131, s\u0131n\u0131qdan sonra reabilitasiya, menisk\u00fcs \u0259m\u0259liyyat\u0131ndan sonra reabilitasiya, protez \u0259m\u0259liyyat\u0131 ke\u00e7irmi\u015f x\u0259st\u0259l\u0259rin reabilitasiyas\u0131 kimi xidm\u0259tl\u0259r g\u00f6st\u0259rilir.<\/p>\n<p>\u018fz\u0259l\u0259 x\u0259st\u0259likl\u0259rinin reabilitasiya m\u00fcalic\u0259si \u00e7\u0259r\u00e7iv\u0259sind\u0259 oynaq probleml\u0259rinin qar\u015f\u0131s\u0131n\u0131n al\u0131nmas\u0131 v\u0259 ya oynaq m\u0259hdudiyy\u0259tinin aradan qald\u0131r\u0131lmas\u0131, bel v\u0259 boyun a\u011fr\u0131lar\u0131n\u0131n m\u00fcalic\u0259si, revmatik x\u0259st\u0259likl\u0259rin reabilitasiyas\u0131 kimi sah\u0259l\u0259rd\u0259 beyn\u0259lxalq fizioterapiya protokollar\u0131 il\u0259 m\u00fcalic\u0259 apar\u0131l\u0131r.<\/p>\n<p>Nevroloji reabilitasiya sah\u0259sind\u0259 fiziki terapiya v\u0259 \u0259z\u0259l\u0259, v\u0259t\u0259r v\u0259 sinir z\u0259d\u0259l\u0259rind\u0259n sonra reabilitasiya, tam v\u0259 ya qism\u0259n iflic, onur\u011fa beyni z\u0259d\u0259si v\u0259 serebral iflic olan x\u0259st\u0259l\u0259rin reabilitasiyas\u0131 t\u0259min edilir.<\/p>\n<p>Revmatik x\u0259st\u0259likl\u0259rin diaqnozu v\u0259 m\u00fcalic\u0259sind\u0259n sonra, x\u00fcsusil\u0259 romatoid artrit v\u0259 ankilozan spondilitli x\u0259st\u0259l\u0259rd\u0259 oynaq kontrakturalar\u0131n\u0131n qar\u015f\u0131s\u0131n\u0131 almaq v\u0259 funksiya itkisini azaltmaq \u00fc\u00e7\u00fcn x\u0259st\u0259y\u0259 uy\u011fun fiziki m\u00fcalic\u0259 v\u0259 reabilitasiya proqramlar\u0131 t\u0259tbiq edilir.<\/p>\n<p>Osteoporoz v\u0259 degenerativ oynaq x\u0259st\u0259likl\u0259rinin reabilitasiyas\u0131, fibromiyalji sindromu v\u0259 miofasiyal a\u011fr\u0131 sindromu, \u00e7\u0259n\u0259 oynaq x\u0259st\u0259likl\u0259ri, onur\u011fa \u0259yriliyinin (Skolioz) m\u00fcalic\u0259si, t\u0259n\u0259ff\u00fcs orqanlar\u0131n\u0131n reabilitasiyas\u0131, \u0259l z\u0259d\u0259l\u0259rind\u0259 mikroc\u0259rrahiy\u0259d\u0259n sonra reabilitasiya apar\u0131l\u0131r.<\/p>\n<p>Oynaqdaxili inyeksiya, yum\u015faq toxuma inyeksiyalar\u0131, dayaq-h\u0259r\u0259k\u0259t sistemi x\u0259st\u0259likl\u0259rind\u0259 PRP t\u0259tbiqi, nevroterapiya, quru mil a\u011fr\u0131lar\u0131n\u0131n m\u00fcalic\u0259si kimi geni\u015f \u00e7e\u015fidd\u0259 fiziki m\u00fcalic\u0259 v\u0259 reabilitasiya xidm\u0259tl\u0259ri d\u0259 t\u0259klif olunur.<\/p>\n<p>Manual terapiya n\u0259dir?<\/p>\n<p>Bel, boyun, bel a\u011fr\u0131lar\u0131 v\u0259 bir \u00e7ox dig\u0259r dayaq-h\u0259r\u0259k\u0259t sistemi probleml\u0259ri \u00fc\u00e7\u00fcn \u0259l terapiyas\u0131; Effektiv v\u0259 a\u011fr\u0131s\u0131z bir \u00fcsuldur. Bu, oynaqlara, \u0259z\u0259l\u0259l\u0259r\u0259, yum\u015faq toxumalara v\u0259 bir \u00e7ox miofasiyal strukturlara \u0259l il\u0259 t\u0259tbiq edil\u0259n x\u00fcsusi \u00fcsullardan ibar\u0259t m\u00fcalic\u0259 yana\u015fmas\u0131d\u0131r. Fizioterapiyada x\u00fcsusi yeri olan bu \u00fcsul bir \u00e7ox dayaq-h\u0259r\u0259k\u0259t sistemi x\u0259st\u0259likl\u0259ri v\u0259 onur\u011fa a\u011fr\u0131lar\u0131nda t\u0259sirli v\u0259 t\u0259hl\u00fck\u0259siz bir t\u0259tbiqdir.<\/p>\n<p>Spazma gir\u0259n \u0259z\u0259l\u0259, t\u0131xanmaya s\u0259b\u0259b olan oynaq, t\u0259zyiq\u0259 m\u0259ruz qalan sinir, g\u0259rginl\u0259\u015f\u0259n v\u0259 s\u0259rtl\u0259\u015f\u0259n h\u0259r hans\u0131 miofasiyal qurulu\u015f b\u0259d\u0259nd\u0259 a\u011fr\u0131lara s\u0259b\u0259b ola bil\u0259n v\u0259 insan\u0131 g\u00fcnd\u0259lik h\u0259yat\u0131nda ciddi \u015f\u0259kild\u0259 narahat ed\u0259n s\u0259b\u0259bl\u0259rdir. Manual terapiyada; Orqanizmin anatomik v\u0259 fizioloji f\u0259aliyy\u0259ti n\u0259z\u0259r\u0259 al\u0131nmaqla bu strukturlar\u0131n f\u0259aliyy\u0259tind\u0259 bu kimi poz\u011funluqlar aradan qald\u0131r\u0131lma\u011fa \u00e7al\u0131\u015f\u0131l\u0131r. Y\u0259ni b\u0259d\u0259n\u0259 he\u00e7 bir d\u0259rman verilm\u0259d\u0259n toxumalar\u0131n yenid\u0259n sa\u011flam i\u015fl\u0259m\u0259si h\u0259d\u0259fl\u0259nir. X\u00fcsusi; mobilizasiya, manipulyasiya, g\u0259rm\u0259, relaksasiya v\u0259 \u0259z\u0259l\u0259-enerji \u00fcsullar\u0131 il\u0259 toxumalar \u00f6z funksiyalar\u0131n\u0131 b\u0259rpa edir. Bu \u00fcsul effektivdir, a\u011fr\u0131s\u0131zd\u0131r v\u0259 he\u00e7 bir \u0259ks t\u0259siri yoxdur.<\/p><\/div>\n<\/div>\n<\/div>\n<p>[\/vc_column_text][vc_row_inner][vc_column_inner width=&#8221;1\/2&#8243;]<ul class=\"tm-list tm-list-style-icon tm-list-icon-color-skincolor tm-black tm-icon-skincolor tm-list-textsize- tm-list-icon-library-fontawesome\"><li><i class=\"tm-skincolor fa fa-arrow-circle-right\"><\/i>  <span class=\"tm-list-li-content\">Bel v\u0259 boyun y\u0131rt\u0131\u011f\u0131<\/span><\/li><li><i class=\"tm-skincolor fa fa-arrow-circle-right\"><\/i>  <span class=\"tm-list-li-content\">Onur\u011fan\u0131n \u0259z\u0259l\u0259 v\u0259 faset oynaq a\u011fr\u0131lar\u0131<\/span><\/li><li><i class=\"tm-skincolor fa fa-arrow-circle-right\"><\/i>  <span class=\"tm-list-li-content\">Miyofasiyal a\u011fr\u0131 sindromu\n<\/span><\/li><li><i class=\"tm-skincolor fa fa-arrow-circle-right\"><\/i>  <span class=\"tm-list-li-content\">Donmu\u015f \u00e7iyin, impingement sindromu, rotator man\u015fet y\u0131rt\u0131\u011f\u0131<\/span><\/li><li><i class=\"tm-skincolor fa fa-arrow-circle-right\"><\/i>  <span class=\"tm-list-li-content\">Qol v\u0259 ayaqda sinir s\u0131x\u0131lmas\u0131<\/span><\/li><\/ul>[\/vc_column_inner][vc_column_inner width=&#8221;1\/2&#8243; tm_responsive_css=&#8221;40737847|colbreak_no|||||||||colbreak_no|-33px||||||||colbreak_no||||||||||colbreak_no|||||||||&#8221;]<ul class=\"tm-list tm-list-style-icon tm-list-icon-color-skincolor tm-black tm-icon-skincolor tm-list-textsize- tm-list-icon-library-fontawesome\"><li><i class=\"tm-skincolor fa fa-arrow-circle-right\"><\/i>  <span class=\"tm-list-li-content\">Kal\u00e7a v\u0259 sakroiliak birg\u0259 a\u011fr\u0131<\/span><\/li><li><i class=\"tm-skincolor fa fa-arrow-circle-right\"><\/i>  <span class=\"tm-list-li-content\">Diz menisk\u00fcs\u00fc v\u0259 ba\u011flar\u0131n\u0131n z\u0259d\u0259l\u0259nm\u0259si<\/span><\/li><li><i class=\"tm-skincolor fa fa-arrow-circle-right\"><\/i>  <span class=\"tm-list-li-content\">S\u0131n\u0131qdan sonra birg\u0259 m\u0259hdudiyy\u0259tl\u0259r<\/span><\/li><li><i class=\"tm-skincolor fa fa-arrow-circle-right\"><\/i>  <span class=\"tm-list-li-content\">Boyunla \u0259laq\u0259li ba\u015f a\u011fr\u0131lar\u0131 kimi bir \u00e7ox hallarda etibarl\u0131 \u015f\u0259kild\u0259 t\u0259tbiq oluna bil\u0259r.<\/span><\/li><\/ul>[\/vc_column_inner][\/vc_row_inner][\/vc_column][\/vc_row][vc_row tm_bgimagefixed=&#8221;&#8221; break_in_responsive=&#8221;991&#8243; css=&#8221;.vc_custom_1543407948016{padding-top: 10px !important;}&#8221;][vc_column]<h4 style=\"text-align:left;\" class=\"tm-custom-heading \" >Xidm\u0259t H\u0259kiml\u0259rimiz<\/h4>\n[vc_separator color=&#8221;custom&#8221; accent_color=&#8221;#ebebeb&#8221;]<div class=\"themetechmount-boxes themetechmount-boxes-team themetechmount-boxes-view-default themetechmount-boxes-col-three themetechmount-boxes-sortable-no themetechmount-boxes-textalign-center themetechmount-boxes-sortablebutton-\">\n\t\t<div class=\"themetechmount-boxes-inner themetechmount-boxes-team-inner \">\n\t\t\t\n\t\t\t<div class=\"row multi-columns-row themetechmount-boxes-row-wrapper\">\n\t\t\t\t<div class=\"tm-box-col-wrapper col-lg-4 col-sm-6 col-md-4 col-xs-12 fizik-tedavi-ve-rehabilitasyon-az\"><article class=\"themetechmount-box themetechmount-box-team themetechmount-teambox-view-overlay\">\n\t<div class=\"themetechmount-post-item\">\n\t\t<div class=\"themetechmount-team-image-box\">\n\t\t\t\n\t\t<span class=\"themetechmount-item-thumbnail\">\n\t\t\t<span class=\"themetechmount-item-thumbnail-inner\">\n\t\t\t\t<img fetchpriority=\"high\" decoding=\"async\" width=\"380\" height=\"500\" src=\"https:\/\/www.giresunadahastanesi.com\/wp-content\/uploads\/2023\/05\/celalettin-380x500.jpg\" class=\"attachment-themetechmount-img-teamoverlay size-themetechmount-img-teamoverlay wp-post-image\" alt=\"\" data-id=\"4120\" \/>\n\t\t\t<\/span>\n\t\t<\/span>\t        <div class=\"themetechmount-overlay\">\n\t\t\t\t<div class=\"themetechmount-icon-box themetechmount-box-link\"><a href=\"https:\/\/www.giresunadahastanesi.com\/az\/team-member\/uzm-dr-celalettin-orzan\/\"><i class=\"tm-brivona-icon-plus-1\"><\/i><\/a><\/div>\t\n\t\t\t<\/div>\t\n\t\t<\/div>\t\n\t\t\t<div class=\"themetechmount-box-content\">\n\t\t\t\t<div class=\"themetechmount-team-position\">Fiziki Terapiya v\u0259 Reabilitasiya<\/div>\n\t\t\t\t<div class=\"themetechmount-box-title\"><h4><a href=\"https:\/\/www.giresunadahastanesi.com\/az\/team-member\/uzm-dr-celalettin-orzan\/\">Uzm.Dr. Celalettin ORZAN<\/a><\/h4><\/div>\t\t\t\t\t\t\t\t\n\t\t\t<\/div>\t\t\t\n\t<\/div>\n<\/article>\n <\/div>\n\t\t\t<\/div>\n\t\t<\/div><!-- .themetechmount-boxes-inner -->   <\/div><!-- .themetechmount-boxes -->  [\/vc_column][\/vc_row]<\/p>\n<\/div>","protected":false},"excerpt":{"rendered":"<p>[vc_row tm_bgimagefixed=&#8221;&#8221; break_in_responsive=&#8221;991&#8243;][vc_column][vc_single_image image=&#8221;3816&#8243; img_size=&#8221;full&#8221; alignment=&#8221;center&#8221;][vc_column_text css=&#8221;.vc_custom_1683634258178{margin-bottom: 20px !important;}&#8221;]Fiziki M\u00fcalic\u0259 \u015e\u00f6b\u0259l\u0259ri fiziki m\u00fcalic\u0259 v\u0259\/v\u0259 ya reabilitasiya g\u00f6st\u0259ricil\u0259ri olan ambulator v\u0259 ya stasionar x\u0259st\u0259l\u0259r\u0259 m\u00f6vcud, etik v\u0259 beyn\u0259lxalq standartlara uy\u011fun xidm\u0259t g\u00f6st\u0259rm\u0259yi h\u0259d\u0259fl\u0259yir.[\/vc_column_text][vc_column_text css=&#8221;.vc_custom_1683634271428{margin-bottom: 10px !important;}&#8221;] M\u00fcayin\u0259 otaqlar\u0131, fizioterapiya otaqlar\u0131 v\u0259 m\u0259\u015fq otaqlar\u0131ndan ibar\u0259t, \u0259n m\u00fcasir sistem cihazlar\u0131 il\u0259 t\u0259chiz olunmu\u015f fiziki m\u00fcalic\u0259 v\u0259 reabilitasiya \u015f\u00f6b\u0259mizd\u0259 &hellip; <a href=\"https:\/\/www.giresunadahastanesi.com\/az\/team-member\/uzm-dr-celalettin-orzan\/\" class=\"more-link\">Continue reading <span class=\"screen-reader-text\">Uzm.Dr. Celalettin ORZAN<\/span><\/a><\/p>\n","protected":false},"author":1,"featured_media":0,"parent":0,"menu_order":23,"comment_status":"closed","ping_status":"closed","template":"","meta":{"footnotes":""},"class_list":["post-4688","page","type-page","status-publish","hentry"],"_links":{"self":[{"href":"https:\/\/www.giresunadahastanesi.com\/az\/wp-json\/wp\/v2\/pages\/4688","targetHints":{"allow":["GET"]}}],"collection":[{"href":"https:\/\/www.giresunadahastanesi.com\/az\/wp-json\/wp\/v2\/pages"}],"about":[{"href":"https:\/\/www.giresunadahastanesi.com\/az\/wp-json\/wp\/v2\/types\/page"}],"author":[{"embeddable":true,"href":"https:\/\/www.giresunadahastanesi.com\/az\/wp-json\/wp\/v2\/users\/1"}],"replies":[{"embeddable":true,"href":"https:\/\/www.giresunadahastanesi.com\/az\/wp-json\/wp\/v2\/comments?post=4688"}],"version-history":[{"count":11,"href":"https:\/\/www.giresunadahastanesi.com\/az\/wp-json\/wp\/v2\/pages\/4688\/revisions"}],"predecessor-version":[{"id":7849,"href":"https:\/\/www.giresunadahastanesi.com\/az\/wp-json\/wp\/v2\/pages\/4688\/revisions\/7849"}],"wp:attachment":[{"href":"https:\/\/www.giresunadahastanesi.com\/az\/wp-json\/wp\/v2\/media?parent=4688"}],"curies":[{"name":"wp","href":"https:\/\/api.w.org\/{rel}","templated":true}]}}