{"id":4711,"date":"2023-05-09T15:10:15","date_gmt":"2023-05-09T12:10:15","guid":{"rendered":"https:\/\/www.giresunadahastanesi.com\/yoluxucu-x%c9%99st%c9%99likl%c9%99r\/"},"modified":"2023-05-21T21:58:52","modified_gmt":"2023-05-21T18:58:52","slug":"yoluxucu-x%c9%99st%c9%99likl%c9%99r","status":"publish","type":"page","link":"https:\/\/www.giresunadahastanesi.com\/az\/yoluxucu-x%c9%99st%c9%99likl%c9%99r\/","title":{"rendered":"Yoluxucu X\u0259st\u0259likl\u0259r"},"content":{"rendered":"<div class=\"wpb-content-wrapper\"><p>[vc_row tm_bgimagefixed=&#8221;&#8221; break_in_responsive=&#8221;991&#8243;][vc_column][vc_single_image image=&#8221;3816&#8243; img_size=&#8221;full&#8221; alignment=&#8221;center&#8221;][vc_column_text css=&#8221;.vc_custom_1683634196260{margin-bottom: 20px !important;}&#8221;]Yoluxucu x\u0259st\u0259likl\u0259r b\u00f6lm\u0259si b\u00f6y\u00fckl\u0259rd\u0259, b\u0259d\u0259nimizin h\u0259r hans\u0131 bir yerind\u0259 v\u0259 ya h\u0259r hans\u0131 bir orqan\u0131m\u0131zda bakteriya v\u0259 viruslar\u0131n yaratd\u0131\u011f\u0131 x\u0259st\u0259likl\u0259rl\u0259 m\u0259\u015f\u011ful olur.[\/vc_column_text]<h4 style=\"text-align:left;\" class=\"tm-custom-heading \" >Xidm\u0259tl\u0259r<\/h4>\n[vc_column_text css=&#8221;.vc_custom_1683634204091{margin-bottom: 10px !important;}&#8221;]<\/p>\n<div class=\"elementor-element elementor-element-55fa elementor-widget elementor-widget-text-editor\" data-id=\"55fa\" data-element_type=\"text-editor.default\">\n<div class=\"elementor-widget-container\">\n<div class=\"elementor-text-editor elementor-clearfix\">\n<p>\u0130nfeksion x\u0259st\u0259likl\u0259r sah\u0259sin\u0259 qripd\u0259n tutmu\u015f menenjit\u0259, sidik yollar\u0131n\u0131n infeksiyalar\u0131ndan hepatit\u0259, ishal, qida z\u0259h\u0259rl\u0259nm\u0259si v\u0259 parazitar x\u0259st\u0259likl\u0259r\u0259 q\u0259d\u0259r geni\u015f spektrli x\u0259st\u0259likl\u0259r daxildir. Bundan \u0259lav\u0259, y\u00fcks\u0259k h\u0259rar\u0259tl\u0259 m\u00fc\u015fayi\u0259t olunan qeyri-infeksion x\u0259st\u0259likl\u0259rin ayr\u0131-se\u00e7kiliyi v\u0259 qiym\u0259tl\u0259ndirilm\u0259si v\u0259 sonra x\u0259st\u0259l\u0259rin m\u00fcvafiq \u015f\u00f6b\u0259l\u0259r\u0259 g\u00f6nd\u0259rilm\u0259si yoluxucu x\u0259st\u0259likl\u0259r b\u00f6lm\u0259sinin v\u0259zif\u0259l\u0259rind\u0259ndir.<\/p>\n<p>Yoluxucu X\u0259st\u0259likl\u0259r b\u00f6lm\u0259si h\u0259m\u00e7inin x\u0259st\u0259xana infeksiyalar\u0131na n\u0259zar\u0259t etm\u0259k v\u0259 monitorinq etm\u0259k v\u0259 bu infeksiyalar\u0131 minimuma endirm\u0259k \u00fc\u00e7\u00fcn laz\u0131mi t\u0259dqiqatlar\u0131 h\u0259yata ke\u00e7irir; x\u0259st\u0259l\u0259r\u0259, onlar\u0131n yax\u0131nlar\u0131na v\u0259 \u0259laq\u0259dar i\u015f\u00e7il\u0259r\u0259 bu m\u00f6vzuda t\u0259liml\u0259r verir. \u0130nfeksiya il\u0259 m\u00fcbariz\u0259 i\u015fl\u0259rind\u0259 antibiotikl\u0259rin \u015f\u00fcurlu, m\u0259qs\u0259d\u0259uy\u011fun v\u0259 effektiv istifad\u0259si d\u0259 x\u00fcsusi yer tutur.<\/p><\/div>\n<\/div>\n<\/div>\n<p>[\/vc_column_text][vc_row_inner][vc_column_inner width=&#8221;1\/2&#8243;]<ul class=\"tm-list tm-list-style-icon tm-list-icon-color-skincolor tm-black tm-icon-skincolor tm-list-textsize- tm-list-icon-library-fontawesome\"><\/ul>[\/vc_column_inner][vc_column_inner width=&#8221;1\/2&#8243; tm_responsive_css=&#8221;40737847|colbreak_no|||||||||colbreak_no|-33px||||||||colbreak_no||||||||||colbreak_no|||||||||&#8221;]<ul class=\"tm-list tm-list-style-icon tm-list-icon-color-skincolor tm-black tm-icon-skincolor tm-list-textsize- tm-list-icon-library-fontawesome\"><\/ul>[\/vc_column_inner][\/vc_row_inner][\/vc_column][\/vc_row][vc_row tm_bgimagefixed=&#8221;&#8221; break_in_responsive=&#8221;991&#8243; css=&#8221;.vc_custom_1543407948016{padding-top: 10px !important;}&#8221;][vc_column]<h4 style=\"text-align:left;\" class=\"tm-custom-heading \" >Xidm\u0259t H\u0259kiml\u0259rimiz<\/h4>\n[vc_separator color=&#8221;custom&#8221; accent_color=&#8221;#ebebeb&#8221;]<div class=\"themetechmount-boxes themetechmount-boxes-team themetechmount-boxes-view-default themetechmount-boxes-col-three themetechmount-boxes-sortable-no themetechmount-boxes-textalign-center themetechmount-boxes-sortablebutton-\">\n\t\t<div class=\"themetechmount-boxes-inner themetechmount-boxes-team-inner \">\n\t\t\t\n\t\t\t<div class=\"row multi-columns-row themetechmount-boxes-row-wrapper\">\n\t\t\t\t<div class=\"tm-box-col-wrapper col-lg-4 col-sm-6 col-md-4 col-xs-12 yoluxucu-x%c9%99st%c9%99likl%c9%99r\"><article class=\"themetechmount-box themetechmount-box-team themetechmount-teambox-view-overlay\">\n\t<div class=\"themetechmount-post-item\">\n\t\t<div class=\"themetechmount-team-image-box\">\n\t\t\t\n\t\t<span class=\"themetechmount-item-thumbnail\">\n\t\t\t<span class=\"themetechmount-item-thumbnail-inner\">\n\t\t\t\t<img fetchpriority=\"high\" decoding=\"async\" width=\"380\" height=\"500\" src=\"https:\/\/www.giresunadahastanesi.com\/wp-content\/uploads\/2023\/05\/ahmetali-380x500.jpg\" class=\"attachment-themetechmount-img-teamoverlay size-themetechmount-img-teamoverlay wp-post-image\" alt=\"\" data-id=\"4124\" \/>\n\t\t\t<\/span>\n\t\t<\/span>\t        <div class=\"themetechmount-overlay\">\n\t\t\t\t<div class=\"themetechmount-icon-box themetechmount-box-link\"><a href=\"https:\/\/www.giresunadahastanesi.com\/az\/team-member\/uzm-dr-ahmet-ali-gokal\/\"><i class=\"tm-brivona-icon-plus-1\"><\/i><\/a><\/div>\t\n\t\t\t<\/div>\t\n\t\t<\/div>\t\n\t\t\t<div class=\"themetechmount-box-content\">\n\t\t\t\t<div class=\"themetechmount-team-position\">Yoluxucu X\u0259st\u0259likl\u0259r<\/div>\n\t\t\t\t<div class=\"themetechmount-box-title\"><h4><a href=\"https:\/\/www.giresunadahastanesi.com\/az\/team-member\/uzm-dr-ahmet-ali-gokal\/\">Uzm.Dr. Ahmet Ali G\u00d6KAL<\/a><\/h4><\/div>\t\t\t\t\t\t\t\t\n\t\t\t<\/div>\t\t\t\n\t<\/div>\n<\/article>\n <\/div>\n\t\t\t<\/div>\n\t\t<\/div><!-- .themetechmount-boxes-inner -->   <\/div><!-- .themetechmount-boxes -->  [\/vc_column][\/vc_row]<\/p>\n<\/div>","protected":false},"excerpt":{"rendered":"<p>[vc_row tm_bgimagefixed=&#8221;&#8221; break_in_responsive=&#8221;991&#8243;][vc_column][vc_single_image image=&#8221;3816&#8243; img_size=&#8221;full&#8221; alignment=&#8221;center&#8221;][vc_column_text css=&#8221;.vc_custom_1683634196260{margin-bottom: 20px !important;}&#8221;]Yoluxucu x\u0259st\u0259likl\u0259r b\u00f6lm\u0259si b\u00f6y\u00fckl\u0259rd\u0259, b\u0259d\u0259nimizin h\u0259r hans\u0131 bir yerind\u0259 v\u0259 ya h\u0259r hans\u0131 bir orqan\u0131m\u0131zda bakteriya v\u0259 viruslar\u0131n yaratd\u0131\u011f\u0131 x\u0259st\u0259likl\u0259rl\u0259 m\u0259\u015f\u011ful olur.[\/vc_column_text][vc_column_text css=&#8221;.vc_custom_1683634204091{margin-bottom: 10px !important;}&#8221;] \u0130nfeksion x\u0259st\u0259likl\u0259r sah\u0259sin\u0259 qripd\u0259n tutmu\u015f menenjit\u0259, sidik yollar\u0131n\u0131n infeksiyalar\u0131ndan hepatit\u0259, ishal, qida z\u0259h\u0259rl\u0259nm\u0259si v\u0259 parazitar x\u0259st\u0259likl\u0259r\u0259 q\u0259d\u0259r geni\u015f spektrli x\u0259st\u0259likl\u0259r daxildir. Bundan &hellip; <a href=\"https:\/\/www.giresunadahastanesi.com\/az\/team-member\/uzm-dr-ahmet-ali-gokal\/\" class=\"more-link\">Continue reading <span class=\"screen-reader-text\">Uzm.Dr. Ahmet Ali G\u00d6KAL<\/span><\/a><\/p>\n","protected":false},"author":1,"featured_media":0,"parent":0,"menu_order":23,"comment_status":"closed","ping_status":"closed","template":"","meta":{"footnotes":""},"class_list":["post-4711","page","type-page","status-publish","hentry"],"_links":{"self":[{"href":"https:\/\/www.giresunadahastanesi.com\/az\/wp-json\/wp\/v2\/pages\/4711","targetHints":{"allow":["GET"]}}],"collection":[{"href":"https:\/\/www.giresunadahastanesi.com\/az\/wp-json\/wp\/v2\/pages"}],"about":[{"href":"https:\/\/www.giresunadahastanesi.com\/az\/wp-json\/wp\/v2\/types\/page"}],"author":[{"embeddable":true,"href":"https:\/\/www.giresunadahastanesi.com\/az\/wp-json\/wp\/v2\/users\/1"}],"replies":[{"embeddable":true,"href":"https:\/\/www.giresunadahastanesi.com\/az\/wp-json\/wp\/v2\/comments?post=4711"}],"version-history":[{"count":6,"href":"https:\/\/www.giresunadahastanesi.com\/az\/wp-json\/wp\/v2\/pages\/4711\/revisions"}],"predecessor-version":[{"id":7848,"href":"https:\/\/www.giresunadahastanesi.com\/az\/wp-json\/wp\/v2\/pages\/4711\/revisions\/7848"}],"wp:attachment":[{"href":"https:\/\/www.giresunadahastanesi.com\/az\/wp-json\/wp\/v2\/media?parent=4711"}],"curies":[{"name":"wp","href":"https:\/\/api.w.org\/{rel}","templated":true}]}}