{"id":4772,"date":"2023-05-09T15:06:46","date_gmt":"2023-05-09T12:06:46","guid":{"rendered":"https:\/\/www.giresunadahastanesi.com\/sin%c9%99-x%c9%99st%c9%99likl%c9%99ri\/"},"modified":"2023-05-21T21:57:30","modified_gmt":"2023-05-21T18:57:30","slug":"sin%c9%99-x%c9%99st%c9%99likl%c9%99ri","status":"publish","type":"page","link":"https:\/\/www.giresunadahastanesi.com\/az\/sin%c9%99-x%c9%99st%c9%99likl%c9%99ri\/","title":{"rendered":"Sin\u0259 X\u0259st\u0259likl\u0259ri"},"content":{"rendered":"<div class=\"wpb-content-wrapper\"><p>[vc_row tm_bgimagefixed=&#8221;&#8221; break_in_responsive=&#8221;991&#8243;][vc_column][vc_single_image image=&#8221;3816&#8243; img_size=&#8221;full&#8221; alignment=&#8221;center&#8221;][vc_column_text css=&#8221;.vc_custom_1683633945019{margin-bottom: 20px !important;}&#8221;]<strong>D\u00f6\u015f q\u0259f\u0259si x\u0259st\u0259likl\u0259ri<\/strong> \u015f\u00f6b\u0259si a\u011fciy\u0259r v\u0259 t\u0259n\u0259ff\u00fcs sistemi x\u0259st\u0259likl\u0259rinin diaqnostikas\u0131 v\u0259 m\u00fcalic\u0259si il\u0259 m\u0259\u015f\u011ful olan \u015f\u00f6b\u0259dir. Astma, allergik x\u0259st\u0259likl\u0259r, bronxit, xroniki obstruktiv a\u011fciy\u0259r x\u0259st\u0259liyi, s\u0259t\u0259lc\u0259m, v\u0259r\u0259m, a\u011fciy\u0259r emboliyas\u0131, xroniki \u00f6sk\u00fcr\u0259k, a\u011fciy\u0259r x\u0259r\u00e7\u0259ngi, yuxu zaman\u0131 yaranan t\u0259n\u0259ff\u00fcs poz\u011funluqlar\u0131, siqaret alud\u0259\u00e7iliyin\u0259 ba\u011fl\u0131 x\u0259st\u0259likl\u0259r kimi bir \u00e7ox x\u0259st\u0259likl\u0259 m\u0259\u015f\u011ful olan \u015f\u00f6b\u0259 h\u0259kiml\u0259ri multidissiplinar yana\u015fma.m\u00fcalic\u0259ni t\u0259\u015fkil edir.[\/vc_column_text]<h4 style=\"text-align:left;\" class=\"tm-custom-heading \" >Xidm\u0259tl\u0259r<\/h4>\n[vc_column_text css=&#8221;.vc_custom_1683633956220{margin-bottom: 10px !important;}&#8221;]<\/p>\n<div class=\"elementor-element elementor-element-55fa elementor-widget elementor-widget-text-editor\" data-id=\"55fa\" data-element_type=\"text-editor.default\">\n<div class=\"elementor-widget-container\">\n<div class=\"elementor-text-editor elementor-clearfix\">\n<h2>D\u00f6\u015f q\u0259f\u0259si x\u0259st\u0259likl\u0259ri \u015f\u00f6b\u0259sind\u0259 hans\u0131 x\u0259st\u0259likl\u0259r\u0259 diaqnoz qoyulur v\u0259 m\u00fcalic\u0259 olunur?<\/h2>\n<p>D\u00f6\u015f q\u0259f\u0259si x\u0259st\u0259likl\u0259ri \u015f\u00f6b\u0259si t\u0259n\u0259ff\u00fcs v\u0259 a\u011fciy\u0259r x\u0259st\u0259likl\u0259rinin diaqnostikas\u0131 v\u0259 m\u00fcalic\u0259si il\u0259 m\u0259\u015f\u011ful olur. X\u0259st\u0259l\u0259r \u015f\u00f6b\u0259nin ixtisasla\u015fm\u0131\u015f h\u0259kiml\u0259ri t\u0259r\u0259find\u0259n ambulator m\u00fc\u015fahid\u0259 v\u0259 ya laz\u0131m g\u0259ldikd\u0259 stasionar m\u00fcalic\u0259 il\u0259 m\u00fcalic\u0259 olunur. \u015e\u00f6b\u0259l\u0259r aras\u0131nda olan t\u0259n\u0259ff\u00fcs funksiyas\u0131 laboratoriyas\u0131nda d\u00f6\u015f q\u0259f\u0259si x\u0259st\u0259likl\u0259ri aras\u0131nda t\u0259n\u0259ff\u00fcs sistemi probleml\u0259rinin diaqnostikas\u0131 \u00fc\u00e7\u00fcn laborator v\u0259 rentgenoloji m\u00fcayin\u0259l\u0259rd\u0259n istifad\u0259 ed\u0259n h\u0259kiml\u0259r, a\u011f\u0131z i\u00e7i t\u0259zyiq \u00f6l\u00e7\u00fcl\u0259ri, a\u011fciy\u0259r h\u0259cmi testl\u0259ri, diffuziya testi, reversibilite testi, yava\u015f h\u0259yat qabiliyy\u0259ti testi v\u0259 m\u0259cburi h\u0259yat qabiliyy\u0259ti testi. laboratoriyalar.test kimi bir \u00e7ox diaqnostik m\u00fcdaxil\u0259l\u0259r h\u0259yata ke\u00e7irir. Allergik s\u0259b\u0259bl\u0259rd\u0259n qaynaqlanan x\u0259st\u0259likl\u0259rd\u0259 d\u0259ri testi kimi \u00fcsullar \u00fc\u00e7\u00fcn dig\u0259r \u015f\u00f6b\u0259 h\u0259kiml\u0259ri il\u0259 koordinasiyada i\u015fl\u0259yir. T\u0259n\u0259ff\u00fcs n\u0259tic\u0259sind\u0259 yaranan yuxu poz\u011funluqlar\u0131n\u0131n diaqnozu v\u0259 m\u00fcalic\u0259si \u00fc\u00e7\u00fcn yuxu laboratoriyas\u0131 v\u0259 qabaqc\u0131l g\u00f6r\u00fcnt\u00fcl\u0259m\u0259 xidm\u0259tl\u0259ri t\u0259qdim olunur.<strong> <\/strong>Bronxoskopiya b\u00f6lm\u0259sind\u0259 d\u00f6\u015f q\u0259f\u0259si x\u0259st\u0259likl\u0259ri m\u00fct\u0259x\u0259ssisl\u0259ri x\u0259st\u0259likl\u0259rin diaqnostikas\u0131 v\u0259 m\u00fcalic\u0259si il\u0259 m\u0259\u015f\u011ful olurlar.<\/p>\n<h2>Sin\u0259 X\u0259st\u0259likl\u0259ri N\u0259l\u0259rdir?<\/h2>\n<p>Filial daxilind\u0259 b\u00fct\u00fcn a\u011fciy\u0259r x\u0259st\u0259likl\u0259rinin m\u00fcayin\u0259si, t\u0259qibi v\u0259 m\u00fcalic\u0259si d\u00f6\u015f q\u0259f\u0259si x\u0259st\u0259likl\u0259ri \u015f\u00f6b\u0259sinin h\u0259kiml\u0259ri t\u0259r\u0259find\u0259n h\u0259yata ke\u00e7irilir. \u0130nsan\u0131n g\u00fcnd\u0259lik i\u015fl\u0259rini yerin\u0259 yetirm\u0259sin\u0259 mane olan, h\u0259yat keyfiyy\u0259tini a\u015fa\u011f\u0131 salan, diskomfort yaradan, t\u0259n\u0259ff\u00fcs sistemind\u0259 v\u0259 a\u011fciy\u0259rl\u0259rd\u0259 ba\u015f ver\u0259n bir \u00e7ox x\u0259st\u0259likl\u0259r var. \u00d6sk\u00fcr\u0259k, sin\u0259, bel v\u0259 \u00e7iyin a\u011fr\u0131s\u0131, h\u0131r\u0131lt\u0131, b\u0259l\u011f\u0259m, xoruldama, \u00f6sk\u00fcr\u0259kl\u0259 m\u00fc\u015fayi\u0259t olunan qan, hals\u0131zl\u0131q, yaln\u0131z gec\u0259 saatlar\u0131nda g\u00f6r\u00fcl\u0259n t\u0259rl\u0259m\u0259, q\u0131zd\u0131rma, i\u015ftahs\u0131zl\u0131q v\u0259 kilo itkisi kimi bir \u00e7ox \u015fikay\u0259t\u0259 s\u0259b\u0259b olan x\u0259st\u0259likl\u0259r t\u0259qib edilir v\u0259 t\u0259qib edilir. d\u00f6\u015f q\u0259f\u0259si x\u0259st\u0259likl\u0259ri \u015f\u00f6b\u0259si.m\u00fcalic\u0259 olunur. Bu x\u0259st\u0259likl\u0259rd\u0259n b\u0259zil\u0259ri:<\/p><\/div>\n<\/div>\n<\/div>\n<p>[\/vc_column_text][vc_row_inner][vc_column_inner width=&#8221;1\/2&#8243;]<ul class=\"tm-list tm-list-style-icon tm-list-icon-color-skincolor tm-black tm-icon-skincolor tm-list-textsize- tm-list-icon-library-fontawesome\"><li><i class=\"tm-skincolor fa fa-arrow-circle-right\"><\/i>  <span class=\"tm-list-li-content\">A\u011fciy\u0259r emboliyas\u0131<\/span><\/li><li><i class=\"tm-skincolor fa fa-arrow-circle-right\"><\/i>  <span class=\"tm-list-li-content\">A\u011fciy\u0259r x\u0259r\u00e7\u0259ngi<\/span><\/li><li><i class=\"tm-skincolor fa fa-arrow-circle-right\"><\/i>  <span class=\"tm-list-li-content\">Allergik a\u011fciy\u0259r x\u0259st\u0259likl\u0259ri<\/span><\/li><li><i class=\"tm-skincolor fa fa-arrow-circle-right\"><\/i>  <span class=\"tm-list-li-content\">Xroniki \u00f6sk\u00fcr\u0259k<\/span><\/li><li><i class=\"tm-skincolor fa fa-arrow-circle-right\"><\/i>  <span class=\"tm-list-li-content\">Obstruktiv a\u011fciy\u0259r x\u0259st\u0259likl\u0259ri olaraq bilin\u0259n astma<\/span><\/li><\/ul>[\/vc_column_inner][vc_column_inner width=&#8221;1\/2&#8243; tm_responsive_css=&#8221;40737847|colbreak_no|||||||||colbreak_no|-33px||||||||colbreak_no||||||||||colbreak_no|||||||||&#8221;]<ul class=\"tm-list tm-list-style-icon tm-list-icon-color-skincolor tm-black tm-icon-skincolor tm-list-textsize- tm-list-icon-library-fontawesome\"><li><i class=\"tm-skincolor fa fa-arrow-circle-right\"><\/i>  <span class=\"tm-list-li-content\">Ron\u015fektazi v\u0259 KOAH<\/span><\/li><li><i class=\"tm-skincolor fa fa-arrow-circle-right\"><\/i>  <span class=\"tm-list-li-content\">Xalq aras\u0131nda plevrada maye y\u0131\u011f\u0131lmas\u0131 kimi tan\u0131nan plevrit<\/span><\/li><li><i class=\"tm-skincolor fa fa-arrow-circle-right\"><\/i>  <span class=\"tm-list-li-content\">Pnevmotoraks v\u0259 ya a\u011fciy\u0259rin deflasiyas\u0131<\/span><\/li><li><i class=\"tm-skincolor fa fa-arrow-circle-right\"><\/i>  <span class=\"tm-list-li-content\">Pnevmoniya s\u0259t\u0259lc\u0259m kimi t\u0259yin olunur<\/span><\/li><li><i class=\"tm-skincolor fa fa-arrow-circle-right\"><\/i>  <span class=\"tm-list-li-content\">S\u0259b\u0259bi h\u0259l\u0259 bilinm\u0259y\u0259n, a\u011fciy\u0259r tutulmas\u0131na s\u0259b\u0259b olan v\u0259 m\u00fcalic\u0259si m\u00fcmk\u00fcn olan bir x\u0259st\u0259lik n\u00f6v\u00fcd\u00fcr; sarkoidoz<\/span><\/li><li><i class=\"tm-skincolor fa fa-arrow-circle-right\"><\/i>  <span class=\"tm-list-li-content\">Siqaret as\u0131l\u0131l\u0131\u011f\u0131, siqareti buraxma \u00fcsullar\u0131 v\u0259 siqaretl\u0259 \u0259laq\u0259li x\u0259st\u0259likl\u0259r<\/span><\/li><\/ul>[\/vc_column_inner][\/vc_row_inner][\/vc_column][\/vc_row][vc_row tm_bgimagefixed=&#8221;&#8221; break_in_responsive=&#8221;991&#8243; css=&#8221;.vc_custom_1543407948016{padding-top: 10px !important;}&#8221;][vc_column]<h4 style=\"text-align:left;\" class=\"tm-custom-heading \" >Xidm\u0259t H\u0259kiml\u0259rimiz<\/h4>\n[vc_separator color=&#8221;custom&#8221; accent_color=&#8221;#ebebeb&#8221;]<div class=\"themetechmount-boxes themetechmount-boxes-team themetechmount-boxes-view-default themetechmount-boxes-col-three themetechmount-boxes-sortable-no themetechmount-boxes-textalign-center themetechmount-boxes-sortablebutton-\">\n\t\t<div class=\"themetechmount-boxes-inner themetechmount-boxes-team-inner \">\n\t\t\t\n\t\t\t<div class=\"row multi-columns-row themetechmount-boxes-row-wrapper\">\n\t\t\t\t<div class=\"tm-box-col-wrapper col-lg-4 col-sm-6 col-md-4 col-xs-12 sin%c9%99-x%c9%99st%c9%99likl%c9%99ri\"><article class=\"themetechmount-box themetechmount-box-team themetechmount-teambox-view-overlay\">\n\t<div class=\"themetechmount-post-item\">\n\t\t<div class=\"themetechmount-team-image-box\">\n\t\t\t\n\t\t<span class=\"themetechmount-item-thumbnail\">\n\t\t\t<span class=\"themetechmount-item-thumbnail-inner\">\n\t\t\t\t<img fetchpriority=\"high\" decoding=\"async\" width=\"380\" height=\"500\" src=\"https:\/\/www.giresunadahastanesi.com\/wp-content\/uploads\/2023\/05\/didem-kircikckbyk-380x500.jpg\" class=\"attachment-themetechmount-img-teamoverlay size-themetechmount-img-teamoverlay wp-post-image\" alt=\"\" data-id=\"4092\" \/>\n\t\t\t<\/span>\n\t\t<\/span>\t        <div class=\"themetechmount-overlay\">\n\t\t\t\t<div class=\"themetechmount-icon-box themetechmount-box-link\"><a href=\"https:\/\/www.giresunadahastanesi.com\/az\/team-member\/uzm-dr-didem-kirci\/\"><i class=\"tm-brivona-icon-plus-1\"><\/i><\/a><\/div>\t\n\t\t\t<\/div>\t\n\t\t<\/div>\t\n\t\t\t<div class=\"themetechmount-box-content\">\n\t\t\t\t<div class=\"themetechmount-team-position\">Sin\u0259 X\u0259st\u0259likl\u0259ri<\/div>\n\t\t\t\t<div class=\"themetechmount-box-title\"><h4><a href=\"https:\/\/www.giresunadahastanesi.com\/az\/team-member\/uzm-dr-didem-kirci\/\">Uzm.Dr. Didem KIRCI<\/a><\/h4><\/div>\t\t\t\t\t\t\t\t\n\t\t\t<\/div>\t\t\t\n\t<\/div>\n<\/article>\n <\/div>\n\t\t\t<\/div>\n\t\t<\/div><!-- .themetechmount-boxes-inner -->   <\/div><!-- .themetechmount-boxes -->  [\/vc_column][\/vc_row]<\/p>\n<\/div>","protected":false},"excerpt":{"rendered":"<p>[vc_row tm_bgimagefixed=&#8221;&#8221; break_in_responsive=&#8221;991&#8243;][vc_column][vc_single_image image=&#8221;3816&#8243; img_size=&#8221;full&#8221; alignment=&#8221;center&#8221;][vc_column_text css=&#8221;.vc_custom_1683633945019{margin-bottom: 20px !important;}&#8221;]D\u00f6\u015f q\u0259f\u0259si x\u0259st\u0259likl\u0259ri \u015f\u00f6b\u0259si a\u011fciy\u0259r v\u0259 t\u0259n\u0259ff\u00fcs sistemi x\u0259st\u0259likl\u0259rinin diaqnostikas\u0131 v\u0259 m\u00fcalic\u0259si il\u0259 m\u0259\u015f\u011ful olan \u015f\u00f6b\u0259dir. Astma, allergik x\u0259st\u0259likl\u0259r, bronxit, xroniki obstruktiv a\u011fciy\u0259r x\u0259st\u0259liyi, s\u0259t\u0259lc\u0259m, v\u0259r\u0259m, a\u011fciy\u0259r emboliyas\u0131, xroniki \u00f6sk\u00fcr\u0259k, a\u011fciy\u0259r x\u0259r\u00e7\u0259ngi, yuxu zaman\u0131 yaranan t\u0259n\u0259ff\u00fcs poz\u011funluqlar\u0131, siqaret alud\u0259\u00e7iliyin\u0259 ba\u011fl\u0131 x\u0259st\u0259likl\u0259r kimi bir \u00e7ox x\u0259st\u0259likl\u0259 m\u0259\u015f\u011ful olan &hellip; <a href=\"https:\/\/www.giresunadahastanesi.com\/az\/team-member\/uzm-dr-didem-kirci\/\" class=\"more-link\">Continue reading <span class=\"screen-reader-text\">Uzm.Dr. Didem KIRCI<\/span><\/a><\/p>\n","protected":false},"author":1,"featured_media":0,"parent":0,"menu_order":23,"comment_status":"closed","ping_status":"closed","template":"","meta":{"footnotes":""},"class_list":["post-4772","page","type-page","status-publish","hentry"],"_links":{"self":[{"href":"https:\/\/www.giresunadahastanesi.com\/az\/wp-json\/wp\/v2\/pages\/4772","targetHints":{"allow":["GET"]}}],"collection":[{"href":"https:\/\/www.giresunadahastanesi.com\/az\/wp-json\/wp\/v2\/pages"}],"about":[{"href":"https:\/\/www.giresunadahastanesi.com\/az\/wp-json\/wp\/v2\/types\/page"}],"author":[{"embeddable":true,"href":"https:\/\/www.giresunadahastanesi.com\/az\/wp-json\/wp\/v2\/users\/1"}],"replies":[{"embeddable":true,"href":"https:\/\/www.giresunadahastanesi.com\/az\/wp-json\/wp\/v2\/comments?post=4772"}],"version-history":[{"count":13,"href":"https:\/\/www.giresunadahastanesi.com\/az\/wp-json\/wp\/v2\/pages\/4772\/revisions"}],"predecessor-version":[{"id":7846,"href":"https:\/\/www.giresunadahastanesi.com\/az\/wp-json\/wp\/v2\/pages\/4772\/revisions\/7846"}],"wp:attachment":[{"href":"https:\/\/www.giresunadahastanesi.com\/az\/wp-json\/wp\/v2\/media?parent=4772"}],"curies":[{"name":"wp","href":"https:\/\/api.w.org\/{rel}","templated":true}]}}