{"id":4849,"date":"2023-05-09T15:15:25","date_gmt":"2023-05-09T12:15:25","guid":{"rendered":"https:\/\/www.giresunadahastanesi.com\/umumi-c%c9%99rrahiyy%c9%99\/"},"modified":"2023-05-21T22:00:43","modified_gmt":"2023-05-21T19:00:43","slug":"umumi-c%c9%99rrahiyy%c9%99","status":"publish","type":"page","link":"https:\/\/www.giresunadahastanesi.com\/az\/umumi-c%c9%99rrahiyy%c9%99\/","title":{"rendered":"\u00dcmumi C\u0259rrahiyy\u0259"},"content":{"rendered":"<div class=\"wpb-content-wrapper\"><p>[vc_row tm_bgimagefixed=&#8221;&#8221; break_in_responsive=&#8221;991&#8243;][vc_column][vc_single_image image=&#8221;3816&#8243; img_size=&#8221;full&#8221; alignment=&#8221;center&#8221;][vc_column_text css=&#8221;.vc_custom_1683634478988{margin-bottom: 20px !important;}&#8221;]<\/p>\n<div class=\"elementor-element elementor-element-70b9 elementor-widget elementor-widget-text-editor\" data-id=\"70b9\" data-element_type=\"text-editor.default\">\n<div class=\"elementor-widget-container\">\n<div class=\"elementor-text-editor elementor-clearfix\">\n<p>\u00dcmumi c\u0259rrahiyy\u0259 b\u0259d\u0259nd\u0259ki sistemli v\u0259 yerli probleml\u0259rin c\u0259rrahi \u00fcsullarla m\u00fcalic\u0259sini, el\u0259c\u0259 d\u0259 \u00fcmumi prinsipl\u0259ri (yaralar\u0131n sa\u011falmas\u0131, z\u0259d\u0259l\u0259r\u0259 metabolik v\u0259 endokrin reaksiya kimi) daxil ed\u0259n texniki bir intizamd\u0131r v\u0259 d\u00fcnyada bir \u00e7ox c\u0259rrahi v\u0259 \u0259sas tibb sah\u0259l\u0259rin\u0259 t\u0259sir g\u00f6st\u0259rmi\u015fdir. onlar\u0131n inki\u015faf \u015f\u0259rtl\u0259ri.<\/p><\/div>\n<\/div>\n<\/div>\n<p>[\/vc_column_text]<h4 style=\"text-align:left;\" class=\"tm-custom-heading \" >Xidm\u0259tl\u0259r<\/h4>\n[vc_column_text css=&#8221;.vc_custom_1683634490982{margin-bottom: 10px !important;}&#8221;]<\/p>\n<div class=\"elementor-element elementor-element-2f3 elementor-widget elementor-widget-text-editor\" data-id=\"2f3\" data-element_type=\"text-editor.default\">\n<div class=\"elementor-widget-container\">\n<div class=\"elementor-text-editor elementor-clearfix\">\n<p>C\u0259rrahiyy\u0259 s\u00f6z\u00fc lat\u0131nca &#8220;chirurgiae&#8221; terminind\u0259n g\u00f6t\u00fcr\u00fclm\u00fc\u015fd\u00fcr v\u0259 &#8220;\u0259l i\u015fi&#8221; dem\u0259kdir. T\u0259bab\u0259tin \u0259n q\u0259dim sah\u0259l\u0259rind\u0259n biri olan c\u0259rrahiyy\u0259 orqanizmd\u0259 d\u0259rman v\u0259 ya dig\u0259r m\u00fcalic\u0259 \u00fcsullar\u0131 il\u0259 sa\u011falmas\u0131 m\u00fcmk\u00fcn olmayan x\u0259st\u0259likl\u0259rin, z\u0259d\u0259l\u0259rin v\u0259 struktur q\u00fcsurlar\u0131n\u0131n c\u0259rrahi yolla d\u00fcz\u0259ldilm\u0259si v\u0259 ya x\u0259st\u0259 orqan\u0131n k\u0259sil\u0259r\u0259k ona \u00e7evrilm\u0259sin\u0259 \u0259saslan\u0131r. t\u0259bii v\u0259 uy\u011fun forma.<\/p>\n<p>C\u0259rrahiyy\u0259 n\u00f6vl\u0259ri daha \u00e7ox ba\u011fl\u0131 oldu\u011fu orqan v\u0259 ya sistemin ad\u0131 il\u0259 adland\u0131r\u0131l\u0131r. Zob (tiroid v\u0259zi), d\u00f6\u015f, yem\u0259k borusu (qida borusu), m\u0259d\u0259, nazik ba\u011f\u0131rsaq, yo\u011fun ba\u011f\u0131rsaq, d\u00fcz ba\u011f\u0131rsaq, anus, y\u0131rt\u0131qlar, qaraciy\u0259r, \u00f6d kis\u0259si, \u00f6d yollar\u0131, endoskopik v\u0259 laparoskopik c\u0259rrahi m\u00fcdaxil\u0259l\u0259r \u00dcmumi C\u0259rrahiyy\u0259 sah\u0259sin\u0259 daxildir. Sisteml\u0259rl\u0259 ayr\u0131ld\u0131qda; Zob \u0259m\u0259liyyatlar\u0131, d\u00f6\u015f \u0259m\u0259liyyatlar\u0131, yem\u0259k borusu, m\u0259d\u0259, onikibarmaq ba\u011f\u0131rsaq, nazik ba\u011f\u0131rsaq, yo\u011fun ba\u011f\u0131rsaq, d\u00fcz ba\u011f\u0131rsaq v\u0259 anus b\u00f6lg\u0259si \u0259m\u0259liyyatlar\u0131, qaraciy\u0259r v\u0259 y\u0131rt\u0131q \u0259m\u0259liyyatlar\u0131 \u00dcmumi C\u0259rrahiyy\u0259 \u00e7\u0259r\u00e7iv\u0259sind\u0259dir. \u00dcmumi C\u0259rrahiyy\u0259 yaln\u0131z c\u0259rrahi yolla deyil, b\u0259zi hallarda profilaktik tibbl\u0259 d\u0259 \u0259m\u0259liyyat\u0131n qar\u015f\u0131s\u0131n\u0131 alma\u011f\u0131 h\u0259d\u0259fl\u0259yir.<\/p>\n<p>\u00dcmumi c\u0259rrahiyy\u0259 \u015f\u00f6b\u0259si geni\u015f maraq dair\u0259sin\u0259 g\u00f6r\u0259 bir \u00e7ox elm sah\u0259l\u0259ri il\u0259 \u0259m\u0259kda\u015fl\u0131q v\u0259 koordinasiyada i\u015fl\u0259yir. M\u00fcxt\u0259lif n\u00f6v x\u0259r\u00e7\u0259ng hadis\u0259l\u0259ri \u00dcmumi C\u0259rrahiyy\u0259 x\u0259st\u0259l\u0259rinin \u0259ks\u0259riyy\u0259tini t\u0259\u015fkil edir. Bu x\u0259st\u0259l\u0259rin diaqnostika, \u0259m\u0259liyyat v\u0259 sonrak\u0131 m\u00fcalic\u0259 m\u0259rh\u0259l\u0259l\u0259rinin planla\u015fd\u0131r\u0131lmas\u0131nda Qastroenterologiya, Radiologiya\/M\u00fcdaxil\u0259 Radiologiyas\u0131, Patologiya, Tibbi v\u0259 Radiasiya Onkologiyas\u0131 il\u0259 \u0259m\u0259kda\u015fl\u0131q h\u0259yata ke\u00e7irilir.<\/p>\n<p>\u00dcmumi c\u0259rrahiyy\u0259nin dig\u0259r maraq dair\u0259si travmatologiyad\u0131r. Travma x\u0259st\u0259l\u0259rind\u0259 \u00e7oxlu orqan sistemi z\u0259d\u0259l\u0259rinin olmas\u0131 s\u0259b\u0259bind\u0259n Ortopediya, Neyroc\u0259rrahiyy\u0259, Urologiya, \u00dcr\u0259k-damar C\u0259rrahiyy\u0259si \u015f\u00f6b\u0259l\u0259ri birlikd\u0259 f\u0259aliyy\u0259t g\u00f6st\u0259rir. X\u00fcsusil\u0259 \u00e7oxlu orqanlar\u0131n a\u011f\u0131r z\u0259d\u0259l\u0259nm\u0259l\u0259rind\u0259 b\u00fct\u00fcn bu tibb sah\u0259l\u0259rinin koordinasiyas\u0131n\u0131 \u00dcmumi C\u0259rrahiyy\u0259 \u015f\u00f6b\u0259si \u00f6z \u00fcz\u0259rin\u0259 g\u00f6t\u00fcr\u00fcr.<\/p>\n<p>X\u0259st\u0259xanam\u0131z\u0131n \u00dcmumi C\u0259rrahiyy\u0259 \u015f\u00f6b\u0259l\u0259rind\u0259 xalq sa\u011flaml\u0131\u011f\u0131n\u0131n yax\u015f\u0131la\u015fd\u0131r\u0131lmas\u0131 \u00fc\u00e7\u00fcn sosial m\u0259suliyy\u0259t \u015f\u00fcuru il\u0259 kolon x\u0259r\u00e7\u0259ngi v\u0259 s\u00fcd v\u0259zi x\u0259r\u00e7\u0259nginin erk\u0259n diaqnostikas\u0131 \u00fc\u00e7\u00fcn skrininq v\u0259 \u0259trafl\u0131 izl\u0259m\u0259 proqramlar\u0131 da h\u0259yata ke\u00e7irilir.<\/p><\/div>\n<\/div>\n<\/div>\n<p>[\/vc_column_text][vc_row_inner][vc_column_inner width=&#8221;1\/2&#8243;]<ul class=\"tm-list tm-list-style-icon tm-list-icon-color-skincolor tm-black tm-icon-skincolor tm-list-textsize- tm-list-icon-library-fontawesome\"><\/ul>[\/vc_column_inner][vc_column_inner width=&#8221;1\/2&#8243; tm_responsive_css=&#8221;40737847|colbreak_no|||||||||colbreak_no|-33px||||||||colbreak_no||||||||||colbreak_no|||||||||&#8221;]<ul class=\"tm-list tm-list-style-icon tm-list-icon-color-skincolor tm-black tm-icon-skincolor tm-list-textsize- tm-list-icon-library-fontawesome\"><\/ul>[\/vc_column_inner][\/vc_row_inner][\/vc_column][\/vc_row][vc_row tm_bgimagefixed=&#8221;&#8221; break_in_responsive=&#8221;991&#8243; css=&#8221;.vc_custom_1543407948016{padding-top: 10px !important;}&#8221;][vc_column]<h4 style=\"text-align:left;\" class=\"tm-custom-heading \" >Xidm\u0259t H\u0259kiml\u0259rimiz<\/h4>\n[vc_separator color=&#8221;custom&#8221; accent_color=&#8221;#ebebeb&#8221;]<div class=\"themetechmount-boxes themetechmount-boxes-team themetechmount-boxes-view-default themetechmount-boxes-col-three themetechmount-boxes-sortable-no themetechmount-boxes-textalign-center themetechmount-boxes-sortablebutton-\">\n\t\t<div class=\"themetechmount-boxes-inner themetechmount-boxes-team-inner \">\n\t\t\t\n\t\t\t<div class=\"row multi-columns-row themetechmount-boxes-row-wrapper\">\n\t\t\t\t<div class=\"tm-box-col-wrapper col-lg-4 col-sm-6 col-md-4 col-xs-12 umumi-c%c9%99rrahiyy%c9%99\"><article class=\"themetechmount-box themetechmount-box-team themetechmount-teambox-view-overlay\">\n\t<div class=\"themetechmount-post-item\">\n\t\t<div class=\"themetechmount-team-image-box\">\n\t\t\t\n\t\t<span class=\"themetechmount-item-thumbnail\">\n\t\t\t<span class=\"themetechmount-item-thumbnail-inner\">\n\t\t\t\t<img fetchpriority=\"high\" decoding=\"async\" width=\"380\" height=\"500\" src=\"https:\/\/www.giresunadahastanesi.com\/wp-content\/uploads\/2023\/05\/korhanaslan-2-380x500.jpg\" class=\"attachment-themetechmount-img-teamoverlay size-themetechmount-img-teamoverlay wp-post-image\" alt=\"\" data-id=\"4108\" \/>\n\t\t\t<\/span>\n\t\t<\/span>\t        <div class=\"themetechmount-overlay\">\n\t\t\t\t<div class=\"themetechmount-icon-box themetechmount-box-link\"><a href=\"https:\/\/www.giresunadahastanesi.com\/az\/team-member\/op-dr-korhan-arslan\/\"><i class=\"tm-brivona-icon-plus-1\"><\/i><\/a><\/div>\t\n\t\t\t<\/div>\t\n\t\t<\/div>\t\n\t\t\t<div class=\"themetechmount-box-content\">\n\t\t\t\t<div class=\"themetechmount-team-position\">\u00dcmumi C\u0259rrahiyy\u0259<\/div>\n\t\t\t\t<div class=\"themetechmount-box-title\"><h4><a href=\"https:\/\/www.giresunadahastanesi.com\/az\/team-member\/op-dr-korhan-arslan\/\">Op.Dr. Korhan ARSLAN<\/a><\/h4><\/div>\t\t\t\t\t\t\t\t\n\t\t\t<\/div>\t\t\t\n\t<\/div>\n<\/article>\n <\/div><div class=\"tm-box-col-wrapper col-lg-4 col-sm-6 col-md-4 col-xs-12 umumi-c%c9%99rrahiyy%c9%99\"><article class=\"themetechmount-box themetechmount-box-team themetechmount-teambox-view-overlay\">\n\t<div class=\"themetechmount-post-item\">\n\t\t<div class=\"themetechmount-team-image-box\">\n\t\t\t\n\t\t<span class=\"themetechmount-item-thumbnail\">\n\t\t\t<span class=\"themetechmount-item-thumbnail-inner\">\n\t\t\t\t<img decoding=\"async\" width=\"380\" height=\"500\" src=\"https:\/\/www.giresunadahastanesi.com\/wp-content\/uploads\/2023\/05\/erhancolak-2-380x500.jpg\" class=\"attachment-themetechmount-img-teamoverlay size-themetechmount-img-teamoverlay wp-post-image\" alt=\"\" data-id=\"4112\" \/>\n\t\t\t<\/span>\n\t\t<\/span>\t        <div class=\"themetechmount-overlay\">\n\t\t\t\t<div class=\"themetechmount-icon-box themetechmount-box-link\"><a href=\"https:\/\/www.giresunadahastanesi.com\/az\/team-member\/op-dr-erhan-colak\/\"><i class=\"tm-brivona-icon-plus-1\"><\/i><\/a><\/div>\t\n\t\t\t<\/div>\t\n\t\t<\/div>\t\n\t\t\t<div class=\"themetechmount-box-content\">\n\t\t\t\t<div class=\"themetechmount-team-position\">\u00dcmumi C\u0259rrahiyy\u0259<\/div>\n\t\t\t\t<div class=\"themetechmount-box-title\"><h4><a href=\"https:\/\/www.giresunadahastanesi.com\/az\/team-member\/op-dr-erhan-colak\/\">Op.Dr. Erhan \u00c7OLAK<\/a><\/h4><\/div>\t\t\t\t\t\t\t\t\n\t\t\t<\/div>\t\t\t\n\t<\/div>\n<\/article>\n <\/div>\n\t\t\t<\/div>\n\t\t<\/div><!-- .themetechmount-boxes-inner -->   <\/div><!-- .themetechmount-boxes -->  [\/vc_column][\/vc_row]<\/p>\n<\/div>","protected":false},"excerpt":{"rendered":"<p>[vc_row tm_bgimagefixed=&#8221;&#8221; break_in_responsive=&#8221;991&#8243;][vc_column][vc_single_image image=&#8221;3816&#8243; img_size=&#8221;full&#8221; alignment=&#8221;center&#8221;][vc_column_text css=&#8221;.vc_custom_1683634478988{margin-bottom: 20px !important;}&#8221;] \u00dcmumi c\u0259rrahiyy\u0259 b\u0259d\u0259nd\u0259ki sistemli v\u0259 yerli probleml\u0259rin c\u0259rrahi \u00fcsullarla m\u00fcalic\u0259sini, el\u0259c\u0259 d\u0259 \u00fcmumi prinsipl\u0259ri (yaralar\u0131n sa\u011falmas\u0131, z\u0259d\u0259l\u0259r\u0259 metabolik v\u0259 endokrin reaksiya kimi) daxil ed\u0259n texniki bir intizamd\u0131r v\u0259 d\u00fcnyada bir \u00e7ox c\u0259rrahi v\u0259 \u0259sas tibb sah\u0259l\u0259rin\u0259 t\u0259sir g\u00f6st\u0259rmi\u015fdir. onlar\u0131n inki\u015faf \u015f\u0259rtl\u0259ri. [\/vc_column_text][vc_column_text css=&#8221;.vc_custom_1683634490982{margin-bottom: 10px !important;}&#8221;] C\u0259rrahiyy\u0259 &hellip; <a href=\"https:\/\/www.giresunadahastanesi.com\/az\/team-member\/op-dr-erhan-colak\/\" class=\"more-link\">Continue reading <span class=\"screen-reader-text\">Op.Dr. Erhan \u00c7OLAK<\/span><\/a><\/p>\n","protected":false},"author":1,"featured_media":0,"parent":0,"menu_order":23,"comment_status":"closed","ping_status":"closed","template":"","meta":{"footnotes":""},"class_list":["post-4849","page","type-page","status-publish","hentry"],"_links":{"self":[{"href":"https:\/\/www.giresunadahastanesi.com\/az\/wp-json\/wp\/v2\/pages\/4849","targetHints":{"allow":["GET"]}}],"collection":[{"href":"https:\/\/www.giresunadahastanesi.com\/az\/wp-json\/wp\/v2\/pages"}],"about":[{"href":"https:\/\/www.giresunadahastanesi.com\/az\/wp-json\/wp\/v2\/types\/page"}],"author":[{"embeddable":true,"href":"https:\/\/www.giresunadahastanesi.com\/az\/wp-json\/wp\/v2\/users\/1"}],"replies":[{"embeddable":true,"href":"https:\/\/www.giresunadahastanesi.com\/az\/wp-json\/wp\/v2\/comments?post=4849"}],"version-history":[{"count":9,"href":"https:\/\/www.giresunadahastanesi.com\/az\/wp-json\/wp\/v2\/pages\/4849\/revisions"}],"predecessor-version":[{"id":7851,"href":"https:\/\/www.giresunadahastanesi.com\/az\/wp-json\/wp\/v2\/pages\/4849\/revisions\/7851"}],"wp:attachment":[{"href":"https:\/\/www.giresunadahastanesi.com\/az\/wp-json\/wp\/v2\/media?parent=4849"}],"curies":[{"name":"wp","href":"https:\/\/api.w.org\/{rel}","templated":true}]}}