{"id":4911,"date":"2023-05-09T15:22:04","date_gmt":"2023-05-09T12:22:04","guid":{"rendered":"https:\/\/www.giresunadahastanesi.com\/ur%c9%99k-c%c9%99rrahiyy%c9%99si\/"},"modified":"2023-05-21T22:03:25","modified_gmt":"2023-05-21T19:03:25","slug":"ur%c9%99k-c%c9%99rrahiyy%c9%99si","status":"publish","type":"page","link":"https:\/\/www.giresunadahastanesi.com\/az\/ur%c9%99k-c%c9%99rrahiyy%c9%99si\/","title":{"rendered":"\u00dcr\u0259k c\u0259rrahiyy\u0259si"},"content":{"rendered":"<div class=\"wpb-content-wrapper\"><p>[vc_row tm_bgimagefixed=&#8221;&#8221; break_in_responsive=&#8221;991&#8243;][vc_column][vc_single_image image=&#8221;3816&#8243; img_size=&#8221;full&#8221; alignment=&#8221;center&#8221;][vc_column_text css=&#8221;.vc_custom_1683634872924{margin-bottom: 20px !important;}&#8221;]<\/p>\n<div class=\"elementor-element elementor-element-6ed8 elementor-widget elementor-widget-text-editor\" data-id=\"6ed8\" data-element_type=\"text-editor.default\">\n<div class=\"elementor-widget-container\">\n<div class=\"elementor-text-editor elementor-clearfix\">\n<p>M\u00fcnt\u0259z\u0259m m\u00fcayin\u0259d\u0259n ke\u00e7\u0259nl\u0259rd\u0259 \u00fcr\u0259k-damar x\u0259st\u0259likl\u0259ri \u00e7ox erk\u0259n a\u015fkarlana bil\u0259r. \u00dcr\u0259k-damar x\u0259st\u0259likl\u0259rinin m\u00fcalic\u0259si bu g\u00fcn xeyli inki\u015faf etmi\u015fdir.<\/p><\/div>\n<\/div>\n<\/div>\n<p>[\/vc_column_text]<h4 style=\"text-align:left;\" class=\"tm-custom-heading \" >Xidm\u0259tl\u0259r<\/h4>\n[vc_column_text css=&#8221;.vc_custom_1683634881332{margin-bottom: 10px !important;}&#8221;]Klinikam\u0131zda h\u0259yata ke\u00e7iril\u0259n \u0259m\u0259liyyatlar;[\/vc_column_text][vc_row_inner][vc_column_inner width=&#8221;1\/2&#8243;]<ul class=\"tm-list tm-list-style-icon tm-list-icon-color-skincolor tm-black tm-icon-skincolor tm-list-textsize- tm-list-icon-library-fontawesome\"><li><i class=\"tm-skincolor fa fa-arrow-circle-right\"><\/i>  <span class=\"tm-list-li-content\">Klinikam\u0131zda c\u0259rrahiyy\u0259 \u0259m\u0259liyyat\u0131 apar\u0131l\u0131r<\/span><\/li><li><i class=\"tm-skincolor fa fa-arrow-circle-right\"><\/i>  <span class=\"tm-list-li-content\">Karotid arteriya x\u0259st\u0259liyi \u0259m\u0259liyyat\u0131<\/span><\/li><li><i class=\"tm-skincolor fa fa-arrow-circle-right\"><\/i>  <span class=\"tm-list-li-content\">Varikoz damarlar\u0131 \u0259m\u0259liyyat\u0131<\/span><\/li><li><i class=\"tm-skincolor fa fa-arrow-circle-right\"><\/i>  <span class=\"tm-list-li-content\">Xroniki venoz \u00e7at\u0131\u015fmazl\u0131\u011f\u0131 \u0259m\u0259liyyat\u0131<\/span><\/li><\/ul>[\/vc_column_inner][vc_column_inner width=&#8221;1\/2&#8243; tm_responsive_css=&#8221;40737847|colbreak_no|||||||||colbreak_no|-33px||||||||colbreak_no||||||||||colbreak_no|||||||||&#8221;]<ul class=\"tm-list tm-list-style-icon tm-list-icon-color-skincolor tm-black tm-icon-skincolor tm-list-textsize- tm-list-icon-library-fontawesome\"><li><i class=\"tm-skincolor fa fa-arrow-circle-right\"><\/i>  <span class=\"tm-list-li-content\">Okklyuziv periferik (qol-ayaq) arteriya x\u0259st\u0259liyi \u0259m\u0259liyyat\u0131<\/span><\/li><li><i class=\"tm-skincolor fa fa-arrow-circle-right\"><\/i>  <span class=\"tm-list-li-content\">Xroniki b\u00f6yr\u0259k \u00e7at\u0131\u015fmazl\u0131\u011f\u0131 olan x\u0259st\u0259l\u0259rd\u0259 fistula \u0259m\u0259liyyatlar\u0131<\/span><\/li><li><i class=\"tm-skincolor fa fa-arrow-circle-right\"><\/i>  <span class=\"tm-list-li-content\">Damar y\u0131rt\u0131\u011f\u0131 (diseksiya) \u0259m\u0259liyyatlar\u0131<\/span><\/li><li><i class=\"tm-skincolor fa fa-arrow-circle-right\"><\/i>  <span class=\"tm-list-li-content\">\u00fcr\u0259k qapa\u011f\u0131 \u0259m\u0259liyyatlar\u0131<\/span><\/li><\/ul>[\/vc_column_inner][\/vc_row_inner][\/vc_column][\/vc_row][vc_row tm_bgimagefixed=&#8221;&#8221; break_in_responsive=&#8221;991&#8243; css=&#8221;.vc_custom_1543407948016{padding-top: 10px !important;}&#8221;][vc_column]<h4 style=\"text-align:left;\" class=\"tm-custom-heading \" >Xidm\u0259t H\u0259kiml\u0259rimiz<\/h4>\n[vc_separator color=&#8221;custom&#8221; accent_color=&#8221;#ebebeb&#8221;]<div class=\"themetechmount-boxes themetechmount-boxes-team themetechmount-boxes-view-default themetechmount-boxes-col-three themetechmount-boxes-sortable-no themetechmount-boxes-textalign-center themetechmount-boxes-sortablebutton-\">\n\t\t<div class=\"themetechmount-boxes-inner themetechmount-boxes-team-inner \">\n\t\t\t\n\t\t\t<div class=\"row multi-columns-row themetechmount-boxes-row-wrapper\">\n\t\t\t\t<div class=\"tm-box-col-wrapper col-lg-4 col-sm-6 col-md-4 col-xs-12 kalp-ve-damar-az\"><article class=\"themetechmount-box themetechmount-box-team themetechmount-teambox-view-overlay\">\n\t<div class=\"themetechmount-post-item\">\n\t\t<div class=\"themetechmount-team-image-box\">\n\t\t\t\n\t\t<span class=\"themetechmount-item-thumbnail\">\n\t\t\t<span class=\"themetechmount-item-thumbnail-inner\">\n\t\t\t\t<img fetchpriority=\"high\" decoding=\"async\" width=\"380\" height=\"500\" src=\"https:\/\/www.giresunadahastanesi.com\/wp-content\/uploads\/2023\/05\/emre-baykankcbyk-380x500.jpg\" class=\"attachment-themetechmount-img-teamoverlay size-themetechmount-img-teamoverlay wp-post-image\" alt=\"\" data-id=\"4064\" \/>\n\t\t\t<\/span>\n\t\t<\/span>\t        <div class=\"themetechmount-overlay\">\n\t\t\t\t<div class=\"themetechmount-icon-box themetechmount-box-link\"><a href=\"https:\/\/www.giresunadahastanesi.com\/az\/team-member\/opr-dr-emre-cumhur-baykan\/\"><i class=\"tm-brivona-icon-plus-1\"><\/i><\/a><\/div>\t\n\t\t\t<\/div>\t\n\t\t<\/div>\t\n\t\t\t<div class=\"themetechmount-box-content\">\n\t\t\t\t<div class=\"themetechmount-team-position\">\u00dcr\u0259k-damar C\u0259rrahiyy\u0259si<\/div>\n\t\t\t\t<div class=\"themetechmount-box-title\"><h4><a href=\"https:\/\/www.giresunadahastanesi.com\/az\/team-member\/opr-dr-emre-cumhur-baykan\/\">Opr.Dr. Emre Cumhur BAYKAN<\/a><\/h4><\/div>\t\t\t\t\t\t\t\t\n\t\t\t<\/div>\t\t\t\n\t<\/div>\n<\/article>\n <\/div><div class=\"tm-box-col-wrapper col-lg-4 col-sm-6 col-md-4 col-xs-12 kalp-ve-damar-az\"><article class=\"themetechmount-box themetechmount-box-team themetechmount-teambox-view-overlay\">\n\t<div class=\"themetechmount-post-item\">\n\t\t<div class=\"themetechmount-team-image-box\">\n\t\t\t\n\t\t<span class=\"themetechmount-item-thumbnail\">\n\t\t\t<span class=\"themetechmount-item-thumbnail-inner\">\n\t\t\t\t<img decoding=\"async\" width=\"380\" height=\"500\" src=\"https:\/\/www.giresunadahastanesi.com\/wp-content\/uploads\/2023\/05\/hakankaraaa-380x500.jpg\" class=\"attachment-themetechmount-img-teamoverlay size-themetechmount-img-teamoverlay wp-post-image\" alt=\"\" data-id=\"4068\" \/>\n\t\t\t<\/span>\n\t\t<\/span>\t        <div class=\"themetechmount-overlay\">\n\t\t\t\t<div class=\"themetechmount-icon-box themetechmount-box-link\"><a href=\"https:\/\/www.giresunadahastanesi.com\/az\/team-member\/doc-dr-hakan-kara\/\"><i class=\"tm-brivona-icon-plus-1\"><\/i><\/a><\/div>\t\n\t\t\t<\/div>\t\n\t\t<\/div>\t\n\t\t\t<div class=\"themetechmount-box-content\">\n\t\t\t\t<div class=\"themetechmount-team-position\">\u00dcr\u0259k-damar C\u0259rrahiyy\u0259si<\/div>\n\t\t\t\t<div class=\"themetechmount-box-title\"><h4><a href=\"https:\/\/www.giresunadahastanesi.com\/az\/team-member\/doc-dr-hakan-kara\/\">Do\u00e7.Dr. Hakan KARA<\/a><\/h4><\/div>\t\t\t\t\t\t\t\t\n\t\t\t<\/div>\t\t\t\n\t<\/div>\n<\/article>\n <\/div>\n\t\t\t<\/div>\n\t\t<\/div><!-- .themetechmount-boxes-inner -->   <\/div><!-- .themetechmount-boxes -->  [\/vc_column][\/vc_row]<\/p>\n<\/div>","protected":false},"excerpt":{"rendered":"<p>[vc_row tm_bgimagefixed=&#8221;&#8221; break_in_responsive=&#8221;991&#8243;][vc_column][vc_single_image image=&#8221;3816&#8243; img_size=&#8221;full&#8221; alignment=&#8221;center&#8221;][vc_column_text css=&#8221;.vc_custom_1683634872924{margin-bottom: 20px !important;}&#8221;] M\u00fcnt\u0259z\u0259m m\u00fcayin\u0259d\u0259n ke\u00e7\u0259nl\u0259rd\u0259 \u00fcr\u0259k-damar x\u0259st\u0259likl\u0259ri \u00e7ox erk\u0259n a\u015fkarlana bil\u0259r. \u00dcr\u0259k-damar x\u0259st\u0259likl\u0259rinin m\u00fcalic\u0259si bu g\u00fcn xeyli inki\u015faf etmi\u015fdir. [\/vc_column_text][vc_column_text css=&#8221;.vc_custom_1683634881332{margin-bottom: 10px !important;}&#8221;]Klinikam\u0131zda h\u0259yata ke\u00e7iril\u0259n \u0259m\u0259liyyatlar;[\/vc_column_text][vc_row_inner][vc_column_inner width=&#8221;1\/2&#8243;][\/vc_column_inner][vc_column_inner width=&#8221;1\/2&#8243; tm_responsive_css=&#8221;40737847|colbreak_no|||||||||colbreak_no|-33px||||||||colbreak_no||||||||||colbreak_no|||||||||&#8221;][\/vc_column_inner][\/vc_row_inner][\/vc_column][\/vc_row][vc_row tm_bgimagefixed=&#8221;&#8221; break_in_responsive=&#8221;991&#8243; css=&#8221;.vc_custom_1543407948016{padding-top: 10px !important;}&#8221;][vc_column][vc_separator color=&#8221;custom&#8221; accent_color=&#8221;#ebebeb&#8221;][\/vc_column][\/vc_row]<\/p>\n","protected":false},"author":1,"featured_media":0,"parent":0,"menu_order":23,"comment_status":"closed","ping_status":"closed","template":"","meta":{"footnotes":""},"class_list":["post-4911","page","type-page","status-publish","hentry"],"_links":{"self":[{"href":"https:\/\/www.giresunadahastanesi.com\/az\/wp-json\/wp\/v2\/pages\/4911","targetHints":{"allow":["GET"]}}],"collection":[{"href":"https:\/\/www.giresunadahastanesi.com\/az\/wp-json\/wp\/v2\/pages"}],"about":[{"href":"https:\/\/www.giresunadahastanesi.com\/az\/wp-json\/wp\/v2\/types\/page"}],"author":[{"embeddable":true,"href":"https:\/\/www.giresunadahastanesi.com\/az\/wp-json\/wp\/v2\/users\/1"}],"replies":[{"embeddable":true,"href":"https:\/\/www.giresunadahastanesi.com\/az\/wp-json\/wp\/v2\/comments?post=4911"}],"version-history":[{"count":20,"href":"https:\/\/www.giresunadahastanesi.com\/az\/wp-json\/wp\/v2\/pages\/4911\/revisions"}],"predecessor-version":[{"id":7855,"href":"https:\/\/www.giresunadahastanesi.com\/az\/wp-json\/wp\/v2\/pages\/4911\/revisions\/7855"}],"wp:attachment":[{"href":"https:\/\/www.giresunadahastanesi.com\/az\/wp-json\/wp\/v2\/media?parent=4911"}],"curies":[{"name":"wp","href":"https:\/\/api.w.org\/{rel}","templated":true}]}}