{"id":4933,"date":"2023-05-09T15:20:03","date_gmt":"2023-05-09T12:20:03","guid":{"rendered":"https:\/\/www.giresunadahastanesi.com\/dogum-v%c9%99-ginekologiya\/"},"modified":"2023-05-21T22:02:33","modified_gmt":"2023-05-21T19:02:33","slug":"dogum-v%c9%99-ginekologiya","status":"publish","type":"page","link":"https:\/\/www.giresunadahastanesi.com\/az\/dogum-v%c9%99-ginekologiya\/","title":{"rendered":"Do\u011fum v\u0259 ginekologiya"},"content":{"rendered":"<div class=\"wpb-content-wrapper\"><p>[vc_row tm_bgimagefixed=&#8221;&#8221; break_in_responsive=&#8221;991&#8243;][vc_column][vc_single_image image=&#8221;3816&#8243; img_size=&#8221;full&#8221; alignment=&#8221;center&#8221;][vc_column_text css=&#8221;.vc_custom_1683634774420{margin-bottom: 20px !important;}&#8221;]<\/p>\n<div class=\"elementor-element elementor-element-3bc elementor-widget elementor-widget-text-editor\" data-id=\"3bc\" data-element_type=\"text-editor.default\">\n<div class=\"elementor-widget-container\">\n<div class=\"elementor-text-editor elementor-clearfix\">\n<p>Mamal\u0131q v\u0259 ginekologiya il\u0259 ba\u011fl\u0131 \u00fcmumi diaqnostika v\u0259 m\u00fcalic\u0259 xidm\u0259tl\u0259rind\u0259n ba\u015flayaraq, menopoz v\u0259 osteoporozdan riskli v\u0259 normal hamil\u0259likl\u0259rin t\u0259qibin\u0259, ginekoloji x\u0259r\u00e7\u0259ngl\u0259rin diaqnostikas\u0131 v\u0259 m\u00fcalic\u0259sind\u0259n in vitro mayalanmaya q\u0259d\u0259r bir \u00e7ox xidm\u0259tl\u0259r t\u0259qdim edilir.<\/p><\/div>\n<\/div>\n<\/div>\n<p>[\/vc_column_text]<h4 style=\"text-align:left;\" class=\"tm-custom-heading \" >Xidm\u0259tl\u0259r<\/h4>\n[vc_column_text css=&#8221;.vc_custom_1683634785245{margin-bottom: 10px !important;}&#8221;]<\/p>\n<div class=\"elementor-element elementor-element-183e elementor-widget elementor-widget-text-editor\" data-id=\"183e\" data-element_type=\"text-editor.default\">\n<div class=\"elementor-widget-container\">\n<div class=\"elementor-text-editor elementor-clearfix\">\n<p><strong>\u00dcmumi Ginekoloji Xidm\u0259tl\u0259r<\/strong><br \/>\nYetkinlik d\u00f6vr\u00fcnd\u0259n ba\u015flayaraq menopauza d\u00f6vr\u00fcn\u0259 q\u0259d\u0259r h\u0259r ya\u015fda olan qad\u0131nlar \u00fc\u00e7\u00fcn poliklinika xidm\u0259tl\u0259ri g\u00f6st\u0259rilir, burada b\u00fct\u00fcn sa\u011flaml\u0131q probleml\u0259rinin diaqnozu v\u0259 m\u00fcalic\u0259si apar\u0131l\u0131r, rutin n\u0259zar\u0259t v\u0259 profilaktik tibb praktikalar\u0131 u\u011furla h\u0259yata ke\u00e7irilir. Qrupumuza daxil olan b\u00fct\u00fcn x\u0259st\u0259xanalar\u0131m\u0131z\u0131n poliklinikalar\u0131nda ginekoloji x\u0259r\u00e7\u0259ngl\u0259rin, qas\u0131q a\u011fr\u0131lar\u0131n\u0131n, menstruasiya pozuntular\u0131n\u0131n, x\u00fcsusil\u0259 x\u0259st\u0259likl\u0259r\u0259 s\u0259b\u0259b olan infeksiyalar\u0131n erk\u0259n diaqnozu \u00fc\u00e7\u00fcn ultras\u0259s m\u00fcayin\u0259l\u0259ri, PAP-smear testi, kolposkopiya v\u0259 rutin ginekoloji m\u00fcayin\u0259l\u0259r apar\u0131l\u0131r.<\/div>\n<\/div>\n<\/div>\n<p>[\/vc_column_text][vc_row_inner][vc_column_inner width=&#8221;1\/2&#8243;]<ul class=\"tm-list tm-list-style-icon tm-list-icon-color-skincolor tm-black tm-icon-skincolor tm-list-textsize- tm-list-icon-library-fontawesome\"><li><i class=\"tm-skincolor fa fa-arrow-circle-right\"><\/i>  <span class=\"tm-list-li-content\">Hamil\u0259lik v\u0259 Y\u00fcks\u0259k Riskli Hamil\u0259lik \u0130zl\u0259m\u0259 Xidm\u0259tl\u0259ri<\/span><\/li><li><i class=\"tm-skincolor fa fa-arrow-circle-right\"><\/i>  <span class=\"tm-list-li-content\">Ginekoloji Onkoloji M\u00fcayin\u0259l\u0259r<\/span><\/li><\/ul>[\/vc_column_inner][vc_column_inner width=&#8221;1\/2&#8243; tm_responsive_css=&#8221;40737847|colbreak_no|||||||||colbreak_no|-33px||||||||colbreak_no||||||||||colbreak_no|||||||||&#8221;]<ul class=\"tm-list tm-list-style-icon tm-list-icon-color-skincolor tm-black tm-icon-skincolor tm-list-textsize- tm-list-icon-library-fontawesome\"><li><i class=\"tm-skincolor fa fa-arrow-circle-right\"><\/i>  <span class=\"tm-list-li-content\">IVF<\/span><\/li><\/ul>[\/vc_column_inner][\/vc_row_inner][\/vc_column][\/vc_row][vc_row tm_bgimagefixed=&#8221;&#8221; break_in_responsive=&#8221;991&#8243; css=&#8221;.vc_custom_1543407948016{padding-top: 10px !important;}&#8221;][vc_column]<h4 style=\"text-align:left;\" class=\"tm-custom-heading \" >Xidm\u0259t H\u0259kiml\u0259rimiz<\/h4>\n[vc_separator color=&#8221;custom&#8221; accent_color=&#8221;#ebebeb&#8221;]<div class=\"themetechmount-boxes themetechmount-boxes-team themetechmount-boxes-view-default themetechmount-boxes-col-three themetechmount-boxes-sortable-no themetechmount-boxes-textalign-center themetechmount-boxes-sortablebutton-\">\n\t\t<div class=\"themetechmount-boxes-inner themetechmount-boxes-team-inner \">\n\t\t\t\n\t\t\t<div class=\"row multi-columns-row themetechmount-boxes-row-wrapper\">\n\t\t\t\t<div class=\"tm-box-col-wrapper col-lg-4 col-sm-6 col-md-4 col-xs-12 kadin-hastaliklari-ve-dogum-az\"><article class=\"themetechmount-box themetechmount-box-team themetechmount-teambox-view-overlay\">\n\t<div class=\"themetechmount-post-item\">\n\t\t<div class=\"themetechmount-team-image-box\">\n\t\t\t\n\t\t<span class=\"themetechmount-item-thumbnail\">\n\t\t\t<span class=\"themetechmount-item-thumbnail-inner\">\n\t\t\t\t<img fetchpriority=\"high\" decoding=\"async\" width=\"380\" height=\"500\" src=\"https:\/\/www.giresunadahastanesi.com\/wp-content\/uploads\/2023\/05\/ugurcobanoglu-380x500.jpg\" class=\"attachment-themetechmount-img-teamoverlay size-themetechmount-img-teamoverlay wp-post-image\" alt=\"\" data-id=\"4072\" \/>\n\t\t\t<\/span>\n\t\t<\/span>\t        <div class=\"themetechmount-overlay\">\n\t\t\t\t<div class=\"themetechmount-icon-box themetechmount-box-link\"><a href=\"https:\/\/www.giresunadahastanesi.com\/az\/team-member\/opr-dr-ugur-cobanoglu\/\"><i class=\"tm-brivona-icon-plus-1\"><\/i><\/a><\/div>\t\n\t\t\t<\/div>\t\n\t\t<\/div>\t\n\t\t\t<div class=\"themetechmount-box-content\">\n\t\t\t\t<div class=\"themetechmount-team-position\">Obstetrikl\u0259r v\u0259 ginekologiya<\/div>\n\t\t\t\t<div class=\"themetechmount-box-title\"><h4><a href=\"https:\/\/www.giresunadahastanesi.com\/az\/team-member\/opr-dr-ugur-cobanoglu\/\">Opr.Dr. U\u011fur \u00c7OBANO\u011eLU<\/a><\/h4><\/div>\t\t\t\t\t\t\t\t\n\t\t\t<\/div>\t\t\t\n\t<\/div>\n<\/article>\n <\/div><div class=\"tm-box-col-wrapper col-lg-4 col-sm-6 col-md-4 col-xs-12 kadin-hastaliklari-ve-dogum-az\"><article class=\"themetechmount-box themetechmount-box-team themetechmount-teambox-view-overlay\">\n\t<div class=\"themetechmount-post-item\">\n\t\t<div class=\"themetechmount-team-image-box\">\n\t\t\t\n\t\t<span class=\"themetechmount-item-thumbnail\">\n\t\t\t<span class=\"themetechmount-item-thumbnail-inner\">\n\t\t\t\t<img decoding=\"async\" width=\"380\" height=\"500\" src=\"https:\/\/www.giresunadahastanesi.com\/wp-content\/uploads\/2023\/05\/hasanoztekesin-3-380x500.jpg\" class=\"attachment-themetechmount-img-teamoverlay size-themetechmount-img-teamoverlay wp-post-image\" alt=\"\" data-id=\"4076\" \/>\n\t\t\t<\/span>\n\t\t<\/span>\t        <div class=\"themetechmount-overlay\">\n\t\t\t\t<div class=\"themetechmount-icon-box themetechmount-box-link\"><a href=\"https:\/\/www.giresunadahastanesi.com\/az\/team-member\/opr-dr-hasan-oztekesin\/\"><i class=\"tm-brivona-icon-plus-1\"><\/i><\/a><\/div>\t\n\t\t\t<\/div>\t\n\t\t<\/div>\t\n\t\t\t<div class=\"themetechmount-box-content\">\n\t\t\t\t<div class=\"themetechmount-team-position\">Obstetrikl\u0259r v\u0259 ginekologiya<\/div>\n\t\t\t\t<div class=\"themetechmount-box-title\"><h4><a href=\"https:\/\/www.giresunadahastanesi.com\/az\/team-member\/opr-dr-hasan-oztekesin\/\">Opr.Dr. Hasan \u00d6ZTEKE\u015e\u0130N<\/a><\/h4><\/div>\t\t\t\t\t\t\t\t\n\t\t\t<\/div>\t\t\t\n\t<\/div>\n<\/article>\n <\/div>\n\t\t\t<\/div>\n\t\t<\/div><!-- .themetechmount-boxes-inner -->   <\/div><!-- .themetechmount-boxes -->  [\/vc_column][\/vc_row]<\/p>\n<\/div>","protected":false},"excerpt":{"rendered":"<p>[vc_row tm_bgimagefixed=&#8221;&#8221; break_in_responsive=&#8221;991&#8243;][vc_column][vc_single_image image=&#8221;3816&#8243; img_size=&#8221;full&#8221; alignment=&#8221;center&#8221;][vc_column_text css=&#8221;.vc_custom_1683634774420{margin-bottom: 20px !important;}&#8221;] Mamal\u0131q v\u0259 ginekologiya il\u0259 ba\u011fl\u0131 \u00fcmumi diaqnostika v\u0259 m\u00fcalic\u0259 xidm\u0259tl\u0259rind\u0259n ba\u015flayaraq, menopoz v\u0259 osteoporozdan riskli v\u0259 normal hamil\u0259likl\u0259rin t\u0259qibin\u0259, ginekoloji x\u0259r\u00e7\u0259ngl\u0259rin diaqnostikas\u0131 v\u0259 m\u00fcalic\u0259sind\u0259n in vitro mayalanmaya q\u0259d\u0259r bir \u00e7ox xidm\u0259tl\u0259r t\u0259qdim edilir. [\/vc_column_text][vc_column_text css=&#8221;.vc_custom_1683634785245{margin-bottom: 10px !important;}&#8221;] \u00dcmumi Ginekoloji Xidm\u0259tl\u0259r Yetkinlik d\u00f6vr\u00fcnd\u0259n ba\u015flayaraq menopauza d\u00f6vr\u00fcn\u0259 q\u0259d\u0259r &hellip; <a href=\"https:\/\/www.giresunadahastanesi.com\/az\/team-member\/opr-dr-hasan-oztekesin\/\" class=\"more-link\">Continue reading <span class=\"screen-reader-text\">Opr.Dr. Hasan \u00d6ZTEKE\u015e\u0130N<\/span><\/a><\/p>\n","protected":false},"author":1,"featured_media":0,"parent":0,"menu_order":23,"comment_status":"closed","ping_status":"closed","template":"","meta":{"footnotes":""},"class_list":["post-4933","page","type-page","status-publish","hentry"],"_links":{"self":[{"href":"https:\/\/www.giresunadahastanesi.com\/az\/wp-json\/wp\/v2\/pages\/4933","targetHints":{"allow":["GET"]}}],"collection":[{"href":"https:\/\/www.giresunadahastanesi.com\/az\/wp-json\/wp\/v2\/pages"}],"about":[{"href":"https:\/\/www.giresunadahastanesi.com\/az\/wp-json\/wp\/v2\/types\/page"}],"author":[{"embeddable":true,"href":"https:\/\/www.giresunadahastanesi.com\/az\/wp-json\/wp\/v2\/users\/1"}],"replies":[{"embeddable":true,"href":"https:\/\/www.giresunadahastanesi.com\/az\/wp-json\/wp\/v2\/comments?post=4933"}],"version-history":[{"count":6,"href":"https:\/\/www.giresunadahastanesi.com\/az\/wp-json\/wp\/v2\/pages\/4933\/revisions"}],"predecessor-version":[{"id":7854,"href":"https:\/\/www.giresunadahastanesi.com\/az\/wp-json\/wp\/v2\/pages\/4933\/revisions\/7854"}],"wp:attachment":[{"href":"https:\/\/www.giresunadahastanesi.com\/az\/wp-json\/wp\/v2\/media?parent=4933"}],"curies":[{"name":"wp","href":"https:\/\/api.w.org\/{rel}","templated":true}]}}