{"id":4960,"date":"2023-05-09T15:18:48","date_gmt":"2023-05-09T12:18:48","guid":{"rendered":"https:\/\/www.giresunadahastanesi.com\/daxili-x%c9%99st%c9%99likl%c9%99r\/"},"modified":"2023-05-21T22:01:56","modified_gmt":"2023-05-21T19:01:56","slug":"daxili-x%c9%99st%c9%99likl%c9%99r","status":"publish","type":"page","link":"https:\/\/www.giresunadahastanesi.com\/az\/daxili-x%c9%99st%c9%99likl%c9%99r\/","title":{"rendered":"Daxili x\u0259st\u0259likl\u0259r"},"content":{"rendered":"<div class=\"wpb-content-wrapper\"><p>[vc_row tm_bgimagefixed=&#8221;&#8221; break_in_responsive=&#8221;991&#8243;][vc_column][vc_single_image image=&#8221;3816&#8243; img_size=&#8221;full&#8221; alignment=&#8221;center&#8221;][vc_column_text css=&#8221;.vc_custom_1683634676092{margin-bottom: 20px !important;}&#8221;]<\/p>\n<div class=\"elementor-element elementor-element-3e51 elementor-widget elementor-widget-text-editor\" data-id=\"3e51\" data-element_type=\"text-editor.default\">\n<div class=\"elementor-widget-container\">\n<div class=\"elementor-text-editor elementor-clearfix\">\n<p>Bug\u00fcnk\u00fc elmi inki\u015faflar i\u015f\u0131\u011f\u0131nda z\u0259ruri m\u00fcasir analizl\u0259r, laboratoriya (qan, sidik, n\u0259cis v\u0259 s.), radioloji m\u00fcayin\u0259l\u0259r (rentgen, ultras\u0259s, mamoqrafiya, komp\u00fcter tomoqrafiyas\u0131, MRT, s\u00fcm\u00fck s\u0131xl\u0131\u011f\u0131 v\u0259 s.), endoskopik m\u00fcayin\u0259l\u0259r ( yuxar\u0131 m\u0259d\u0259-ba\u011f\u0131rsaq sisteminin endoskopiyas\u0131, kolonoskopiya v\u0259 s.) v\u0259 EKQ, exokardioqrafiya kimi b\u00fct\u00fcn z\u0259ruri testl\u0259rd\u0259n istifad\u0259 etm\u0259kl\u0259 x\u0259st\u0259likl\u0259rin erk\u0259n v\u0259 q\u0259ti diaqnozunu t\u0259min edir.<\/p><\/div>\n<\/div>\n<\/div>\n<p>[\/vc_column_text]<h4 style=\"text-align:left;\" class=\"tm-custom-heading \" >Xidm\u0259tl\u0259r<\/h4>\n[vc_column_text css=&#8221;.vc_custom_1683634717734{margin-bottom: 10px !important;}&#8221;]<\/p>\n<div class=\"elementor-element elementor-element-66cb elementor-widget elementor-widget-text-editor\" data-id=\"66cb\" data-element_type=\"text-editor.default\">\n<div class=\"elementor-widget-container\">\n<div class=\"elementor-text-editor elementor-clearfix\">\n<p>Daxili x\u0259st\u0259likl\u0259r \u015f\u00f6b\u0259si, yuxar\u0131 v\u0259 a\u015fa\u011f\u0131 t\u0259n\u0259ff\u00fcs yollar\u0131n\u0131n x\u0259st\u0259likl\u0259ri, q\u0131zd\u0131rma x\u0259st\u0259likl\u0259ri, hipertoniya, \u015f\u0259k\u0259rli diabet, qalxanab\u0259nz\u0259r v\u0259zin x\u0259st\u0259likl\u0259ri, xolesterin v\u0259 triqliseridl\u0259rin y\u00fcks\u0259lm\u0259si, h\u0259zm sistemi x\u0259st\u0259likl\u0259ri (qastrit, xora, refl\u00fc, spastik kolit v\u0259 s.), qaraciy\u0259r v\u0259 \u00f6d kis\u0259si x\u0259st\u0259likl\u0259ri, Bu a\u011fciy\u0259r x\u0259st\u0259likl\u0259rini (xroniki bronxit, amfizem, astma v\u0259 s.), b\u00f6yr\u0259k x\u0259st\u0259likl\u0259rini, anemiya v\u0259 qan x\u0259st\u0259likl\u0259rinin diaqnostika v\u0259 m\u00fcalic\u0259sini, m\u00fcxt\u0259lif x\u0259r\u00e7\u0259ng x\u0259st\u0259likl\u0259rinin, revmatik x\u0259st\u0259likl\u0259rin, dayaq-h\u0259r\u0259k\u0259t sistemi x\u0259st\u0259likl\u0259rinin erk\u0259n diaqnostikas\u0131n\u0131 \u0259hat\u0259 edir.<\/p>\n<div class=\"elementor-element elementor-element-3976 elementor-column elementor-col-66 elementor-top-column\" data-id=\"3976\" data-element_type=\"column\">\n<div class=\"elementor-column-wrap elementor-element-populated\">\n<div class=\"elementor-widget-wrap\">\n<div class=\"elementor-element elementor-element-66b5 elementor-widget elementor-widget-text-editor\" data-id=\"66b5\" data-element_type=\"text-editor.default\">\n<div class=\"elementor-widget-container\">\n<div class=\"elementor-text-editor elementor-clearfix\">\n<p>Daxili X\u0259st\u0259likl\u0259r elmi v\u0259 texnoloji inki\u015fafa paralel olaraq bir \u00e7ox alt sah\u0259l\u0259r\u0259 b\u00f6l\u00fcns\u0259 d\u0259, x\u0259st\u0259nin b\u00fct\u00f6vl\u00fckd\u0259 qiym\u0259tl\u0259ndirilm\u0259si, \u0259lav\u0259 m\u00fcayin\u0259l\u0259r ed\u0259r\u0259k diaqnozun qoyulmas\u0131 v\u0259 m\u00fcalic\u0259nin t\u0259\u015fkili bax\u0131m\u0131ndan b\u00f6y\u00fck \u0259h\u0259miyy\u0259t k\u0259sb edir.<\/p>\n<p>Daxili x\u0259st\u0259likl\u0259r \u015f\u00f6b\u0259si, yuxar\u0131 v\u0259 a\u015fa\u011f\u0131 t\u0259n\u0259ff\u00fcs yollar\u0131n\u0131n x\u0259st\u0259likl\u0259ri, q\u0131zd\u0131rma x\u0259st\u0259likl\u0259ri, hipertoniya, \u015f\u0259k\u0259rli diabet, qalxanab\u0259nz\u0259r v\u0259zin x\u0259st\u0259likl\u0259ri, xolesterin v\u0259 triqliseridl\u0259rin y\u00fcks\u0259lm\u0259si, h\u0259zm sistemi x\u0259st\u0259likl\u0259ri (qastrit, xora, refl\u00fc, spastik kolit v\u0259 s.), qaraciy\u0259r v\u0259 \u00f6d kis\u0259si x\u0259st\u0259likl\u0259ri, Bu a\u011fciy\u0259r x\u0259st\u0259likl\u0259rini (xroniki bronxit, amfizem, astma v\u0259 s.), b\u00f6yr\u0259k x\u0259st\u0259likl\u0259rini, anemiya v\u0259 qan x\u0259st\u0259likl\u0259rinin diaqnostika v\u0259 m\u00fcalic\u0259sini, m\u00fcxt\u0259lif x\u0259r\u00e7\u0259ng x\u0259st\u0259likl\u0259rinin, revmatik x\u0259st\u0259likl\u0259rin, dayaq-h\u0259r\u0259k\u0259t sistemi x\u0259st\u0259likl\u0259rinin erk\u0259n diaqnostikas\u0131n\u0131 \u0259hat\u0259 edir.<\/p>\n<p>Ba\u015f Daxili X\u0259st\u0259likl\u0259r \u015f\u00f6b\u0259sind\u0259 qoyulan diaqnoza uy\u011fun olaraq daxili x\u0259st\u0259likl\u0259r alt b\u00f6lm\u0259l\u0259ri &#8211; endokrinologiya, qastroenterologiya, revmatologiya v\u0259 s. \u0130st\u0259r kardiologiya, ist\u0259r d\u00f6\u015f q\u0259f\u0259si, ist\u0259rs\u0259 d\u0259 yoluxucu x\u0259st\u0259likl\u0259r, nevrologiya, b\u00fct\u00fcn c\u0259rrahiyy\u0259 \u015f\u00f6b\u0259l\u0259ri, psixiatriya \u015f\u00f6b\u0259l\u0259ri il\u0259 \u0259m\u0259kda\u015fl\u0131q ed\u0259r\u0259k laz\u0131m g\u0259ldikd\u0259 x\u0259st\u0259ni m\u00fcvafiq \u015f\u00f6b\u0259y\u0259 y\u00f6nl\u0259ndir\u0259r\u0259k b\u00fct\u00fcn sa\u011flaml\u0131q probleml\u0259rini h\u0259ll etm\u0259y\u0259 \u00e7al\u0131\u015f\u0131r.<\/p>\n<p>\u00dcmumi Daxili X\u0259st\u0259likl\u0259r xidm\u0259tin\u0259 ambulator m\u00fcayin\u0259l\u0259r, stasionar m\u00fc\u015fahid\u0259 v\u0259 m\u00fcalic\u0259, t\u0259cili xidm\u0259t v\u0259 m\u00fcayin\u0259 daxildir. Check-up insan\u0131n he\u00e7 bir \u015fikay\u0259ti olmadan vaxta\u015f\u0131r\u0131 h\u0259yata ke\u00e7iril\u0259n v\u0259 \u015f\u0259xsin cinsin\u0259, ya\u015f\u0131na v\u0259 artan risk faktorlar\u0131na uy\u011fun olaraq h\u0259yata ke\u00e7iril\u0259n h\u0259rt\u0259r\u0259fli sa\u011flaml\u0131q m\u00fcayin\u0259sidir. Check-up say\u0259sind\u0259 bir \u00e7ox h\u0259yati \u0259h\u0259miyy\u0259tli x\u0259st\u0259likl\u0259rin m\u00fcmk\u00fcn q\u0259d\u0259r erk\u0259n diaqnoz qoyulmas\u0131 x\u0259st\u0259likl\u0259rin m\u00fcalic\u0259sind\u0259 m\u00fcv\u0259ff\u0259qiyy\u0259tli olma ehtimal\u0131n\u0131 art\u0131ra bil\u0259r.<\/p><\/div>\n<\/div>\n<\/div>\n<\/div>\n<\/div>\n<\/div>\n<div class=\"elementor-element elementor-element-5067 elementor-column elementor-col-33 elementor-top-column\" data-id=\"5067\" data-element_type=\"column\">\n<div class=\"elementor-column-wrap elementor-element-populated\">\n<div class=\"elementor-widget-wrap\">\n<div class=\"elementor-element elementor-element-645a elementor-widget elementor-widget-spacer\" data-id=\"645a\" data-element_type=\"spacer.default\">\n<div class=\"elementor-widget-container\">\n<div class=\"elementor-spacer\"><\/div>\n<\/div>\n<\/div>\n<\/div>\n<\/div>\n<\/div>\n<\/div>\n<\/div>\n<\/div>\n<p>[\/vc_column_text][vc_row_inner][vc_column_inner width=&#8221;1\/2&#8243;]<ul class=\"tm-list tm-list-style-icon tm-list-icon-color-skincolor tm-black tm-icon-skincolor tm-list-textsize- tm-list-icon-library-fontawesome\"><\/ul>[\/vc_column_inner][vc_column_inner width=&#8221;1\/2&#8243; tm_responsive_css=&#8221;40737847|colbreak_no|||||||||colbreak_no|-33px||||||||colbreak_no||||||||||colbreak_no|||||||||&#8221;]<ul class=\"tm-list tm-list-style-icon tm-list-icon-color-skincolor tm-black tm-icon-skincolor tm-list-textsize- tm-list-icon-library-fontawesome\"><\/ul>[\/vc_column_inner][\/vc_row_inner][\/vc_column][\/vc_row][vc_row tm_bgimagefixed=&#8221;&#8221; break_in_responsive=&#8221;991&#8243; css=&#8221;.vc_custom_1543407948016{padding-top: 10px !important;}&#8221;][vc_column]<h4 style=\"text-align:left;\" class=\"tm-custom-heading \" >Xidm\u0259t H\u0259kiml\u0259rimiz<\/h4>\n[vc_separator color=&#8221;custom&#8221; accent_color=&#8221;#ebebeb&#8221;]<div class=\"themetechmount-boxes themetechmount-boxes-team themetechmount-boxes-view-default themetechmount-boxes-col-three themetechmount-boxes-sortable-no themetechmount-boxes-textalign-center themetechmount-boxes-sortablebutton-\">\n\t\t<div class=\"themetechmount-boxes-inner themetechmount-boxes-team-inner \">\n\t\t\t\n\t\t\t<div class=\"row multi-columns-row themetechmount-boxes-row-wrapper\">\n\t\t\t\t<div class=\"tm-box-col-wrapper col-lg-4 col-sm-6 col-md-4 col-xs-12 daxili-x%c9%99st%c9%99likl%c9%99r\"><article class=\"themetechmount-box themetechmount-box-team themetechmount-teambox-view-overlay\">\n\t<div class=\"themetechmount-post-item\">\n\t\t<div class=\"themetechmount-team-image-box\">\n\t\t\t\n\t\t<span class=\"themetechmount-item-thumbnail\">\n\t\t\t<span class=\"themetechmount-item-thumbnail-inner\">\n\t\t\t\t<img fetchpriority=\"high\" decoding=\"async\" width=\"380\" height=\"500\" src=\"https:\/\/www.giresunadahastanesi.com\/wp-content\/uploads\/2023\/05\/hasanbodur-2-380x500.jpg\" class=\"attachment-themetechmount-img-teamoverlay size-themetechmount-img-teamoverlay wp-post-image\" alt=\"\" data-id=\"4084\" \/>\n\t\t\t<\/span>\n\t\t<\/span>\t        <div class=\"themetechmount-overlay\">\n\t\t\t\t<div class=\"themetechmount-icon-box themetechmount-box-link\"><a href=\"https:\/\/www.giresunadahastanesi.com\/az\/team-member\/uzm-dr-hasan-bodur\/\"><i class=\"tm-brivona-icon-plus-1\"><\/i><\/a><\/div>\t\n\t\t\t<\/div>\t\n\t\t<\/div>\t\n\t\t\t<div class=\"themetechmount-box-content\">\n\t\t\t\t<div class=\"themetechmount-team-position\">Daxili x\u0259st\u0259likl\u0259r<\/div>\n\t\t\t\t<div class=\"themetechmount-box-title\"><h4><a href=\"https:\/\/www.giresunadahastanesi.com\/az\/team-member\/uzm-dr-hasan-bodur\/\">Uzm.Dr. Hasan BODUR<\/a><\/h4><\/div>\t\t\t\t\t\t\t\t\n\t\t\t<\/div>\t\t\t\n\t<\/div>\n<\/article>\n <\/div><div class=\"tm-box-col-wrapper col-lg-4 col-sm-6 col-md-4 col-xs-12 daxili-x%c9%99st%c9%99likl%c9%99r\"><article class=\"themetechmount-box themetechmount-box-team themetechmount-teambox-view-overlay\">\n\t<div class=\"themetechmount-post-item\">\n\t\t<div class=\"themetechmount-team-image-box\">\n\t\t\t\n\t\t<span class=\"themetechmount-item-thumbnail\">\n\t\t\t<span class=\"themetechmount-item-thumbnail-inner\">\n\t\t\t\t<img decoding=\"async\" width=\"380\" height=\"500\" src=\"https:\/\/www.giresunadahastanesi.com\/wp-content\/uploads\/2023\/05\/mehmetfalakaloglu-2-380x500.jpg\" class=\"attachment-themetechmount-img-teamoverlay size-themetechmount-img-teamoverlay wp-post-image\" alt=\"\" data-id=\"4088\" \/>\n\t\t\t<\/span>\n\t\t<\/span>\t        <div class=\"themetechmount-overlay\">\n\t\t\t\t<div class=\"themetechmount-icon-box themetechmount-box-link\"><a href=\"https:\/\/www.giresunadahastanesi.com\/az\/team-member\/uzm-dr-mehmet-falakaloglu\/\"><i class=\"tm-brivona-icon-plus-1\"><\/i><\/a><\/div>\t\n\t\t\t<\/div>\t\n\t\t<\/div>\t\n\t\t\t<div class=\"themetechmount-box-content\">\n\t\t\t\t<div class=\"themetechmount-team-position\">Daxili x\u0259st\u0259likl\u0259r<\/div>\n\t\t\t\t<div class=\"themetechmount-box-title\"><h4><a href=\"https:\/\/www.giresunadahastanesi.com\/az\/team-member\/uzm-dr-mehmet-falakaloglu\/\">Uzm.Dr. Mehmet FALAKALO\u011eLU<\/a><\/h4><\/div>\t\t\t\t\t\t\t\t\n\t\t\t<\/div>\t\t\t\n\t<\/div>\n<\/article>\n <\/div>\n\t\t\t<\/div>\n\t\t<\/div><!-- .themetechmount-boxes-inner -->   <\/div><!-- .themetechmount-boxes -->  [\/vc_column][\/vc_row]<\/p>\n<\/div>","protected":false},"excerpt":{"rendered":"<p>[vc_row tm_bgimagefixed=&#8221;&#8221; break_in_responsive=&#8221;991&#8243;][vc_column][vc_single_image image=&#8221;3816&#8243; img_size=&#8221;full&#8221; alignment=&#8221;center&#8221;][vc_column_text css=&#8221;.vc_custom_1683634676092{margin-bottom: 20px !important;}&#8221;] Bug\u00fcnk\u00fc elmi inki\u015faflar i\u015f\u0131\u011f\u0131nda z\u0259ruri m\u00fcasir analizl\u0259r, laboratoriya (qan, sidik, n\u0259cis v\u0259 s.), radioloji m\u00fcayin\u0259l\u0259r (rentgen, ultras\u0259s, mamoqrafiya, komp\u00fcter tomoqrafiyas\u0131, MRT, s\u00fcm\u00fck s\u0131xl\u0131\u011f\u0131 v\u0259 s.), endoskopik m\u00fcayin\u0259l\u0259r ( yuxar\u0131 m\u0259d\u0259-ba\u011f\u0131rsaq sisteminin endoskopiyas\u0131, kolonoskopiya v\u0259 s.) v\u0259 EKQ, exokardioqrafiya kimi b\u00fct\u00fcn z\u0259ruri testl\u0259rd\u0259n istifad\u0259 etm\u0259kl\u0259 x\u0259st\u0259likl\u0259rin erk\u0259n &hellip; <a href=\"https:\/\/www.giresunadahastanesi.com\/az\/team-member\/uzm-dr-mehmet-falakaloglu\/\" class=\"more-link\">Continue reading <span class=\"screen-reader-text\">Uzm.Dr. Mehmet FALAKALO\u011eLU<\/span><\/a><\/p>\n","protected":false},"author":1,"featured_media":0,"parent":0,"menu_order":23,"comment_status":"closed","ping_status":"closed","template":"","meta":{"footnotes":""},"class_list":["post-4960","page","type-page","status-publish","hentry"],"_links":{"self":[{"href":"https:\/\/www.giresunadahastanesi.com\/az\/wp-json\/wp\/v2\/pages\/4960","targetHints":{"allow":["GET"]}}],"collection":[{"href":"https:\/\/www.giresunadahastanesi.com\/az\/wp-json\/wp\/v2\/pages"}],"about":[{"href":"https:\/\/www.giresunadahastanesi.com\/az\/wp-json\/wp\/v2\/types\/page"}],"author":[{"embeddable":true,"href":"https:\/\/www.giresunadahastanesi.com\/az\/wp-json\/wp\/v2\/users\/1"}],"replies":[{"embeddable":true,"href":"https:\/\/www.giresunadahastanesi.com\/az\/wp-json\/wp\/v2\/comments?post=4960"}],"version-history":[{"count":6,"href":"https:\/\/www.giresunadahastanesi.com\/az\/wp-json\/wp\/v2\/pages\/4960\/revisions"}],"predecessor-version":[{"id":7853,"href":"https:\/\/www.giresunadahastanesi.com\/az\/wp-json\/wp\/v2\/pages\/4960\/revisions\/7853"}],"wp:attachment":[{"href":"https:\/\/www.giresunadahastanesi.com\/az\/wp-json\/wp\/v2\/media?parent=4960"}],"curies":[{"name":"wp","href":"https:\/\/api.w.org\/{rel}","templated":true}]}}