{"id":4997,"date":"2023-05-09T15:17:16","date_gmt":"2023-05-09T12:17:16","guid":{"rendered":"https:\/\/www.giresunadahastanesi.com\/kirpik\/"},"modified":"2023-05-21T22:01:42","modified_gmt":"2023-05-21T19:01:42","slug":"kirpik","status":"publish","type":"page","link":"https:\/\/www.giresunadahastanesi.com\/az\/kirpik\/","title":{"rendered":"Kirpik"},"content":{"rendered":"<div class=\"wpb-content-wrapper\"><p>[vc_row tm_bgimagefixed=&#8221;&#8221; break_in_responsive=&#8221;991&#8243;][vc_column][vc_single_image image=&#8221;3816&#8243; img_size=&#8221;full&#8221; alignment=&#8221;center&#8221;][vc_column_text css=&#8221;.vc_custom_1683634582732{margin-bottom: 20px !important;}&#8221;]<\/p>\n<div class=\"elementor-element elementor-element-6ed8 elementor-widget elementor-widget-text-editor\" data-id=\"6ed8\" data-element_type=\"text-editor.default\">\n<div class=\"elementor-widget-container\">\n<div class=\"elementor-text-editor elementor-clearfix\">\n<p>Kornea hamar v\u0259 b\u00fct\u00fcn oxda eyni \u0259yrilikd\u0259 olmal\u0131d\u0131r. Buynuz qi\u015fan\u0131n m\u00fc\u0259yy\u0259n oxda az-\u00e7ox \u0259yri olmas\u0131 astiqmatizm q\u00fcsurunu ortaya qoyur. G\u00f6r\u00fcnt\u00fc n\u0259 uzaqda, n\u0259 d\u0259 yax\u0131nda ayd\u0131n deyil v\u0259 insan obyektl\u0259ri k\u00f6lg\u0259d\u0259 g\u00f6r\u00fcr.<\/p><\/div>\n<\/div>\n<\/div>\n<p>[\/vc_column_text]<h4 style=\"text-align:left;\" class=\"tm-custom-heading \" >Xidm\u0259tl\u0259r<\/h4>\n[vc_column_text css=&#8221;.vc_custom_1683634590948{margin-bottom: 10px !important;}&#8221;]E- Presbiopiya<br \/>\nAd\u0259t\u0259n 40 ya\u015f\u0131ndan sonra ba\u015flayan v\u0259 t\u0259bii \u015f\u0259raitd\u0259 g\u00f6z\u00fcn linzas\u0131n\u0131n elastikliyini itirdiyi zaman yaranan yax\u0131ndan g\u00f6rm\u0259 problemidir. Miyopi, hipermetropiya v\u0259 astiqmatizmd\u0259n f\u0259rqli olaraq lazerl\u0259 m\u00fcalic\u0259 m\u00fcmk\u00fcn deyil.<\/p>\n<p>DA\u0130M\u0130 G\u00d6Z MUAYEN\u018fS\u0130<br \/>\nSa\u011flam v\u0259 xo\u015fb\u0259xt h\u0259yat \u00fc\u00e7\u00fcn ilk add\u0131m&#8230;<\/p>\n<p>G\u00f6rm\u0259 insan\u0131 h\u0259yata ba\u011flayan \u0259n m\u00fch\u00fcm elementl\u0259rd\u0259n biridir. Buna g\u00f6r\u0259 d\u0259 m\u00fcnt\u0259z\u0259m g\u00f6z m\u00fcayin\u0259si sa\u011flam h\u0259yat \u00fc\u00e7\u00fcn \u0259n vacib add\u0131mlardan biridir. V\u0259 unutmaq olmaz ki, g\u00f6zd\u0259 olan g\u00f6rm\u0259 q\u00fcsurlar\u0131 v\u0259 x\u0259st\u0259likl\u0259ri yaln\u0131z oftalmoloq a\u015fkar ed\u0259 bil\u0259r. Ya\u015f\u0131 40-dan yuxar\u0131 olan, eyn\u0259k taxan v\u0259 ya taxmayan yetkin \u015f\u0259xs he\u00e7 bir \u015fikay\u0259ti olmasa da ild\u0259 bir d\u0259f\u0259 m\u00fcayin\u0259d\u0259n ke\u00e7m\u0259lidir. U\u015faqlarda bu m\u00fcdd\u0259t h\u0259kimin t\u00f6vsiy\u0259si il\u0259 6 ayda bir d\u0259f\u0259, h\u0259tta b\u0259zi x\u00fcsusi hallarda daha tez-tez ola bil\u0259r. He\u00e7 bir \u015fikay\u0259ti olmayan u\u015faqda 3. Ya\u015f birinci g\u00f6z n\u0259zar\u0259ti \u00fc\u00e7\u00fcn ideald\u0131r.<\/p>\n<p>Ada Hospitalda g\u00f6z m\u00fcayin\u0259si \u0259n son texnoloji cihazlar v\u0259 m\u00fct\u0259x\u0259ssis hey\u0259t t\u0259r\u0259find\u0259n vasvas\u0131l\u0131qla v\u0259 \u0259trafl\u0131 \u015f\u0259kild\u0259 apar\u0131l\u0131r.[\/vc_column_text][vc_row_inner][vc_column_inner width=&#8221;1\/2&#8243;]<ul class=\"tm-list tm-list-style-icon tm-list-icon-color-skincolor tm-black tm-icon-skincolor tm-list-textsize- tm-list-icon-library-fontawesome\"><li><i class=\"tm-skincolor fa fa-arrow-circle-right\"><\/i>  <span class=\"tm-list-li-content\">G\u00f6rm\u0259 k\u0259skinliyi testi<\/span><\/li><li><i class=\"tm-skincolor fa fa-arrow-circle-right\"><\/i>  <span class=\"tm-list-li-content\">Eyn\u0259kl\u0259rin m\u00fcayin\u0259y\u0259 ehtiyac\u0131 var\n<\/span><\/li><li><i class=\"tm-skincolor fa fa-arrow-circle-right\"><\/i>  <span class=\"tm-list-li-content\">G\u00f6z qapaqlar\u0131n\u0131n m\u00fcayin\u0259si<\/span><\/li><li><i class=\"tm-skincolor fa fa-arrow-circle-right\"><\/i>  <span class=\"tm-list-li-content\">G\u00f6z \u0259z\u0259l\u0259l\u0259rinin m\u00fcayin\u0259si\n<\/span><\/li><\/ul>[\/vc_column_inner][vc_column_inner width=&#8221;1\/2&#8243; tm_responsive_css=&#8221;40737847|colbreak_no|||||||||colbreak_no|-33px||||||||colbreak_no||||||||||colbreak_no|||||||||&#8221;]<ul class=\"tm-list tm-list-style-icon tm-list-icon-color-skincolor tm-black tm-icon-skincolor tm-list-textsize- tm-list-icon-library-fontawesome\"><li><i class=\"tm-skincolor fa fa-arrow-circle-right\"><\/i>  <span class=\"tm-list-li-content\">G\u00f6z qan t\u0259zyiqinin \u00f6l\u00e7\u00fclm\u0259si\n<\/span><\/li><li><i class=\"tm-skincolor fa fa-arrow-circle-right\"><\/i>  <span class=\"tm-list-li-content\">Biomikroskopik m\u00fcayin\u0259<\/span><\/li><li><i class=\"tm-skincolor fa fa-arrow-circle-right\"><\/i>  <span class=\"tm-list-li-content\">Fundus m\u00fcayin\u0259si<\/span><\/li><li><i class=\"tm-skincolor fa fa-arrow-circle-right\"><\/i>  <span class=\"tm-list-li-content\">Katarakt C\u0259rrahiyy\u0259si<\/span><\/li><\/ul>[\/vc_column_inner][\/vc_row_inner][\/vc_column][\/vc_row][vc_row tm_bgimagefixed=&#8221;&#8221; break_in_responsive=&#8221;991&#8243; css=&#8221;.vc_custom_1543407948016{padding-top: 10px !important;}&#8221;][vc_column]<h4 style=\"text-align:left;\" class=\"tm-custom-heading \" >Xidm\u0259t H\u0259kiml\u0259rimiz<\/h4>\n[vc_separator color=&#8221;custom&#8221; accent_color=&#8221;#ebebeb&#8221;]<div class=\"themetechmount-boxes themetechmount-boxes-team themetechmount-boxes-view-default themetechmount-boxes-col-three themetechmount-boxes-sortable-no themetechmount-boxes-textalign-center themetechmount-boxes-sortablebutton-\">\n\t\t<div class=\"themetechmount-boxes-inner themetechmount-boxes-team-inner \">\n\t\t\t\n\t\t\t<div class=\"row multi-columns-row themetechmount-boxes-row-wrapper\">\n\t\t\t\t<div class=\"tm-box-col-wrapper col-lg-4 col-sm-6 col-md-4 col-xs-12 goz-hastaliklari-az\"><article class=\"themetechmount-box themetechmount-box-team themetechmount-teambox-view-overlay\">\n\t<div class=\"themetechmount-post-item\">\n\t\t<div class=\"themetechmount-team-image-box\">\n\t\t\t\n\t\t<span class=\"themetechmount-item-thumbnail\">\n\t\t\t<span class=\"themetechmount-item-thumbnail-inner\">\n\t\t\t\t<img fetchpriority=\"high\" decoding=\"async\" width=\"380\" height=\"500\" src=\"https:\/\/www.giresunadahastanesi.com\/wp-content\/uploads\/2023\/05\/ozguryucesan-2-380x500.jpg\" class=\"attachment-themetechmount-img-teamoverlay size-themetechmount-img-teamoverlay wp-post-image\" alt=\"\" data-id=\"4096\" \/>\n\t\t\t<\/span>\n\t\t<\/span>\t        <div class=\"themetechmount-overlay\">\n\t\t\t\t<div class=\"themetechmount-icon-box themetechmount-box-link\"><a href=\"https:\/\/www.giresunadahastanesi.com\/az\/team-member\/op-dr-ozgur-yucesan\/\"><i class=\"tm-brivona-icon-plus-1\"><\/i><\/a><\/div>\t\n\t\t\t<\/div>\t\n\t\t<\/div>\t\n\t\t\t<div class=\"themetechmount-box-content\">\n\t\t\t\t<div class=\"themetechmount-team-position\">G\u00f6z Hastal\u0131klar\u0131<\/div>\n\t\t\t\t<div class=\"themetechmount-box-title\"><h4><a href=\"https:\/\/www.giresunadahastanesi.com\/az\/team-member\/op-dr-ozgur-yucesan\/\">Op.Dr. \u00d6zg\u00fcr Y\u00dcCESAN<\/a><\/h4><\/div>\t\t\t\t\t\t\t\t\n\t\t\t<\/div>\t\t\t\n\t<\/div>\n<\/article>\n <\/div><div class=\"tm-box-col-wrapper col-lg-4 col-sm-6 col-md-4 col-xs-12 goz-hastaliklari-az\"><article class=\"themetechmount-box themetechmount-box-team themetechmount-teambox-view-overlay\">\n\t<div class=\"themetechmount-post-item\">\n\t\t<div class=\"themetechmount-team-image-box\">\n\t\t\t\n\t\t<span class=\"themetechmount-item-thumbnail\">\n\t\t\t<span class=\"themetechmount-item-thumbnail-inner\">\n\t\t\t\t<img decoding=\"async\" width=\"380\" height=\"500\" src=\"https:\/\/www.giresunadahastanesi.com\/wp-content\/uploads\/2023\/05\/enginaksoy-2-380x500.jpg\" class=\"attachment-themetechmount-img-teamoverlay size-themetechmount-img-teamoverlay wp-post-image\" alt=\"\" data-id=\"4100\" \/>\n\t\t\t<\/span>\n\t\t<\/span>\t        <div class=\"themetechmount-overlay\">\n\t\t\t\t<div class=\"themetechmount-icon-box themetechmount-box-link\"><a href=\"https:\/\/www.giresunadahastanesi.com\/az\/team-member\/op-dr-engin-aksoy\/\"><i class=\"tm-brivona-icon-plus-1\"><\/i><\/a><\/div>\t\n\t\t\t<\/div>\t\n\t\t<\/div>\t\n\t\t\t<div class=\"themetechmount-box-content\">\n\t\t\t\t<div class=\"themetechmount-team-position\">G\u00f6z Hastal\u0131klar\u0131<\/div>\n\t\t\t\t<div class=\"themetechmount-box-title\"><h4><a href=\"https:\/\/www.giresunadahastanesi.com\/az\/team-member\/op-dr-engin-aksoy\/\">Op.Dr. Engin AKSOY<\/a><\/h4><\/div>\t\t\t\t\t\t\t\t\n\t\t\t<\/div>\t\t\t\n\t<\/div>\n<\/article>\n <\/div>\n\t\t\t<\/div>\n\t\t<\/div><!-- .themetechmount-boxes-inner -->   <\/div><!-- .themetechmount-boxes -->  [\/vc_column][\/vc_row]<\/p>\n<\/div>","protected":false},"excerpt":{"rendered":"<p>[vc_row tm_bgimagefixed=&#8221;&#8221; break_in_responsive=&#8221;991&#8243;][vc_column][vc_single_image image=&#8221;3816&#8243; img_size=&#8221;full&#8221; alignment=&#8221;center&#8221;][vc_column_text css=&#8221;.vc_custom_1683634582732{margin-bottom: 20px !important;}&#8221;] Kornea hamar v\u0259 b\u00fct\u00fcn oxda eyni \u0259yrilikd\u0259 olmal\u0131d\u0131r. Buynuz qi\u015fan\u0131n m\u00fc\u0259yy\u0259n oxda az-\u00e7ox \u0259yri olmas\u0131 astiqmatizm q\u00fcsurunu ortaya qoyur. G\u00f6r\u00fcnt\u00fc n\u0259 uzaqda, n\u0259 d\u0259 yax\u0131nda ayd\u0131n deyil v\u0259 insan obyektl\u0259ri k\u00f6lg\u0259d\u0259 g\u00f6r\u00fcr. [\/vc_column_text][vc_column_text css=&#8221;.vc_custom_1683634590948{margin-bottom: 10px !important;}&#8221;]E- Presbiopiya Ad\u0259t\u0259n 40 ya\u015f\u0131ndan sonra ba\u015flayan v\u0259 t\u0259bii \u015f\u0259raitd\u0259 g\u00f6z\u00fcn &hellip; <a href=\"https:\/\/www.giresunadahastanesi.com\/az\/team-member\/op-dr-engin-aksoy\/\" class=\"more-link\">Continue reading <span class=\"screen-reader-text\">Op.Dr. Engin AKSOY<\/span><\/a><\/p>\n","protected":false},"author":1,"featured_media":0,"parent":0,"menu_order":23,"comment_status":"closed","ping_status":"closed","template":"","meta":{"footnotes":""},"class_list":["post-4997","page","type-page","status-publish","hentry"],"_links":{"self":[{"href":"https:\/\/www.giresunadahastanesi.com\/az\/wp-json\/wp\/v2\/pages\/4997","targetHints":{"allow":["GET"]}}],"collection":[{"href":"https:\/\/www.giresunadahastanesi.com\/az\/wp-json\/wp\/v2\/pages"}],"about":[{"href":"https:\/\/www.giresunadahastanesi.com\/az\/wp-json\/wp\/v2\/types\/page"}],"author":[{"embeddable":true,"href":"https:\/\/www.giresunadahastanesi.com\/az\/wp-json\/wp\/v2\/users\/1"}],"replies":[{"embeddable":true,"href":"https:\/\/www.giresunadahastanesi.com\/az\/wp-json\/wp\/v2\/comments?post=4997"}],"version-history":[{"count":6,"href":"https:\/\/www.giresunadahastanesi.com\/az\/wp-json\/wp\/v2\/pages\/4997\/revisions"}],"predecessor-version":[{"id":7852,"href":"https:\/\/www.giresunadahastanesi.com\/az\/wp-json\/wp\/v2\/pages\/4997\/revisions\/7852"}],"wp:attachment":[{"href":"https:\/\/www.giresunadahastanesi.com\/az\/wp-json\/wp\/v2\/media?parent=4997"}],"curies":[{"name":"wp","href":"https:\/\/api.w.org\/{rel}","templated":true}]}}