{"id":5166,"date":"2023-05-09T15:36:49","date_gmt":"2023-05-09T12:36:49","guid":{"rendered":"https:\/\/www.giresunadahastanesi.com\/sac-%c9%99kilm%c9%99si-m%c9%99rk%c9%99zi\/"},"modified":"2023-05-21T22:13:14","modified_gmt":"2023-05-21T19:13:14","slug":"sac-%c9%99kilm%c9%99si-m%c9%99rk%c9%99zi","status":"publish","type":"page","link":"https:\/\/www.giresunadahastanesi.com\/az\/sac-%c9%99kilm%c9%99si-m%c9%99rk%c9%99zi\/","title":{"rendered":"Sa\u00e7 \u0259kilm\u0259si m\u0259rk\u0259zi"},"content":{"rendered":"<div class=\"wpb-content-wrapper\"><p>[vc_row tm_bgimagefixed=&#8221;&#8221; break_in_responsive=&#8221;991&#8243;][vc_column][vc_single_image image=&#8221;3816&#8243; img_size=&#8221;full&#8221; alignment=&#8221;center&#8221;][vc_column_text css=&#8221;.vc_custom_1683635799562{margin-bottom: 20px !important;}&#8221;]<\/p>\n<div class=\"elementor-element elementor-element-6ed8 elementor-widget elementor-widget-text-editor\" data-id=\"6ed8\" data-element_type=\"text-editor.default\">\n<div class=\"elementor-widget-container\">\n<div class=\"elementor-text-editor elementor-clearfix\">\n<p>\u00d6z\u0259l Giresun Ada X\u0259st\u0259xanas\u0131 sa\u00e7 transplantasiyas\u0131 m\u0259rk\u0259zi olaraq xidm\u0259tinizd\u0259yik.<\/p><\/div>\n<\/div>\n<\/div>\n<p>[\/vc_column_text]<h4 style=\"text-align:left;\" class=\"tm-custom-heading \" >Xidm\u0259tl\u0259r<\/h4>\n[vc_column_text css=&#8221;.vc_custom_1683635807021{margin-bottom: 10px !important;}&#8221;]Sa\u00e7 k\u00f6k\u00fcn\u00fcn art\u0131q aktiv olmad\u0131\u011f\u0131 v\u0259 ke\u00e7\u0259ll\u0259\u015fm\u0259nin ba\u015f verdiyi b\u00f6lg\u0259l\u0259r\u0259 mikroc\u0259rrahi \u00fcsullarla sa\u011flam sa\u00e7 k\u00f6kl\u0259rinin k\u00f6\u00e7\u00fcr\u00fclm\u0259si prosesi sa\u00e7 \u0259kimi adlan\u0131r.<\/p>\n<p>DHI Hair Transplantation (Direct Hair Implantation) \u201cDirect Hair Transplantation\u201d dem\u0259kdir. Bu \u00fcsulda yaln\u0131z m\u00fct\u0259x\u0259ssisl\u0259r t\u0259r\u0259find\u0259n istifad\u0259 edilm\u0259li olan choi adl\u0131 tibbi q\u0259l\u0259min k\u00f6m\u0259yi il\u0259 greftl\u0259r y\u0131\u011f\u0131l\u0131r v\u0259 sonra bu q\u0259l\u0259ml\u0259 al\u0131nan t\u00fckl\u0259r k\u0259sik v\u0259 kanal a\u00e7\u0131lmadan birba\u015fa d\u0259ri \u00fcz\u0259rin\u0259 qoyulur.<br \/>\nBu \u00fcsulla daha tez-tez \u0259kin h\u0259yata ke\u00e7irilir.<br \/>\nB\u0259rpa m\u00fcdd\u0259ti daha q\u0131sad\u0131r.<br \/>\nBu texnikada transplantasiya edil\u0259c\u0259k b\u00f6lg\u0259d\u0259 m\u00f6vcud sa\u00e7lar\u0131 k\u0259sm\u0259d\u0259n transplantasiya prosesini h\u0259yata ke\u00e7irm\u0259k m\u00fcmk\u00fcnd\u00fcr.<\/p>\n<p>PRP n\u0259dir?<br \/>\nPRP \u00fcsulunda insan\u0131n \u00f6z qan\u0131ndan al\u0131nan materiallar\u0131n sa\u00e7 d\u0259risin\u0259 t\u0259tbiqi il\u0259 sa\u00e7 k\u00f6kl\u0259rinin b\u0259rpas\u0131 m\u0259qs\u0259d qoyulur.<br \/>\nSa\u00e7 PRP t\u0259tbiqi q\u0131sa m\u00fcdd\u0259td\u0259 b\u00f6y\u00fck faydalar t\u0259min ed\u0259r\u0259k sa\u00e7 t\u00f6k\u00fclm\u0259sinin qar\u015f\u0131s\u0131n\u0131 almaq \u00fc\u00e7\u00fcn t\u0259tbiq edil\u0259n \u0259n yax\u015f\u0131 \u00fcsuldur.<\/p>\n<p>SA\u00c7 MEZOTERAP\u0130YASI N\u018fD\u0130R?<br \/>\nSa\u00e7 \u00fc\u00e7\u00fcn laz\u0131m olan vitaminl\u0259rin, minerallar\u0131n, keratolitik madd\u0259l\u0259rin, amin tur\u015fular\u0131n\u0131n v\u0259 s\u0259th geni\u015fl\u0259ndiricil\u0259rinin birba\u015fa ba\u015f d\u0259risin\u0259 yeridilm\u0259si prosesidir. BU EFEKTL\u0130 \u00dcSULDUR? : Onun effektivliyi sa\u00e7 v\u0259 ba\u015f d\u0259risin\u0259 xaricd\u0259n t\u0259tbiq olunan m\u0259hsullarla m\u00fcqayis\u0259 olunmayacaq d\u0259r\u0259c\u0259d\u0259 \u00fcst\u00fcnd\u00fcr.[\/vc_column_text][vc_row_inner][vc_column_inner width=&#8221;1\/2&#8243;]<ul class=\"tm-list tm-list-style-icon tm-list-icon-color-skincolor tm-black tm-icon-skincolor tm-list-textsize- tm-list-icon-library-fontawesome\"><\/ul>[\/vc_column_inner][vc_column_inner width=&#8221;1\/2&#8243; tm_responsive_css=&#8221;40737847|colbreak_no|||||||||colbreak_no|-33px||||||||colbreak_no||||||||||colbreak_no|||||||||&#8221;]<ul class=\"tm-list tm-list-style-icon tm-list-icon-color-skincolor tm-black tm-icon-skincolor tm-list-textsize- tm-list-icon-library-fontawesome\"><\/ul>[\/vc_column_inner][\/vc_row_inner][\/vc_column][\/vc_row][vc_row tm_bgimagefixed=&#8221;&#8221; break_in_responsive=&#8221;991&#8243; css=&#8221;.vc_custom_1543407948016{padding-top: 10px !important;}&#8221;][vc_column]<h4 style=\"text-align:left;\" class=\"tm-custom-heading \" >Xidm\u0259t H\u0259kiml\u0259rimiz<\/h4>\n[vc_separator color=&#8221;custom&#8221; accent_color=&#8221;#ebebeb&#8221;]<div class=\"themetechmount-boxes themetechmount-boxes-team themetechmount-boxes-view-default themetechmount-boxes-col-three themetechmount-boxes-sortable-no themetechmount-boxes-textalign-center themetechmount-boxes-sortablebutton-\">\n\t\t<div class=\"themetechmount-boxes-inner themetechmount-boxes-team-inner \">\n\t\t\t\n\t\t\t<div class=\"row multi-columns-row themetechmount-boxes-row-wrapper\">\n\t\t\t\t<div class=\"tm-box-col-wrapper col-lg-4 col-sm-6 col-md-4 col-xs-12 urologiya\"><article class=\"themetechmount-box themetechmount-box-team themetechmount-teambox-view-overlay\">\n\t<div class=\"themetechmount-post-item\">\n\t\t<div class=\"themetechmount-team-image-box\">\n\t\t\t\n\t\t<span class=\"themetechmount-item-thumbnail\">\n\t\t\t<span class=\"themetechmount-item-thumbnail-inner\">\n\t\t\t\t<img fetchpriority=\"high\" decoding=\"async\" width=\"380\" height=\"500\" src=\"https:\/\/www.giresunadahastanesi.com\/wp-content\/uploads\/2023\/05\/olcay-380x500.jpg\" class=\"attachment-themetechmount-img-teamoverlay size-themetechmount-img-teamoverlay wp-post-image\" alt=\"\" data-id=\"4012\" \/>\n\t\t\t<\/span>\n\t\t<\/span>\t        <div class=\"themetechmount-overlay\">\n\t\t\t\t<div class=\"themetechmount-icon-box themetechmount-box-link\"><a href=\"https:\/\/www.giresunadahastanesi.com\/az\/team-member\/opr-dr-olcay-yildirim\/\"><i class=\"tm-brivona-icon-plus-1\"><\/i><\/a><\/div>\t\n\t\t\t<\/div>\t\n\t\t<\/div>\t\n\t\t\t<div class=\"themetechmount-box-content\">\n\t\t\t\t<div class=\"themetechmount-team-position\">Urologiya<\/div>\n\t\t\t\t<div class=\"themetechmount-box-title\"><h4><a href=\"https:\/\/www.giresunadahastanesi.com\/az\/team-member\/opr-dr-olcay-yildirim\/\">Opr.Dr. Olcay YILDIRIM<\/a><\/h4><\/div>\t\t\t\t\t\t\t\t\n\t\t\t<\/div>\t\t\t\n\t<\/div>\n<\/article>\n <\/div><div class=\"tm-box-col-wrapper col-lg-4 col-sm-6 col-md-4 col-xs-12 radiologiya\"><article class=\"themetechmount-box themetechmount-box-team themetechmount-teambox-view-overlay\">\n\t<div class=\"themetechmount-post-item\">\n\t\t<div class=\"themetechmount-team-image-box\">\n\t\t\t\n\t\t<span class=\"themetechmount-item-thumbnail\">\n\t\t\t<span class=\"themetechmount-item-thumbnail-inner\">\n\t\t\t\t<img decoding=\"async\" width=\"380\" height=\"500\" src=\"https:\/\/www.giresunadahastanesi.com\/wp-content\/uploads\/2023\/05\/alikaya-380x500.jpg\" class=\"attachment-themetechmount-img-teamoverlay size-themetechmount-img-teamoverlay wp-post-image\" alt=\"\" data-id=\"4016\" \/>\n\t\t\t<\/span>\n\t\t<\/span>\t        <div class=\"themetechmount-overlay\">\n\t\t\t\t<div class=\"themetechmount-icon-box themetechmount-box-link\"><a href=\"https:\/\/www.giresunadahastanesi.com\/az\/team-member\/uzm-dr-ali-kaya\/\"><i class=\"tm-brivona-icon-plus-1\"><\/i><\/a><\/div>\t\n\t\t\t<\/div>\t\n\t\t<\/div>\t\n\t\t\t<div class=\"themetechmount-box-content\">\n\t\t\t\t<div class=\"themetechmount-team-position\">Radiologiya<\/div>\n\t\t\t\t<div class=\"themetechmount-box-title\"><h4><a href=\"https:\/\/www.giresunadahastanesi.com\/az\/team-member\/uzm-dr-ali-kaya\/\">Uzm.Dr. Ali KAYA<\/a><\/h4><\/div>\t\t\t\t\t\t\t\t\n\t\t\t<\/div>\t\t\t\n\t<\/div>\n<\/article>\n <\/div>\n\t\t\t<\/div>\n\t\t<\/div><!-- .themetechmount-boxes-inner -->   <\/div><!-- .themetechmount-boxes -->  [\/vc_column][\/vc_row]<\/p>\n<\/div>","protected":false},"excerpt":{"rendered":"<p>[vc_row tm_bgimagefixed=&#8221;&#8221; break_in_responsive=&#8221;991&#8243;][vc_column][vc_single_image image=&#8221;3816&#8243; img_size=&#8221;full&#8221; alignment=&#8221;center&#8221;][vc_column_text css=&#8221;.vc_custom_1683635799562{margin-bottom: 20px !important;}&#8221;] \u00d6z\u0259l Giresun Ada X\u0259st\u0259xanas\u0131 sa\u00e7 transplantasiyas\u0131 m\u0259rk\u0259zi olaraq xidm\u0259tinizd\u0259yik. [\/vc_column_text][vc_column_text css=&#8221;.vc_custom_1683635807021{margin-bottom: 10px !important;}&#8221;]Sa\u00e7 k\u00f6k\u00fcn\u00fcn art\u0131q aktiv olmad\u0131\u011f\u0131 v\u0259 ke\u00e7\u0259ll\u0259\u015fm\u0259nin ba\u015f verdiyi b\u00f6lg\u0259l\u0259r\u0259 mikroc\u0259rrahi \u00fcsullarla sa\u011flam sa\u00e7 k\u00f6kl\u0259rinin k\u00f6\u00e7\u00fcr\u00fclm\u0259si prosesi sa\u00e7 \u0259kimi adlan\u0131r. DHI Hair Transplantation (Direct Hair Implantation) \u201cDirect Hair Transplantation\u201d dem\u0259kdir. Bu \u00fcsulda yaln\u0131z m\u00fct\u0259x\u0259ssisl\u0259r &hellip; <a href=\"https:\/\/www.giresunadahastanesi.com\/az\/team-member\/uzm-dr-ali-kaya\/\" class=\"more-link\">Continue reading <span class=\"screen-reader-text\">Uzm.Dr. Ali KAYA<\/span><\/a><\/p>\n","protected":false},"author":1,"featured_media":0,"parent":0,"menu_order":23,"comment_status":"closed","ping_status":"closed","template":"","meta":{"footnotes":""},"class_list":["post-5166","page","type-page","status-publish","hentry"],"_links":{"self":[{"href":"https:\/\/www.giresunadahastanesi.com\/az\/wp-json\/wp\/v2\/pages\/5166","targetHints":{"allow":["GET"]}}],"collection":[{"href":"https:\/\/www.giresunadahastanesi.com\/az\/wp-json\/wp\/v2\/pages"}],"about":[{"href":"https:\/\/www.giresunadahastanesi.com\/az\/wp-json\/wp\/v2\/types\/page"}],"author":[{"embeddable":true,"href":"https:\/\/www.giresunadahastanesi.com\/az\/wp-json\/wp\/v2\/users\/1"}],"replies":[{"embeddable":true,"href":"https:\/\/www.giresunadahastanesi.com\/az\/wp-json\/wp\/v2\/comments?post=5166"}],"version-history":[{"count":15,"href":"https:\/\/www.giresunadahastanesi.com\/az\/wp-json\/wp\/v2\/pages\/5166\/revisions"}],"predecessor-version":[{"id":7864,"href":"https:\/\/www.giresunadahastanesi.com\/az\/wp-json\/wp\/v2\/pages\/5166\/revisions\/7864"}],"wp:attachment":[{"href":"https:\/\/www.giresunadahastanesi.com\/az\/wp-json\/wp\/v2\/media?parent=5166"}],"curies":[{"name":"wp","href":"https:\/\/api.w.org\/{rel}","templated":true}]}}