{"id":5187,"date":"2023-05-09T15:35:40","date_gmt":"2023-05-09T12:35:40","guid":{"rendered":"https:\/\/www.giresunadahastanesi.com\/radiologiya\/"},"modified":"2023-05-21T22:12:56","modified_gmt":"2023-05-21T19:12:56","slug":"radiologiya","status":"publish","type":"page","link":"https:\/\/www.giresunadahastanesi.com\/az\/radiologiya\/","title":{"rendered":"Radiologiya"},"content":{"rendered":"<div class=\"wpb-content-wrapper\"><p>[vc_row tm_bgimagefixed=&#8221;&#8221; break_in_responsive=&#8221;991&#8243;][vc_column][vc_single_image image=&#8221;3816&#8243; img_size=&#8221;full&#8221; alignment=&#8221;center&#8221;][vc_column_text css=&#8221;.vc_custom_1683635702405{margin-bottom: 20px !important;}&#8221;]<\/p>\n<div class=\"elementor-element elementor-element-20fc elementor-widget elementor-widget-text-editor\" data-id=\"20fc\" data-element_type=\"text-editor.default\">\n<div class=\"elementor-widget-container\">\n<div class=\"elementor-text-editor elementor-clearfix\">\n<p>Radiologiya tibbd\u0259 diaqnostika v\u0259 m\u00fcalic\u0259 \u00fc\u00e7\u00fcn rentgen \u015f\u00fcalar\u0131n\u0131n v\u0259 dig\u0259r g\u00f6r\u00fcnt\u00fcl\u0259m\u0259 \u00fcsullar\u0131n\u0131n istifad\u0259sidir.<\/p><\/div>\n<\/div>\n<\/div>\n<p>[\/vc_column_text]<h4 style=\"text-align:left;\" class=\"tm-custom-heading \" >Xidm\u0259tl\u0259r<\/h4>\n[vc_column_text css=&#8221;.vc_custom_1683635713021{margin-bottom: 10px !important;}&#8221;]<\/p>\n<div class=\"elementor-element elementor-element-737e elementor-widget elementor-widget-text-editor\" data-id=\"737e\" data-element_type=\"text-editor.default\">\n<div class=\"elementor-widget-container\">\n<div class=\"elementor-text-editor elementor-clearfix\">\n<div class=\"elementor-element elementor-element-737e elementor-widget elementor-widget-text-editor\" data-id=\"737e\" data-element_type=\"text-editor.default\">\n<div class=\"elementor-widget-container\">\n<div class=\"elementor-text-editor elementor-clearfix\">\n<p>Radiologiya, m\u00fcxt\u0259lif tibbi cihazlar\u0131n k\u00f6m\u0259yi il\u0259 bir \u00e7ox x\u0259st\u0259likl\u0259rin diaqnozunun qoyuldu\u011fu bir \u015f\u00f6b\u0259dir. Radiologiya \u015f\u00f6b\u0259sind\u0259 istifad\u0259 olunan cihazlar;<\/p>\n<p>1. X-Ray (Rentgen),<\/p>\n<p>a. S\u00fcm\u00fck v\u0259 a\u011fciy\u0259r x\u0259st\u0259likl\u0259rinin diaqnostikas\u0131nda \u0259n \u00e7ox istifad\u0259 edil\u0259n cihazd\u0131r.<\/p>\n<p>b. rentgen \u015f\u00fcalar\u0131ndan istifad\u0259 olunur.<\/p>\n<p>2. Mammoqrafiya<\/p>\n<p>a. Tez-tez d\u00f6\u015f x\u0259st\u0259likl\u0259rinin diaqnostikas\u0131nda istifad\u0259 olunur.<\/p>\n<p>b. 40 ya\u015f\u0131ndan sonra m\u00fcayin\u0259 vasit\u0259si kimi d\u0259 \u00fcst\u00fcnl\u00fck verilir.<\/p>\n<p>c. rentgen \u015f\u00fcalar\u0131ndan istifad\u0259 olunur<\/p><\/div>\n<\/div>\n<\/div>\n<\/div>\n<\/div>\n<\/div>\n<p>[\/vc_column_text][vc_row_inner][vc_column_inner width=&#8221;1\/2&#8243;]<ul class=\"tm-list tm-list-style-icon tm-list-icon-color-skincolor tm-black tm-icon-skincolor tm-list-textsize- tm-list-icon-library-fontawesome\"><li><i class=\"tm-skincolor fa fa-arrow-circle-right\"><\/i>  <span class=\"tm-list-li-content\">Rentgen \u015f\u00fcalar\u0131 il\u0259 i\u015fl\u0259y\u0259n tibbi cihazlar (hamil\u0259lik zaman\u0131 z\u0259r\u0259rli ola bil\u0259r)\n<\/span><\/li><li><i class=\"tm-skincolor fa fa-arrow-circle-right\"><\/i>  <span class=\"tm-list-li-content\">S\u0259s dal\u011falar\u0131 il\u0259 i\u015fl\u0259y\u0259n cihazlar<\/span><\/li><\/ul>[\/vc_column_inner][vc_column_inner width=&#8221;1\/2&#8243; tm_responsive_css=&#8221;40737847|colbreak_no|||||||||colbreak_no|-33px||||||||colbreak_no||||||||||colbreak_no|||||||||&#8221;]<ul class=\"tm-list tm-list-style-icon tm-list-icon-color-skincolor tm-black tm-icon-skincolor tm-list-textsize- tm-list-icon-library-fontawesome\"><li><i class=\"tm-skincolor fa fa-arrow-circle-right\"><\/i>  <span class=\"tm-list-li-content\">Radiotezlik dal\u011falar\u0131 il\u0259 i\u015fl\u0259y\u0259n cihazlar\n<\/span><\/li><\/ul>[\/vc_column_inner][\/vc_row_inner][\/vc_column][\/vc_row][vc_row tm_bgimagefixed=&#8221;&#8221; break_in_responsive=&#8221;991&#8243; css=&#8221;.vc_custom_1543407948016{padding-top: 10px !important;}&#8221;][vc_column]<h4 style=\"text-align:left;\" class=\"tm-custom-heading \" >Xidm\u0259t H\u0259kiml\u0259rimiz<\/h4>\n[vc_separator color=&#8221;custom&#8221; accent_color=&#8221;#ebebeb&#8221;]<div class=\"themetechmount-boxes themetechmount-boxes-team themetechmount-boxes-view-default themetechmount-boxes-col-three themetechmount-boxes-sortable-no themetechmount-boxes-textalign-center themetechmount-boxes-sortablebutton-\">\n\t\t<div class=\"themetechmount-boxes-inner themetechmount-boxes-team-inner \">\n\t\t\t\n\t\t\t<div class=\"row multi-columns-row themetechmount-boxes-row-wrapper\">\n\t\t\t\t<div class=\"tm-box-col-wrapper col-lg-4 col-sm-6 col-md-4 col-xs-12 radiologiya\"><article class=\"themetechmount-box themetechmount-box-team themetechmount-teambox-view-overlay\">\n\t<div class=\"themetechmount-post-item\">\n\t\t<div class=\"themetechmount-team-image-box\">\n\t\t\t\n\t\t<span class=\"themetechmount-item-thumbnail\">\n\t\t\t<span class=\"themetechmount-item-thumbnail-inner\">\n\t\t\t\t<img fetchpriority=\"high\" decoding=\"async\" width=\"380\" height=\"500\" src=\"https:\/\/www.giresunadahastanesi.com\/wp-content\/uploads\/2023\/05\/alikaya-380x500.jpg\" class=\"attachment-themetechmount-img-teamoverlay size-themetechmount-img-teamoverlay wp-post-image\" alt=\"\" data-id=\"4016\" \/>\n\t\t\t<\/span>\n\t\t<\/span>\t        <div class=\"themetechmount-overlay\">\n\t\t\t\t<div class=\"themetechmount-icon-box themetechmount-box-link\"><a href=\"https:\/\/www.giresunadahastanesi.com\/az\/team-member\/uzm-dr-ali-kaya\/\"><i class=\"tm-brivona-icon-plus-1\"><\/i><\/a><\/div>\t\n\t\t\t<\/div>\t\n\t\t<\/div>\t\n\t\t\t<div class=\"themetechmount-box-content\">\n\t\t\t\t<div class=\"themetechmount-team-position\">Radiologiya<\/div>\n\t\t\t\t<div class=\"themetechmount-box-title\"><h4><a href=\"https:\/\/www.giresunadahastanesi.com\/az\/team-member\/uzm-dr-ali-kaya\/\">Uzm.Dr. Ali KAYA<\/a><\/h4><\/div>\t\t\t\t\t\t\t\t\n\t\t\t<\/div>\t\t\t\n\t<\/div>\n<\/article>\n <\/div><div class=\"tm-box-col-wrapper col-lg-4 col-sm-6 col-md-4 col-xs-12 radiologiya\"><article class=\"themetechmount-box themetechmount-box-team themetechmount-teambox-view-overlay\">\n\t<div class=\"themetechmount-post-item\">\n\t\t<div class=\"themetechmount-team-image-box\">\n\t\t\t\n\t\t<span class=\"themetechmount-item-thumbnail\">\n\t\t\t<span class=\"themetechmount-item-thumbnail-inner\">\n\t\t\t\t<img decoding=\"async\" width=\"380\" height=\"500\" src=\"https:\/\/www.giresunadahastanesi.com\/wp-content\/uploads\/2023\/05\/akgununat-380x500.jpg\" class=\"attachment-themetechmount-img-teamoverlay size-themetechmount-img-teamoverlay wp-post-image\" alt=\"\" data-id=\"4020\" \/>\n\t\t\t<\/span>\n\t\t<\/span>\t        <div class=\"themetechmount-overlay\">\n\t\t\t\t<div class=\"themetechmount-icon-box themetechmount-box-link\"><a href=\"https:\/\/www.giresunadahastanesi.com\/az\/team-member\/uzm-dr-akgun-unat\/\"><i class=\"tm-brivona-icon-plus-1\"><\/i><\/a><\/div>\t\n\t\t\t<\/div>\t\n\t\t<\/div>\t\n\t\t\t<div class=\"themetechmount-box-content\">\n\t\t\t\t<div class=\"themetechmount-team-position\">Radiologiya<\/div>\n\t\t\t\t<div class=\"themetechmount-box-title\"><h4><a href=\"https:\/\/www.giresunadahastanesi.com\/az\/team-member\/uzm-dr-akgun-unat\/\">Uzm.Dr. Akg\u00fcn UNAT<\/a><\/h4><\/div>\t\t\t\t\t\t\t\t\n\t\t\t<\/div>\t\t\t\n\t<\/div>\n<\/article>\n <\/div>\n\t\t\t<\/div>\n\t\t<\/div><!-- .themetechmount-boxes-inner -->   <\/div><!-- .themetechmount-boxes -->  [\/vc_column][\/vc_row]<\/p>\n<\/div>","protected":false},"excerpt":{"rendered":"<p>[vc_row tm_bgimagefixed=&#8221;&#8221; break_in_responsive=&#8221;991&#8243;][vc_column][vc_single_image image=&#8221;3816&#8243; img_size=&#8221;full&#8221; alignment=&#8221;center&#8221;][vc_column_text css=&#8221;.vc_custom_1683635702405{margin-bottom: 20px !important;}&#8221;] Radiologiya tibbd\u0259 diaqnostika v\u0259 m\u00fcalic\u0259 \u00fc\u00e7\u00fcn rentgen \u015f\u00fcalar\u0131n\u0131n v\u0259 dig\u0259r g\u00f6r\u00fcnt\u00fcl\u0259m\u0259 \u00fcsullar\u0131n\u0131n istifad\u0259sidir. [\/vc_column_text][vc_column_text css=&#8221;.vc_custom_1683635713021{margin-bottom: 10px !important;}&#8221;] Radiologiya, m\u00fcxt\u0259lif tibbi cihazlar\u0131n k\u00f6m\u0259yi il\u0259 bir \u00e7ox x\u0259st\u0259likl\u0259rin diaqnozunun qoyuldu\u011fu bir \u015f\u00f6b\u0259dir. Radiologiya \u015f\u00f6b\u0259sind\u0259 istifad\u0259 olunan cihazlar; 1. X-Ray (Rentgen), a. S\u00fcm\u00fck v\u0259 a\u011fciy\u0259r x\u0259st\u0259likl\u0259rinin diaqnostikas\u0131nda \u0259n \u00e7ox &hellip; <a href=\"https:\/\/www.giresunadahastanesi.com\/az\/team-member\/uzm-dr-akgun-unat\/\" class=\"more-link\">Continue reading <span class=\"screen-reader-text\">Uzm.Dr. Akg\u00fcn UNAT<\/span><\/a><\/p>\n","protected":false},"author":1,"featured_media":0,"parent":0,"menu_order":23,"comment_status":"closed","ping_status":"closed","template":"","meta":{"footnotes":""},"class_list":["post-5187","page","type-page","status-publish","hentry"],"_links":{"self":[{"href":"https:\/\/www.giresunadahastanesi.com\/az\/wp-json\/wp\/v2\/pages\/5187","targetHints":{"allow":["GET"]}}],"collection":[{"href":"https:\/\/www.giresunadahastanesi.com\/az\/wp-json\/wp\/v2\/pages"}],"about":[{"href":"https:\/\/www.giresunadahastanesi.com\/az\/wp-json\/wp\/v2\/types\/page"}],"author":[{"embeddable":true,"href":"https:\/\/www.giresunadahastanesi.com\/az\/wp-json\/wp\/v2\/users\/1"}],"replies":[{"embeddable":true,"href":"https:\/\/www.giresunadahastanesi.com\/az\/wp-json\/wp\/v2\/comments?post=5187"}],"version-history":[{"count":6,"href":"https:\/\/www.giresunadahastanesi.com\/az\/wp-json\/wp\/v2\/pages\/5187\/revisions"}],"predecessor-version":[{"id":7863,"href":"https:\/\/www.giresunadahastanesi.com\/az\/wp-json\/wp\/v2\/pages\/5187\/revisions\/7863"}],"wp:attachment":[{"href":"https:\/\/www.giresunadahastanesi.com\/az\/wp-json\/wp\/v2\/media?parent=5187"}],"curies":[{"name":"wp","href":"https:\/\/api.w.org\/{rel}","templated":true}]}}