{"id":5213,"date":"2023-05-09T15:34:17","date_gmt":"2023-05-09T12:34:17","guid":{"rendered":"https:\/\/www.giresunadahastanesi.com\/psixiatriya\/"},"modified":"2023-05-21T22:11:32","modified_gmt":"2023-05-21T19:11:32","slug":"psixiatriya","status":"publish","type":"page","link":"https:\/\/www.giresunadahastanesi.com\/az\/psixiatriya\/","title":{"rendered":"Psixiatriya"},"content":{"rendered":"<div class=\"wpb-content-wrapper\"><p>[vc_row tm_bgimagefixed=&#8221;&#8221; break_in_responsive=&#8221;991&#8243;][vc_column][vc_single_image image=&#8221;3816&#8243; img_size=&#8221;full&#8221; alignment=&#8221;center&#8221;][vc_column_text css=&#8221;.vc_custom_1683635635598{margin-bottom: 20px !important;}&#8221;]<\/p>\n<div class=\"elementor-element elementor-element-6ed8 elementor-widget elementor-widget-text-editor\" data-id=\"6ed8\" data-element_type=\"text-editor.default\">\n<div class=\"elementor-widget-container\">\n<div class=\"elementor-text-editor elementor-clearfix\">\n<p>\u0130rsi faktorlar\u0131n rol oynad\u0131\u011f\u0131 dig\u0259r psixiatrik x\u0259st\u0259likl\u0259r d\u0259 psixiatriyan\u0131n maraq dair\u0259sind\u0259dir. Bunlara \u015fizofreniya, \u0259hval poz\u011funluqlar\u0131 (depressiya v\u0259 maniya) v\u0259 b\u0259zi dig\u0259r \u015f\u0259rtl\u0259r daxildir. Bunun xaricind\u0259 irsi faktorlar\u0131n varl\u0131\u011f\u0131 h\u0259l\u0259 s\u00fcbut edilm\u0259s\u0259 d\u0259, u\u015faql\u0131q d\u00f6vr\u00fcnd\u0259ki \u00e7\u0259tinlikl\u0259rin m\u00fch\u00fcm t\u0259yinedici oldu\u011fu \u015e\u0259xsiyy\u0259t Bozuklu\u011fu da \u0259lav\u0259 edil\u0259 bil\u0259r.<\/p><\/div>\n<\/div>\n<\/div>\n<p>[\/vc_column_text]<h4 style=\"text-align:left;\" class=\"tm-custom-heading \" >Xidm\u0259tl\u0259r<\/h4>\n[vc_column_text css=&#8221;.vc_custom_1683635643869{margin-bottom: 10px !important;}&#8221;]<\/p>\n<div class=\"elementor-element elementor-element-55fa elementor-widget elementor-widget-text-editor\" data-id=\"55fa\" data-element_type=\"text-editor.default\">\n<div class=\"elementor-widget-container\">\n<div class=\"elementor-text-editor elementor-clearfix\">\n<p>Obsesif-kompulsif poz\u011funluqlar (obsesif-kompulsif poz\u011funluqlar), dig\u0259r narahatl\u0131q poz\u011funluqlar\u0131 (\u00e7axna\u015fma poz\u011funlu\u011fu, \u00fcmumil\u0259\u015fdirilmi\u015f narahatl\u0131q poz\u011funluqlar\u0131, fobiyalar, sosial fobiya, post-travmatik stress poz\u011funlu\u011fu), qidalanma poz\u011funluqlar\u0131, ya\u015f reaksiyalar\u0131, yuxu poz\u011funluqlar\u0131 v\u0259 cins kimi veril\u0259 bil\u0259r. tarladak\u0131 x\u0259st\u0259likl\u0259rin n\u00fcmun\u0259si.<\/p>\n<p>Diaqnoz \u00fc\u00e7\u00fcn klinik m\u00fcsahib\u0259l\u0259r, m\u00fcayin\u0259l\u0259r, laboratoriya testl\u0259ri v\u0259 g\u00f6r\u00fcnt\u00fcl\u0259m\u0259 \u00fcsullar\u0131ndan istifad\u0259 ed\u0259r\u0259k psixiatriya m\u00fc\u0259yy\u0259n etdiyi poz\u011funluqlar\u0131 farmakoterapiya (d\u0259rman) v\u0259 psixoterapiya (psixoloji m\u00fcalic\u0259) il\u0259 m\u00fcalic\u0259 edir.<\/p><\/div>\n<\/div>\n<\/div>\n<p>[\/vc_column_text][vc_row_inner][vc_column_inner width=&#8221;1\/2&#8243;]<ul class=\"tm-list tm-list-style-icon tm-list-icon-color-skincolor tm-black tm-icon-skincolor tm-list-textsize- tm-list-icon-library-fontawesome\"><\/ul>[\/vc_column_inner][vc_column_inner width=&#8221;1\/2&#8243; tm_responsive_css=&#8221;40737847|colbreak_no|||||||||colbreak_no|-33px||||||||colbreak_no||||||||||colbreak_no|||||||||&#8221;]<ul class=\"tm-list tm-list-style-icon tm-list-icon-color-skincolor tm-black tm-icon-skincolor tm-list-textsize- tm-list-icon-library-fontawesome\"><\/ul>[\/vc_column_inner][\/vc_row_inner][\/vc_column][\/vc_row][vc_row tm_bgimagefixed=&#8221;&#8221; break_in_responsive=&#8221;991&#8243; css=&#8221;.vc_custom_1543407948016{padding-top: 10px !important;}&#8221;][vc_column]<h4 style=\"text-align:left;\" class=\"tm-custom-heading \" >Xidm\u0259t H\u0259kiml\u0259rimiz<\/h4>\n[vc_separator color=&#8221;custom&#8221; accent_color=&#8221;#ebebeb&#8221;]<div class=\"themetechmount-boxes themetechmount-boxes-team themetechmount-boxes-view-default themetechmount-boxes-col-three themetechmount-boxes-sortable-no themetechmount-boxes-textalign-center themetechmount-boxes-sortablebutton-\">\n\t\t<div class=\"themetechmount-boxes-inner themetechmount-boxes-team-inner \">\n\t\t\t\n\t\t\t<div class=\"row multi-columns-row themetechmount-boxes-row-wrapper\">\n\t\t\t\t<div class=\"tm-box-col-wrapper col-lg-4 col-sm-6 col-md-4 col-xs-12 psixiatriya\"><article class=\"themetechmount-box themetechmount-box-team themetechmount-teambox-view-overlay\">\n\t<div class=\"themetechmount-post-item\">\n\t\t<div class=\"themetechmount-team-image-box\">\n\t\t\t\n\t\t<span class=\"themetechmount-item-thumbnail\">\n\t\t\t<span class=\"themetechmount-item-thumbnail-inner\">\n\t\t\t\t<img fetchpriority=\"high\" decoding=\"async\" width=\"380\" height=\"500\" src=\"https:\/\/www.giresunadahastanesi.com\/wp-content\/uploads\/2023\/05\/meltemhazel-380x500.jpg\" class=\"attachment-themetechmount-img-teamoverlay size-themetechmount-img-teamoverlay wp-post-image\" alt=\"\" data-id=\"4028\" \/>\n\t\t\t<\/span>\n\t\t<\/span>\t        <div class=\"themetechmount-overlay\">\n\t\t\t\t<div class=\"themetechmount-icon-box themetechmount-box-link\"><a href=\"https:\/\/www.giresunadahastanesi.com\/az\/team-member\/uzm-dr-meltem-hazel-simsek\/\"><i class=\"tm-brivona-icon-plus-1\"><\/i><\/a><\/div>\t\n\t\t\t<\/div>\t\n\t\t<\/div>\t\n\t\t\t<div class=\"themetechmount-box-content\">\n\t\t\t\t<div class=\"themetechmount-team-position\">Psixiatriya<\/div>\n\t\t\t\t<div class=\"themetechmount-box-title\"><h4><a href=\"https:\/\/www.giresunadahastanesi.com\/az\/team-member\/uzm-dr-meltem-hazel-simsek\/\">Uzm.Dr. Meltem Hazel \u015e\u0130M\u015eEK<\/a><\/h4><\/div>\t\t\t\t\t\t\t\t\n\t\t\t<\/div>\t\t\t\n\t<\/div>\n<\/article>\n <\/div><div class=\"tm-box-col-wrapper col-lg-4 col-sm-6 col-md-4 col-xs-12 psixiatriya\"><article class=\"themetechmount-box themetechmount-box-team themetechmount-teambox-view-overlay\">\n\t<div class=\"themetechmount-post-item\">\n\t\t<div class=\"themetechmount-team-image-box\">\n\t\t\t\n\t\t<span class=\"themetechmount-item-thumbnail\">\n\t\t\t<span class=\"themetechmount-item-thumbnail-inner\">\n\t\t\t\t<img decoding=\"async\" width=\"380\" height=\"500\" src=\"https:\/\/www.giresunadahastanesi.com\/wp-content\/uploads\/2023\/05\/metinulgen-2-380x500.jpg\" class=\"attachment-themetechmount-img-teamoverlay size-themetechmount-img-teamoverlay wp-post-image\" alt=\"\" data-id=\"4032\" \/>\n\t\t\t<\/span>\n\t\t<\/span>\t        <div class=\"themetechmount-overlay\">\n\t\t\t\t<div class=\"themetechmount-icon-box themetechmount-box-link\"><a href=\"https:\/\/www.giresunadahastanesi.com\/az\/team-member\/uzm-dr-metin-ulgen\/\"><i class=\"tm-brivona-icon-plus-1\"><\/i><\/a><\/div>\t\n\t\t\t<\/div>\t\n\t\t<\/div>\t\n\t\t\t<div class=\"themetechmount-box-content\">\n\t\t\t\t<div class=\"themetechmount-team-position\">Psixiatriya<\/div>\n\t\t\t\t<div class=\"themetechmount-box-title\"><h4><a href=\"https:\/\/www.giresunadahastanesi.com\/az\/team-member\/uzm-dr-metin-ulgen\/\">Uzm.Dr. Metin \u00dcLGEN<\/a><\/h4><\/div>\t\t\t\t\t\t\t\t\n\t\t\t<\/div>\t\t\t\n\t<\/div>\n<\/article>\n <\/div>\n\t\t\t<\/div>\n\t\t<\/div><!-- .themetechmount-boxes-inner -->   <\/div><!-- .themetechmount-boxes -->  [\/vc_column][\/vc_row]<\/p>\n<\/div>","protected":false},"excerpt":{"rendered":"<p>[vc_row tm_bgimagefixed=&#8221;&#8221; break_in_responsive=&#8221;991&#8243;][vc_column][vc_single_image image=&#8221;3816&#8243; img_size=&#8221;full&#8221; alignment=&#8221;center&#8221;][vc_column_text css=&#8221;.vc_custom_1683635635598{margin-bottom: 20px !important;}&#8221;] \u0130rsi faktorlar\u0131n rol oynad\u0131\u011f\u0131 dig\u0259r psixiatrik x\u0259st\u0259likl\u0259r d\u0259 psixiatriyan\u0131n maraq dair\u0259sind\u0259dir. Bunlara \u015fizofreniya, \u0259hval poz\u011funluqlar\u0131 (depressiya v\u0259 maniya) v\u0259 b\u0259zi dig\u0259r \u015f\u0259rtl\u0259r daxildir. Bunun xaricind\u0259 irsi faktorlar\u0131n varl\u0131\u011f\u0131 h\u0259l\u0259 s\u00fcbut edilm\u0259s\u0259 d\u0259, u\u015faql\u0131q d\u00f6vr\u00fcnd\u0259ki \u00e7\u0259tinlikl\u0259rin m\u00fch\u00fcm t\u0259yinedici oldu\u011fu \u015e\u0259xsiyy\u0259t Bozuklu\u011fu da \u0259lav\u0259 edil\u0259 bil\u0259r. [\/vc_column_text][vc_column_text css=&#8221;.vc_custom_1683635643869{margin-bottom: &hellip; <a href=\"https:\/\/www.giresunadahastanesi.com\/az\/team-member\/uzm-dr-metin-ulgen\/\" class=\"more-link\">Continue reading <span class=\"screen-reader-text\">Uzm.Dr. Metin \u00dcLGEN<\/span><\/a><\/p>\n","protected":false},"author":1,"featured_media":0,"parent":0,"menu_order":23,"comment_status":"closed","ping_status":"closed","template":"","meta":{"footnotes":""},"class_list":["post-5213","page","type-page","status-publish","hentry"],"_links":{"self":[{"href":"https:\/\/www.giresunadahastanesi.com\/az\/wp-json\/wp\/v2\/pages\/5213","targetHints":{"allow":["GET"]}}],"collection":[{"href":"https:\/\/www.giresunadahastanesi.com\/az\/wp-json\/wp\/v2\/pages"}],"about":[{"href":"https:\/\/www.giresunadahastanesi.com\/az\/wp-json\/wp\/v2\/types\/page"}],"author":[{"embeddable":true,"href":"https:\/\/www.giresunadahastanesi.com\/az\/wp-json\/wp\/v2\/users\/1"}],"replies":[{"embeddable":true,"href":"https:\/\/www.giresunadahastanesi.com\/az\/wp-json\/wp\/v2\/comments?post=5213"}],"version-history":[{"count":6,"href":"https:\/\/www.giresunadahastanesi.com\/az\/wp-json\/wp\/v2\/pages\/5213\/revisions"}],"predecessor-version":[{"id":7862,"href":"https:\/\/www.giresunadahastanesi.com\/az\/wp-json\/wp\/v2\/pages\/5213\/revisions\/7862"}],"wp:attachment":[{"href":"https:\/\/www.giresunadahastanesi.com\/az\/wp-json\/wp\/v2\/media?parent=5213"}],"curies":[{"name":"wp","href":"https:\/\/api.w.org\/{rel}","templated":true}]}}