{"id":5249,"date":"2023-05-09T15:32:42","date_gmt":"2023-05-09T12:32:42","guid":{"rendered":"https:\/\/www.giresunadahastanesi.com\/psixologiya\/"},"modified":"2023-05-21T22:11:22","modified_gmt":"2023-05-21T19:11:22","slug":"psixologiya","status":"publish","type":"page","link":"https:\/\/www.giresunadahastanesi.com\/az\/psixologiya\/","title":{"rendered":"Psixologiya"},"content":{"rendered":"<div class=\"wpb-content-wrapper\"><p>[vc_row tm_bgimagefixed=&#8221;&#8221; break_in_responsive=&#8221;991&#8243;][vc_column][vc_single_image image=&#8221;3816&#8243; img_size=&#8221;full&#8221; alignment=&#8221;center&#8221;][vc_column_text css=&#8221;.vc_custom_1683635468493{margin-bottom: 20px !important;}&#8221;]<\/p>\n<div class=\"elementor-element elementor-element-6ed8 elementor-widget elementor-widget-text-editor\" data-id=\"6ed8\" data-element_type=\"text-editor.default\">\n<div class=\"elementor-widget-container\">\n<div class=\"elementor-text-editor elementor-clearfix\">\n<p>B\u00f6lm\u0259mizd\u0259 insanlar\u0131n ya\u015fad\u0131qlar\u0131 psixoloji probleml\u0259rin \u00f6hd\u0259sind\u0259n g\u0259lm\u0259l\u0259ri, inki\u015faf etm\u0259l\u0259ri v\u0259 \u00f6zl\u0259rini tan\u0131malar\u0131 \u00fc\u00e7\u00fcn pe\u015f\u0259kar xidm\u0259tl\u0259r g\u00f6st\u0259rilir. Eyni zamanda x\u0259st\u0259xanaya yerl\u0259\u015fdiril\u0259n x\u0259st\u0259l\u0259rimiz\u0259 v\u0259 onlar\u0131n yax\u0131nlar\u0131na m\u00fcalic\u0259 il\u0259 yana\u015f\u0131 psixoloji d\u0259st\u0259k d\u0259 g\u00f6st\u0259rilir.<\/p><\/div>\n<\/div>\n<\/div>\n<p>[\/vc_column_text]<h4 style=\"text-align:left;\" class=\"tm-custom-heading \" >Xidm\u0259tl\u0259r<\/h4>\n[vc_column_text css=&#8221;.vc_custom_1683635485118{margin-bottom: 10px !important;}&#8221;]<\/p>\n<div class=\"elementor-element elementor-element-55fa elementor-widget elementor-widget-text-editor\" data-id=\"55fa\" data-element_type=\"text-editor.default\">\n<div class=\"elementor-widget-container\">\n<div class=\"elementor-text-editor elementor-clearfix\">\n<p>Kliniki psixoloq v\u0259 psixiatrlardan ibar\u0259t komanda x\u0259st\u0259xanalar\u0131m\u0131zda m\u00fcalic\u0259 alan x\u0259st\u0259l\u0259r, psixoloji probleml\u0259ri il\u0259 m\u00fcraci\u0259t ed\u0259n \u015f\u0259xsl\u0259r v\u0259 c\u0259miyy\u0259t \u00fc\u00e7\u00fcn psixoloji qiym\u0259tl\u0259ndirm\u0259 v\u0259 psixoterapiya t\u0259cr\u00fcb\u0259l\u0259ri h\u0259yata ke\u00e7irir.<\/p>\n<p><strong>Niy\u0259 Psixoloqa getm\u0259liy\u0259m?<\/strong><\/p>\n<p>Fiziki probleminiz olanda h\u0259kim\u0259 m\u00fcraci\u0259t etdiyiniz kimi, psixoloji probleml\u0259rd\u0259 d\u0259 k\u00f6m\u0259k almaq laz\u0131md\u0131r v\u0259 faydal\u0131d\u0131r. Psixoloji poz\u011funlu\u011funuz ola bil\u0259r v\u0259 ya h\u0259yat\u0131n he\u00e7 bir m\u0259rh\u0259l\u0259sind\u0259 t\u0259kba\u015f\u0131na \u00f6hd\u0259sind\u0259n g\u0259l\u0259 bilm\u0259y\u0259c\u0259ksiniz.<\/p>\n<p>Psixoloji v\u0259 h\u0259yat probleml\u0259ri il\u0259 t\u0259kb\u0259t\u0259k m\u00fcraci\u0259t ed\u0259 v\u0259 ya \u00f6z v\u0259 ya yax\u0131nlar\u0131n\u0131z\u0131n fiziki x\u0259st\u0259likl\u0259ri il\u0259 ba\u011fl\u0131 psixoloqa m\u00fcraci\u0259t ed\u0259 bil\u0259rsiniz. Burada m\u0259qs\u0259d ruhi x\u0259st\u0259liyin m\u00fcalic\u0259si, sad\u0259 problemin h\u0259lli v\u0259 ya sad\u0259c\u0259 m\u0259sl\u0259h\u0259tl\u0259\u015fm\u0259 ola bil\u0259r.<\/p>\n<p>Psixoloq psixoloji \u00f6l\u00e7m\u0259 vasit\u0259l\u0259rind\u0259n istifad\u0259 ed\u0259r\u0259k qiym\u0259tl\u0259ndirm\u0259 apar\u0131r.<\/p>\n<p>Elmi \u00fcsul v\u0259 \u00fcsullardan istifad\u0259 etm\u0259kl\u0259 siz\u0259 k\u00f6m\u0259k edir v\u0259 zehni probleml\u0259rinizi h\u0259ll etm\u0259y\u0259 k\u00f6m\u0259k edir. Eyni zamanda z\u0259rur\u0259t yarand\u0131qda b\u00f6lm\u0259mizd\u0259 olan m\u0259sl\u0259h\u0259t\u00e7i psixiatrlar\u0131m\u0131za g\u00f6nd\u0259ri\u015fl\u0259r edilir.<\/p><\/div>\n<\/div>\n<\/div>\n<p>[\/vc_column_text][vc_row_inner][vc_column_inner width=&#8221;1\/2&#8243;]<ul class=\"tm-list tm-list-style-icon tm-list-icon-color-skincolor tm-black tm-icon-skincolor tm-list-textsize- tm-list-icon-library-fontawesome\"><li><i class=\"tm-skincolor fa fa-arrow-circle-right\"><\/i>  <span class=\"tm-list-li-content\">Depressiya<\/span><\/li><li><i class=\"tm-skincolor fa fa-arrow-circle-right\"><\/i>  <span class=\"tm-list-li-content\">Anksiyete poz\u011funluqlar\u0131<\/span><\/li><li><i class=\"tm-skincolor fa fa-arrow-circle-right\"><\/i>  <span class=\"tm-list-li-content\">Psixoloji travmalar<\/span><\/li><li><i class=\"tm-skincolor fa fa-arrow-circle-right\"><\/i>  <span class=\"tm-list-li-content\">M\u0259kt\u0259b u\u011fursuzlu\u011fu<\/span><\/li><li><i class=\"tm-skincolor fa fa-arrow-circle-right\"><\/i>  <span class=\"tm-list-li-content\">M\u0259kt\u0259b u\u011fursuzlu\u011fu<\/span><\/li><li><i class=\"tm-skincolor fa fa-arrow-circle-right\"><\/i>  <span class=\"tm-list-li-content\">Yem\u0259k poz\u011funlu\u011fu<\/span><\/li><\/ul>[\/vc_column_inner][vc_column_inner width=&#8221;1\/2&#8243; tm_responsive_css=&#8221;40737847|colbreak_no|||||||||colbreak_no|-33px||||||||colbreak_no||||||||||colbreak_no|||||||||&#8221;]<ul class=\"tm-list tm-list-style-icon tm-list-icon-color-skincolor tm-black tm-icon-skincolor tm-list-textsize- tm-list-icon-library-fontawesome\"><li><i class=\"tm-skincolor fa fa-arrow-circle-right\"><\/i>  <span class=\"tm-list-li-content\">Sa\u011flaml\u0131q Psixologiyas\u0131<\/span><\/li><li><i class=\"tm-skincolor fa fa-arrow-circle-right\"><\/i>  <span class=\"tm-list-li-content\">\u015e\u0259xsiyy\u0259t Testl\u0259ri<\/span><\/li><li><i class=\"tm-skincolor fa fa-arrow-circle-right\"><\/i>  <span class=\"tm-list-li-content\">\u0130nki\u015faf testl\u0259ri<\/span><\/li><li><i class=\"tm-skincolor fa fa-arrow-circle-right\"><\/i>  <span class=\"tm-list-li-content\">K\u0259\u015ffiyyat testl\u0259ri<\/span><\/li><li><i class=\"tm-skincolor fa fa-arrow-circle-right\"><\/i>  <span class=\"tm-list-li-content\">Diqq\u0259t testl\u0259ri<\/span><\/li><li><i class=\"tm-skincolor fa fa-arrow-circle-right\"><\/i>  <span class=\"tm-list-li-content\">Neyropsikoloji testl\u0259r<\/span><\/li><li><i class=\"tm-skincolor fa fa-arrow-circle-right\"><\/i>  <span class=\"tm-list-li-content\">Qavray\u0131\u015f laboratoriyas\u0131<\/span><\/li><\/ul>[\/vc_column_inner][\/vc_row_inner][\/vc_column][\/vc_row][vc_row tm_bgimagefixed=&#8221;&#8221; break_in_responsive=&#8221;991&#8243; css=&#8221;.vc_custom_1543407948016{padding-top: 10px !important;}&#8221;][vc_column]<h4 style=\"text-align:left;\" class=\"tm-custom-heading \" >Xidm\u0259t H\u0259kiml\u0259rimiz<\/h4>\n[vc_separator color=&#8221;custom&#8221; accent_color=&#8221;#ebebeb&#8221;]<div class=\"themetechmount-boxes themetechmount-boxes-team themetechmount-boxes-view-default themetechmount-boxes-col-three themetechmount-boxes-sortable-no themetechmount-boxes-textalign-center themetechmount-boxes-sortablebutton-\">\n\t\t<div class=\"themetechmount-boxes-inner themetechmount-boxes-team-inner \">\n\t\t\t\n\t\t\t<div class=\"row multi-columns-row themetechmount-boxes-row-wrapper\">\n\t\t\t\t<div class=\"tm-box-col-wrapper col-lg-4 col-sm-6 col-md-4 col-xs-12 psixologiya\"><article class=\"themetechmount-box themetechmount-box-team themetechmount-teambox-view-overlay\">\n\t<div class=\"themetechmount-post-item\">\n\t\t<div class=\"themetechmount-team-image-box\">\n\t\t\t\n\t\t<span class=\"themetechmount-item-thumbnail\">\n\t\t\t<span class=\"themetechmount-item-thumbnail-inner\">\n\t\t\t\t<img fetchpriority=\"high\" decoding=\"async\" width=\"380\" height=\"500\" src=\"https:\/\/www.giresunadahastanesi.com\/wp-content\/uploads\/2023\/05\/songul-380x500.jpg\" class=\"attachment-themetechmount-img-teamoverlay size-themetechmount-img-teamoverlay wp-post-image\" alt=\"\" data-id=\"4024\" \/>\n\t\t\t<\/span>\n\t\t<\/span>\t        <div class=\"themetechmount-overlay\">\n\t\t\t\t<div class=\"themetechmount-icon-box themetechmount-box-link\"><a href=\"https:\/\/www.giresunadahastanesi.com\/az\/team-member\/psk-songul-colakoglu\/\"><i class=\"tm-brivona-icon-plus-1\"><\/i><\/a><\/div>\t\n\t\t\t<\/div>\t\n\t\t<\/div>\t\n\t\t\t<div class=\"themetechmount-box-content\">\n\t\t\t\t<div class=\"themetechmount-team-position\">Psixologiya<\/div>\n\t\t\t\t<div class=\"themetechmount-box-title\"><h4><a href=\"https:\/\/www.giresunadahastanesi.com\/az\/team-member\/psk-songul-colakoglu\/\">Psk. Song\u00fcl \u00c7OLAKO\u011eLU<\/a><\/h4><\/div>\t\t\t\t\t\t\t\t\n\t\t\t<\/div>\t\t\t\n\t<\/div>\n<\/article>\n <\/div>\n\t\t\t<\/div>\n\t\t<\/div><!-- .themetechmount-boxes-inner -->   <\/div><!-- .themetechmount-boxes -->  [\/vc_column][\/vc_row]<\/p>\n<\/div>","protected":false},"excerpt":{"rendered":"<p>[vc_row tm_bgimagefixed=&#8221;&#8221; break_in_responsive=&#8221;991&#8243;][vc_column][vc_single_image image=&#8221;3816&#8243; img_size=&#8221;full&#8221; alignment=&#8221;center&#8221;][vc_column_text css=&#8221;.vc_custom_1683635468493{margin-bottom: 20px !important;}&#8221;] B\u00f6lm\u0259mizd\u0259 insanlar\u0131n ya\u015fad\u0131qlar\u0131 psixoloji probleml\u0259rin \u00f6hd\u0259sind\u0259n g\u0259lm\u0259l\u0259ri, inki\u015faf etm\u0259l\u0259ri v\u0259 \u00f6zl\u0259rini tan\u0131malar\u0131 \u00fc\u00e7\u00fcn pe\u015f\u0259kar xidm\u0259tl\u0259r g\u00f6st\u0259rilir. Eyni zamanda x\u0259st\u0259xanaya yerl\u0259\u015fdiril\u0259n x\u0259st\u0259l\u0259rimiz\u0259 v\u0259 onlar\u0131n yax\u0131nlar\u0131na m\u00fcalic\u0259 il\u0259 yana\u015f\u0131 psixoloji d\u0259st\u0259k d\u0259 g\u00f6st\u0259rilir. [\/vc_column_text][vc_column_text css=&#8221;.vc_custom_1683635485118{margin-bottom: 10px !important;}&#8221;] Kliniki psixoloq v\u0259 psixiatrlardan ibar\u0259t komanda x\u0259st\u0259xanalar\u0131m\u0131zda m\u00fcalic\u0259 alan x\u0259st\u0259l\u0259r, psixoloji &hellip; <a href=\"https:\/\/www.giresunadahastanesi.com\/az\/team-member\/psk-songul-colakoglu\/\" class=\"more-link\">Continue reading <span class=\"screen-reader-text\">Psk. Song\u00fcl \u00c7OLAKO\u011eLU<\/span><\/a><\/p>\n","protected":false},"author":1,"featured_media":0,"parent":0,"menu_order":23,"comment_status":"closed","ping_status":"closed","template":"","meta":{"footnotes":""},"class_list":["post-5249","page","type-page","status-publish","hentry"],"_links":{"self":[{"href":"https:\/\/www.giresunadahastanesi.com\/az\/wp-json\/wp\/v2\/pages\/5249","targetHints":{"allow":["GET"]}}],"collection":[{"href":"https:\/\/www.giresunadahastanesi.com\/az\/wp-json\/wp\/v2\/pages"}],"about":[{"href":"https:\/\/www.giresunadahastanesi.com\/az\/wp-json\/wp\/v2\/types\/page"}],"author":[{"embeddable":true,"href":"https:\/\/www.giresunadahastanesi.com\/az\/wp-json\/wp\/v2\/users\/1"}],"replies":[{"embeddable":true,"href":"https:\/\/www.giresunadahastanesi.com\/az\/wp-json\/wp\/v2\/comments?post=5249"}],"version-history":[{"count":11,"href":"https:\/\/www.giresunadahastanesi.com\/az\/wp-json\/wp\/v2\/pages\/5249\/revisions"}],"predecessor-version":[{"id":7861,"href":"https:\/\/www.giresunadahastanesi.com\/az\/wp-json\/wp\/v2\/pages\/5249\/revisions\/7861"}],"wp:attachment":[{"href":"https:\/\/www.giresunadahastanesi.com\/az\/wp-json\/wp\/v2\/media?parent=5249"}],"curies":[{"name":"wp","href":"https:\/\/api.w.org\/{rel}","templated":true}]}}