{"id":5293,"date":"2023-05-09T15:30:04","date_gmt":"2023-05-09T12:30:04","guid":{"rendered":"https:\/\/www.giresunadahastanesi.com\/ortopediya-v%c9%99-travmatologiya\/"},"modified":"2023-05-21T22:09:29","modified_gmt":"2023-05-21T19:09:29","slug":"ortopediya-v%c9%99-travmatologiya","status":"publish","type":"page","link":"https:\/\/www.giresunadahastanesi.com\/az\/ortopediya-v%c9%99-travmatologiya\/","title":{"rendered":"Ortopediya v\u0259 Travmatologiya"},"content":{"rendered":"<div class=\"wpb-content-wrapper\"><p>[vc_row tm_bgimagefixed=&#8221;&#8221; break_in_responsive=&#8221;991&#8243;][vc_column][vc_single_image image=&#8221;3816&#8243; img_size=&#8221;full&#8221; alignment=&#8221;center&#8221;][vc_column_text css=&#8221;.vc_custom_1683635378605{margin-bottom: 20px !important;}&#8221;]<\/p>\n<div class=\"elementor-element elementor-element-1986 elementor-widget elementor-widget-text-editor\" data-id=\"1986\" data-element_type=\"text-editor.default\">\n<div class=\"elementor-widget-container\">\n<div class=\"elementor-text-editor elementor-clearfix\">\n<p>\u015e\u00f6b\u0259d\u0259 tez-tez rast g\u0259lin\u0259n ortopedik x\u0259st\u0259likl\u0259rl\u0259 yana\u015f\u0131, \u00f6lk\u0259mizd\u0259 x\u00fcsusil\u0259 s\u0131n\u0131q v\u0259 \u00e7\u0131x\u0131qlar v\u0259 gec n\u0259tic\u0259l\u0259rin\u0259 g\u00f6r\u0259 struktur poz\u011funluqlar\u0131 \u00fc\u00e7\u00fcn m\u00fcalic\u0259 xidm\u0259tl\u0259ri g\u00f6st\u0259rilir.<\/p><\/div>\n<\/div>\n<\/div>\n<p>[\/vc_column_text]<h4 style=\"text-align:left;\" class=\"tm-custom-heading \" >Xidm\u0259tl\u0259r<\/h4>\n[vc_column_text css=&#8221;.vc_custom_1683635386508{margin-bottom: 10px !important;}&#8221;]<\/p>\n<div class=\"elementor-element elementor-element-24f8 elementor-widget elementor-widget-text-editor\" data-id=\"24f8\" data-element_type=\"text-editor.default\">\n<div class=\"elementor-widget-container\">\n<div class=\"elementor-text-editor elementor-clearfix\">\n<p>Artroskopik diz, \u00e7iyin v\u0259 topuq c\u0259rrahiyy\u0259si, \u0130dman z\u0259d\u0259l\u0259ri, Bud-diz oynaq protezl\u0259ri, Deformasiya v\u0259 q\u0131sal\u0131q, Onur\u011fa x\u0259st\u0259likl\u0259ri, \u00c7iyin x\u0259st\u0259likl\u0259ri, Ayaq x\u0259st\u0259likl\u0259ri, \u018fz\u0259l\u0259 v\u0259 s\u00fcm\u00fck sistemi \u015fi\u015fl\u0259ri, Anadang\u0259lm\u0259 anomaliyalar, Sinir m\u0259n\u015f\u0259li \u0259z\u0259l\u0259 v\u0259 s\u00fcm\u00fck x\u0259st\u0259likl\u0259rinin m\u00fcalic\u0259si.<\/p><\/div>\n<\/div>\n<\/div>\n<p>[\/vc_column_text][vc_row_inner][vc_column_inner width=&#8221;1\/2&#8243;]<ul class=\"tm-list tm-list-style-icon tm-list-icon-color-skincolor tm-black tm-icon-skincolor tm-list-textsize- tm-list-icon-library-fontawesome\"><\/ul>[\/vc_column_inner][vc_column_inner width=&#8221;1\/2&#8243; tm_responsive_css=&#8221;40737847|colbreak_no|||||||||colbreak_no|-33px||||||||colbreak_no||||||||||colbreak_no|||||||||&#8221;]<ul class=\"tm-list tm-list-style-icon tm-list-icon-color-skincolor tm-black tm-icon-skincolor tm-list-textsize- tm-list-icon-library-fontawesome\"><\/ul>[\/vc_column_inner][\/vc_row_inner][\/vc_column][\/vc_row][vc_row tm_bgimagefixed=&#8221;&#8221; break_in_responsive=&#8221;991&#8243; css=&#8221;.vc_custom_1543407948016{padding-top: 10px !important;}&#8221;][vc_column]<h4 style=\"text-align:left;\" class=\"tm-custom-heading \" >Xidm\u0259t H\u0259kiml\u0259rimiz<\/h4>\n[vc_separator color=&#8221;custom&#8221; accent_color=&#8221;#ebebeb&#8221;]<div class=\"themetechmount-boxes themetechmount-boxes-team themetechmount-boxes-view-default themetechmount-boxes-col-three themetechmount-boxes-sortable-no themetechmount-boxes-textalign-center themetechmount-boxes-sortablebutton-\">\n\t\t<div class=\"themetechmount-boxes-inner themetechmount-boxes-team-inner \">\n\t\t\t\n\t\t\t<div class=\"row multi-columns-row themetechmount-boxes-row-wrapper\">\n\t\t\t\t<div class=\"tm-box-col-wrapper col-lg-4 col-sm-6 col-md-4 col-xs-12 ortopediya-v%c9%99-travmatologiya\"><article class=\"themetechmount-box themetechmount-box-team themetechmount-teambox-view-overlay\">\n\t<div class=\"themetechmount-post-item\">\n\t\t<div class=\"themetechmount-team-image-box\">\n\t\t\t\n\t\t<span class=\"themetechmount-item-thumbnail\">\n\t\t\t<span class=\"themetechmount-item-thumbnail-inner\">\n\t\t\t\t<img fetchpriority=\"high\" decoding=\"async\" width=\"380\" height=\"500\" src=\"https:\/\/www.giresunadahastanesi.com\/wp-content\/uploads\/2023\/05\/seyfettinkaraca-2-380x500.jpg\" class=\"attachment-themetechmount-img-teamoverlay size-themetechmount-img-teamoverlay wp-post-image\" alt=\"\" data-id=\"4036\" \/>\n\t\t\t<\/span>\n\t\t<\/span>\t        <div class=\"themetechmount-overlay\">\n\t\t\t\t<div class=\"themetechmount-icon-box themetechmount-box-link\"><a href=\"https:\/\/www.giresunadahastanesi.com\/az\/team-member\/opr-dr-seyfettin-karaca\/\"><i class=\"tm-brivona-icon-plus-1\"><\/i><\/a><\/div>\t\n\t\t\t<\/div>\t\n\t\t<\/div>\t\n\t\t\t<div class=\"themetechmount-box-content\">\n\t\t\t\t<div class=\"themetechmount-team-position\">Ortopediya v\u0259 Travmatologiya<\/div>\n\t\t\t\t<div class=\"themetechmount-box-title\"><h4><a href=\"https:\/\/www.giresunadahastanesi.com\/az\/team-member\/opr-dr-seyfettin-karaca\/\">Opr.Dr. Seyfettin KARACA<\/a><\/h4><\/div>\t\t\t\t\t\t\t\t\n\t\t\t<\/div>\t\t\t\n\t<\/div>\n<\/article>\n <\/div><div class=\"tm-box-col-wrapper col-lg-4 col-sm-6 col-md-4 col-xs-12 ortopediya-v%c9%99-travmatologiya\"><article class=\"themetechmount-box themetechmount-box-team themetechmount-teambox-view-overlay\">\n\t<div class=\"themetechmount-post-item\">\n\t\t<div class=\"themetechmount-team-image-box\">\n\t\t\t\n\t\t<span class=\"themetechmount-item-thumbnail\">\n\t\t\t<span class=\"themetechmount-item-thumbnail-inner\">\n\t\t\t\t<img decoding=\"async\" width=\"380\" height=\"500\" src=\"https:\/\/www.giresunadahastanesi.com\/wp-content\/uploads\/2023\/05\/omerince-2-380x500.jpg\" class=\"attachment-themetechmount-img-teamoverlay size-themetechmount-img-teamoverlay wp-post-image\" alt=\"\" data-id=\"4040\" \/>\n\t\t\t<\/span>\n\t\t<\/span>\t        <div class=\"themetechmount-overlay\">\n\t\t\t\t<div class=\"themetechmount-icon-box themetechmount-box-link\"><a href=\"https:\/\/www.giresunadahastanesi.com\/az\/team-member\/opr-dr-omer-ince\/\"><i class=\"tm-brivona-icon-plus-1\"><\/i><\/a><\/div>\t\n\t\t\t<\/div>\t\n\t\t<\/div>\t\n\t\t\t<div class=\"themetechmount-box-content\">\n\t\t\t\t<div class=\"themetechmount-team-position\">Ortopediya v\u0259 Travmatologiya<\/div>\n\t\t\t\t<div class=\"themetechmount-box-title\"><h4><a href=\"https:\/\/www.giresunadahastanesi.com\/az\/team-member\/opr-dr-omer-ince\/\">Opr.Dr. \u00d6mer \u0130NCE<\/a><\/h4><\/div>\t\t\t\t\t\t\t\t\n\t\t\t<\/div>\t\t\t\n\t<\/div>\n<\/article>\n <\/div>\n\t\t\t<\/div>\n\t\t<\/div><!-- .themetechmount-boxes-inner -->   <\/div><!-- .themetechmount-boxes -->  [\/vc_column][\/vc_row]<\/p>\n<\/div>","protected":false},"excerpt":{"rendered":"<p>[vc_row tm_bgimagefixed=&#8221;&#8221; break_in_responsive=&#8221;991&#8243;][vc_column][vc_single_image image=&#8221;3816&#8243; img_size=&#8221;full&#8221; alignment=&#8221;center&#8221;][vc_column_text css=&#8221;.vc_custom_1683635378605{margin-bottom: 20px !important;}&#8221;] \u015e\u00f6b\u0259d\u0259 tez-tez rast g\u0259lin\u0259n ortopedik x\u0259st\u0259likl\u0259rl\u0259 yana\u015f\u0131, \u00f6lk\u0259mizd\u0259 x\u00fcsusil\u0259 s\u0131n\u0131q v\u0259 \u00e7\u0131x\u0131qlar v\u0259 gec n\u0259tic\u0259l\u0259rin\u0259 g\u00f6r\u0259 struktur poz\u011funluqlar\u0131 \u00fc\u00e7\u00fcn m\u00fcalic\u0259 xidm\u0259tl\u0259ri g\u00f6st\u0259rilir. [\/vc_column_text][vc_column_text css=&#8221;.vc_custom_1683635386508{margin-bottom: 10px !important;}&#8221;] Artroskopik diz, \u00e7iyin v\u0259 topuq c\u0259rrahiyy\u0259si, \u0130dman z\u0259d\u0259l\u0259ri, Bud-diz oynaq protezl\u0259ri, Deformasiya v\u0259 q\u0131sal\u0131q, Onur\u011fa x\u0259st\u0259likl\u0259ri, \u00c7iyin x\u0259st\u0259likl\u0259ri, Ayaq x\u0259st\u0259likl\u0259ri, &hellip; <a href=\"https:\/\/www.giresunadahastanesi.com\/az\/team-member\/opr-dr-omer-ince\/\" class=\"more-link\">Continue reading <span class=\"screen-reader-text\">Opr.Dr. \u00d6mer \u0130NCE<\/span><\/a><\/p>\n","protected":false},"author":1,"featured_media":0,"parent":0,"menu_order":23,"comment_status":"closed","ping_status":"closed","template":"","meta":{"footnotes":""},"class_list":["post-5293","page","type-page","status-publish","hentry"],"_links":{"self":[{"href":"https:\/\/www.giresunadahastanesi.com\/az\/wp-json\/wp\/v2\/pages\/5293","targetHints":{"allow":["GET"]}}],"collection":[{"href":"https:\/\/www.giresunadahastanesi.com\/az\/wp-json\/wp\/v2\/pages"}],"about":[{"href":"https:\/\/www.giresunadahastanesi.com\/az\/wp-json\/wp\/v2\/types\/page"}],"author":[{"embeddable":true,"href":"https:\/\/www.giresunadahastanesi.com\/az\/wp-json\/wp\/v2\/users\/1"}],"replies":[{"embeddable":true,"href":"https:\/\/www.giresunadahastanesi.com\/az\/wp-json\/wp\/v2\/comments?post=5293"}],"version-history":[{"count":6,"href":"https:\/\/www.giresunadahastanesi.com\/az\/wp-json\/wp\/v2\/pages\/5293\/revisions"}],"predecessor-version":[{"id":7860,"href":"https:\/\/www.giresunadahastanesi.com\/az\/wp-json\/wp\/v2\/pages\/5293\/revisions\/7860"}],"wp:attachment":[{"href":"https:\/\/www.giresunadahastanesi.com\/az\/wp-json\/wp\/v2\/media?parent=5293"}],"curies":[{"name":"wp","href":"https:\/\/api.w.org\/{rel}","templated":true}]}}