{"id":5297,"date":"2023-05-09T15:38:29","date_gmt":"2023-05-09T12:38:29","guid":{"rendered":"https:\/\/www.giresunadahastanesi.com\/urologiya\/"},"modified":"2023-05-21T22:14:20","modified_gmt":"2023-05-21T19:14:20","slug":"urologiya","status":"publish","type":"page","link":"https:\/\/www.giresunadahastanesi.com\/az\/urologiya\/","title":{"rendered":"Urologiya"},"content":{"rendered":"<div class=\"wpb-content-wrapper\"><p>[vc_row tm_bgimagefixed=&#8221;&#8221; break_in_responsive=&#8221;991&#8243;][vc_column][vc_single_image image=&#8221;3816&#8243; img_size=&#8221;full&#8221; alignment=&#8221;center&#8221;][vc_column_text css=&#8221;.vc_custom_1683635848765{margin-bottom: 20px !important;}&#8221;]<\/p>\n<div class=\"elementor-element elementor-element-6ed8 elementor-widget elementor-widget-text-editor\" data-id=\"6ed8\" data-element_type=\"text-editor.default\">\n<div class=\"elementor-widget-container\">\n<div class=\"elementor-text-editor elementor-clearfix\">\n<p>Sidik probleml\u0259rinizd\u0259 diqq\u0259tli olun Klinikam\u0131zda; Ki\u015fi v\u0259 qad\u0131nlar\u0131n sidik yollar\u0131 v\u0259 orqanlar\u0131 v\u0259 bu sisteml\u0259rin x\u0259st\u0259likl\u0259ri il\u0259 m\u0259\u015f\u011ful olur. Bundan \u0259lav\u0259, adrenal bezl\u0259rin c\u0259rrahi m\u00fcalic\u0259si urologiya sah\u0259sin\u0259 aiddir.<\/p><\/div>\n<\/div>\n<\/div>\n<p>[\/vc_column_text]<h4 style=\"text-align:left;\" class=\"tm-custom-heading \" >Xidm\u0259tl\u0259r<\/h4>\n[vc_column_text css=&#8221;.vc_custom_1683635855773{margin-bottom: 10px !important;}&#8221;]<\/p>\n<div class=\"elementor-element elementor-element-55fa elementor-widget elementor-widget-text-editor\" data-id=\"55fa\" data-element_type=\"text-editor.default\">\n<div class=\"elementor-widget-container\">\n<div class=\"elementor-text-editor elementor-clearfix\">\n<p>Sidik probleml\u0259rinizd\u0259 diqq\u0259tli olun Klinikam\u0131zda; Ki\u015fi v\u0259 qad\u0131nlar\u0131n sidik yollar\u0131 v\u0259 orqanlar\u0131 v\u0259 bu sisteml\u0259rin x\u0259st\u0259likl\u0259ri il\u0259 m\u0259\u015f\u011ful olur. Bundan \u0259lav\u0259, adrenal bezl\u0259rin c\u0259rrahi m\u00fcalic\u0259si urologiya sah\u0259sin\u0259 aiddir. Urologiya h\u0259m b\u00f6y\u00fckl\u0259r, h\u0259m d\u0259 u\u015faq x\u0259st\u0259l\u0259ri il\u0259 m\u0259\u015f\u011ful olur. Urologiya praktikas\u0131nda rast g\u0259lin\u0259n x\u0259st\u0259likl\u0259r aras\u0131nda: sidik yollar\u0131n\u0131n t\u0131xanmas\u0131, prostat v\u0259zinin b\u00f6y\u00fcm\u0259si, iktidars\u0131zl\u0131q, sonsuzluq, sidik qa\u00e7\u0131rma, b\u00f6yr\u0259k v\u0259 sidik yollar\u0131nda da\u015flar; b\u00f6yr\u0259k, sidik kis\u0259si, prostat v\u0259 (testis) yumurtal\u0131q x\u0259r\u00e7\u0259ngl\u0259ri \u0259h\u0259miyy\u0259tli bir yer tutur. Uroloqlar\u0131n m\u00fcalic\u0259 etdiyi dig\u0259r \u00fcmumi x\u0259st\u0259likl\u0259r sidik yollar\u0131n\u0131n infeksiyalar\u0131, cinsi yolla ke\u00e7\u0259n x\u0259st\u0259likl\u0259r v\u0259 uroloji orqanlar\u0131n z\u0259d\u0259l\u0259nm\u0259sidir. Bundan \u0259lav\u0259, o\u011flan u\u015faqlar\u0131n\u0131n b\u0259zi anadang\u0259lm\u0259 x\u0259st\u0259likl\u0259ri d\u0259 urologiyan\u0131n maraq dair\u0259sind\u0259dir. Bunlara enm\u0259mi\u015f xaya (yumurtan\u0131n torbaya enm\u0259m\u0259si), hidrosele (torbada su kis\u0259si) v\u0259 sidik yolunun yanl\u0131\u015f yerd\u0259 a\u00e7\u0131lmas\u0131 (hipospadias v\u0259 epispadias) daxildir. Gec\u0259l\u0259r yataq islatma, sidik kis\u0259sind\u0259n b\u00f6yr\u0259y\u0259 sidiyin axmas\u0131, s\u00fcnn\u0259t d\u0259risinin b\u00fct\u00fcn x\u0259st\u0259likl\u0259ri v\u0259 s\u00fcnn\u0259t \u0259m\u0259liyyat\u0131 da urologiya sah\u0259sin\u0259 daxildir. Urologiya a\u00e7\u0131q c\u0259rrahi \u0259m\u0259liyyatlarla yana\u015f\u0131, endoskopiya v\u0259 laparoskopiya kimi m\u00fcasir texnoloji \u00fcsullara \u0259saslanan qapal\u0131 \u0259m\u0259liyyatlar da h\u0259yata ke\u00e7irir.<\/p><\/div>\n<\/div>\n<\/div>\n<p>[\/vc_column_text][vc_row_inner][vc_column_inner width=&#8221;1\/2&#8243;]<ul class=\"tm-list tm-list-style-icon tm-list-icon-color-skincolor tm-black tm-icon-skincolor tm-list-textsize- tm-list-icon-library-fontawesome\"><li><i class=\"tm-skincolor fa fa-arrow-circle-right\"><\/i>  <span class=\"tm-list-li-content\">Qapal\u0131 (TUR) v\u0259 a\u00e7\u0131q prostat \u0259m\u0259liyyatlar\u0131<\/span><\/li><li><i class=\"tm-skincolor fa fa-arrow-circle-right\"><\/i>  <span class=\"tm-list-li-content\">Sidik qa\u00e7\u0131rman\u0131n (stres qa\u00e7\u0131rma) tibbi v\u0259 c\u0259rrahi m\u00fcalic\u0259si<\/span><\/li><li><i class=\"tm-skincolor fa fa-arrow-circle-right\"><\/i>  <span class=\"tm-list-li-content\">B\u00f6yr\u0259k v\u0259 sidik yollar\u0131nda da\u015flar<\/span><\/li><li><i class=\"tm-skincolor fa fa-arrow-circle-right\"><\/i>  <span class=\"tm-list-li-content\">K\u0131s\u0131rl\u0131k tedavisi (erkek infertilitesi)<\/span><\/li><\/ul>[\/vc_column_inner][vc_column_inner width=&#8221;1\/2&#8243; tm_responsive_css=&#8221;40737847|colbreak_no|||||||||colbreak_no|-33px||||||||colbreak_no||||||||||colbreak_no|||||||||&#8221;]<ul class=\"tm-list tm-list-style-icon tm-list-icon-color-skincolor tm-black tm-icon-skincolor tm-list-textsize- tm-list-icon-library-fontawesome\"><li><i class=\"tm-skincolor fa fa-arrow-circle-right\"><\/i>  <span class=\"tm-list-li-content\">C\u0259rrahi m\u00fcdaxil\u0259l\u0259r (enm\u0259mi\u015f testis, varikosel, hipospadias v\u0259 s.)\n<\/span><\/li><li><i class=\"tm-skincolor fa fa-arrow-circle-right\"><\/i>  <span class=\"tm-list-li-content\">Sidik kis\u0259si \u015fi\u015fi<\/span><\/li><li><i class=\"tm-skincolor fa fa-arrow-circle-right\"><\/i>  <span class=\"tm-list-li-content\">B\u00f6yr\u0259k \u015fi\u015fl\u0259ri<\/span><\/li><li><i class=\"tm-skincolor fa fa-arrow-circle-right\"><\/i>  <span class=\"tm-list-li-content\">Prostat iyn\u0259 biopsiyas\u0131<\/span><\/li><\/ul>[\/vc_column_inner][\/vc_row_inner][\/vc_column][\/vc_row][vc_row tm_bgimagefixed=&#8221;&#8221; break_in_responsive=&#8221;991&#8243; css=&#8221;.vc_custom_1543407948016{padding-top: 10px !important;}&#8221;][vc_column]<h4 style=\"text-align:left;\" class=\"tm-custom-heading \" >Xidm\u0259t H\u0259kiml\u0259rimiz<\/h4>\n[vc_separator color=&#8221;custom&#8221; accent_color=&#8221;#ebebeb&#8221;]<div class=\"themetechmount-boxes themetechmount-boxes-team themetechmount-boxes-view-default themetechmount-boxes-col-three themetechmount-boxes-sortable-no themetechmount-boxes-textalign-center themetechmount-boxes-sortablebutton-\">\n\t\t<div class=\"themetechmount-boxes-inner themetechmount-boxes-team-inner \">\n\t\t\t\n\t\t\t<div class=\"row multi-columns-row themetechmount-boxes-row-wrapper\">\n\t\t\t\t<div class=\"tm-box-col-wrapper col-lg-4 col-sm-6 col-md-4 col-xs-12 urologiya\"><article class=\"themetechmount-box themetechmount-box-team themetechmount-teambox-view-overlay\">\n\t<div class=\"themetechmount-post-item\">\n\t\t<div class=\"themetechmount-team-image-box\">\n\t\t\t\n\t\t<span class=\"themetechmount-item-thumbnail\">\n\t\t\t<span class=\"themetechmount-item-thumbnail-inner\">\n\t\t\t\t<img fetchpriority=\"high\" decoding=\"async\" width=\"380\" height=\"500\" src=\"https:\/\/www.giresunadahastanesi.com\/wp-content\/uploads\/2023\/05\/olcay-380x500.jpg\" class=\"attachment-themetechmount-img-teamoverlay size-themetechmount-img-teamoverlay wp-post-image\" alt=\"\" data-id=\"4012\" \/>\n\t\t\t<\/span>\n\t\t<\/span>\t        <div class=\"themetechmount-overlay\">\n\t\t\t\t<div class=\"themetechmount-icon-box themetechmount-box-link\"><a href=\"https:\/\/www.giresunadahastanesi.com\/az\/team-member\/opr-dr-olcay-yildirim\/\"><i class=\"tm-brivona-icon-plus-1\"><\/i><\/a><\/div>\t\n\t\t\t<\/div>\t\n\t\t<\/div>\t\n\t\t\t<div class=\"themetechmount-box-content\">\n\t\t\t\t<div class=\"themetechmount-team-position\">Urologiya<\/div>\n\t\t\t\t<div class=\"themetechmount-box-title\"><h4><a href=\"https:\/\/www.giresunadahastanesi.com\/az\/team-member\/opr-dr-olcay-yildirim\/\">Opr.Dr. Olcay YILDIRIM<\/a><\/h4><\/div>\t\t\t\t\t\t\t\t\n\t\t\t<\/div>\t\t\t\n\t<\/div>\n<\/article>\n <\/div>\n\t\t\t<\/div>\n\t\t<\/div><!-- .themetechmount-boxes-inner -->   <\/div><!-- .themetechmount-boxes -->  [\/vc_column][\/vc_row]<\/p>\n<\/div>","protected":false},"excerpt":{"rendered":"<p>[vc_row tm_bgimagefixed=&#8221;&#8221; break_in_responsive=&#8221;991&#8243;][vc_column][vc_single_image image=&#8221;3816&#8243; img_size=&#8221;full&#8221; alignment=&#8221;center&#8221;][vc_column_text css=&#8221;.vc_custom_1683635848765{margin-bottom: 20px !important;}&#8221;] Sidik probleml\u0259rinizd\u0259 diqq\u0259tli olun Klinikam\u0131zda; Ki\u015fi v\u0259 qad\u0131nlar\u0131n sidik yollar\u0131 v\u0259 orqanlar\u0131 v\u0259 bu sisteml\u0259rin x\u0259st\u0259likl\u0259ri il\u0259 m\u0259\u015f\u011ful olur. Bundan \u0259lav\u0259, adrenal bezl\u0259rin c\u0259rrahi m\u00fcalic\u0259si urologiya sah\u0259sin\u0259 aiddir. [\/vc_column_text][vc_column_text css=&#8221;.vc_custom_1683635855773{margin-bottom: 10px !important;}&#8221;] Sidik probleml\u0259rinizd\u0259 diqq\u0259tli olun Klinikam\u0131zda; Ki\u015fi v\u0259 qad\u0131nlar\u0131n sidik yollar\u0131 v\u0259 orqanlar\u0131 v\u0259 bu &hellip; <a href=\"https:\/\/www.giresunadahastanesi.com\/az\/team-member\/opr-dr-olcay-yildirim\/\" class=\"more-link\">Continue reading <span class=\"screen-reader-text\">Opr.Dr. Olcay YILDIRIM<\/span><\/a><\/p>\n","protected":false},"author":1,"featured_media":0,"parent":0,"menu_order":23,"comment_status":"closed","ping_status":"closed","template":"","meta":{"footnotes":""},"class_list":["post-5297","page","type-page","status-publish","hentry"],"_links":{"self":[{"href":"https:\/\/www.giresunadahastanesi.com\/az\/wp-json\/wp\/v2\/pages\/5297","targetHints":{"allow":["GET"]}}],"collection":[{"href":"https:\/\/www.giresunadahastanesi.com\/az\/wp-json\/wp\/v2\/pages"}],"about":[{"href":"https:\/\/www.giresunadahastanesi.com\/az\/wp-json\/wp\/v2\/types\/page"}],"author":[{"embeddable":true,"href":"https:\/\/www.giresunadahastanesi.com\/az\/wp-json\/wp\/v2\/users\/1"}],"replies":[{"embeddable":true,"href":"https:\/\/www.giresunadahastanesi.com\/az\/wp-json\/wp\/v2\/comments?post=5297"}],"version-history":[{"count":11,"href":"https:\/\/www.giresunadahastanesi.com\/az\/wp-json\/wp\/v2\/pages\/5297\/revisions"}],"predecessor-version":[{"id":7865,"href":"https:\/\/www.giresunadahastanesi.com\/az\/wp-json\/wp\/v2\/pages\/5297\/revisions\/7865"}],"wp:attachment":[{"href":"https:\/\/www.giresunadahastanesi.com\/az\/wp-json\/wp\/v2\/media?parent=5297"}],"curies":[{"name":"wp","href":"https:\/\/api.w.org\/{rel}","templated":true}]}}