{"id":5390,"date":"2023-05-09T15:41:02","date_gmt":"2023-05-09T12:41:02","guid":{"rendered":"https:\/\/www.giresunadahastanesi.com\/yeni-dogulmus\/"},"modified":"2023-05-21T22:15:12","modified_gmt":"2023-05-21T19:15:12","slug":"yeni-dogulmus","status":"publish","type":"page","link":"https:\/\/www.giresunadahastanesi.com\/az\/yeni-dogulmus\/","title":{"rendered":"Yeni do\u011fulmu\u015f"},"content":{"rendered":"<div class=\"wpb-content-wrapper\"><p>[vc_row tm_bgimagefixed=&#8221;&#8221; break_in_responsive=&#8221;991&#8243;][vc_column][vc_single_image image=&#8221;3816&#8243; img_size=&#8221;full&#8221; alignment=&#8221;center&#8221;][vc_column_text css=&#8221;.vc_custom_1683636044749{margin-bottom: 20px !important;}&#8221;]Neonatal Reanimasiya B\u00f6lm\u0259si reanimasiyaya ehtiyac\u0131 olan b\u00fct\u00fcn k\u00f6rp\u0259l\u0259r\u0259 laz\u0131mi d\u0259st\u0259yi verir. M\u00fcasir m\u0259lumatlar i\u015f\u0131\u011f\u0131nda m\u00fcasir tibbi avadanl\u0131qlar\u0131 il\u0259 k\u00f6rp\u0259l\u0259ri q\u0131sa m\u00fcdd\u0259td\u0259 ail\u0259l\u0259rin\u0259 qovu\u015fdurur, ail\u0259l\u0259rin m\u0259lumatland\u0131r\u0131lmas\u0131 v\u0259 maarifl\u0259ndirilm\u0259si \u00fc\u00e7\u00fcn laz\u0131mi resurslar\u0131 t\u0259min edir.[\/vc_column_text]<h4 style=\"text-align:left;\" class=\"tm-custom-heading \" >Xidm\u0259tl\u0259r<\/h4>\n[vc_column_text css=&#8221;.vc_custom_1683636052349{margin-bottom: 10px !important;}&#8221;]Yenido\u011fulmu\u015flar\u0131n Reanimasiya \u015f\u00f6b\u0259si vaxt\u0131ndan \u0259vv\u0259l do\u011fu\u015f, \u00e7oxlu hamil\u0259lik, \u015f\u0259k\u0259rli diabetli analar\u0131n k\u00f6rp\u0259l\u0259ri, b\u00f6y\u00fck k\u00f6rp\u0259l\u0259r, ana b\u0259tnind\u0259 mekonium udmu\u015f k\u00f6rp\u0259l\u0259r, \u00e7\u0259tin do\u011fu\u015f n\u0259tic\u0259sind\u0259 beyin v\u0259 dig\u0259r orqan z\u0259d\u0259l\u0259nm\u0259l\u0259ri kimi y\u00fcks\u0259k riskli k\u00f6rp\u0259l\u0259r\u0259 2012-ci ild\u0259n ba\u015flayaraq qabaqc\u0131l qay\u011f\u0131 g\u00f6st\u0259rir. Hamil\u0259liyin 24-c\u00fc h\u0259ft\u0259si. G\u0259nc x\u0259st\u0259l\u0259rin\u0259 laz\u0131m olan b\u00fct\u00fcn tibbi v\u0259 c\u0259rrahi xidm\u0259tl\u0259ri g\u00f6st\u0259r\u0259n Neonatal Reanimasiya \u015f\u00f6b\u0259si x\u0259st\u0259xanadan \u0259lav\u0259 T\u00fcrkiy\u0259 v\u0259 qon\u015fu \u00f6lk\u0259l\u0259rd\u0259 reanimasiyaya ehtiyac\u0131 olan b\u00fct\u00fcn yeni do\u011fulmu\u015f k\u00f6rp\u0259l\u0259r\u0259 sa\u011flaml\u0131q xidm\u0259ti g\u00f6st\u0259rir. Bu m\u0259qs\u0259dl\u0259 hava v\u0259 quru t\u0259cili yard\u0131m sisteml\u0259ri il\u0259 \u0259m\u0259kda\u015fl\u0131qda xidm\u0259t g\u00f6st\u0259rilir.[\/vc_column_text][vc_row_inner][vc_column_inner width=&#8221;1\/2&#8243;]<ul class=\"tm-list tm-list-style-icon tm-list-icon-color-skincolor tm-black tm-icon-skincolor tm-list-textsize- tm-list-icon-library-fontawesome\"><\/ul>[\/vc_column_inner][vc_column_inner width=&#8221;1\/2&#8243; tm_responsive_css=&#8221;40737847|colbreak_no|||||||||colbreak_no|-33px||||||||colbreak_no||||||||||colbreak_no|||||||||&#8221;]<ul class=\"tm-list tm-list-style-icon tm-list-icon-color-skincolor tm-black tm-icon-skincolor tm-list-textsize- tm-list-icon-library-fontawesome\"><\/ul>[\/vc_column_inner][\/vc_row_inner][\/vc_column][\/vc_row][vc_row tm_bgimagefixed=&#8221;&#8221; break_in_responsive=&#8221;991&#8243; css=&#8221;.vc_custom_1543407948016{padding-top: 10px !important;}&#8221;][vc_column]<h4 style=\"text-align:left;\" class=\"tm-custom-heading \" >Xidm\u0259t H\u0259kiml\u0259rimiz<\/h4>\n[vc_separator color=&#8221;custom&#8221; accent_color=&#8221;#ebebeb&#8221;]<div class=\"themetechmount-boxes themetechmount-boxes-team themetechmount-boxes-view-default themetechmount-boxes-col-three themetechmount-boxes-sortable-no themetechmount-boxes-textalign-center themetechmount-boxes-sortablebutton-\">\n\t\t<div class=\"themetechmount-boxes-inner themetechmount-boxes-team-inner \"><\/div><!-- .themetechmount-boxes-inner -->   <\/div><!-- .themetechmount-boxes -->  [\/vc_column][\/vc_row]<\/p>\n<\/div>","protected":false},"excerpt":{"rendered":"<p>[vc_row tm_bgimagefixed=&#8221;&#8221; break_in_responsive=&#8221;991&#8243;][vc_column][vc_single_image image=&#8221;3816&#8243; img_size=&#8221;full&#8221; alignment=&#8221;center&#8221;][vc_column_text css=&#8221;.vc_custom_1683636044749{margin-bottom: 20px !important;}&#8221;]Neonatal Reanimasiya B\u00f6lm\u0259si reanimasiyaya ehtiyac\u0131 olan b\u00fct\u00fcn k\u00f6rp\u0259l\u0259r\u0259 laz\u0131mi d\u0259st\u0259yi verir. M\u00fcasir m\u0259lumatlar i\u015f\u0131\u011f\u0131nda m\u00fcasir tibbi avadanl\u0131qlar\u0131 il\u0259 k\u00f6rp\u0259l\u0259ri q\u0131sa m\u00fcdd\u0259td\u0259 ail\u0259l\u0259rin\u0259 qovu\u015fdurur, ail\u0259l\u0259rin m\u0259lumatland\u0131r\u0131lmas\u0131 v\u0259 maarifl\u0259ndirilm\u0259si \u00fc\u00e7\u00fcn laz\u0131mi resurslar\u0131 t\u0259min edir.[\/vc_column_text][vc_column_text css=&#8221;.vc_custom_1683636052349{margin-bottom: 10px !important;}&#8221;]Yenido\u011fulmu\u015flar\u0131n Reanimasiya \u015f\u00f6b\u0259si vaxt\u0131ndan \u0259vv\u0259l do\u011fu\u015f, \u00e7oxlu hamil\u0259lik, \u015f\u0259k\u0259rli diabetli analar\u0131n k\u00f6rp\u0259l\u0259ri, b\u00f6y\u00fck &hellip; <a href=\"https:\/\/www.giresunadahastanesi.com\/az\/yeni-dogulmus\/\" class=\"more-link\">Continue reading <span class=\"screen-reader-text\">Yeni do\u011fulmu\u015f<\/span><\/a><\/p>\n","protected":false},"author":1,"featured_media":0,"parent":0,"menu_order":23,"comment_status":"closed","ping_status":"closed","template":"","meta":{"footnotes":""},"class_list":["post-5390","page","type-page","status-publish","hentry"],"_links":{"self":[{"href":"https:\/\/www.giresunadahastanesi.com\/az\/wp-json\/wp\/v2\/pages\/5390","targetHints":{"allow":["GET"]}}],"collection":[{"href":"https:\/\/www.giresunadahastanesi.com\/az\/wp-json\/wp\/v2\/pages"}],"about":[{"href":"https:\/\/www.giresunadahastanesi.com\/az\/wp-json\/wp\/v2\/types\/page"}],"author":[{"embeddable":true,"href":"https:\/\/www.giresunadahastanesi.com\/az\/wp-json\/wp\/v2\/users\/1"}],"replies":[{"embeddable":true,"href":"https:\/\/www.giresunadahastanesi.com\/az\/wp-json\/wp\/v2\/comments?post=5390"}],"version-history":[{"count":6,"href":"https:\/\/www.giresunadahastanesi.com\/az\/wp-json\/wp\/v2\/pages\/5390\/revisions"}],"predecessor-version":[{"id":7867,"href":"https:\/\/www.giresunadahastanesi.com\/az\/wp-json\/wp\/v2\/pages\/5390\/revisions\/7867"}],"wp:attachment":[{"href":"https:\/\/www.giresunadahastanesi.com\/az\/wp-json\/wp\/v2\/media?parent=5390"}],"curies":[{"name":"wp","href":"https:\/\/api.w.org\/{rel}","templated":true}]}}