{"id":5435,"date":"2023-05-16T00:16:28","date_gmt":"2023-05-15T21:16:28","guid":{"rendered":"https:\/\/www.giresunadahastanesi.com\/x%c9%99st%c9%99-huquqlari\/"},"modified":"2023-05-20T13:23:00","modified_gmt":"2023-05-20T10:23:00","slug":"x%c9%99st%c9%99-huquqlari","status":"publish","type":"page","link":"https:\/\/www.giresunadahastanesi.com\/az\/x%c9%99st%c9%99-huquqlari\/","title":{"rendered":"X\u0259st\u0259 h\u00fcquqlar\u0131"},"content":{"rendered":"<div class=\"wpb-content-wrapper\"><p>[vc_row tm_bgimagefixed=&#8221;&#8221; css=&#8221;.vc_custom_1533399575967{padding-top: 65px !important;padding-bottom: 60px !important;}&#8221;][vc_column]<h2 style=\"text-align:left;font-size:36px;line-height:46px;\" class=\"tm-custom-heading \" >X\u0259st\u0259 <strong>H\u00fcquqlar\u0131<\/strong><\/h2>\n[vc_column_text]Diaqnoz v\u0259 m\u00fcalic\u0259 \u00fc\u00e7\u00fcn X\u0259st\u0259xanam\u0131za m\u00fcraci\u0259t ed\u0259n h\u0259r bir \u015f\u0259xs \u015f\u00f6b\u0259mizin n\u0259zar\u0259tind\u0259 olan v\u0259 bu m\u0259tnd\u0259 yaz\u0131lan h\u00fcquqlara h\u0259r m\u0259rh\u0259l\u0259d\u0259 \u0259m\u0259l ed\u0259 bil\u0259r: \u018ftrafl\u0131 m\u0259lumat t\u0259l\u0259b olunarsa, biziml\u0259 \u0259laq\u0259 saxlaya bil\u0259rsiniz. <strong><a href=\"mailto:info@giresunadahastanesi.com\">info@giresunadahastanesi.com<\/a><\/strong>[\/vc_column_text][vc_tta_accordion color=&#8221;grey&#8221; gap=&#8221;20&#8243; c_icon=&#8221;chevron&#8221; c_position=&#8221;right&#8221; active_section=&#8221;1&#8243;][vc_tta_section title=&#8221;1. Xidm\u0259tl\u0259rd\u0259n faydalanmaq h\u00fcququ:&#8221; tab_id=&#8221;1533397591990-9dd742b0-768c7fbd-fe2c8772-68a65eb8-e9ba&#8221;][vc_column_text css=&#8221;.vc_custom_1684185480306{margin-bottom: 0px !important;}&#8221;]<strong>1.1<\/strong> Fiziki, intellektual v\u0259 sosial x\u00fcsusiyy\u0259tl\u0259rind\u0259n as\u0131l\u0131 olmayaraq x\u0259st\u0259xanam\u0131za m\u00fcraci\u0259t ed\u0259n h\u0259r bir f\u0259rd m\u00f6vcud diaqnostika v\u0259 m\u00fcalic\u0259 imkanlar\u0131ndan yararlanmaq h\u00fcququna malikdir.<\/p>\n<p><strong>1.2<\/strong> X\u0259st\u0259nin m\u00fcalic\u0259nin ist\u0259nil\u0259n m\u0259rh\u0259l\u0259sind\u0259 h\u0259kim v\u0259\/v\u0259 ya s\u0259hiyy\u0259 m\u00fc\u0259ssis\u0259sini se\u00e7m\u0259k v\u0259 onu d\u0259yi\u015fm\u0259k h\u00fcququ vard\u0131r.[\/vc_column_text][vc_column_text][\/vc_column_text][\/vc_tta_section][vc_tta_section title=&#8221;2. H\u00f6rm\u0259t v\u0259 L\u0259yaq\u0259t h\u00fcququ:&#8221; tab_id=&#8221;1533396882141-f4e83ff9-08ff7fbd-fe2c8772-68a65eb8-e9ba&#8221;][vc_column_text]<strong>2.1<\/strong> X\u0259st\u0259nin f\u0259rdi l\u0259yaq\u0259tini qorumaqla, h\u0259r zaman h\u00f6rm\u0259tli, yum\u015faq, \u015f\u0259fq\u0259tli v\u0259 mehriban bir m\u00fchitd\u0259 m\u00fcalic\u0259 olunmaq h\u00fcququ vard\u0131r.<\/p>\n<p><strong>2.2<\/strong> O, h\u0259r c\u00fcr gigiyenik \u015f\u0259rait t\u0259min edildikd\u0259, b\u00fct\u00fcn s\u0259s-k\u00fcyl\u00fc v\u0259 narahatedici amill\u0259r aradan qald\u0131r\u0131ld\u0131qda tibbi xidm\u0259t almaq h\u00fcququna malikdir.[\/vc_column_text][\/vc_tta_section][vc_tta_section title=&#8221;3. M\u0259xfilik h\u00fcququ:&#8221; tab_id=&#8221;1533397427840-523d2361-d3287fbd-fe2c8772-68a65eb8-e9ba&#8221;][vc_column_text]<strong>3.1<\/strong> X\u0259st\u0259nin m\u0259xfi m\u00fchitd\u0259 b\u00fct\u00fcn n\u00f6v s\u0259hiyy\u0259 xidm\u0259tl\u0259rini almaq h\u00fcququ vard\u0131r. O, \u015f\u0259xsi h\u0259yat\u0131n\u0131n qorunmas\u0131n\u0131 a\u00e7\u0131q \u015f\u0259kild\u0259 t\u0259l\u0259b ed\u0259 bil\u0259r. H\u0259r c\u00fcr tibbi m\u00fcdaxil\u0259l\u0259r x\u0259st\u0259nin \u015f\u0259xsi h\u0259yat\u0131na h\u00f6rm\u0259t edilm\u0259kl\u0259 h\u0259yata ke\u00e7irilir.[\/vc_column_text][\/vc_tta_section][vc_tta_section title=&#8221;4. M\u0259lumat t\u0259l\u0259b etm\u0259k h\u00fcququ:&#8221; tab_id=&#8221;1533396882102-15df988c-ee5b7fbd-fe2c8772-68a65eb8-e9ba&#8221;][vc_column_text]<strong>4.1<\/strong> Pasiyentin s\u0259hiyy\u0259 xidm\u0259tl\u0259ri v\u0259 imkanlar\u0131 haqq\u0131nda \u00f6yr\u0259nm\u0259k v\u0259 sa\u011flaml\u0131q v\u0259ziyy\u0259ti haqq\u0131nda h\u0259r c\u00fcr m\u0259lumat t\u0259l\u0259b etm\u0259k h\u00fcququ vard\u0131r.[\/vc_column_text][\/vc_tta_section][vc_tta_section title=&#8221;5. S\u0259hiyy\u0259 m\u00fc\u0259ssis\u0259sinin v\u0259 onun personal\u0131n\u0131n se\u00e7ilm\u0259si v\u0259 d\u0259yi\u015fdirilm\u0259si:&#8221; tab_id=&#8221;1533397820292-167ebe6e-b8fd7fbd-fe2c8772-68a65eb8-e9ba&#8221;][vc_column_text]<strong>5.1<\/strong> O, s\u0259hiyy\u0259 m\u00fc\u0259ssis\u0259sini se\u00e7m\u0259k v\u0259 d\u0259yi\u015fdirm\u0259k v\u0259 se\u00e7diyi s\u0259hiyy\u0259 m\u00fc\u0259ssis\u0259sind\u0259 g\u00f6st\u0259ril\u0259n s\u0259hiyy\u0259 xidm\u0259tl\u0259rind\u0259n yararlanmaq, s\u0259hiyy\u0259 xidm\u0259ti g\u00f6st\u0259r\u0259c\u0259k h\u0259kiml\u0259rin v\u0259 dig\u0259r tibb i\u015f\u00e7il\u0259rinin \u015f\u0259xsiyy\u0259tini, v\u0259zif\u0259l\u0259rini v\u0259 adlar\u0131n\u0131 \u00f6yr\u0259nm\u0259k h\u00fcququna malikdir.[\/vc_column_text][\/vc_tta_section][vc_tta_section title=&#8221;6. Qeydl\u0259ri ara\u015fd\u0131rmaq v\u0259 m\u0259lumat\u0131 m\u0259xfi saxlamaq h\u00fcququ:&#8221; tab_id=&#8221;1533397978258-198e3019-cc287fbd-fe2c8772-68a65eb8-e9ba&#8221;][vc_column_text]<strong>6.1.<\/strong> X\u0259st\u0259 bilavasit\u0259 v\u0259 ya n\u00fcmay\u0259nd\u0259si il\u0259 birlikd\u0259 s\u0259hh\u0259tinin v\u0259ziyy\u0259ti haqq\u0131nda m\u0259lumat\u0131 \u0259ks etdir\u0259n fayl v\u0259 qeydl\u0259r\u0259 baxa v\u0259 sur\u0259tini g\u00f6t\u00fcr\u0259 bil\u0259r. Bu qeydl\u0259r\u0259 yaln\u0131z x\u0259st\u0259nin m\u00fcalic\u0259sind\u0259 birba\u015fa i\u015ftirak ed\u0259nl\u0259r baxa bil\u0259r.<\/p>\n<p><strong>6.2<\/strong> Onlar m\u0259xfi m\u00fchitd\u0259 b\u00fct\u00fcn n\u00f6v s\u0259hiyy\u0259 xidm\u0259tl\u0259rini almaq h\u00fcququna malikdirl\u0259r.[\/vc_column_text][\/vc_tta_section][vc_tta_section title=&#8221;7. \u0130mtina, dayand\u0131rma v\u0259 raz\u0131l\u0131q:&#8221; tab_id=&#8221;1533398082683-9877f66e-88837fbd-fe2c8772-68a65eb8-e9ba&#8221;][vc_column_text]<strong>7.1<\/strong> Onun raz\u0131l\u0131\u011f\u0131 \u00e7\u0259r\u00e7iv\u0259sind\u0259 m\u00fcalic\u0259d\u0259n imtina etm\u0259k, dayand\u0131r\u0131lmas\u0131n\u0131 xahi\u015f etm\u0259k, tibbi m\u00fcdaxil\u0259l\u0259r\u0259 raz\u0131l\u0131q almaq v\u0259 xidm\u0259td\u0259n yararlanmaq h\u00fcququ vard\u0131r.<\/p>\n<p><strong>7.2<\/strong> He\u00e7 kim; Onlar\u0131n raz\u0131l\u0131\u011f\u0131 olmadan t\u0259cr\u00fcb\u0259, t\u0259dqiqat v\u0259 ya t\u0259hsil m\u0259qs\u0259di il\u0259 he\u00e7 bir tibbi m\u00fcdaxil\u0259 edil\u0259 bilm\u0259z.[\/vc_column_text][\/vc_tta_section][vc_tta_section title=&#8221;8. Dini xidm\u0259tl\u0259rd\u0259n faydalanmaq h\u00fcququ:&#8221; tab_id=&#8221;1684185678085-7934bf6f-45f6&#8243;][vc_column_text]<strong>8.1.<\/strong> X\u0259st\u0259xanam\u0131z\u0131n imkanlar\u0131 daxilind\u0259 x\u0259st\u0259l\u0259rin \u00f6z dini \u00f6hd\u0259likl\u0259rini s\u0259rb\u0259st yerin\u0259 yetirm\u0259l\u0259ri \u00fc\u00e7\u00fcn z\u0259ruri t\u0259dbirl\u0259r g\u00f6r\u00fcl\u00fcr.[\/vc_column_text][\/vc_tta_section][vc_tta_section title=&#8221;9. Ziyar\u0259t v\u0259 M\u00fc\u015fayi\u0259t h\u00fcququ:&#8221; tab_id=&#8221;1684185727371-e49e7f00-6a6c&#8221;][vc_column_text]<strong>9.1<\/strong> X\u0259st\u0259 ziyar\u0259t\u00e7il\u0259rinin q\u0259bulu X\u0259st\u0259xanam\u0131z\u0131n m\u00fc\u0259yy\u0259n etdiyi prosedur v\u0259 prinsipl\u0259r\u0259 uy\u011fun olaraq, x\u0259st\u0259l\u0259rin dincliyini v\u0259 \u0259min-amanl\u0131\u011f\u0131n\u0131 pozacaq h\u0259r\u0259k\u0259t v\u0259 r\u0259ftarlara yol verm\u0259y\u0259c\u0259k \u015f\u0259kild\u0259 h\u0259yata ke\u00e7irilir v\u0259 bununla ba\u011fl\u0131 z\u0259ruri t\u0259dbirl\u0259r g\u00f6r\u00fcl\u00fcr. .<\/p>\n<p><strong>9.2<\/strong> X\u0259st\u0259y\u0259 m\u00fcayin\u0259 v\u0259 m\u00fcalic\u0259 zaman\u0131 k\u00f6m\u0259klik g\u00f6st\u0259rm\u0259k; Qanunvericilik v\u0259 x\u0259st\u0259xana \u015f\u0259raitinin imkan verdiyi v\u0259 x\u0259st\u0259nin sa\u011flaml\u0131q v\u0259ziyy\u0259tinin t\u0259l\u0259b etdiyi d\u0259r\u0259c\u0259d\u0259, m\u00fcalic\u0259y\u0259 cavabdeh olan h\u0259kimin raz\u0131l\u0131\u011f\u0131 il\u0259 bir m\u00fc\u015fayi\u0259t\u00e7inin olmas\u0131 t\u0259l\u0259b oluna bil\u0259r.[\/vc_column_text][\/vc_tta_section][\/vc_tta_accordion][\/vc_column][\/vc_row]<\/p>\n<\/div>","protected":false},"excerpt":{"rendered":"<p>[vc_row tm_bgimagefixed=&#8221;&#8221; css=&#8221;.vc_custom_1533399575967{padding-top: 65px !important;padding-bottom: 60px !important;}&#8221;][vc_column][vc_column_text]Diaqnoz v\u0259 m\u00fcalic\u0259 \u00fc\u00e7\u00fcn X\u0259st\u0259xanam\u0131za m\u00fcraci\u0259t ed\u0259n h\u0259r bir \u015f\u0259xs \u015f\u00f6b\u0259mizin n\u0259zar\u0259tind\u0259 olan v\u0259 bu m\u0259tnd\u0259 yaz\u0131lan h\u00fcquqlara h\u0259r m\u0259rh\u0259l\u0259d\u0259 \u0259m\u0259l ed\u0259 bil\u0259r: \u018ftrafl\u0131 m\u0259lumat t\u0259l\u0259b olunarsa, biziml\u0259 \u0259laq\u0259 saxlaya bil\u0259rsiniz. info@giresunadahastanesi.com[\/vc_column_text][vc_tta_accordion color=&#8221;grey&#8221; gap=&#8221;20&#8243; c_icon=&#8221;chevron&#8221; c_position=&#8221;right&#8221; active_section=&#8221;1&#8243;][vc_tta_section title=&#8221;1. Xidm\u0259tl\u0259rd\u0259n faydalanmaq h\u00fcququ:&#8221; tab_id=&#8221;1533397591990-9dd742b0-768c7fbd-fe2c8772-68a65eb8-e9ba&#8221;][vc_column_text css=&#8221;.vc_custom_1684185480306{margin-bottom: 0px !important;}&#8221;]1.1 Fiziki, intellektual v\u0259 sosial &hellip; <a href=\"https:\/\/www.giresunadahastanesi.com\/az\/x%c9%99st%c9%99-huquqlari\/\" class=\"more-link\">Continue reading <span class=\"screen-reader-text\">X\u0259st\u0259 h\u00fcquqlar\u0131<\/span><\/a><\/p>\n","protected":false},"author":1,"featured_media":0,"parent":0,"menu_order":14,"comment_status":"closed","ping_status":"closed","template":"","meta":{"footnotes":""},"class_list":["post-5435","page","type-page","status-publish","hentry"],"_links":{"self":[{"href":"https:\/\/www.giresunadahastanesi.com\/az\/wp-json\/wp\/v2\/pages\/5435","targetHints":{"allow":["GET"]}}],"collection":[{"href":"https:\/\/www.giresunadahastanesi.com\/az\/wp-json\/wp\/v2\/pages"}],"about":[{"href":"https:\/\/www.giresunadahastanesi.com\/az\/wp-json\/wp\/v2\/types\/page"}],"author":[{"embeddable":true,"href":"https:\/\/www.giresunadahastanesi.com\/az\/wp-json\/wp\/v2\/users\/1"}],"replies":[{"embeddable":true,"href":"https:\/\/www.giresunadahastanesi.com\/az\/wp-json\/wp\/v2\/comments?post=5435"}],"version-history":[{"count":8,"href":"https:\/\/www.giresunadahastanesi.com\/az\/wp-json\/wp\/v2\/pages\/5435\/revisions"}],"predecessor-version":[{"id":7679,"href":"https:\/\/www.giresunadahastanesi.com\/az\/wp-json\/wp\/v2\/pages\/5435\/revisions\/7679"}],"wp:attachment":[{"href":"https:\/\/www.giresunadahastanesi.com\/az\/wp-json\/wp\/v2\/media?parent=5435"}],"curies":[{"name":"wp","href":"https:\/\/api.w.org\/{rel}","templated":true}]}}