{"id":5913,"date":"2023-05-16T07:55:47","date_gmt":"2023-05-16T04:55:47","guid":{"rendered":"https:\/\/www.giresunadahastanesi.com\/m%c9%99qs%c9%99dl%c9%99rimiz-v%c9%99-m%c9%99qs%c9%99dl%c9%99rimiz\/"},"modified":"2023-05-20T13:26:18","modified_gmt":"2023-05-20T10:26:18","slug":"m%c9%99qs%c9%99dl%c9%99rimiz-v%c9%99-m%c9%99qs%c9%99dl%c9%99rimiz","status":"publish","type":"page","link":"https:\/\/www.giresunadahastanesi.com\/az\/m%c9%99qs%c9%99dl%c9%99rimiz-v%c9%99-m%c9%99qs%c9%99dl%c9%99rimiz\/","title":{"rendered":"M\u0259qs\u0259dl\u0259rimiz v\u0259 m\u0259qs\u0259dl\u0259rimiz"},"content":{"rendered":"<div class=\"wpb-content-wrapper\"><p>[vc_row tm_bgimagefixed=&#8221;&#8221; css=&#8221;.vc_custom_1533399575967{padding-top: 65px !important;padding-bottom: 60px !important;}&#8221;][vc_column]<h2 style=\"text-align:left;font-size:36px;line-height:46px;\" class=\"tm-custom-heading \" >Ada X\u0259st\u0259xanas\u0131n\u0131n M\u0259qs\u0259dl\u0259ri v\u0259 M\u0259qs\u0259dl\u0259ri<\/h2>\n[vc_column_text]<\/p>\n<div id=\"content\" class=\"site-content container\">\n<div class=\"site-content_wrap\">\n<div class=\"row\">\n<div id=\"primary\" class=\"col-xs-12 col-md-12\">\n<p>&nbsp;<\/p>\n<article id=\"post-8528\" class=\"post-8528 page type-page status-publish hentry no-thumb\">\n<div class=\"entry-content\">\n<p><strong>KORPORATIV M\u018fQS\u018fDL\u018fRIMIZ<\/strong><\/p>\n<ul>\n<li>Fasil\u0259siz xidm\u0259t istehsal\u0131n\u0131 t\u0259min etm\u0259kl\u0259 v\u0259 resurslardan diqq\u0259tl\u0259 istifad\u0259 etm\u0259kl\u0259 c\u0259miyy\u0259tin b\u00fct\u00fcn seqmentl\u0259rin\u0259 keyfiyy\u0259tli s\u0259hiyy\u0259 xidm\u0259tl\u0259ri g\u00f6st\u0259rm\u0259k.<\/li>\n<li>Keyfiyy\u0259tli xidm\u0259t g\u00f6st\u0259rilm\u0259sini b\u00fct\u00fcn h\u00fcquqi qaydalara uy\u011fun prinsip hal\u0131na g\u0259tirm\u0259k.<\/li>\n<\/ul>\n<p><strong>KORPORATIV M\u018fQS\u018fDL\u018fR<\/strong><\/p>\n<ul>\n<li>Hospital daxilind\u0259 \u00e7evik i\u015f modelinin haz\u0131rlanmas\u0131 v\u0259 \u0259n y\u00fcks\u0259k effektivliyin t\u0259min edilm\u0259si. \u00d6z daxilind\u0259 i\u015f\u00e7i v\u0259zif\u0259l\u0259rinin alternativl\u0259rinin yarad\u0131lmas\u0131.<\/li>\n<li>G\u0259lirl\u0259rin keyfiyy\u0259td\u0259 g\u00fcz\u0259\u015ft\u0259 getm\u0259y\u0259n t\u0259rzd\u0259 art\u0131r\u0131lmas\u0131, x\u0259rcl\u0259rin minimuma endirilm\u0259si v\u0259 optimal g\u0259lirliliyin t\u0259min edilm\u0259si.<\/li>\n<li>\u0130st\u0259nil\u0259n vaxt xidm\u0259tl\u0259rin \u00e7e\u015fidini v\u0259 fiziki qabiliyy\u0259tini davaml\u0131 olaraq art\u0131rmaq \u00fc\u00e7\u00fcn t\u0259hlill\u0259r aparmaq.<\/li>\n<li>X\u0259st\u0259nin geribildirimin\u0259 uy\u011fun olaraq m\u00f6vcud \u015f\u0259raitin davaml\u0131 olaraq yax\u015f\u0131la\u015fd\u0131r\u0131lmas\u0131.<\/li>\n<li>\u018fhalinin sa\u011flaml\u0131\u011f\u0131n\u0131n yax\u015f\u0131la\u015fd\u0131r\u0131lmas\u0131 m\u0259qs\u0259di il\u0259 x\u0259st\u0259xana daxilind\u0259 m\u0259lumatl\u0131l\u0131\u011f\u0131 y\u00fcks\u0259ld\u0259 bil\u0259n m\u0259lumatlar\u0131n verilm\u0259si.<\/li>\n<\/ul>\n<div class=\"entry-content\">\n<div class=\"entry-content\">\n<p><span style=\"color: #999999;\"><em>S\u0259n\u0259d No: KU. YD.59 | N\u0259\u015fr edilib: JAN18 | Reviziya No: 00 | Reviziya Tarixi:- <\/em><\/span><\/div>\n<footer class=\"entry-footer\"><\/footer>\n<\/div>\n<\/div>\n<footer class=\"entry-footer\"><\/footer>\n<\/article>\n<p>&nbsp;<\/p><\/div>\n<\/div>\n<\/div>\n<\/div>\n<footer id=\"colophon\" class=\"site-footer default\" role=\"contentinfo\">\n<div class=\"footer-social-wrap invert\">\n<div class=\"footer-container_wrap container\">\n<div class=\"subscribe-block\">\n<form class=\"subscribe-block__form\" action=\"http:\/\/v3.giresunadahastanesi.com\/amac-ve-hedeflerimiz\/#\" method=\"POST\">\n<div class=\"subscribe-block__input-group\"><\/div>\n<\/form>\n<\/div>\n<\/div>\n<\/div>\n<\/footer>\n<p>[\/vc_column_text][\/vc_column][\/vc_row]<\/p>\n<\/div>","protected":false},"excerpt":{"rendered":"<p>[vc_row tm_bgimagefixed=&#8221;&#8221; css=&#8221;.vc_custom_1533399575967{padding-top: 65px !important;padding-bottom: 60px !important;}&#8221;][vc_column][vc_column_text] &nbsp; KORPORATIV M\u018fQS\u018fDL\u018fRIMIZ Fasil\u0259siz xidm\u0259t istehsal\u0131n\u0131 t\u0259min etm\u0259kl\u0259 v\u0259 resurslardan diqq\u0259tl\u0259 istifad\u0259 etm\u0259kl\u0259 c\u0259miyy\u0259tin b\u00fct\u00fcn seqmentl\u0259rin\u0259 keyfiyy\u0259tli s\u0259hiyy\u0259 xidm\u0259tl\u0259ri g\u00f6st\u0259rm\u0259k. Keyfiyy\u0259tli xidm\u0259t g\u00f6st\u0259rilm\u0259sini b\u00fct\u00fcn h\u00fcquqi qaydalara uy\u011fun prinsip hal\u0131na g\u0259tirm\u0259k. KORPORATIV M\u018fQS\u018fDL\u018fR Hospital daxilind\u0259 \u00e7evik i\u015f modelinin haz\u0131rlanmas\u0131 v\u0259 \u0259n y\u00fcks\u0259k effektivliyin t\u0259min edilm\u0259si. \u00d6z daxilind\u0259 i\u015f\u00e7i v\u0259zif\u0259l\u0259rinin &hellip; <a href=\"https:\/\/www.giresunadahastanesi.com\/az\/m%c9%99qs%c9%99dl%c9%99rimiz-v%c9%99-m%c9%99qs%c9%99dl%c9%99rimiz\/\" class=\"more-link\">Continue reading <span class=\"screen-reader-text\">M\u0259qs\u0259dl\u0259rimiz v\u0259 m\u0259qs\u0259dl\u0259rimiz<\/span><\/a><\/p>\n","protected":false},"author":1,"featured_media":0,"parent":0,"menu_order":14,"comment_status":"closed","ping_status":"closed","template":"","meta":{"footnotes":""},"class_list":["post-5913","page","type-page","status-publish","hentry"],"_links":{"self":[{"href":"https:\/\/www.giresunadahastanesi.com\/az\/wp-json\/wp\/v2\/pages\/5913","targetHints":{"allow":["GET"]}}],"collection":[{"href":"https:\/\/www.giresunadahastanesi.com\/az\/wp-json\/wp\/v2\/pages"}],"about":[{"href":"https:\/\/www.giresunadahastanesi.com\/az\/wp-json\/wp\/v2\/types\/page"}],"author":[{"embeddable":true,"href":"https:\/\/www.giresunadahastanesi.com\/az\/wp-json\/wp\/v2\/users\/1"}],"replies":[{"embeddable":true,"href":"https:\/\/www.giresunadahastanesi.com\/az\/wp-json\/wp\/v2\/comments?post=5913"}],"version-history":[{"count":5,"href":"https:\/\/www.giresunadahastanesi.com\/az\/wp-json\/wp\/v2\/pages\/5913\/revisions"}],"predecessor-version":[{"id":7685,"href":"https:\/\/www.giresunadahastanesi.com\/az\/wp-json\/wp\/v2\/pages\/5913\/revisions\/7685"}],"wp:attachment":[{"href":"https:\/\/www.giresunadahastanesi.com\/az\/wp-json\/wp\/v2\/media?parent=5913"}],"curies":[{"name":"wp","href":"https:\/\/api.w.org\/{rel}","templated":true}]}}