{"id":5925,"date":"2023-05-16T08:00:22","date_gmt":"2023-05-16T05:00:22","guid":{"rendered":"https:\/\/www.giresunadahastanesi.com\/keyfiyy%c9%99tin-idar%c9%99-edilm%c9%99si-bas-idar%c9%99si\/"},"modified":"2023-05-20T13:23:42","modified_gmt":"2023-05-20T10:23:42","slug":"keyfiyy%c9%99tin-idar%c9%99-edilm%c9%99si-bas-idar%c9%99si","status":"publish","type":"page","link":"https:\/\/www.giresunadahastanesi.com\/az\/keyfiyy%c9%99tin-idar%c9%99-edilm%c9%99si-bas-idar%c9%99si\/","title":{"rendered":"Keyfiyy\u0259tin \u0130dar\u0259 Edilm\u0259si Ba\u015f \u0130dar\u0259si"},"content":{"rendered":"<div class=\"wpb-content-wrapper\"><p>[vc_row tm_bgimagefixed=&#8221;&#8221; css=&#8221;.vc_custom_1533399575967{padding-top: 65px !important;padding-bottom: 60px !important;}&#8221;][vc_column]<h2 style=\"text-align:left;font-size:36px;line-height:46px;\" class=\"tm-custom-heading \" >Ada X\u0259st\u0259xanas\u0131 Keyfiyy\u0259t \u0130dar\u0259etm\u0259 M\u00fcdirliyi<\/h2>\n[vc_column_text]<\/p>\n<div id=\"content\" class=\"site-content container\">\n<div class=\"site-content_wrap\">\n<div class=\"row\">\n<div id=\"primary\" class=\"col-xs-12 col-md-12\">\n<p>Bizim x\u0259st\u0259xana keyfiyy\u0259t idar\u0259 b\u00f6lm\u0259 keyfiyy\u0259t direktoru Ecz. Arif \u00d6ZDEM\u0130r v\u0259 keyfiyy\u0259ti idar\u0259 hey\u0259ti SKS \u00e7\u0259r\u00e7iv\u0259sind\u0259 h\u0259yata ke\u00e7iril\u0259n i\u015fl\u0259ri koordinasiya edir.<\/p>\n<p><img fetchpriority=\"high\" decoding=\"async\" class=\"alignnone size-full wp-image-3641\" src=\"https:\/\/www.giresunadahastanesi.com\/wp-content\/uploads\/2023\/05\/kalite1.png\" alt=\"\" width=\"1291\" height=\"727\" srcset=\"https:\/\/www.giresunadahastanesi.com\/wp-content\/uploads\/2023\/05\/kalite1.png 1291w, https:\/\/www.giresunadahastanesi.com\/wp-content\/uploads\/2023\/05\/kalite1-300x169.png 300w, https:\/\/www.giresunadahastanesi.com\/wp-content\/uploads\/2023\/05\/kalite1-1024x577.png 1024w, https:\/\/www.giresunadahastanesi.com\/wp-content\/uploads\/2023\/05\/kalite1-768x432.png 768w\" sizes=\"(max-width: 1291px) 100vw, 1291px\" \/><\/div>\n<p><strong>BIZIM KEYFIYY\u018fT VAHIDIMIZ<\/strong><\/p>\n<ul>\n<li>Korporativ m\u0259qs\u0259d v\u0259 m\u0259qs\u0259dl\u0259r \u00fc\u00e7\u00fcn t\u0259dqiqatlar\u0131n izl\u0259n verilm\u0259sini t\u0259min edir.<\/li>\n<li>\u00d6z\u00fcn\u00fcqiym\u0259tl\u0259ndirm\u0259ni idar\u0259 edir.<\/li>\n<li>T\u0259hl\u00fck\u0259sizlik hesabat sistemi il\u0259 ba\u011fl\u0131 prosesl\u0259ri idar\u0259 edir.<\/li>\n<li>Riskl\u0259rin idar\u0259 edilm\u0259si il\u0259 ba\u011fl\u0131 prosesl\u0259ri idar\u0259 edir.<\/li>\n<li>X\u0259st\u0259 v\u0259 i\u015f\u00e7i t\u0259cr\u00fcb\u0259l\u0259rini \u00f6l\u00e7m\u0259k \u00fc\u00e7\u00fcn t\u0259hlill\u0259ri idar\u0259 edir (m\u0259s\u0259l\u0259n, sor\u011fu \u0259riz\u0259l\u0259ri, sor\u011fu n\u0259tic\u0259l\u0259rinin qiym\u0259tl\u0259ndirilm\u0259si, sor\u011fu n\u0259tic\u0259l\u0259ri \u00fczr\u0259 t\u0259kmill\u0259\u015fdirm\u0259 t\u0259dqiqatlar\u0131, x\u0259st\u0259 v\u0259 i\u015f\u00e7il\u0259rin fikrinin verilm\u0259si).<\/li>\n<li>SKS \u00e7\u0259r\u00e7iv\u0259sind\u0259 s\u0259n\u0259dl\u0259rin idar\u0259 edilm\u0259si t\u0259min edir.<\/li>\n<li>Keyfiyy\u0259t g\u00f6st\u0259ricil\u0259ri \u00fczr\u0259 prosesl\u0259ri idar\u0259 edir.<\/li>\n<li>SCS \u00e7\u0259r\u00e7iv\u0259sind\u0259 m\u00fc\u0259yy\u0259n edilmi\u015f komissiyalar\u0131n \u00fczv\u00fc kimi i\u015ftirak edir.<\/li>\n<\/ul>\n<p><strong> <\/strong><\/p>\n<p><strong>F\u018fALYY\u018fTL\u018fR<\/strong><\/p>\n<p><strong>Korporativ M\u0259qs\u0259dl\u0259r v\u0259 M\u0259qs\u0259dl\u0259r:<\/strong><\/p>\n<p>H\u0259r il m\u00fc\u0259yy\u0259n edilmi\u015f m\u0259qs\u0259d v\u0259 m\u0259qs\u0259dl\u0259rin realla\u015fd\u0131r\u0131lmas\u0131 prosesin\u0259 h\u0259r 6 aydan bir n\u0259zar\u0259t edilir v\u0259 ilin sonunda n\u0259tic\u0259l\u0259r qiym\u0259tl\u0259ndirilir. M\u0259qs\u0259d v\u0259 m\u0259qs\u0259dl\u0259rin onlar\u0131n realla\u015fd\u0131r\u0131lmas\u0131 \u00fc\u00e7\u00fcn t\u0259hlilin n\u0259tic\u0259l\u0259ri m\u00fc\u0259ssis\u0259nin i\u015f\u00e7il\u0259rin\u0259 m\u0259lumat verilir.<\/p>\n<p><strong>\u00d6z\u00fcn\u00fcQiym\u0259tl\u0259ndirm\u0259 F\u0259aliyy\u0259tl\u0259ri:<\/strong><\/p>\n<p>X\u0259st\u0259xanam\u0131zda b\u00fct\u00fcn SKS standartlar\u0131 da daxil olmaqla \u00f6z\u00fcn\u00fcqiym\u0259tl\u0259ndirm\u0259 plan\u0131 keyfiyy\u0259t idar\u0259etm\u0259 b\u00f6lm\u0259si v\u0259 \u00f6z\u00fcn\u00fcqiym\u0259tl\u0259ndirm\u0259 komandas\u0131 il\u0259 ild\u0259 bir d\u0259f\u0259 haz\u0131rlan\u0131r. Planda \u00f6z\u00fcn\u00fcqiym\u0259tl\u0259ndirm\u0259ni v\u0259 onlar\u0131n m\u00fcdd\u0259alar\u0131n\u0131 h\u0259yata ke\u00e7ir\u0259c\u0259k komanda m\u00fc\u0259yy\u0259n edilir v\u0259 b\u00fct\u00fcn \u015f\u00f6b\u0259l\u0259r\u0259 elan edilir.<\/p>\n<p>\u00d6z\u00fcn\u00fcqiym\u0259tl\u0259ndirm\u0259 n\u0259tic\u0259sind\u0259 m\u00fc\u0259yy\u0259n edil\u0259n qeyri-uy\u011funluqlar \u00fc\u00e7\u00fcn korrekt\u0259edici preventiv t\u0259dbirl\u0259r h\u0259yata ke\u00e7irilir v\u0259 qeyri-konformasiyan\u0131n aradan qald\u0131r\u0131lmas\u0131 prosesi keyfiyy\u0259t vahidin\u0259 riay\u0259t edilir. D\u00d6F-nin n\u0259tic\u0259si m\u00fc\u0259yy\u0259n edilmi\u015f m\u00fcdd\u0259t\u0259 uy\u011fun qiym\u0259tl\u0259ndirilir. \u018fg\u0259r problem h\u0259ll olunursa, qapal\u0131d\u0131r, \u0259g\u0259r yoxdursa, k\u00f6k s\u0259b\u0259bi analizi apar\u0131l\u0131r v\u0259 D\u00d6F-nin tarixi uzad\u0131l\u0131r.<\/p>\n<p>\u00d6z\u00fcn\u00fcqiym\u0259tl\u0259ndirm\u0259nin n\u0259tic\u0259l\u0259ri bar\u0259d\u0259 idar\u0259y\u0259 m\u0259lumat verilir.<\/p>\n<p>&nbsp;<\/p>\n<p><strong>T\u0259hl\u00fck\u0259sizlik Hesabat sistemi:<\/strong><\/p>\n<p>X\u0259st\u0259xanam\u0131zda; X\u0259st\u0259l\u0259rin v\u0259 i\u015f\u00e7il\u0259rin t\u0259hl\u00fck\u0259sizliyin\u0259 t\u0259hl\u00fck\u0259 yarada bil\u0259c\u0259k, son anda (h\u0259min an\u0131n yax\u0131nl\u0131\u011f\u0131nda) ba\u015f verm\u0259m\u0259si v\u0259 ya ba\u015f ver\u0259c\u0259k hadis\u0259l\u0259r bar\u0259d\u0259 m\u0259lumat verilm\u0259si, bu hadis\u0259l\u0259r\u0259 n\u0259zar\u0259t edilm\u0259si v\u0259 bildiri\u015fl\u0259rin n\u0259tic\u0259si olaraq ba\u015f ver\u0259n hadis\u0259l\u0259r \u00fc\u00e7\u00fcn z\u0259ruri t\u0259dbirl\u0259rin g\u00f6r\u00fclm\u0259sini t\u0259min etm\u0259k m\u0259qs\u0259di il\u0259 istifad\u0259 olunur. \u018fsas m\u0259qs\u0259dl\u0259r X\u0259st\u0259nin T\u0259hl\u00fck\u0259sizliyinin t\u0259min edilm\u0259si v\u0259 Sa\u011flam \u0259m\u0259k h\u0259yat\u0131 m\u00fchitinin t\u0259min edilm\u0259sidir.<\/p>\n<p><img decoding=\"async\" class=\"alignnone size-full wp-image-3643\" src=\"https:\/\/www.giresunadahastanesi.com\/wp-content\/uploads\/2023\/05\/kalite2.png\" alt=\"\" width=\"1596\" height=\"350\" srcset=\"https:\/\/www.giresunadahastanesi.com\/wp-content\/uploads\/2023\/05\/kalite2.png 1596w, https:\/\/www.giresunadahastanesi.com\/wp-content\/uploads\/2023\/05\/kalite2-300x66.png 300w, https:\/\/www.giresunadahastanesi.com\/wp-content\/uploads\/2023\/05\/kalite2-1024x225.png 1024w, https:\/\/www.giresunadahastanesi.com\/wp-content\/uploads\/2023\/05\/kalite2-768x168.png 768w, https:\/\/www.giresunadahastanesi.com\/wp-content\/uploads\/2023\/05\/kalite2-1536x337.png 1536w\" sizes=\"(max-width: 1596px) 100vw, 1596px\" \/><\/p>\n<p><strong>Riskl\u0259rin \u0130dar\u0259 Edilm\u0259si:<\/strong><\/p>\n<p>X\u0259st\u0259, x\u0259st\u0259 qohumu, vizajist, i\u015f\u00e7i v\u0259 m\u00fc\u0259ssis\u0259 v\u0259 \u0259traf m\u00fchitin t\u0259hl\u00fck\u0259sizliyi \u00e7\u0259r\u00e7iv\u0259sind\u0259 x\u0259st\u0259xanam\u0131z v\u0259 x\u0259st\u0259xanam\u0131zda t\u0259klif olunan b\u00fct\u00fcn xidm\u0259tl\u0259rl\u0259 ba\u011fl\u0131 riskl\u0259rin qar\u015f\u0131s\u0131n\u0131 almaq v\u0259 ya minimuma endirm\u0259k m\u0259qs\u0259dil\u0259 x\u0259st\u0259nin t\u0259hl\u00fck\u0259sizliyini t\u0259min etm\u0259k v\u0259 sa\u011flam i\u015f h\u0259yat\u0131n\u0131 effektiv v\u0259 effektiv \u015f\u0259kild\u0259 realla\u015fd\u0131rmaq m\u0259qs\u0259di da\u015f\u0131y\u0131r\u0131q.<\/p>\n<p>X\u0259st\u0259xana m\u00fcdirinin, pe\u015f\u0259 sa\u011flaml\u0131\u011f\u0131 v\u0259 t\u0259hl\u00fck\u0259sizlik b\u00f6lm\u0259sinin m\u0259sul v\u0259 pe\u015f\u0259 sa\u011flaml\u0131\u011f\u0131 v\u0259 t\u0259hl\u00fck\u0259sizlik \u00fczr\u0259 m\u00fct\u0259x\u0259ssisl\u0259rinin qiym\u0259tl\u0259ndirilm\u0259si il\u0259 riskl\u0259r m\u00fc\u0259yy\u0259n edilir v\u0259 planla\u015fd\u0131rmaya uy\u011fun olaraq izl\u0259m\u0259 prosesi h\u0259yata ke\u00e7irilir.<\/p>\n<p><strong> <\/strong><\/p>\n<p><strong>X\u0259st\u0259 v\u0259 i\u015f\u00e7i t\u0259cr\u00fcb\u0259l\u0259rinin \u00f6l\u00e7\u00fclm\u0259si:<\/strong><\/p>\n<p>X\u0259st\u0259 t\u0259cr\u00fcb\u0259si \u00fczr\u0259 sor\u011fular h\u0259r ay t\u0259cili, h\u0259kim v\u0259 inpatient olaraq apar\u0131l\u0131r. \u0130\u015f\u00e7il\u0259r \u00fc\u00e7\u00fcn ild\u0259 bir d\u0259f\u0259 sor\u011fu ke\u00e7irilir. B\u00fct\u00fcn m\u0259lumatlar Keyfiyy\u0259tin \u0130dar\u0259 Edilm\u0259si B\u00f6lm\u0259si t\u0259r\u0259find\u0259n t\u0259hlil edilir v\u0259 bu m\u0259lumatlar m\u00fcvafiq komit\u0259d\u0259 v\u0259 komanda y\u0131\u011f\u0131ncaqlar\u0131nda g\u0259tirilir. \u0130llik sor\u011funun n\u0259tic\u0259l\u0259ri b\u00fct\u00fcn x\u0259st\u0259xanaya bildirilir.<\/p>\n<p>Sor\u011fu \u0259riz\u0259si il\u0259 yana\u015f\u0131, x\u0259st\u0259xana daxilind\u0259ki ist\u0259k, t\u0259klif v\u0259 \u015fikay\u0259t qutular\u0131na edil\u0259n bildiri\u015fl\u0259r, x\u0259st\u0259 h\u00fcquqlar\u0131 b\u00f6lm\u0259sin\u0259 edil\u0259n m\u00fcraci\u0259tl\u0259r, x\u0259st\u0259xanan\u0131n veb s\u0259hif\u0259si v\u0259 hastahaklari.saglik.gov.tr \u00fcnvan\u0131 vasit\u0259sil\u0259 edil\u0259n x\u0259st\u0259l\u0259rin v\u0259 i\u015f\u00e7il\u0259rin t\u0259klif v\u0259 \u015fikay\u0259tl\u0259ri h\u0259r ay qiym\u0259tl\u0259ndirilir.<\/p>\n<p>&nbsp;<\/p>\n<p><strong>SKS \u00e7\u0259r\u00e7iv\u0259sind\u0259 s\u0259n\u0259dl\u0259rin idar\u0259 edilm\u0259si:<\/strong><\/p>\n<p>X\u0259st\u0259xanam\u0131z S\u0259hiyy\u0259 Nazirliyinin S\u0259hiyy\u0259 Xidm\u0259tl\u0259rinin \u00dcmumi Ba\u015f Direktorlu\u011funun S\u0259hiyy\u0259d\u0259 Keyfiyy\u0259t v\u0259 Akkreditasiya \u015f\u00f6b\u0259si t\u0259r\u0259find\u0259n \u00e7ap olunan SKS-nin S\u0259n\u0259dl\u0259rin \u0130dar\u0259 edilm\u0259si Sistemi \u00fczr\u0259 B\u0259l\u0259d\u00e7isini &#8220;S\u0259n\u0259dl\u0259rin \u0130dar\u0259 edilm\u0259si Sistemi&#8221; prosedurunun outsource kimi q\u0259bul etmi\u015fdir. X\u0259st\u0259xanam\u0131zda istifad\u0259 olunan b\u00fct\u00fcn s\u0259n\u0259dl\u0259r is\u0259 bu b\u0259l\u0259d\u00e7inin i\u015f\u0131\u011f\u0131nda haz\u0131rlan\u0131r. S\u0259n\u0259dl\u0259rin idar\u0259 edilm\u0259si \u00fczr\u0259 Keyfiyy\u0259t \u0130dar\u0259etm\u0259 B\u00f6lm\u0259si m\u0259suliyy\u0259t da\u015f\u0131y\u0131r. B\u00fct\u00fcn i\u015f\u00e7il\u0259r \u00fcmumi \u015f\u0259b\u0259k\u0259 il\u0259 x\u0259st\u0259xanam\u0131z\u0131n intranet sistemi vasit\u0259sil\u0259 s\u0259n\u0259dl\u0259r\u0259 daxil ola bil\u0259rl\u0259r.<\/p>\n<p><u>X\u0259st\u0259xanam\u0131zda istifad\u0259 olunan s\u0259n\u0259dl\u0259r:<\/u><\/p>\n<p>Prosedurlardan, t\u0259limatlardan, b\u0259l\u0259d\u00e7il\u0259rd\u0259n, formalardan, planlardan, raz\u0131l\u0131q s\u0259n\u0259dl\u0259rind\u0259n, siyah\u0131lardan, yard\u0131m\u00e7\u0131 s\u0259n\u0259dl\u0259rd\u0259n ibar\u0259tdir.<\/p>\n<p>X\u0259st\u0259xanada as\u0131lm\u0131\u015f dig\u0259r b\u00fct\u00fcn s\u0259n\u0259dl\u0259r m\u00fc\u0259yy\u0259n n\u0259zar\u0259t v\u0259 qaydada as\u0131l\u0131r.<\/p>\n<p><strong>Keyfiyy\u0259t G\u00f6st\u0259ricil\u0259ri:<\/strong><\/p>\n<p>\u015e\u00f6b\u0259 \u0259sasl\u0131 v\u0259 klinika \u0259sasl\u0131 g\u00f6st\u0259ricil\u0259r S\u0259hiyy\u0259 Nazirliyinin indikator idar\u0259etm\u0259 b\u0259l\u0259diyy\u0259sin\u0259 v\u0259 SKS standartlar\u0131na \u0259sas\u0259n m\u0259lumatlar\u0131n toplanmas\u0131 yolu il\u0259 toplan\u0131l\u0131r v\u0259 m\u00fcvafiq quruma \u00f6t\u00fcr\u00fcl\u00fcr. Korporativ Keyfiyy\u0259t Sistemi veb s\u0259hif\u0259sind\u0259ki g\u00f6st\u0259rici bildiri\u015fi sah\u0259sind\u0259 bildiril\u0259c\u0259k g\u00f6st\u0259ricil\u0259r 3 ayl\u0131q m\u00fcdd\u0259td\u0259 toplanan m\u0259lumatlarla m\u00fcvafiq sah\u0259l\u0259r\u0259 daxil edilir. B\u00fct\u00fcn proses Keyfiyy\u0259t Vahidinin v\u0259 m\u0259sul olan g\u00f6st\u0259ricinin koordinasiyas\u0131d\u0131r. Al\u0131nan n\u0259tic\u0259l\u0259ri t\u0259hlil etm\u0259k v\u0259 interpretasiya etm\u0259k \u00fc\u00e7\u00fcn n\u0259tic\u0259 d\u0259y\u0259ri h\u0259d\u0259f d\u0259y\u0259ri il\u0259 m\u00fcqayis\u0259 edilir. Analizin n\u0259tic\u0259l\u0259ri h\u0259d\u0259f d\u0259y\u0259rind\u0259n m\u0259nfi sapd\u0131\u011f\u0131n\u0131 g\u00f6st\u0259rirs\u0259, sapma\u011fa s\u0259b\u0259b olan \u015f\u0259rtl\u0259ri \u00fcz\u0259 \u00e7\u0131xarmaq \u00fc\u00e7\u00fcn k\u00f6k s\u0259b\u0259bi analizi h\u0259yata ke\u00e7irilir. N\u0259tic\u0259nin m\u00fcsb\u0259t v\u0259 ya m\u0259nfi olmas\u0131ndan as\u0131l\u0131 olmayaraq, bu n\u0259tic\u0259y\u0259 nail olmaqda h\u0259lledici m\u0259qamlar qiym\u0259tl\u0259ndirilir.<\/p>\n<p>&nbsp;<\/p>\n<p><strong>SCS \u00e7\u0259r\u00e7iv\u0259sind\u0259 m\u00fc\u0259yy\u0259n edilmi\u015f komit\u0259l\u0259r:<\/strong><\/p>\n<p>X\u0259st\u0259xanam\u0131zda SKS standartlar\u0131na uy\u011fun komit\u0259l\u0259r a\u015fa\u011f\u0131dak\u0131lard\u0131r:<\/p>\n<ul>\n<li>X\u0259st\u0259 T\u0259hl\u00fck\u0259sizliyi Komit\u0259si<\/li>\n<li>\u0130\u015f\u00e7il\u0259rin Sa\u011flaml\u0131\u011f\u0131 v\u0259 T\u0259hl\u00fck\u0259sizliyi Komit\u0259si<\/li>\n<li>T\u0259hsil Komit\u0259si<\/li>\n<li>M\u00fc\u0259ssis\u0259nin T\u0259hl\u00fck\u0259sizlik Komit\u0259si<\/li>\n<li>\u0130nfeksiyaya N\u0259zar\u0259t Komit\u0259si<\/li>\n<\/ul>\n<p><strong><u>Hasta G\u00fcvenli\u011fi Komitesi: <\/u><\/strong>Hastanede y\u00fcr\u00fct\u00fclen \u00e7al\u0131\u015fmalar\u0131n etkilili\u011fini, s\u00fcreklili\u011fini ve sistematikli\u011fini sa\u011flayacak \u015fekilde muhtemel risklerin belirlenmesi, bu risklerin giderilmesi i\u00e7in uygun y\u00f6ntem ve teknik belirlenmesi ve hizmet i\u00e7i e\u011fitimler ile g\u00fcvenli hizmet sunumu ve g\u00fcvenli \u00e7al\u0131\u015fma ortam\u0131n\u0131n s\u00fcrd\u00fcr\u00fclebilirli\u011fini sa\u011flamak i\u00e7in faaliyet g\u00f6sterir. Komit\u0259 ild\u0259 \u0259n az\u0131 4 d\u0259f\u0259 v\u0259 z\u0259rur\u0259t yarand\u0131qda m\u00fcnt\u0259z\u0259m fasil\u0259l\u0259rl\u0259 topla\u015f\u0131r.<\/p>\n<p><strong><u>Kalite Y\u00f6netim Ekibi:<\/u><\/strong> Ekip b\u00f6l\u00fcm kalite sorumlular\u0131, hastane y\u00f6netimi ve kalite y\u00f6netim birimi ile toplant\u0131lar d\u00fczenleyerek kalite faaliyetlerinin de\u011ferlendirmesini yapar. Komanda korporativ m\u0259qs\u0259d v\u0259 m\u0259qs\u0259dl\u0259r, g\u00f6st\u0259rici m\u0259lumatlar\u0131, korrekt\u0259edici preventiv h\u0259r\u0259k\u0259tl\u0259r, \u00f6z\u00fcn\u00fcqiym\u0259tl\u0259ndirm\u0259 qeyri-uy\u011funluqlar\u0131n\u0131n izl\u0259nilm\u0259si kimi keyfiyy\u0259t f\u0259aliyy\u0259tl\u0259rini qiym\u0259tl\u0259ndirir.<\/div>\n<\/div>\n<\/div>\n<p>[\/vc_column_text][\/vc_column][\/vc_row]<\/p>\n<\/div>","protected":false},"excerpt":{"rendered":"<p>[vc_row tm_bgimagefixed=&#8221;&#8221; css=&#8221;.vc_custom_1533399575967{padding-top: 65px !important;padding-bottom: 60px !important;}&#8221;][vc_column][vc_column_text] Bizim x\u0259st\u0259xana keyfiyy\u0259t idar\u0259 b\u00f6lm\u0259 keyfiyy\u0259t direktoru Ecz. Arif \u00d6ZDEM\u0130r v\u0259 keyfiyy\u0259ti idar\u0259 hey\u0259ti SKS \u00e7\u0259r\u00e7iv\u0259sind\u0259 h\u0259yata ke\u00e7iril\u0259n i\u015fl\u0259ri koordinasiya edir. BIZIM KEYFIYY\u018fT VAHIDIMIZ Korporativ m\u0259qs\u0259d v\u0259 m\u0259qs\u0259dl\u0259r \u00fc\u00e7\u00fcn t\u0259dqiqatlar\u0131n izl\u0259n verilm\u0259sini t\u0259min edir. \u00d6z\u00fcn\u00fcqiym\u0259tl\u0259ndirm\u0259ni idar\u0259 edir. T\u0259hl\u00fck\u0259sizlik hesabat sistemi il\u0259 ba\u011fl\u0131 prosesl\u0259ri idar\u0259 edir. Riskl\u0259rin idar\u0259 edilm\u0259si &hellip; <a href=\"https:\/\/www.giresunadahastanesi.com\/az\/keyfiyy%c9%99tin-idar%c9%99-edilm%c9%99si-bas-idar%c9%99si\/\" class=\"more-link\">Continue reading <span class=\"screen-reader-text\">Keyfiyy\u0259tin \u0130dar\u0259 Edilm\u0259si Ba\u015f \u0130dar\u0259si<\/span><\/a><\/p>\n","protected":false},"author":1,"featured_media":0,"parent":0,"menu_order":14,"comment_status":"closed","ping_status":"closed","template":"","meta":{"footnotes":""},"class_list":["post-5925","page","type-page","status-publish","hentry"],"_links":{"self":[{"href":"https:\/\/www.giresunadahastanesi.com\/az\/wp-json\/wp\/v2\/pages\/5925","targetHints":{"allow":["GET"]}}],"collection":[{"href":"https:\/\/www.giresunadahastanesi.com\/az\/wp-json\/wp\/v2\/pages"}],"about":[{"href":"https:\/\/www.giresunadahastanesi.com\/az\/wp-json\/wp\/v2\/types\/page"}],"author":[{"embeddable":true,"href":"https:\/\/www.giresunadahastanesi.com\/az\/wp-json\/wp\/v2\/users\/1"}],"replies":[{"embeddable":true,"href":"https:\/\/www.giresunadahastanesi.com\/az\/wp-json\/wp\/v2\/comments?post=5925"}],"version-history":[{"count":3,"href":"https:\/\/www.giresunadahastanesi.com\/az\/wp-json\/wp\/v2\/pages\/5925\/revisions"}],"predecessor-version":[{"id":7680,"href":"https:\/\/www.giresunadahastanesi.com\/az\/wp-json\/wp\/v2\/pages\/5925\/revisions\/7680"}],"wp:attachment":[{"href":"https:\/\/www.giresunadahastanesi.com\/az\/wp-json\/wp\/v2\/media?parent=5925"}],"curies":[{"name":"wp","href":"https:\/\/api.w.org\/{rel}","templated":true}]}}