{"id":5931,"date":"2023-05-16T07:54:43","date_gmt":"2023-05-16T04:54:43","guid":{"rendered":"https:\/\/www.giresunadahastanesi.com\/missiya-v%c9%99-vision\/"},"modified":"2023-05-20T13:25:12","modified_gmt":"2023-05-20T10:25:12","slug":"missiya-v%c9%99-vision","status":"publish","type":"page","link":"https:\/\/www.giresunadahastanesi.com\/az\/missiya-v%c9%99-vision\/","title":{"rendered":"Missiya v\u0259 Vision"},"content":{"rendered":"<div class=\"wpb-content-wrapper\"><p>[vc_row tm_bgimagefixed=&#8221;&#8221; css=&#8221;.vc_custom_1533399575967{padding-top: 65px !important;padding-bottom: 60px !important;}&#8221;][vc_column]<h2 style=\"text-align:left;font-size:36px;line-height:46px;\" class=\"tm-custom-heading \" >Missiyam\u0131z v\u0259 <strong>Vizyonumuz<\/strong><\/h2>\n[vc_column_text]<strong>Mission<\/strong><\/p>\n<p>Etik qaydalara riay\u0259t etm\u0259k, x\u0259st\u0259 h\u00fcquqlar\u0131na h\u00f6rm\u0259t etm\u0259k, daim evd\u0259 t\u0259lim-t\u0259rbiy\u0259 il\u0259 d\u0259st\u0259kl\u0259n\u0259n, ekspert i\u015f\u00e7il\u0259rimizl\u0259, D\u00fczg\u00fcn Diaqnoz \u2013 D\u00fczg\u00fcn m\u00fcalic\u0259 \u00fcsulu il\u0259; Keyfiyy\u0259t v\u0259 milli-m\u0259n\u0259vi d\u0259y\u0259rl\u0259r\u0259 g\u00fcz\u0259\u015ft\u0259 getm\u0259d\u0259n i\u015fl\u0259y\u0259n s\u0259hiyy\u0259 xidm\u0259tl\u0259rini g\u00f6st\u0259rm\u0259k.<\/p>\n<p>&nbsp;<\/p>\n<p><strong>Vizyon<\/strong><\/p>\n<p>Y\u00fcks\u0259k ixtisasl\u0131 hey\u0259timizl\u0259 b\u00f6lg\u0259mizd\u0259 istinad olunan s\u0259hiyy\u0259 m\u00fc\u0259ssis\u0259l\u0259rind\u0259n biri olmaq \u00fc\u00e7\u00fcn \u0259n son texnoloji obyektl\u0259rd\u0259n istifad\u0259 etm\u0259kl\u0259 beyn\u0259lxalq Keyfiyy\u0259t standartlar\u0131na uy\u011fun olaraq x\u0259st\u0259 m\u0259mnuniyy\u0259tin\u0259 diqq\u0259t yetirilirdi.<\/p>\n<p>&nbsp;<\/p>\n<p><strong>Qiym\u0259tl\u0259r<\/strong><\/p>\n<ul>\n<li>S\u0259birl\u0259 Doyun<\/li>\n<li>X\u0259st\u0259y\u0259 h\u00f6rm\u0259t<\/li>\n<li>Gizlilik<\/li>\n<li>Tibbi xidm\u0259tl\u0259rd\u0259 m\u00fck\u0259mm\u0259llik<\/li>\n<\/ul>\n<p>[\/vc_column_text][\/vc_column][\/vc_row]<\/p>\n<\/div>","protected":false},"excerpt":{"rendered":"<p>[vc_row tm_bgimagefixed=&#8221;&#8221; css=&#8221;.vc_custom_1533399575967{padding-top: 65px !important;padding-bottom: 60px !important;}&#8221;][vc_column][vc_column_text]Mission Etik qaydalara riay\u0259t etm\u0259k, x\u0259st\u0259 h\u00fcquqlar\u0131na h\u00f6rm\u0259t etm\u0259k, daim evd\u0259 t\u0259lim-t\u0259rbiy\u0259 il\u0259 d\u0259st\u0259kl\u0259n\u0259n, ekspert i\u015f\u00e7il\u0259rimizl\u0259, D\u00fczg\u00fcn Diaqnoz \u2013 D\u00fczg\u00fcn m\u00fcalic\u0259 \u00fcsulu il\u0259; Keyfiyy\u0259t v\u0259 milli-m\u0259n\u0259vi d\u0259y\u0259rl\u0259r\u0259 g\u00fcz\u0259\u015ft\u0259 getm\u0259d\u0259n i\u015fl\u0259y\u0259n s\u0259hiyy\u0259 xidm\u0259tl\u0259rini g\u00f6st\u0259rm\u0259k. &nbsp; Vizyon Y\u00fcks\u0259k ixtisasl\u0131 hey\u0259timizl\u0259 b\u00f6lg\u0259mizd\u0259 istinad olunan s\u0259hiyy\u0259 m\u00fc\u0259ssis\u0259l\u0259rind\u0259n biri olmaq \u00fc\u00e7\u00fcn \u0259n son texnoloji &hellip; <a href=\"https:\/\/www.giresunadahastanesi.com\/az\/missiya-v%c9%99-vision\/\" class=\"more-link\">Continue reading <span class=\"screen-reader-text\">Missiya v\u0259 Vision<\/span><\/a><\/p>\n","protected":false},"author":1,"featured_media":0,"parent":0,"menu_order":14,"comment_status":"closed","ping_status":"closed","template":"","meta":{"footnotes":""},"class_list":["post-5931","page","type-page","status-publish","hentry"],"_links":{"self":[{"href":"https:\/\/www.giresunadahastanesi.com\/az\/wp-json\/wp\/v2\/pages\/5931","targetHints":{"allow":["GET"]}}],"collection":[{"href":"https:\/\/www.giresunadahastanesi.com\/az\/wp-json\/wp\/v2\/pages"}],"about":[{"href":"https:\/\/www.giresunadahastanesi.com\/az\/wp-json\/wp\/v2\/types\/page"}],"author":[{"embeddable":true,"href":"https:\/\/www.giresunadahastanesi.com\/az\/wp-json\/wp\/v2\/users\/1"}],"replies":[{"embeddable":true,"href":"https:\/\/www.giresunadahastanesi.com\/az\/wp-json\/wp\/v2\/comments?post=5931"}],"version-history":[{"count":3,"href":"https:\/\/www.giresunadahastanesi.com\/az\/wp-json\/wp\/v2\/pages\/5931\/revisions"}],"predecessor-version":[{"id":7683,"href":"https:\/\/www.giresunadahastanesi.com\/az\/wp-json\/wp\/v2\/pages\/5931\/revisions\/7683"}],"wp:attachment":[{"href":"https:\/\/www.giresunadahastanesi.com\/az\/wp-json\/wp\/v2\/media?parent=5931"}],"curies":[{"name":"wp","href":"https:\/\/api.w.org\/{rel}","templated":true}]}}