{"id":5937,"date":"2023-05-16T07:50:22","date_gmt":"2023-05-16T04:50:22","guid":{"rendered":"https:\/\/www.giresunadahastanesi.com\/yoldas-siyas%c9%99ti\/"},"modified":"2023-05-20T13:26:59","modified_gmt":"2023-05-20T10:26:59","slug":"yoldas-siyas%c9%99ti","status":"publish","type":"page","link":"https:\/\/www.giresunadahastanesi.com\/az\/yoldas-siyas%c9%99ti\/","title":{"rendered":"Yolda\u015f Siyas\u0259ti"},"content":{"rendered":"<div class=\"wpb-content-wrapper\"><p>[vc_row tm_bgimagefixed=&#8221;&#8221; css=&#8221;.vc_custom_1533399575967{padding-top: 65px !important;padding-bottom: 60px !important;}&#8221;][vc_column]<h2 style=\"text-align:left;font-size:36px;line-height:46px;\" class=\"tm-custom-heading \" >Ada X\u0259st\u0259xanas\u0131n\u0131n Yolda\u015f Siyas\u0259ti<\/h2>\n[vc_column_text]<\/p>\n<ul>\n<li>X\u0259st\u0259nin m\u00fc\u015fayi\u0259t ed\u0259n \u015f\u0259xs\u0259 ehtiyac\u0131 olub-olmamas\u0131 x\u0259st\u0259nin h\u0259kimi t\u0259r\u0259find\u0259n m\u00fc\u0259yy\u0259n edilir v\u0259 onunla birlikd\u0259 olan bir n\u0259f\u0259rl\u0259 m\u0259hduddur.<\/li>\n<li>Xidm\u0259td\u0259ki yolda\u015f\u0131na yolda\u015f kart\u0131 verilir.<\/li>\n<li>M\u00fc\u015fayi\u0259t olunan \u015f\u0259xsl\u0259r intensiv terapiya b\u00f6lm\u0259l\u0259rind\u0259 q\u0259bul edilmir.<\/li>\n<li>M\u00fc\u015fayi\u0259t ed\u0259n \u015f\u0259xsl\u0259r x\u0259st\u0259xana qaydalar\u0131na \u0259m\u0259l etm\u0259lidirl\u0259r. Pozuntu hal\u0131nda, h\u0259min \u015f\u0259xsin m\u00fc\u015fayi\u0259tedici statusu q\u0259bul olunmayacaq.<\/li>\n<li>M\u00fc\u015fayi\u0259t ed\u0259n \u015f\u0259xsl\u0259r (h\u0259kim v\u0259 tibb bac\u0131s\u0131 g\u00f6st\u0259ri\u015fl\u0259ri istisna olmaqla) x\u0259st\u0259 \u00fc\u00e7\u00fcn he\u00e7 bir m\u00fcraci\u0259t etm\u0259y\u0259c\u0259kl\u0259r.<\/li>\n<li>X\u0259st\u0259xanan\u0131n \u0259mlak\u0131n\u0131n s\u0259liq\u0259li v\u0259 t\u0259miz saxlan\u0131lmas\u0131, x\u0259st\u0259xanan\u0131n m\u00fclkiyy\u0259tin\u0259 z\u0259r\u0259r vuran yolda\u015f is\u0259 z\u0259r\u0259rin \u00f6d\u0259nilm\u0259sini t\u0259min edir.<\/li>\n<li>M\u00fc\u015fay\u0259tkar \u015f\u0259xsl\u0259r \u00f6z \u015f\u0259xsiyy\u0259t v\u0259siq\u0259l\u0259rini h\u0259r zaman \u00f6z adlar\u0131na \u0259lav\u0259 edilmi\u015f \u015f\u0259kild\u0259 saxlay\u0131rlar.<\/li>\n<li>M\u00fc\u015fayi\u0259t ed\u0259n \u015f\u0259xsl\u0259r m\u00fcvafiq h\u0259kim v\u0259 ya tibb bac\u0131s\u0131n\u0131n xahi\u015fi istisna olmaqla, x\u0259st\u0259l\u0259ri x\u0259st\u0259xanadan \u00e7\u0131xarmayacaq v\u0259 ya \u00e7arpay\u0131lar\u0131n\u0131 d\u0259yi\u015fm\u0259y\u0259c\u0259kl\u0259r.<\/li>\n<li>M\u00fc\u015fayi\u0259t\u00e7i \u015f\u0259xsl\u0259r x\u0259st\u0259xana daxilind\u0259 t\u00fct\u00fcn v\u0259 alkoqollu madd\u0259l\u0259rd\u0259n istifad\u0259 etm\u0259y\u0259c\u0259kl\u0259r.<\/li>\n<li>X\u0259st\u0259ni m\u00fc\u015fayi\u0259t ed\u0259n \u015f\u0259xsl\u0259r x\u0259st\u0259y\u0259 yem\u0259k v\u0259 i\u00e7ki g\u0259tirm\u0259z, h\u0259kim v\u0259 ya tibb bac\u0131s\u0131 il\u0259 m\u0259sl\u0259h\u0259tl\u0259\u015fm\u0259d\u0259n x\u0259st\u0259y\u0259 he\u00e7 bir yem\u0259k v\u0259 i\u00e7ki verm\u0259m\u0259lil\u0259r.<\/li>\n<li>M\u00fc\u015fayi\u0259t ed\u0259n \u015f\u0259xsl\u0259r x\u0259st\u0259 otaqlar\u0131nda v\u0259 koridorlarda ucadan dan\u0131\u015fmayacaqlar, i\u015f\u00e7il\u0259ri v\u0259 dig\u0259r x\u0259st\u0259l\u0259ri narahat etm\u0259y\u0259c\u0259kl\u0259r.<\/li>\n<li>M\u00fc\u015fayi\u0259t ed\u0259n \u015f\u0259xsl\u0259r m\u00fc\u015fayi\u0259t etdikl\u0259ri kartlar\u0131 g\u00f6st\u0259rm\u0259kl\u0259 ayr\u0131-ayr\u0131 m\u0259bl\u0259\u011f \u00f6d\u0259m\u0259d\u0259n x\u0259st\u0259xanam\u0131z\u0131n qida xidm\u0259tl\u0259rind\u0259n yararlanacaqlar.<\/li>\n<li>Sizi dinc m\u00fchitl\u0259 t\u0259min etm\u0259k m\u0259qs\u0259di il\u0259 x\u0259st\u0259l\u0259r v\u0259 onlar\u0131n qohumlar\u0131; X\u0259st\u0259nin ota\u011f\u0131n koridorlar\u0131nda v\u0259 xidm\u0259td\u0259 y\u00fcks\u0259k s\u0259sl\u0259 dan\u0131\u015fmamas\u0131, s\u0259s-k\u00fcy salmas\u0131 m\u00fctl\u0259qdir. Bundan \u0259lav\u0259, televizorlardan el\u0259 istifad\u0259 etm\u0259k laz\u0131md\u0131r ki, ba\u015fqalar\u0131n\u0131 narahat etm\u0259sin.<\/li>\n<li>Xidm\u0259t tibb bac\u0131lar\u0131na yolda\u015flar\u0131n d\u0259yi\u015fdirilm\u0259si il\u0259 ba\u011fl\u0131 m\u0259lumat veril\u0259c\u0259k.<\/li>\n<li>M\u00fc\u015fayi\u0259t ed\u0259n \u015f\u0259xsl\u0259r x\u0259st\u0259l\u0259rind\u0259 h\u0259r hans\u0131 bir problem olduqda tibb bac\u0131s\u0131na m\u0259lumat ver\u0259c\u0259kl\u0259r.<\/li>\n<\/ul>\n<p>&nbsp;<\/p>\n<p><span style=\"color: #999999;\"><em>S\u0259n\u0259d No: HD. YD.17 | Burax\u0131l\u0131\u015f tarixi: JUL15 | Reviziya No: 00 | Reviziya Tarixi:- <\/em><\/span>[\/vc_column_text][\/vc_column][\/vc_row]<\/p>\n<\/div>","protected":false},"excerpt":{"rendered":"<p>[vc_row tm_bgimagefixed=&#8221;&#8221; css=&#8221;.vc_custom_1533399575967{padding-top: 65px !important;padding-bottom: 60px !important;}&#8221;][vc_column][vc_column_text] X\u0259st\u0259nin m\u00fc\u015fayi\u0259t ed\u0259n \u015f\u0259xs\u0259 ehtiyac\u0131 olub-olmamas\u0131 x\u0259st\u0259nin h\u0259kimi t\u0259r\u0259find\u0259n m\u00fc\u0259yy\u0259n edilir v\u0259 onunla birlikd\u0259 olan bir n\u0259f\u0259rl\u0259 m\u0259hduddur. Xidm\u0259td\u0259ki yolda\u015f\u0131na yolda\u015f kart\u0131 verilir. M\u00fc\u015fayi\u0259t olunan \u015f\u0259xsl\u0259r intensiv terapiya b\u00f6lm\u0259l\u0259rind\u0259 q\u0259bul edilmir. M\u00fc\u015fayi\u0259t ed\u0259n \u015f\u0259xsl\u0259r x\u0259st\u0259xana qaydalar\u0131na \u0259m\u0259l etm\u0259lidirl\u0259r. Pozuntu hal\u0131nda, h\u0259min \u015f\u0259xsin m\u00fc\u015fayi\u0259tedici statusu q\u0259bul olunmayacaq. M\u00fc\u015fayi\u0259t ed\u0259n &hellip; <a href=\"https:\/\/www.giresunadahastanesi.com\/az\/yoldas-siyas%c9%99ti\/\" class=\"more-link\">Continue reading <span class=\"screen-reader-text\">Yolda\u015f Siyas\u0259ti<\/span><\/a><\/p>\n","protected":false},"author":1,"featured_media":0,"parent":0,"menu_order":14,"comment_status":"closed","ping_status":"closed","template":"","meta":{"footnotes":""},"class_list":["post-5937","page","type-page","status-publish","hentry"],"_links":{"self":[{"href":"https:\/\/www.giresunadahastanesi.com\/az\/wp-json\/wp\/v2\/pages\/5937","targetHints":{"allow":["GET"]}}],"collection":[{"href":"https:\/\/www.giresunadahastanesi.com\/az\/wp-json\/wp\/v2\/pages"}],"about":[{"href":"https:\/\/www.giresunadahastanesi.com\/az\/wp-json\/wp\/v2\/types\/page"}],"author":[{"embeddable":true,"href":"https:\/\/www.giresunadahastanesi.com\/az\/wp-json\/wp\/v2\/users\/1"}],"replies":[{"embeddable":true,"href":"https:\/\/www.giresunadahastanesi.com\/az\/wp-json\/wp\/v2\/comments?post=5937"}],"version-history":[{"count":3,"href":"https:\/\/www.giresunadahastanesi.com\/az\/wp-json\/wp\/v2\/pages\/5937\/revisions"}],"predecessor-version":[{"id":7686,"href":"https:\/\/www.giresunadahastanesi.com\/az\/wp-json\/wp\/v2\/pages\/5937\/revisions\/7686"}],"wp:attachment":[{"href":"https:\/\/www.giresunadahastanesi.com\/az\/wp-json\/wp\/v2\/media?parent=5937"}],"curies":[{"name":"wp","href":"https:\/\/api.w.org\/{rel}","templated":true}]}}