{"id":5942,"date":"2023-05-02T17:04:59","date_gmt":"2023-05-02T14:04:59","guid":{"rendered":"https:\/\/www.giresunadahastanesi.com\/t%c9%99cili-yardim-otagi\/"},"modified":"2023-05-21T21:45:08","modified_gmt":"2023-05-21T18:45:08","slug":"t%c9%99cili-yardim-otagi","status":"publish","type":"page","link":"https:\/\/www.giresunadahastanesi.com\/az\/t%c9%99cili-yardim-otagi\/","title":{"rendered":"T\u0259cili yard\u0131m ota\u011f\u0131"},"content":{"rendered":"<div class=\"wpb-content-wrapper\"><p>[vc_row tm_bgimagefixed=&#8221;&#8221; break_in_responsive=&#8221;991&#8243;][vc_column][vc_single_image image=&#8221;3996&#8243; img_size=&#8221;full&#8221; alignment=&#8221;center&#8221;][vc_column_text css=&#8221;.vc_custom_1683038284281{margin-bottom: 20px !important;}&#8221;]<\/p>\n<div class=\"elementor-element elementor-element-70b9 elementor-widget elementor-widget-text-editor\" data-id=\"70b9\" data-element_type=\"text-editor.default\">\n<div class=\"elementor-widget-container\">\n<div class=\"elementor-text-editor elementor-clearfix\">\n<p>G\u00fcn \u0259rzind\u0259 t\u0259cili yard\u0131m \u015f\u00f6b\u0259si x\u0259st\u0259xanada m\u00f6vcud olan b\u00fct\u00fcn filiallar t\u0259r\u0259find\u0259n d\u0259st\u0259kl\u0259nir. Gec\u0259l\u0259r anesteziya, kardiologiya, \u00fcr\u0259k-damar c\u0259rrahiyy\u0259si, pediatriya v\u0259 t\u0259cili yard\u0131m filiallar\u0131n\u0131n b\u00fct\u00fcn filiallar\u0131 laz\u0131m g\u0259ldikd\u0259 x\u0259st\u0259xana daxilind\u0259 \u00f6z b\u00f6lm\u0259l\u0259rind\u0259 m\u00fct\u0259x\u0259ssisl\u0259r t\u0259r\u0259find\u0259n d\u0259st\u0259kl\u0259nir.<\/p><\/div>\n<\/div>\n<\/div>\n<p>[\/vc_column_text]<h4 style=\"text-align:left;\" class=\"tm-custom-heading \" >Xidm\u0259tl\u0259r<\/h4>\n[vc_column_text css=&#8221;.vc_custom_1683038306911{margin-bottom: 10px !important;}&#8221;]Multidissiplinar yana\u015fma il\u0259 xidm\u0259t g\u00f6st\u0259r\u0259n t\u0259cili yard\u0131m \u015f\u00f6b\u0259sind\u0259 dig\u0259r ixtisaslarda olan h\u0259kiml\u0259rimiz laz\u0131m olduqda \u00e7ox q\u0131sa m\u00fcdd\u0259td\u0259 t\u0259cili yard\u0131m xidm\u0259timiz\u0259 \u00e7at\u0131rlar. M\u00fcasir tibbi cihazlarla t\u0259chiz olunmu\u015f t\u0259cili yard\u0131m \u015f\u00f6b\u0259sind\u0259 x\u0259st\u0259l\u0259rin ilkin m\u00fcalic\u0259si v\u0259 m\u00fc\u015fahid\u0259l\u0259ri m\u00fc\u015fahid\u0259 otaqlar\u0131nda apar\u0131l\u0131r. Bundan \u0259lav\u0259, ilk m\u00fcdaxil\u0259 v\u0259 m\u00fcayin\u0259l\u0259r m\u00fcdaxil\u0259 otaqlar\u0131nda v\u0259 texniki c\u0259h\u0259td\u0259n t\u0259chiz olunmu\u015f dig\u0259r otaqlarda vaxt itirm\u0259d\u0259n h\u0259yata ke\u00e7iril\u0259 bil\u0259r.<\/p>\n<p>B\u00fct\u00fcn x\u0259st\u0259xanalar\u0131m\u0131zda b\u00fct\u00fcn laborator m\u00fcayin\u0259l\u0259ri 24 saat \u0259rzind\u0259 radiologiya m\u00fct\u0259x\u0259ssisl\u0259rinin d\u0259st\u0259yi il\u0259 maqnit rezonans\u0131, hesablanan tomoqrafiya, ultrasonoqrafiya kimi t\u0259svir vasit\u0259l\u0259ri il\u0259 h\u0259yata ke\u00e7irm\u0259k m\u00fcmk\u00fcnd\u00fcr.[\/vc_column_text][\/vc_column][\/vc_row][vc_row tm_bgimagefixed=&#8221;&#8221; break_in_responsive=&#8221;991&#8243; css=&#8221;.vc_custom_1543407948016{padding-top: 10px !important;}&#8221;][vc_column]<h4 style=\"text-align:left;\" class=\"tm-custom-heading \" >Xidm\u0259t H\u0259kiml\u0259rimiz<\/h4>\n[vc_separator color=&#8221;custom&#8221; accent_color=&#8221;#ebebeb&#8221;]<div class=\"themetechmount-boxes themetechmount-boxes-team themetechmount-boxes-view-default themetechmount-boxes-col-three themetechmount-boxes-sortable-no themetechmount-boxes-textalign-center themetechmount-boxes-sortablebutton-\">\n\t\t<div class=\"themetechmount-boxes-inner themetechmount-boxes-team-inner \">\n\t\t\t\n\t\t\t<div class=\"row multi-columns-row themetechmount-boxes-row-wrapper\">\n\t\t\t\t<div class=\"tm-box-col-wrapper col-lg-4 col-sm-6 col-md-4 col-xs-12 t%c9%99cili\"><article class=\"themetechmount-box themetechmount-box-team themetechmount-teambox-view-overlay\">\n\t<div class=\"themetechmount-post-item\">\n\t\t<div class=\"themetechmount-team-image-box\">\n\t\t\t\n\t\t<span class=\"themetechmount-item-thumbnail\">\n\t\t\t<span class=\"themetechmount-item-thumbnail-inner\">\n\t\t\t\t<img fetchpriority=\"high\" decoding=\"async\" width=\"380\" height=\"500\" src=\"https:\/\/www.giresunadahastanesi.com\/wp-content\/uploads\/2023\/05\/ugurkara-380x500.jpg\" class=\"attachment-themetechmount-img-teamoverlay size-themetechmount-img-teamoverlay wp-post-image\" alt=\"\" data-id=\"4176\" \/>\n\t\t\t<\/span>\n\t\t<\/span>\t        <div class=\"themetechmount-overlay\">\n\t\t\t\t<div class=\"themetechmount-icon-box themetechmount-box-link\"><a href=\"https:\/\/www.giresunadahastanesi.com\/az\/team-member\/dr-ugur-kara\/\"><i class=\"tm-brivona-icon-plus-1\"><\/i><\/a><\/div>\t\n\t\t\t<\/div>\t\n\t\t<\/div>\t\n\t\t\t<div class=\"themetechmount-box-content\">\n\t\t\t\t<div class=\"themetechmount-team-position\">T\u0259cili<\/div>\n\t\t\t\t<div class=\"themetechmount-box-title\"><h4><a href=\"https:\/\/www.giresunadahastanesi.com\/az\/team-member\/dr-ugur-kara\/\">Dr. U\u011fur KARA<\/a><\/h4><\/div>\t\t\t\t\t\t\t\t\n\t\t\t<\/div>\t\t\t\n\t<\/div>\n<\/article>\n <\/div><div class=\"tm-box-col-wrapper col-lg-4 col-sm-6 col-md-4 col-xs-12 t%c9%99cili\"><article class=\"themetechmount-box themetechmount-box-team themetechmount-teambox-view-overlay\">\n\t<div class=\"themetechmount-post-item\">\n\t\t<div class=\"themetechmount-team-image-box\">\n\t\t\t\n\t\t<span class=\"themetechmount-item-thumbnail\">\n\t\t\t<span class=\"themetechmount-item-thumbnail-inner\">\n\t\t\t\t<img decoding=\"async\" width=\"380\" height=\"500\" src=\"https:\/\/www.giresunadahastanesi.com\/wp-content\/uploads\/2023\/05\/nophoto-380x500.jpg\" class=\"attachment-themetechmount-img-teamoverlay size-themetechmount-img-teamoverlay wp-post-image\" alt=\"\" data-id=\"4192\" \/>\n\t\t\t<\/span>\n\t\t<\/span>\t        <div class=\"themetechmount-overlay\">\n\t\t\t\t<div class=\"themetechmount-icon-box themetechmount-box-link\"><a href=\"https:\/\/www.giresunadahastanesi.com\/az\/team-member\/dr-ozan-erbil-alicanoglu\/\"><i class=\"tm-brivona-icon-plus-1\"><\/i><\/a><\/div>\t\n\t\t\t<\/div>\t\n\t\t<\/div>\t\n\t\t\t<div class=\"themetechmount-box-content\">\n\t\t\t\t<div class=\"themetechmount-team-position\">T\u0259cili<\/div>\n\t\t\t\t<div class=\"themetechmount-box-title\"><h4><a href=\"https:\/\/www.giresunadahastanesi.com\/az\/team-member\/dr-ozan-erbil-alicanoglu\/\">Dr. Ozan Erbil AL\u0130CANO\u011eLU<\/a><\/h4><\/div>\t\t\t\t\t\t\t\t\n\t\t\t<\/div>\t\t\t\n\t<\/div>\n<\/article>\n <\/div>\n\t\t\t<\/div>\n\t\t<\/div><!-- .themetechmount-boxes-inner -->   <\/div><!-- .themetechmount-boxes -->  [\/vc_column][\/vc_row]<\/p>\n<\/div>","protected":false},"excerpt":{"rendered":"<p>[vc_row tm_bgimagefixed=&#8221;&#8221; break_in_responsive=&#8221;991&#8243;][vc_column][vc_single_image image=&#8221;3996&#8243; img_size=&#8221;full&#8221; alignment=&#8221;center&#8221;][vc_column_text css=&#8221;.vc_custom_1683038284281{margin-bottom: 20px !important;}&#8221;] G\u00fcn \u0259rzind\u0259 t\u0259cili yard\u0131m \u015f\u00f6b\u0259si x\u0259st\u0259xanada m\u00f6vcud olan b\u00fct\u00fcn filiallar t\u0259r\u0259find\u0259n d\u0259st\u0259kl\u0259nir. Gec\u0259l\u0259r anesteziya, kardiologiya, \u00fcr\u0259k-damar c\u0259rrahiyy\u0259si, pediatriya v\u0259 t\u0259cili yard\u0131m filiallar\u0131n\u0131n b\u00fct\u00fcn filiallar\u0131 laz\u0131m g\u0259ldikd\u0259 x\u0259st\u0259xana daxilind\u0259 \u00f6z b\u00f6lm\u0259l\u0259rind\u0259 m\u00fct\u0259x\u0259ssisl\u0259r t\u0259r\u0259find\u0259n d\u0259st\u0259kl\u0259nir. [\/vc_column_text][vc_column_text css=&#8221;.vc_custom_1683038306911{margin-bottom: 10px !important;}&#8221;]Multidissiplinar yana\u015fma il\u0259 xidm\u0259t g\u00f6st\u0259r\u0259n t\u0259cili yard\u0131m \u015f\u00f6b\u0259sind\u0259 dig\u0259r ixtisaslarda &hellip; <a href=\"https:\/\/www.giresunadahastanesi.com\/az\/team-member\/dr-ozan-erbil-alicanoglu\/\" class=\"more-link\">Continue reading <span class=\"screen-reader-text\">Dr. Ozan Erbil AL\u0130CANO\u011eLU<\/span><\/a><\/p>\n","protected":false},"author":1,"featured_media":0,"parent":0,"menu_order":23,"comment_status":"closed","ping_status":"closed","template":"","meta":{"footnotes":""},"class_list":["post-5942","page","type-page","status-publish","hentry"],"_links":{"self":[{"href":"https:\/\/www.giresunadahastanesi.com\/az\/wp-json\/wp\/v2\/pages\/5942","targetHints":{"allow":["GET"]}}],"collection":[{"href":"https:\/\/www.giresunadahastanesi.com\/az\/wp-json\/wp\/v2\/pages"}],"about":[{"href":"https:\/\/www.giresunadahastanesi.com\/az\/wp-json\/wp\/v2\/types\/page"}],"author":[{"embeddable":true,"href":"https:\/\/www.giresunadahastanesi.com\/az\/wp-json\/wp\/v2\/users\/1"}],"replies":[{"embeddable":true,"href":"https:\/\/www.giresunadahastanesi.com\/az\/wp-json\/wp\/v2\/comments?post=5942"}],"version-history":[{"count":4,"href":"https:\/\/www.giresunadahastanesi.com\/az\/wp-json\/wp\/v2\/pages\/5942\/revisions"}],"predecessor-version":[{"id":7832,"href":"https:\/\/www.giresunadahastanesi.com\/az\/wp-json\/wp\/v2\/pages\/5942\/revisions\/7832"}],"wp:attachment":[{"href":"https:\/\/www.giresunadahastanesi.com\/az\/wp-json\/wp\/v2\/media?parent=5942"}],"curies":[{"name":"wp","href":"https:\/\/api.w.org\/{rel}","templated":true}]}}