{"id":4561,"date":"2023-05-09T14:54:46","date_gmt":"2023-05-09T11:54:46","guid":{"rendered":"https:\/\/www.giresunadahastanesi.com\/child-adolescent-psychiatry\/"},"modified":"2023-05-21T22:52:46","modified_gmt":"2023-05-21T19:52:46","slug":"child-adolescent-psychiatry","status":"publish","type":"page","link":"https:\/\/www.giresunadahastanesi.com\/en\/child-adolescent-psychiatry\/","title":{"rendered":"Child &amp; Adolescent Psychiatry"},"content":{"rendered":"<div class=\"wpb-content-wrapper\"><p>[vc_row tm_bgimagefixed=&#8221;&#8221; break_in_responsive=&#8221;991&#8243;][vc_column][vc_single_image image=&#8221;3817&#8243; img_size=&#8221;full&#8221; alignment=&#8221;center&#8221;][vc_column_text css=&#8221;.vc_custom_1683633224339{margin-bottom: 20px !important;}&#8221;]Childhood and adolescence is the period of most change and development in human life. Changes and developments in this period affect not only the current period but the whole of life.[\/vc_column_text]<h4 style=\"text-align:left;\" class=\"tm-custom-heading \" >Services<\/h4>\n[vc_column_text css=&#8221;.vc_custom_1683633238943{margin-bottom: 10px !important;}&#8221;]<\/p>\n<div class=\"elementor-element elementor-element-24f8 elementor-widget elementor-widget-text-editor\" data-id=\"24f8\" data-element_type=\"text-editor.default\">\n<div class=\"elementor-widget-container\">\n<div class=\"elementor-text-editor elementor-clearfix\">\n<p>Today, the field of Child and Adolescent Psychiatry is a branch of science whose scope, requirements and social activity are rapidly expanding all over the world and in our country, and which directly interacts with all biological, psychological and sociological disciplines in terms of social and individual aspects.<\/p>\n<p>Child and Adolescent Psychiatry is defined by the European Union of Medical Specialists as &#8220;the prevention, diagnosis and treatment of mental health problems in children under the age of 18 by a specialist physician using medical methods, standards and approaches&#8221;.<\/p>\n<p>In our Department of Child and Adolescent Mental Health and Diseases, treatment services are provided to children and adolescents between the ages of 0-18 by applying individual psychotherapy, family therapy, medication and psychometric evaluations.<\/p>\n<p>If your child between the ages of 0-18 has an emotional or behavioral symptom that may negatively affect his\/her daily life, mental and physical development, school success and relationships with other people, you can consult a Child Psychiatrist.<\/p>\n<p>In addition, attention, development and intelligence tests are conducted by a psychologist in our unit. Tests administered in our department:<\/p><\/div>\n<\/div>\n<\/div>\n<p>[\/vc_column_text][vc_row_inner][vc_column_inner width=&#8221;1\/2&#8243;]<ul class=\"tm-list tm-list-style-icon tm-list-icon-color-skincolor tm-black tm-icon-skincolor tm-list-textsize- tm-list-icon-library-fontawesome\"><li><i class=\"tm-skincolor fa fa-arrow-circle-right\"><\/i>  <span class=\"tm-list-li-content\">Developmental Tests<\/span><\/li><li><i class=\"tm-skincolor fa fa-arrow-circle-right\"><\/i>  <span class=\"tm-list-li-content\">Intelligence Tests<\/span><\/li><\/ul>[\/vc_column_inner][vc_column_inner width=&#8221;1\/2&#8243; tm_responsive_css=&#8221;40737847|colbreak_no|||||||||colbreak_no|-33px||||||||colbreak_no||||||||||colbreak_no|||||||||&#8221;]<ul class=\"tm-list tm-list-style-icon tm-list-icon-color-skincolor tm-black tm-icon-skincolor tm-list-textsize- tm-list-icon-library-fontawesome\"><li><i class=\"tm-skincolor fa fa-arrow-circle-right\"><\/i>  <span class=\"tm-list-li-content\">Projective Tests<\/span><\/li><\/ul>[\/vc_column_inner][\/vc_row_inner][\/vc_column][\/vc_row][vc_row tm_bgimagefixed=&#8221;&#8221; break_in_responsive=&#8221;991&#8243; css=&#8221;.vc_custom_1543407948016{padding-top: 10px !important;}&#8221;][vc_column]<h4 style=\"text-align:left;\" class=\"tm-custom-heading \" >Our Service Doctors<\/h4>\n[vc_separator color=&#8221;custom&#8221; accent_color=&#8221;#ebebeb&#8221;]<div class=\"themetechmount-boxes themetechmount-boxes-team themetechmount-boxes-view-default themetechmount-boxes-col-three themetechmount-boxes-sortable-no themetechmount-boxes-textalign-center themetechmount-boxes-sortablebutton-\">\n\t\t<div class=\"themetechmount-boxes-inner themetechmount-boxes-team-inner \">\n\t\t\t\n\t\t\t<div class=\"row multi-columns-row themetechmount-boxes-row-wrapper\">\n\t\t\t\t<div class=\"tm-box-col-wrapper col-lg-4 col-sm-6 col-md-4 col-xs-12 psychology\"><article class=\"themetechmount-box themetechmount-box-team themetechmount-teambox-view-overlay\">\n\t<div class=\"themetechmount-post-item\">\n\t\t<div class=\"themetechmount-team-image-box\">\n\t\t\t\n\t\t<span class=\"themetechmount-item-thumbnail\">\n\t\t\t<span class=\"themetechmount-item-thumbnail-inner\">\n\t\t\t\t<img fetchpriority=\"high\" decoding=\"async\" width=\"380\" height=\"500\" src=\"https:\/\/www.giresunadahastanesi.com\/wp-content\/uploads\/2023\/05\/songul-380x500.jpg\" class=\"attachment-themetechmount-img-teamoverlay size-themetechmount-img-teamoverlay wp-post-image\" alt=\"\" data-id=\"4025\" \/>\n\t\t\t<\/span>\n\t\t<\/span>\t        <div class=\"themetechmount-overlay\">\n\t\t\t\t<div class=\"themetechmount-icon-box themetechmount-box-link\"><a href=\"https:\/\/www.giresunadahastanesi.com\/en\/team-member\/psk-songul-colakoglu\/\"><i class=\"tm-brivona-icon-plus-1\"><\/i><\/a><\/div>\t\n\t\t\t<\/div>\t\n\t\t<\/div>\t\n\t\t\t<div class=\"themetechmount-box-content\">\n\t\t\t\t<div class=\"themetechmount-team-position\">Psychology<\/div>\n\t\t\t\t<div class=\"themetechmount-box-title\"><h4><a href=\"https:\/\/www.giresunadahastanesi.com\/en\/team-member\/psk-songul-colakoglu\/\">Psk. Song\u00fcl \u00c7OLAKO\u011eLU<\/a><\/h4><\/div>\t\t\t\t\t\t\t\t\n\t\t\t<\/div>\t\t\t\n\t<\/div>\n<\/article>\n <\/div><div class=\"tm-box-col-wrapper col-lg-4 col-sm-6 col-md-4 col-xs-12 psychiatry\"><article class=\"themetechmount-box themetechmount-box-team themetechmount-teambox-view-overlay\">\n\t<div class=\"themetechmount-post-item\">\n\t\t<div class=\"themetechmount-team-image-box\">\n\t\t\t\n\t\t<span class=\"themetechmount-item-thumbnail\">\n\t\t\t<span class=\"themetechmount-item-thumbnail-inner\">\n\t\t\t\t<img decoding=\"async\" width=\"380\" height=\"500\" src=\"https:\/\/www.giresunadahastanesi.com\/wp-content\/uploads\/2023\/05\/meltemhazel-380x500.jpg\" class=\"attachment-themetechmount-img-teamoverlay size-themetechmount-img-teamoverlay wp-post-image\" alt=\"\" data-id=\"4029\" \/>\n\t\t\t<\/span>\n\t\t<\/span>\t        <div class=\"themetechmount-overlay\">\n\t\t\t\t<div class=\"themetechmount-icon-box themetechmount-box-link\"><a href=\"https:\/\/www.giresunadahastanesi.com\/en\/team-member\/specialist-dr-meltem-hazel-simsek\/\"><i class=\"tm-brivona-icon-plus-1\"><\/i><\/a><\/div>\t\n\t\t\t<\/div>\t\n\t\t<\/div>\t\n\t\t\t<div class=\"themetechmount-box-content\">\n\t\t\t\t<div class=\"themetechmount-team-position\">Psychiatry<\/div>\n\t\t\t\t<div class=\"themetechmount-box-title\"><h4><a href=\"https:\/\/www.giresunadahastanesi.com\/en\/team-member\/specialist-dr-meltem-hazel-simsek\/\">Specialist Dr. Meltem Hazel \u015e\u0130M\u015eEK<\/a><\/h4><\/div>\t\t\t\t\t\t\t\t\n\t\t\t<\/div>\t\t\t\n\t<\/div>\n<\/article>\n <\/div>\n\t\t\t<\/div>\n\t\t<\/div><!-- .themetechmount-boxes-inner -->   <\/div><!-- .themetechmount-boxes -->  [\/vc_column][\/vc_row]<\/p>\n<\/div>","protected":false},"excerpt":{"rendered":"<p>[vc_row tm_bgimagefixed=&#8221;&#8221; break_in_responsive=&#8221;991&#8243;][vc_column][vc_single_image image=&#8221;3817&#8243; img_size=&#8221;full&#8221; alignment=&#8221;center&#8221;][vc_column_text css=&#8221;.vc_custom_1683633224339{margin-bottom: 20px !important;}&#8221;]Childhood and adolescence is the period of most change and development in human life. Changes and developments in this period affect not only the current period but the whole of life.[\/vc_column_text][vc_column_text css=&#8221;.vc_custom_1683633238943{margin-bottom: 10px !important;}&#8221;] Today, the field of Child and Adolescent Psychiatry is a branch of science &hellip; <a href=\"https:\/\/www.giresunadahastanesi.com\/en\/team-member\/specialist-dr-meltem-hazel-simsek\/\" class=\"more-link\">Continue reading <span class=\"screen-reader-text\">Specialist Dr. Meltem Hazel \u015e\u0130M\u015eEK<\/span><\/a><\/p>\n","protected":false},"author":1,"featured_media":0,"parent":0,"menu_order":23,"comment_status":"closed","ping_status":"closed","template":"","meta":{"footnotes":""},"class_list":["post-4561","page","type-page","status-publish","hentry"],"_links":{"self":[{"href":"https:\/\/www.giresunadahastanesi.com\/en\/wp-json\/wp\/v2\/pages\/4561","targetHints":{"allow":["GET"]}}],"collection":[{"href":"https:\/\/www.giresunadahastanesi.com\/en\/wp-json\/wp\/v2\/pages"}],"about":[{"href":"https:\/\/www.giresunadahastanesi.com\/en\/wp-json\/wp\/v2\/types\/page"}],"author":[{"embeddable":true,"href":"https:\/\/www.giresunadahastanesi.com\/en\/wp-json\/wp\/v2\/users\/1"}],"replies":[{"embeddable":true,"href":"https:\/\/www.giresunadahastanesi.com\/en\/wp-json\/wp\/v2\/comments?post=4561"}],"version-history":[{"count":3,"href":"https:\/\/www.giresunadahastanesi.com\/en\/wp-json\/wp\/v2\/pages\/4561\/revisions"}],"predecessor-version":[{"id":7876,"href":"https:\/\/www.giresunadahastanesi.com\/en\/wp-json\/wp\/v2\/pages\/4561\/revisions\/7876"}],"wp:attachment":[{"href":"https:\/\/www.giresunadahastanesi.com\/en\/wp-json\/wp\/v2\/media?parent=4561"}],"curies":[{"name":"wp","href":"https:\/\/api.w.org\/{rel}","templated":true}]}}