{"id":4712,"date":"2023-05-09T15:12:03","date_gmt":"2023-05-09T12:12:03","guid":{"rendered":"https:\/\/www.giresunadahastanesi.com\/physical-therapy-rehabilitation\/"},"modified":"2023-05-21T23:01:39","modified_gmt":"2023-05-21T20:01:39","slug":"physical-therapy-rehabilitation","status":"publish","type":"page","link":"https:\/\/www.giresunadahastanesi.com\/en\/physical-therapy-rehabilitation\/","title":{"rendered":"Physical Therapy &amp; Rehabilitation"},"content":{"rendered":"<div class=\"wpb-content-wrapper\"><p>[vc_row tm_bgimagefixed=&#8221;&#8221; break_in_responsive=&#8221;991&#8243;][vc_column][vc_single_image image=&#8221;3817&#8243; img_size=&#8221;full&#8221; alignment=&#8221;center&#8221;][vc_column_text css=&#8221;.vc_custom_1683634258178{margin-bottom: 20px !important;}&#8221;]Physical Therapy Departments aim to provide services to outpatients or inpatients with indications for physical therapy and\/or rehabilitation in accordance with current, ethical and international standards.[\/vc_column_text]<h4 style=\"text-align:left;\" class=\"tm-custom-heading \" >Services<\/h4>\n[vc_column_text css=&#8221;.vc_custom_1683634271428{margin-bottom: 10px !important;}&#8221;]<\/p>\n<div class=\"elementor-element elementor-element-55fa elementor-widget elementor-widget-text-editor\" data-id=\"55fa\" data-element_type=\"text-editor.default\">\n<div class=\"elementor-widget-container\">\n<div class=\"elementor-text-editor elementor-clearfix\">\n<p>Our physical therapy and rehabilitation department, which consists of examination rooms, physiotherapy rooms and exercise rooms, equipped with the latest system devices, serves outpatient, ward and intensive care patients with our team of experienced specialist doctors and physiotherapists.<\/p>\n<p>The aim of Physical Therapy and Rehabilitation is to improve the quality of life of patients in cases where the functions of various parts of the body are lost or threatened due to various diseases or injuries.<\/p>\n<p>Basically, modern rehabilitation techniques are applied to increase the independent movement potential of our patients, relieve their pain, and provide maximum mobility.<\/p>\n<p>Within the scope of orthopedic rehabilitation, Physical Therapy and Rehabilitation Departments provide services in areas such as rehabilitation of sports injuries, rehabilitation after fractures, rehabilitation after meniscus surgery, rehabilitation of patients who have undergone prosthetic surgery.<\/p>\n<p>Within the scope of rehabilitation treatment of muscle diseases, prevention of joint problems or joint limitation, treatment of low back and neck pain, rehabilitation of rheumatic diseases are treated with international physiotherapy protocols.<\/p>\n<p>In the field of neurological rehabilitation, physical therapy and rehabilitation after muscle, tendon and nerve injuries, rehabilitation of patients with complete or partial paralysis, spinal cord injury and cerebral palsy rehabilitation services are provided.<\/p>\n<p>After the diagnosis and medical treatment of rheumatic diseases, physical therapy and rehabilitation programs tailored to the patient are applied especially in patients with rheumatoid arthritis and ankylosing spondylitis to prevent joint contractures and reduce loss of function.<\/p>\n<p>Rehabilitation of osteoporosis and degenerative joint diseases, fibromyalgia syndrome and myofascial pain syndrome, jaw joint diseases, treatment of spinal curvature (Scoliosis), respiratory rehabilitation, rehabilitation after microsurgical surgeries for hand injuries.<\/p>\n<p>A wide range of physical therapy and rehabilitation services such as intra-articular injections, soft tissue injections, PRP application in musculoskeletal system diseases, neural therapy, pain treatment with dry spindle are also offered.<\/p>\n<p>What is Manual Therapy?<\/p>\n<p>Manual therapy applied manually for back, neck and neck pain and many other musculoskeletal problems is an effective and painless method. It is a treatment approach consisting of specific techniques applied manually to joints, muscles, soft tissues and many myofascial structures. This method, which has a special place in physical therapy, is an effective and safe application in many musculoskeletal disorders and spinal pain.<\/p>\n<p>Spasmed muscles, blocked joints, compressed nerves, tense and hardened myofascial structures are among the reasons that can cause pain in the body and seriously disturb the person in his daily life. In manual therapy; taking into account the anatomical and physiological functioning of the body, such disorders in the functioning of these structures are tried to be eliminated. In other words, it is aimed to restore the healthy functioning of the tissues without giving any medication to the body. Specific; mobilization, manipulation, stretching, relaxation and muscle-energy techniques are used to restore the function of the tissues. This method is effective, painless and has no side effects;<\/p><\/div>\n<\/div>\n<\/div>\n<p>[\/vc_column_text][vc_row_inner][vc_column_inner width=&#8221;1\/2&#8243;]<ul class=\"tm-list tm-list-style-icon tm-list-icon-color-skincolor tm-black tm-icon-skincolor tm-list-textsize- tm-list-icon-library-fontawesome\"><li><i class=\"tm-skincolor fa fa-arrow-circle-right\"><\/i>  <span class=\"tm-list-li-content\">Waist and neck hernia<\/span><\/li><li><i class=\"tm-skincolor fa fa-arrow-circle-right\"><\/i>  <span class=\"tm-list-li-content\">Muscle and facet joint pains of the spine\n<\/span><\/li><li><i class=\"tm-skincolor fa fa-arrow-circle-right\"><\/i>  <span class=\"tm-list-li-content\">Myofascial pain syndrome<\/span><\/li><li><i class=\"tm-skincolor fa fa-arrow-circle-right\"><\/i>  <span class=\"tm-list-li-content\">Frozen shoulder, impingement syndrome, rotator cuff tears<\/span><\/li><li><i class=\"tm-skincolor fa fa-arrow-circle-right\"><\/i>  <span class=\"tm-list-li-content\">Nerve compression in the arm and leg<\/span><\/li><\/ul>[\/vc_column_inner][vc_column_inner width=&#8221;1\/2&#8243; tm_responsive_css=&#8221;40737847|colbreak_no|||||||||colbreak_no|-33px||||||||colbreak_no||||||||||colbreak_no|||||||||&#8221;]<ul class=\"tm-list tm-list-style-icon tm-list-icon-color-skincolor tm-black tm-icon-skincolor tm-list-textsize- tm-list-icon-library-fontawesome\"><li><i class=\"tm-skincolor fa fa-arrow-circle-right\"><\/i>  <span class=\"tm-list-li-content\">Hip and sacroiliac joint pain<\/span><\/li><li><i class=\"tm-skincolor fa fa-arrow-circle-right\"><\/i>  <span class=\"tm-list-li-content\">Knee meniscus and ligament injuries<\/span><\/li><li><i class=\"tm-skincolor fa fa-arrow-circle-right\"><\/i>  <span class=\"tm-list-li-content\">K\u0131r\u0131k sonras\u0131 geli\u015fen eklem k\u0131s\u0131tl\u0131l\u0131klar\u0131<\/span><\/li><li><i class=\"tm-skincolor fa fa-arrow-circle-right\"><\/i>  <span class=\"tm-list-li-content\">It can be safely applied in many cases such as neck-related headaches<\/span><\/li><\/ul>[\/vc_column_inner][\/vc_row_inner][\/vc_column][\/vc_row][vc_row tm_bgimagefixed=&#8221;&#8221; break_in_responsive=&#8221;991&#8243; css=&#8221;.vc_custom_1543407948016{padding-top: 10px !important;}&#8221;][vc_column]<h4 style=\"text-align:left;\" class=\"tm-custom-heading \" >Our Service Doctors<\/h4>\n[vc_separator color=&#8221;custom&#8221; accent_color=&#8221;#ebebeb&#8221;]<div class=\"themetechmount-boxes themetechmount-boxes-team themetechmount-boxes-view-default themetechmount-boxes-col-three themetechmount-boxes-sortable-no themetechmount-boxes-textalign-center themetechmount-boxes-sortablebutton-\">\n\t\t<div class=\"themetechmount-boxes-inner themetechmount-boxes-team-inner \">\n\t\t\t\n\t\t\t<div class=\"row multi-columns-row themetechmount-boxes-row-wrapper\">\n\t\t\t\t<div class=\"tm-box-col-wrapper col-lg-4 col-sm-6 col-md-4 col-xs-12 physical-therapy-and-rehabilitation\"><article class=\"themetechmount-box themetechmount-box-team themetechmount-teambox-view-overlay\">\n\t<div class=\"themetechmount-post-item\">\n\t\t<div class=\"themetechmount-team-image-box\">\n\t\t\t\n\t\t<span class=\"themetechmount-item-thumbnail\">\n\t\t\t<span class=\"themetechmount-item-thumbnail-inner\">\n\t\t\t\t<img fetchpriority=\"high\" decoding=\"async\" width=\"380\" height=\"500\" src=\"https:\/\/www.giresunadahastanesi.com\/wp-content\/uploads\/2023\/05\/celalettin-380x500.jpg\" class=\"attachment-themetechmount-img-teamoverlay size-themetechmount-img-teamoverlay wp-post-image\" alt=\"\" data-id=\"4121\" \/>\n\t\t\t<\/span>\n\t\t<\/span>\t        <div class=\"themetechmount-overlay\">\n\t\t\t\t<div class=\"themetechmount-icon-box themetechmount-box-link\"><a href=\"https:\/\/www.giresunadahastanesi.com\/en\/team-member\/specialist-dr-celalettin-orzan\/\"><i class=\"tm-brivona-icon-plus-1\"><\/i><\/a><\/div>\t\n\t\t\t<\/div>\t\n\t\t<\/div>\t\n\t\t\t<div class=\"themetechmount-box-content\">\n\t\t\t\t<div class=\"themetechmount-team-position\">Physical Therapy and Rehabilitation<\/div>\n\t\t\t\t<div class=\"themetechmount-box-title\"><h4><a href=\"https:\/\/www.giresunadahastanesi.com\/en\/team-member\/specialist-dr-celalettin-orzan\/\">Specialist Dr. Celalettin ORZAN<\/a><\/h4><\/div>\t\t\t\t\t\t\t\t\n\t\t\t<\/div>\t\t\t\n\t<\/div>\n<\/article>\n <\/div>\n\t\t\t<\/div>\n\t\t<\/div><!-- .themetechmount-boxes-inner -->   <\/div><!-- .themetechmount-boxes -->  [\/vc_column][\/vc_row]<\/p>\n<\/div>","protected":false},"excerpt":{"rendered":"<p>[vc_row tm_bgimagefixed=&#8221;&#8221; break_in_responsive=&#8221;991&#8243;][vc_column][vc_single_image image=&#8221;3817&#8243; img_size=&#8221;full&#8221; alignment=&#8221;center&#8221;][vc_column_text css=&#8221;.vc_custom_1683634258178{margin-bottom: 20px !important;}&#8221;]Physical Therapy Departments aim to provide services to outpatients or inpatients with indications for physical therapy and\/or rehabilitation in accordance with current, ethical and international standards.[\/vc_column_text][vc_column_text css=&#8221;.vc_custom_1683634271428{margin-bottom: 10px !important;}&#8221;] Our physical therapy and rehabilitation department, which consists of examination rooms, physiotherapy rooms and exercise rooms, equipped with &hellip; <a href=\"https:\/\/www.giresunadahastanesi.com\/en\/team-member\/specialist-dr-celalettin-orzan\/\" class=\"more-link\">Continue reading <span class=\"screen-reader-text\">Specialist Dr. Celalettin ORZAN<\/span><\/a><\/p>\n","protected":false},"author":1,"featured_media":0,"parent":0,"menu_order":23,"comment_status":"closed","ping_status":"closed","template":"","meta":{"footnotes":""},"class_list":["post-4712","page","type-page","status-publish","hentry"],"_links":{"self":[{"href":"https:\/\/www.giresunadahastanesi.com\/en\/wp-json\/wp\/v2\/pages\/4712","targetHints":{"allow":["GET"]}}],"collection":[{"href":"https:\/\/www.giresunadahastanesi.com\/en\/wp-json\/wp\/v2\/pages"}],"about":[{"href":"https:\/\/www.giresunadahastanesi.com\/en\/wp-json\/wp\/v2\/types\/page"}],"author":[{"embeddable":true,"href":"https:\/\/www.giresunadahastanesi.com\/en\/wp-json\/wp\/v2\/users\/1"}],"replies":[{"embeddable":true,"href":"https:\/\/www.giresunadahastanesi.com\/en\/wp-json\/wp\/v2\/comments?post=4712"}],"version-history":[{"count":3,"href":"https:\/\/www.giresunadahastanesi.com\/en\/wp-json\/wp\/v2\/pages\/4712\/revisions"}],"predecessor-version":[{"id":7884,"href":"https:\/\/www.giresunadahastanesi.com\/en\/wp-json\/wp\/v2\/pages\/4712\/revisions\/7884"}],"wp:attachment":[{"href":"https:\/\/www.giresunadahastanesi.com\/en\/wp-json\/wp\/v2\/media?parent=4712"}],"curies":[{"name":"wp","href":"https:\/\/api.w.org\/{rel}","templated":true}]}}