{"id":4579,"date":"2023-05-09T14:54:46","date_gmt":"2023-05-09T11:54:46","guid":{"rendered":"https:\/\/www.giresunadahastanesi.com\/%e1%83%91%e1%83%90%e1%83%95%e1%83%a8%e1%83%95%e1%83%97%e1%83%90-%e1%83%93%e1%83%90-%e1%83%9b%e1%83%9d%e1%83%96%e1%83%90%e1%83%a0%e1%83%93%e1%83%97%e1%83%90-%e1%83%a4%e1%83%a1%e1%83%98%e1%83%a5\/"},"modified":"2023-05-21T23:25:35","modified_gmt":"2023-05-21T20:25:35","slug":"%e1%83%91%e1%83%90%e1%83%95%e1%83%a8%e1%83%95%e1%83%97%e1%83%90-%e1%83%93%e1%83%90-%e1%83%9b%e1%83%9d%e1%83%96%e1%83%90%e1%83%a0%e1%83%93%e1%83%97%e1%83%90-%e1%83%a4%e1%83%a1%e1%83%98%e1%83%a5","status":"publish","type":"page","link":"https:\/\/www.giresunadahastanesi.com\/ka-ge\/%e1%83%91%e1%83%90%e1%83%95%e1%83%a8%e1%83%95%e1%83%97%e1%83%90-%e1%83%93%e1%83%90-%e1%83%9b%e1%83%9d%e1%83%96%e1%83%90%e1%83%a0%e1%83%93%e1%83%97%e1%83%90-%e1%83%a4%e1%83%a1%e1%83%98%e1%83%a5\/","title":{"rendered":"\u10d1\u10d0\u10d5\u10e8\u10d5\u10d7\u10d0 \u10d3\u10d0 \u10db\u10dd\u10d6\u10d0\u10e0\u10d3\u10d7\u10d0 \u10e4\u10e1\u10d8\u10e5\u10d8\u10d0\u10e2\u10e0\u10d8\u10d0"},"content":{"rendered":"<div class=\"wpb-content-wrapper\"><p>[vc_row tm_bgimagefixed=&#8221;&#8221; break_in_responsive=&#8221;991&#8243;][vc_column][vc_single_image image=&#8221;3818&#8243; img_size=&#8221;full&#8221; alignment=&#8221;center&#8221;][vc_column_text css=&#8221;.vc_custom_1683633224339{margin-bottom: 20px !important;}&#8221;]\u10d1\u10d0\u10d5\u10e8\u10d5\u10dd\u10d1\u10d0 \u10d3\u10d0 \u10db\u10dd\u10d6\u10d0\u10e0\u10d3\u10dd\u10d1\u10d0 \u10d8\u10e1 \u10de\u10d4\u10e0\u10d8\u10dd\u10d3\u10d4\u10d1\u10d8\u10d0, \u10e0\u10dd\u10d3\u10d4\u10e1\u10d0\u10ea \u10e7\u10d5\u10d4\u10da\u10d0\u10d6\u10d4 \u10db\u10d4\u10e2\u10d8 \u10ea\u10d5\u10da\u10d8\u10da\u10d4\u10d1\u10d0 \u10d3\u10d0 \u10d2\u10d0\u10dc\u10d5\u10d8\u10d7\u10d0\u10e0\u10d4\u10d1\u10d0 \u10ee\u10d3\u10d4\u10d1\u10d0 \u10d0\u10d3\u10d0\u10db\u10d8\u10d0\u10dc\u10d8\u10e1 \u10ea\u10ee\u10dd\u10d5\u10e0\u10d4\u10d1\u10d0\u10e8\u10d8. \u10d0\u10db \u10de\u10d4\u10e0\u10d8\u10dd\u10d3\u10e8\u10d8 \u10ea\u10d5\u10da\u10d8\u10da\u10d4\u10d1\u10d4\u10d1\u10d8 \u10d3\u10d0 \u10d2\u10d0\u10dc\u10d5\u10d8\u10d7\u10d0\u10e0\u10d4\u10d1\u10d4\u10d1\u10d8 \u10d2\u10d0\u10d5\u10da\u10d4\u10dc\u10d0\u10e1 \u10d0\u10ee\u10d3\u10d4\u10dc\u10e1 \u10d0\u10e0\u10d0 \u10db\u10ee\u10dd\u10da\u10dd\u10d3 \u10db\u10d8\u10db\u10d3\u10d8\u10dc\u10d0\u10e0\u10d4 \u10de\u10d4\u10e0\u10d8\u10dd\u10d3\u10d6\u10d4, \u10d0\u10e0\u10d0\u10db\u10d4\u10d3 \u10db\u10d7\u10d4\u10da \u10ea\u10ee\u10dd\u10d5\u10e0\u10d4\u10d1\u10d0\u10d6\u10d4.[\/vc_column_text]<h4 style=\"text-align:left;\" class=\"tm-custom-heading \" >\u10e1\u10d4\u10e0\u10d5\u10d8\u10e1\u10d4\u10d1\u10d8<\/h4>\n[vc_column_text css=&#8221;.vc_custom_1683633238943{margin-bottom: 10px !important;}&#8221;]<\/p>\n<div class=\"elementor-element elementor-element-24f8 elementor-widget elementor-widget-text-editor\" data-id=\"24f8\" data-element_type=\"text-editor.default\">\n<div class=\"elementor-widget-container\">\n<div class=\"elementor-text-editor elementor-clearfix\">\n<p>\u10d3\u10e6\u10d4\u10e1 \u10d1\u10d0\u10d5\u10e8\u10d5\u10d7\u10d0 \u10d3\u10d0 \u10db\u10dd\u10d6\u10d0\u10e0\u10d3\u10d7\u10d0 \u10e4\u10e1\u10d8\u10e5\u10d8\u10d0\u10e2\u10e0\u10d8\u10d0 \u10d0\u10e0\u10d8\u10e1 \u10d3\u10d8\u10e1\u10ea\u10d8\u10de\u10da\u10d8\u10dc\u10d0, \u10e0\u10dd\u10db\u10d4\u10da\u10d8\u10ea \u10e1\u10ec\u10e0\u10d0\u10e4\u10d0\u10d3 \u10e4\u10d0\u10e0\u10d7\u10dd\u10d5\u10d3\u10d4\u10d1\u10d0 \u10db\u10d7\u10d4\u10da \u10db\u10e1\u10dd\u10e4\u10da\u10d8\u10dd\u10e8\u10d8 \u10d3\u10d0 \u10e9\u10d5\u10d4\u10dc\u10e1 \u10e5\u10d5\u10d4\u10e7\u10d0\u10dc\u10d0\u10e8\u10d8 \u10d3\u10d0 \u10de\u10d8\u10e0\u10d3\u10d0\u10de\u10d8\u10e0 \u10e3\u10e0\u10d7\u10d8\u10d4\u10e0\u10d7\u10e5\u10db\u10d4\u10d3\u10d4\u10d1\u10e1 \u10e7\u10d5\u10d4\u10da\u10d0 \u10d1\u10d8\u10dd\u10da\u10dd\u10d2\u10d8\u10e3\u10e0, \u10e4\u10e1\u10d8\u10e5\u10dd\u10da\u10dd\u10d2\u10d8\u10e3\u10e0 \u10d3\u10d0 \u10e1\u10dd\u10ea\u10d8\u10dd\u10da\u10dd\u10d2\u10d8\u10e3\u10e0 \u10d3\u10d8\u10e1\u10ea\u10d8\u10de\u10da\u10d8\u10dc\u10d0\u10e1\u10d7\u10d0\u10dc \u10e1\u10dd\u10ea\u10d8\u10d0\u10da\u10e3\u10e0\u10d8 \u10d3\u10d0 \u10d8\u10dc\u10d3\u10d8\u10d5\u10d8\u10d3\u10e3\u10d0\u10da\u10e3\u10e0\u10d8 \u10d0\u10e1\u10de\u10d4\u10e5\u10e2\u10d4\u10d1\u10d8\u10e1 \u10d7\u10d5\u10d0\u10da\u10e1\u10d0\u10d6\u10e0\u10d8\u10e1\u10d8\u10d7.<\/p>\n<p>\u10d4\u10d5\u10e0\u10dd\u10de\u10d8\u10e1 \u10db\u10d4\u10d3\u10d8\u10ea\u10d8\u10dc\u10d8\u10e1 \u10e1\u10de\u10d4\u10ea\u10d8\u10d0\u10da\u10d8\u10e1\u10e2\u10d7\u10d0 \u10d0\u10e1\u10dd\u10ea\u10d8\u10d0\u10ea\u10d8\u10d8\u10e1 \u10db\u10d8\u10d4\u10e0 \u10d1\u10d0\u10d5\u10e8\u10d5\u10d7\u10d0 \u10d3\u10d0 \u10db\u10dd\u10d6\u10d0\u10e0\u10d3\u10d7\u10d0 \u10e4\u10e1\u10d8\u10e5\u10d8\u10d0\u10e2\u10e0\u10d8\u10d0\u10e1 \u10d2\u10d0\u10dc\u10e1\u10d0\u10d6\u10e6\u10d5\u10e0\u10d0\u10d5\u10e1, \u10e0\u10dd\u10d2\u10dd\u10e0\u10ea \u201e\u10e4\u10e1\u10d8\u10e5\u10d8\u10d9\u10e3\u10e0\u10d8 \u10ef\u10d0\u10dc\u10db\u10e0\u10d7\u10d4\u10da\u10dd\u10d1\u10d8\u10e1 \u10de\u10e0\u10dd\u10d1\u10da\u10d4\u10db\u10d4\u10d1\u10d8\u10e1 \u10de\u10e0\u10d4\u10d5\u10d4\u10dc\u10ea\u10d8\u10d0, \u10d3\u10d8\u10d0\u10d2\u10dc\u10dd\u10e1\u10e2\u10d8\u10d9\u10d0 \u10d3\u10d0 \u10db\u10d9\u10e3\u10e0\u10dc\u10d0\u10da\u10dd\u10d1\u10d0 \u10e1\u10d0\u10db\u10d4\u10d3\u10d8\u10ea\u10d8\u10dc\u10dd \u10db\u10d4\u10d7\u10dd\u10d3\u10d4\u10d1\u10d8\u10d7, \u10e1\u10e2\u10d0\u10dc\u10d3\u10d0\u10e0\u10e2\u10d4\u10d1\u10d8\u10d7\u10d0 \u10d3\u10d0 \u10db\u10d8\u10d3\u10d2\u10dd\u10db\u10d4\u10d1\u10d8\u10d7 18 \u10ec\u10da\u10d0\u10db\u10d3\u10d4 \u10d0\u10e1\u10d0\u10d9\u10d8\u10e1 \u10d1\u10d0\u10d5\u10e8\u10d5\u10d4\u10d1\u10e8\u10d8 \u10e1\u10de\u10d4\u10ea\u10d8\u10d0\u10da\u10d8\u10e1\u10e2\u10d8 \u10d4\u10e5\u10d8\u10db\u10d8\u10e1 \u10db\u10d8\u10d4\u10e0\u201c.<\/p>\n<p>\u10e9\u10d5\u10d4\u10dc\u10e1 \u10d1\u10d0\u10d5\u10e8\u10d5\u10d7\u10d0 \u10d3\u10d0 \u10db\u10dd\u10d6\u10d0\u10e0\u10d3\u10d7\u10d0 \u10e4\u10e1\u10d8\u10e5\u10d8\u10d0\u10e2\u10e0\u10d8\u10d8\u10e1 \u10d2\u10d0\u10dc\u10e7\u10dd\u10e4\u10d8\u10da\u10d4\u10d1\u10d0\u10e8\u10d8 0-\u10d3\u10d0\u10dc 18 \u10ec\u10da\u10d0\u10db\u10d3\u10d4 \u10d0\u10e1\u10d0\u10d9\u10d8\u10e1 \u10d1\u10d0\u10d5\u10e8\u10d5\u10d4\u10d1\u10e1\u10d0 \u10d3\u10d0 \u10db\u10dd\u10d6\u10d0\u10e0\u10d3\u10d4\u10d1\u10e1 \u10d4\u10db\u10e1\u10d0\u10ee\u10e3\u10e0\u10d4\u10d1\u10d0 \u10d8\u10dc\u10d3\u10d8\u10d5\u10d8\u10d3\u10e3\u10d0\u10da\u10e3\u10e0\u10d8 \u10e4\u10e1\u10d8\u10e5\u10dd\u10d7\u10d4\u10e0\u10d0\u10de\u10d8\u10d8\u10e1, \u10dd\u10ef\u10d0\u10ee\u10e3\u10e0\u10d8 \u10d7\u10d4\u10e0\u10d0\u10de\u10d8\u10d8\u10e1, \u10ec\u10d0\u10db\u10da\u10d8\u10e1 \u10d7\u10d4\u10e0\u10d0\u10de\u10d8\u10d8\u10e1\u10d0 \u10d3\u10d0 \u10e4\u10e1\u10d8\u10e5\u10dd\u10db\u10d4\u10e2\u10e0\u10d8\u10e3\u10da\u10d8 \u10e8\u10d4\u10e4\u10d0\u10e1\u10d4\u10d1\u10d4\u10d1\u10d8\u10e1 \u10d2\u10d0\u10db\u10dd\u10e7\u10d4\u10dc\u10d4\u10d1\u10d8\u10d7.<\/p>\n<p>\u10d7\u10e3 \u10d7\u10e5\u10d5\u10d4\u10dc\u10e1 \u10e8\u10d5\u10d8\u10da\u10e1 0-\u10d3\u10d0\u10dc 18 \u10ec\u10da\u10d0\u10db\u10d3\u10d4 \u10d0\u10e5\u10d5\u10e1 \u10d4\u10db\u10dd\u10ea\u10d8\u10e3\u10e0\u10d8 \u10d0\u10dc \u10e5\u10ea\u10d4\u10d5\u10d8\u10d7\u10d8 \u10e1\u10d8\u10db\u10de\u10e2\u10dd\u10db\u10d8, \u10e0\u10d0\u10db\u10d0\u10ea \u10e8\u10d4\u10d8\u10eb\u10da\u10d4\u10d1\u10d0 \u10e3\u10d0\u10e0\u10e7\u10dd\u10e4\u10d8\u10d7\u10d0\u10d3 \u10d8\u10db\u10dd\u10e5\u10db\u10d4\u10d3\u10dd\u10e1 \u10db\u10d8\u10e1 \u10e7\u10dd\u10d5\u10d4\u10da\u10d3\u10e6\u10d8\u10e3\u10e0 \u10ea\u10ee\u10dd\u10d5\u10e0\u10d4\u10d1\u10d0\u10d6\u10d4, \u10d2\u10dd\u10dc\u10d4\u10d1\u10e0\u10d8\u10d5 \u10d3\u10d0 \u10e4\u10d8\u10d6\u10d8\u10d9\u10e3\u10e0 \u10d2\u10d0\u10dc\u10d5\u10d8\u10d7\u10d0\u10e0\u10d4\u10d1\u10d0\u10d6\u10d4, \u10e1\u10d9\u10dd\u10da\u10d8\u10e1 \u10ec\u10d0\u10e0\u10db\u10d0\u10e2\u10d4\u10d1\u10d0\u10e1\u10d0 \u10d3\u10d0 \u10e1\u10ee\u10d5\u10d0 \u10d0\u10d3\u10d0\u10db\u10d8\u10d0\u10dc\u10d4\u10d1\u10d7\u10d0\u10dc \u10e3\u10e0\u10d7\u10d8\u10d4\u10e0\u10d7\u10dd\u10d1\u10d0\u10d6\u10d4, \u10e8\u10d4\u10d2\u10d8\u10eb\u10da\u10d8\u10d0\u10d7 \u10db\u10d8\u10db\u10d0\u10e0\u10d7\u10dd\u10d7 \u10d1\u10d0\u10d5\u10e8\u10d5\u10d7\u10d0 \u10e4\u10e1\u10d8\u10e5\u10d8\u10d0\u10e2\u10e0\u10e1.<\/p>\n<p>\u10d2\u10d0\u10e0\u10d3\u10d0 \u10d0\u10db\u10d8\u10e1\u10d0, \u10e9\u10d5\u10d4\u10dc\u10e1 \u10d2\u10d0\u10dc\u10e7\u10dd\u10e4\u10d8\u10da\u10d4\u10d1\u10d0\u10e8\u10d8 \u10e4\u10e1\u10d8\u10e5\u10dd\u10da\u10dd\u10d2\u10d8 \u10d0\u10e2\u10d0\u10e0\u10d4\u10d1\u10e1 \u10e7\u10e3\u10e0\u10d0\u10d3\u10e6\u10d4\u10d1\u10d8\u10e1, \u10d2\u10d0\u10dc\u10d5\u10d8\u10d7\u10d0\u10e0\u10d4\u10d1\u10d8\u10e1\u10d0 \u10d3\u10d0 \u10d8\u10dc\u10e2\u10d4\u10da\u10d4\u10e5\u10e2\u10d8\u10e1 \u10e2\u10d4\u10e1\u10e2\u10d4\u10d1\u10e1. \u10e9\u10d5\u10d4\u10dc\u10e1 \u10d2\u10d0\u10dc\u10e7\u10dd\u10e4\u10d8\u10da\u10d4\u10d1\u10d0\u10e8\u10d8 \u10d2\u10d0\u10db\u10dd\u10e7\u10d4\u10dc\u10d4\u10d1\u10e3\u10da\u10d8 \u10e2\u10d4\u10e1\u10e2\u10d4\u10d1\u10d8:<\/p><\/div>\n<\/div>\n<\/div>\n<p>[\/vc_column_text][vc_row_inner][vc_column_inner width=&#8221;1\/2&#8243;]<ul class=\"tm-list tm-list-style-icon tm-list-icon-color-skincolor tm-black tm-icon-skincolor tm-list-textsize- tm-list-icon-library-fontawesome\"><li><i class=\"tm-skincolor fa fa-arrow-circle-right\"><\/i>  <span class=\"tm-list-li-content\">\u10d2\u10d0\u10dc\u10d5\u10d8\u10d7\u10d0\u10e0\u10d4\u10d1\u10d8\u10e1 \u10e2\u10d4\u10e1\u10e2\u10d4\u10d1\u10d8<\/span><\/li><li><i class=\"tm-skincolor fa fa-arrow-circle-right\"><\/i>  <span class=\"tm-list-li-content\">\u10d3\u10d0\u10d6\u10d5\u10d4\u10e0\u10d5\u10d8\u10e1 \u10e2\u10d4\u10e1\u10e2\u10d4\u10d1\u10d8<\/span><\/li><\/ul>[\/vc_column_inner][vc_column_inner width=&#8221;1\/2&#8243; tm_responsive_css=&#8221;40737847|colbreak_no|||||||||colbreak_no|-33px||||||||colbreak_no||||||||||colbreak_no|||||||||&#8221;]<ul class=\"tm-list tm-list-style-icon tm-list-icon-color-skincolor tm-black tm-icon-skincolor tm-list-textsize- tm-list-icon-library-fontawesome\"><li><i class=\"tm-skincolor fa fa-arrow-circle-right\"><\/i>  <span class=\"tm-list-li-content\">\u10de\u10e0\u10dd\u10d4\u10e5\u10ea\u10d8\u10e3\u10da\u10d8 \u10e2\u10d4\u10e1\u10e2\u10d4\u10d1\u10d8<\/span><\/li><\/ul>[\/vc_column_inner][\/vc_row_inner][\/vc_column][\/vc_row][vc_row tm_bgimagefixed=&#8221;&#8221; break_in_responsive=&#8221;991&#8243; css=&#8221;.vc_custom_1543407948016{padding-top: 10px !important;}&#8221;][vc_column]<h4 style=\"text-align:left;\" class=\"tm-custom-heading \" >\u10e9\u10d5\u10d4\u10dc\u10d8 \u10db\u10dd\u10db\u10e1\u10d0\u10ee\u10e3\u10e0\u10d4 \u10d4\u10e5\u10d8\u10db\u10d4\u10d1\u10d8<\/h4>\n[vc_separator color=&#8221;custom&#8221; accent_color=&#8221;#ebebeb&#8221;]<div class=\"themetechmount-boxes themetechmount-boxes-team themetechmount-boxes-view-default themetechmount-boxes-col-three themetechmount-boxes-sortable-no themetechmount-boxes-textalign-center themetechmount-boxes-sortablebutton-\">\n\t\t<div class=\"themetechmount-boxes-inner themetechmount-boxes-team-inner \">\n\t\t\t\n\t\t\t<div class=\"row multi-columns-row themetechmount-boxes-row-wrapper\">\n\t\t\t\t<div class=\"tm-box-col-wrapper col-lg-4 col-sm-6 col-md-4 col-xs-12 %e1%83%a4%e1%83%a1%e1%83%98%e1%83%a5%e1%83%9d%e1%83%9a%e1%83%9d%e1%83%92%e1%83%98%e1%83%90\"><article class=\"themetechmount-box themetechmount-box-team themetechmount-teambox-view-overlay\">\n\t<div class=\"themetechmount-post-item\">\n\t\t<div class=\"themetechmount-team-image-box\">\n\t\t\t\n\t\t<span class=\"themetechmount-item-thumbnail\">\n\t\t\t<span class=\"themetechmount-item-thumbnail-inner\">\n\t\t\t\t<img fetchpriority=\"high\" decoding=\"async\" width=\"380\" height=\"500\" src=\"https:\/\/www.giresunadahastanesi.com\/wp-content\/uploads\/2023\/05\/songul-380x500.jpg\" class=\"attachment-themetechmount-img-teamoverlay size-themetechmount-img-teamoverlay wp-post-image\" alt=\"\" data-id=\"4026\" \/>\n\t\t\t<\/span>\n\t\t<\/span>\t        <div class=\"themetechmount-overlay\">\n\t\t\t\t<div class=\"themetechmount-icon-box themetechmount-box-link\"><a href=\"https:\/\/www.giresunadahastanesi.com\/ka-ge\/team-member\/psk-songul-colakoglu\/\"><i class=\"tm-brivona-icon-plus-1\"><\/i><\/a><\/div>\t\n\t\t\t<\/div>\t\n\t\t<\/div>\t\n\t\t\t<div class=\"themetechmount-box-content\">\n\t\t\t\t<div class=\"themetechmount-team-position\">\u10e4\u10e1\u10d8\u10e5\u10dd\u10da\u10dd\u10d2\u10d8\u10d0<\/div>\n\t\t\t\t<div class=\"themetechmount-box-title\"><h4><a href=\"https:\/\/www.giresunadahastanesi.com\/ka-ge\/team-member\/psk-songul-colakoglu\/\">Psk. Song\u00fcl \u00c7OLAKO\u011eLU<\/a><\/h4><\/div>\t\t\t\t\t\t\t\t\n\t\t\t<\/div>\t\t\t\n\t<\/div>\n<\/article>\n <\/div><div class=\"tm-box-col-wrapper col-lg-4 col-sm-6 col-md-4 col-xs-12 %e1%83%a4%e1%83%a1%e1%83%98%e1%83%a5%e1%83%98%e1%83%90%e1%83%a2%e1%83%a0%e1%83%98%e1%83%90\"><article class=\"themetechmount-box themetechmount-box-team themetechmount-teambox-view-overlay\">\n\t<div class=\"themetechmount-post-item\">\n\t\t<div class=\"themetechmount-team-image-box\">\n\t\t\t\n\t\t<span class=\"themetechmount-item-thumbnail\">\n\t\t\t<span class=\"themetechmount-item-thumbnail-inner\">\n\t\t\t\t<img decoding=\"async\" width=\"380\" height=\"500\" src=\"https:\/\/www.giresunadahastanesi.com\/wp-content\/uploads\/2023\/05\/meltemhazel-380x500.jpg\" class=\"attachment-themetechmount-img-teamoverlay size-themetechmount-img-teamoverlay wp-post-image\" alt=\"\" data-id=\"4030\" \/>\n\t\t\t<\/span>\n\t\t<\/span>\t        <div class=\"themetechmount-overlay\">\n\t\t\t\t<div class=\"themetechmount-icon-box themetechmount-box-link\"><a href=\"https:\/\/www.giresunadahastanesi.com\/ka-ge\/team-member\/uzm-dr-meltem-hazel-simsek\/\"><i class=\"tm-brivona-icon-plus-1\"><\/i><\/a><\/div>\t\n\t\t\t<\/div>\t\n\t\t<\/div>\t\n\t\t\t<div class=\"themetechmount-box-content\">\n\t\t\t\t<div class=\"themetechmount-team-position\">\u10e4\u10e1\u10d8\u10e5\u10d8\u10d0\u10e2\u10e0\u10d8\u10d0<\/div>\n\t\t\t\t<div class=\"themetechmount-box-title\"><h4><a href=\"https:\/\/www.giresunadahastanesi.com\/ka-ge\/team-member\/uzm-dr-meltem-hazel-simsek\/\">Uzm.Dr. Meltem Hazel \u015e\u0130M\u015eEK<\/a><\/h4><\/div>\t\t\t\t\t\t\t\t\n\t\t\t<\/div>\t\t\t\n\t<\/div>\n<\/article>\n <\/div>\n\t\t\t<\/div>\n\t\t<\/div><!-- .themetechmount-boxes-inner -->   <\/div><!-- .themetechmount-boxes -->  [\/vc_column][\/vc_row]<\/p>\n<\/div>","protected":false},"excerpt":{"rendered":"<p>[vc_row tm_bgimagefixed=&#8221;&#8221; break_in_responsive=&#8221;991&#8243;][vc_column][vc_single_image image=&#8221;3818&#8243; img_size=&#8221;full&#8221; alignment=&#8221;center&#8221;][vc_column_text css=&#8221;.vc_custom_1683633224339{margin-bottom: 20px !important;}&#8221;]\u10d1\u10d0\u10d5\u10e8\u10d5\u10dd\u10d1\u10d0 \u10d3\u10d0 \u10db\u10dd\u10d6\u10d0\u10e0\u10d3\u10dd\u10d1\u10d0 \u10d8\u10e1 \u10de\u10d4\u10e0\u10d8\u10dd\u10d3\u10d4\u10d1\u10d8\u10d0, \u10e0\u10dd\u10d3\u10d4\u10e1\u10d0\u10ea \u10e7\u10d5\u10d4\u10da\u10d0\u10d6\u10d4 \u10db\u10d4\u10e2\u10d8 \u10ea\u10d5\u10da\u10d8\u10da\u10d4\u10d1\u10d0 \u10d3\u10d0 \u10d2\u10d0\u10dc\u10d5\u10d8\u10d7\u10d0\u10e0\u10d4\u10d1\u10d0 \u10ee\u10d3\u10d4\u10d1\u10d0 \u10d0\u10d3\u10d0\u10db\u10d8\u10d0\u10dc\u10d8\u10e1 \u10ea\u10ee\u10dd\u10d5\u10e0\u10d4\u10d1\u10d0\u10e8\u10d8. \u10d0\u10db \u10de\u10d4\u10e0\u10d8\u10dd\u10d3\u10e8\u10d8 \u10ea\u10d5\u10da\u10d8\u10da\u10d4\u10d1\u10d4\u10d1\u10d8 \u10d3\u10d0 \u10d2\u10d0\u10dc\u10d5\u10d8\u10d7\u10d0\u10e0\u10d4\u10d1\u10d4\u10d1\u10d8 \u10d2\u10d0\u10d5\u10da\u10d4\u10dc\u10d0\u10e1 \u10d0\u10ee\u10d3\u10d4\u10dc\u10e1 \u10d0\u10e0\u10d0 \u10db\u10ee\u10dd\u10da\u10dd\u10d3 \u10db\u10d8\u10db\u10d3\u10d8\u10dc\u10d0\u10e0\u10d4 \u10de\u10d4\u10e0\u10d8\u10dd\u10d3\u10d6\u10d4, \u10d0\u10e0\u10d0\u10db\u10d4\u10d3 \u10db\u10d7\u10d4\u10da \u10ea\u10ee\u10dd\u10d5\u10e0\u10d4\u10d1\u10d0\u10d6\u10d4.[\/vc_column_text][vc_column_text css=&#8221;.vc_custom_1683633238943{margin-bottom: 10px !important;}&#8221;] \u10d3\u10e6\u10d4\u10e1 \u10d1\u10d0\u10d5\u10e8\u10d5\u10d7\u10d0 \u10d3\u10d0 \u10db\u10dd\u10d6\u10d0\u10e0\u10d3\u10d7\u10d0 \u10e4\u10e1\u10d8\u10e5\u10d8\u10d0\u10e2\u10e0\u10d8\u10d0 \u10d0\u10e0\u10d8\u10e1 \u10d3\u10d8\u10e1\u10ea\u10d8\u10de\u10da\u10d8\u10dc\u10d0, \u10e0\u10dd\u10db\u10d4\u10da\u10d8\u10ea \u10e1\u10ec\u10e0\u10d0\u10e4\u10d0\u10d3 \u10e4\u10d0\u10e0\u10d7\u10dd\u10d5\u10d3\u10d4\u10d1\u10d0 \u10db\u10d7\u10d4\u10da \u10db\u10e1\u10dd\u10e4\u10da\u10d8\u10dd\u10e8\u10d8 \u10d3\u10d0 \u10e9\u10d5\u10d4\u10dc\u10e1 \u10e5\u10d5\u10d4\u10e7\u10d0\u10dc\u10d0\u10e8\u10d8 \u10d3\u10d0 &hellip; <a href=\"https:\/\/www.giresunadahastanesi.com\/ka-ge\/team-member\/uzm-dr-meltem-hazel-simsek\/\" class=\"more-link\">Continue reading <span class=\"screen-reader-text\">Uzm.Dr. Meltem Hazel \u015e\u0130M\u015eEK<\/span><\/a><\/p>\n","protected":false},"author":1,"featured_media":0,"parent":0,"menu_order":23,"comment_status":"closed","ping_status":"closed","template":"","meta":{"footnotes":""},"class_list":["post-4579","page","type-page","status-publish","hentry"],"_links":{"self":[{"href":"https:\/\/www.giresunadahastanesi.com\/ka-ge\/wp-json\/wp\/v2\/pages\/4579","targetHints":{"allow":["GET"]}}],"collection":[{"href":"https:\/\/www.giresunadahastanesi.com\/ka-ge\/wp-json\/wp\/v2\/pages"}],"about":[{"href":"https:\/\/www.giresunadahastanesi.com\/ka-ge\/wp-json\/wp\/v2\/types\/page"}],"author":[{"embeddable":true,"href":"https:\/\/www.giresunadahastanesi.com\/ka-ge\/wp-json\/wp\/v2\/users\/1"}],"replies":[{"embeddable":true,"href":"https:\/\/www.giresunadahastanesi.com\/ka-ge\/wp-json\/wp\/v2\/comments?post=4579"}],"version-history":[{"count":14,"href":"https:\/\/www.giresunadahastanesi.com\/ka-ge\/wp-json\/wp\/v2\/pages\/4579\/revisions"}],"predecessor-version":[{"id":7909,"href":"https:\/\/www.giresunadahastanesi.com\/ka-ge\/wp-json\/wp\/v2\/pages\/4579\/revisions\/7909"}],"wp:attachment":[{"href":"https:\/\/www.giresunadahastanesi.com\/ka-ge\/wp-json\/wp\/v2\/media?parent=4579"}],"curies":[{"name":"wp","href":"https:\/\/api.w.org\/{rel}","templated":true}]}}