{"id":6892,"date":"2023-05-16T08:08:02","date_gmt":"2023-05-16T05:08:02","guid":{"rendered":"https:\/\/www.giresunadahastanesi.com\/%e1%83%a1%e1%83%90%e1%83%99%e1%83%9d%e1%83%9c%e1%83%a2%e1%83%a0%e1%83%90%e1%83%a5%e1%83%a2%e1%83%9d-%e1%83%93%e1%83%90%e1%83%96%e1%83%a6%e1%83%95%e1%83%94%e1%83%95%e1%83%90\/"},"modified":"2023-05-20T15:05:14","modified_gmt":"2023-05-20T12:05:14","slug":"%e1%83%a1%e1%83%90%e1%83%99%e1%83%9d%e1%83%9c%e1%83%a2%e1%83%a0%e1%83%90%e1%83%a5%e1%83%a2%e1%83%9d-%e1%83%93%e1%83%90%e1%83%96%e1%83%a6%e1%83%95%e1%83%94%e1%83%95%e1%83%90","status":"publish","type":"page","link":"https:\/\/www.giresunadahastanesi.com\/ka-ge\/%e1%83%a1%e1%83%90%e1%83%99%e1%83%9d%e1%83%9c%e1%83%a2%e1%83%a0%e1%83%90%e1%83%a5%e1%83%a2%e1%83%9d-%e1%83%93%e1%83%90%e1%83%96%e1%83%a6%e1%83%95%e1%83%94%e1%83%95%e1%83%90\/","title":{"rendered":"\u10e1\u10d0\u10d9\u10dd\u10dc\u10e2\u10e0\u10d0\u10e5\u10e2\u10dd \u10d3\u10d0\u10d6\u10e6\u10d5\u10d4\u10d5\u10d0"},"content":{"rendered":"<div class=\"wpb-content-wrapper\"><p>[vc_row tm_bgimagefixed=&#8221;&#8221; css=&#8221;.vc_custom_1533399575967{padding-top: 65px !important;padding-bottom: 60px !important;}&#8221;][vc_column]<h2 style=\"text-align:left;font-size:36px;line-height:46px;\" class=\"tm-custom-heading \" >\u10d0\u10d3\u10d0 \u10f0\u10dd\u10e1\u10de\u10d8\u10e2\u10d0\u10da\u10d8\u10e1 \u10d9\u10dd\u10dc\u10e2\u10e0\u10d0\u10e5\u10e2\u10d8\u10e1 \u10e1\u10d0\u10d3\u10d0\u10d6\u10e6\u10d5\u10d4\u10d5\u10dd \u10e1\u10d8\u10d0<br \/>\n<\/h2>\n[vc_column_text]<\/p>\n<div id=\"content\" class=\"site-content container\">\n<div class=\"site-content_wrap\">\n<div class=\"row\">\n<div id=\"primary\" class=\"col-xs-12 col-md-12\">\n<div id=\"content\" class=\"site-content container\">\n<div class=\"site-content_wrap\">\n<div class=\"row\">\n<div id=\"primary\" class=\"col-xs-12 col-md-12\">\n<p>&nbsp;<\/p>\n<article id=\"post-8455\" class=\"post-8455 page type-page status-publish hentry no-thumb\">\n<div class=\"entry-content\">\n<div class=\"elementor elementor-8455\">\n<div class=\"elementor-inner\">\n<div class=\"elementor-section-wrap\">\n<section class=\"elementor-element elementor-element-7fc2a97 elementor-section-boxed elementor-section-height-default elementor-section-height-default elementor-section elementor-top-section\" data-id=\"7fc2a97\" data-element_type=\"section\">\n<div class=\"elementor-container elementor-column-gap-default\">\n<div class=\"elementor-row\">\n<div class=\"elementor-element elementor-element-833055b elementor-column elementor-col-100 elementor-top-column\" data-id=\"833055b\" data-element_type=\"column\">\n<div class=\"elementor-column-wrap elementor-element-populated\">\n<div class=\"elementor-widget-wrap\">\n<div class=\"elementor-element elementor-element-4458497 elementor-align-left elementor-widget elementor-widget-icon-list\" data-id=\"4458497\" data-element_type=\"icon-list.default\">\n<div class=\"elementor-widget-container\">\n<ul class=\"elementor-icon-list-items\">\n<li class=\"elementor-icon-list-item\"><span class=\"elementor-icon-list-text\">Ac\u0131badem Sigorta<\/span><\/li>\n<li class=\"elementor-icon-list-item\"><i class=\"fa fa-check\" aria-hidden=\"true\"><\/i><span class=\"elementor-icon-list-text\">Agis<\/span><\/li>\n<li class=\"elementor-icon-list-item\"><i class=\"fa fa-check\" aria-hidden=\"true\"><\/i><span class=\"elementor-icon-list-text\">Ak Sigorta<\/span><\/li>\n<li class=\"elementor-icon-list-item\"><i class=\"fa fa-check\" aria-hidden=\"true\"><\/i><span class=\"elementor-icon-list-text\">Allianz<\/span><\/li>\n<li class=\"elementor-icon-list-item\"><i class=\"fa fa-check\" aria-hidden=\"true\"><\/i><span class=\"elementor-icon-list-text\">Axa Sigorta<\/span><\/li>\n<li class=\"elementor-icon-list-item\"><i class=\"fa fa-check\" aria-hidden=\"true\"><\/i><span class=\"elementor-icon-list-text\">CompuGroup Medical<\/span><\/li>\n<li class=\"elementor-icon-list-item\"><i class=\"fa fa-check\" aria-hidden=\"true\"><\/i><span class=\"elementor-icon-list-text\">Ergo Sigorta<\/span><\/li>\n<li class=\"elementor-icon-list-item\"><i class=\"fa fa-check\" aria-hidden=\"true\"><\/i><span class=\"elementor-icon-list-text\">Esbank<\/span><\/li>\n<li class=\"elementor-icon-list-item\"><i class=\"fa fa-check\" aria-hidden=\"true\"><\/i><span class=\"elementor-icon-list-text\">Eureko Sigorta<\/span><\/li>\n<li class=\"elementor-icon-list-item\"><i class=\"fa fa-check\" aria-hidden=\"true\"><\/i><span class=\"elementor-icon-list-text\">Europ Assistance<\/span><\/li>\n<li class=\"elementor-icon-list-item\"><i class=\"fa fa-check\" aria-hidden=\"true\"><\/i><span class=\"elementor-icon-list-text\">Fortis<\/span><\/li>\n<li class=\"elementor-icon-list-item\"><i class=\"fa fa-check\" aria-hidden=\"true\"><\/i><span class=\"elementor-icon-list-text\">Giresun Ticaret Borsas\u0131<\/span><\/li>\n<li class=\"elementor-icon-list-item\"><i class=\"fa fa-check\" aria-hidden=\"true\"><\/i><span class=\"elementor-icon-list-text\">Groupama<\/span><\/li>\n<li class=\"elementor-icon-list-item\"><i class=\"fa fa-check\" aria-hidden=\"true\"><\/i><span class=\"elementor-icon-list-text\">G\u00fcne\u015f Sigorta<\/span><\/li>\n<li class=\"elementor-icon-list-item\"><i class=\"fa fa-check\" aria-hidden=\"true\"><\/i><span class=\"elementor-icon-list-text\">Halk Bank<\/span><\/li>\n<li class=\"elementor-icon-list-item\"><i class=\"fa fa-check\" aria-hidden=\"true\"><\/i><span class=\"elementor-icon-list-text\">Inter Partner Assistance<\/span><\/li>\n<li class=\"elementor-icon-list-item\"><i class=\"fa fa-check\" aria-hidden=\"true\"><\/i><span class=\"elementor-icon-list-text\">Mapfre<\/span><\/li>\n<li class=\"elementor-icon-list-item\"><i class=\"fa fa-check\" aria-hidden=\"true\"><\/i><span class=\"elementor-icon-list-text\">Mondial Assistance<\/span><\/li>\n<li class=\"elementor-icon-list-item\"><i class=\"fa fa-check\" aria-hidden=\"true\"><\/i><span class=\"elementor-icon-list-text\">\u015eekerbank<\/span><\/li>\n<li class=\"elementor-icon-list-item\"><i class=\"fa fa-check\" aria-hidden=\"true\"><\/i><span class=\"elementor-icon-list-text\">T\u00fcrk Telekom Sa\u011fl\u0131k ve Sosyal Yard\u0131m Vakf\u0131<\/span><\/li>\n<li class=\"elementor-icon-list-item\"><i class=\"fa fa-check\" aria-hidden=\"true\"><\/i><span class=\"elementor-icon-list-text\">T\u00fcrkiye Barolar Birli\u011fi<\/span><\/li>\n<li class=\"elementor-icon-list-item\"><i class=\"fa fa-check\" aria-hidden=\"true\"><\/i><span class=\"elementor-icon-list-text\">T\u00fcrkiye B\u00fcy\u00fck Millet Meclisi<\/span><\/li>\n<li class=\"elementor-icon-list-item\"><i class=\"fa fa-check\" aria-hidden=\"true\"><\/i><span class=\"elementor-icon-list-text\">T\u00fcrkiye \u0130\u015f Bankas\u0131<\/span><\/li>\n<li class=\"elementor-icon-list-item\"><i class=\"fa fa-check\" aria-hidden=\"true\"><\/i><span class=\"elementor-icon-list-text\">Vak\u0131fbank<\/span><\/li>\n<li class=\"elementor-icon-list-item\"><i class=\"fa fa-check\" aria-hidden=\"true\"><\/i><span class=\"elementor-icon-list-text\">Yap\u0131 Kredi<\/span><\/li>\n<li class=\"elementor-icon-list-item\"><i class=\"fa fa-check\" aria-hidden=\"true\"><\/i><span class=\"elementor-icon-list-text\">Ziraat Bankas\u0131<\/span><\/li>\n<\/ul>\n<\/div>\n<\/div>\n<\/div>\n<\/div>\n<\/div>\n<\/div>\n<\/div>\n<\/section>\n<\/div>\n<\/div>\n<\/div>\n<\/div>\n<footer class=\"entry-footer\"><\/footer>\n<\/article>\n<p>&nbsp;<\/p><\/div>\n<\/div>\n<\/div>\n<\/div>\n<footer id=\"colophon\" class=\"site-footer default\" role=\"contentinfo\">\n<div class=\"footer-social-wrap invert\">\n<div class=\"footer-container_wrap container\">\n<div class=\"subscribe-block\"><\/div>\n<\/div>\n<\/div>\n<\/footer>\n<\/div>\n<\/div>\n<\/div>\n<\/div>\n<p>[\/vc_column_text][\/vc_column][\/vc_row]<\/p>\n<\/div>","protected":false},"excerpt":{"rendered":"<p>[vc_row tm_bgimagefixed=&#8221;&#8221; css=&#8221;.vc_custom_1533399575967{padding-top: 65px !important;padding-bottom: 60px !important;}&#8221;][vc_column][vc_column_text] &nbsp; Ac\u0131badem Sigorta Agis Ak Sigorta Allianz Axa Sigorta CompuGroup Medical Ergo Sigorta Esbank Eureko Sigorta Europ Assistance Fortis Giresun Ticaret Borsas\u0131 Groupama G\u00fcne\u015f Sigorta Halk Bank Inter Partner Assistance Mapfre Mondial Assistance \u015eekerbank T\u00fcrk Telekom Sa\u011fl\u0131k ve Sosyal Yard\u0131m Vakf\u0131 T\u00fcrkiye Barolar Birli\u011fi T\u00fcrkiye B\u00fcy\u00fck Millet Meclisi &hellip; <a href=\"https:\/\/www.giresunadahastanesi.com\/ka-ge\/%e1%83%a1%e1%83%90%e1%83%99%e1%83%9d%e1%83%9c%e1%83%a2%e1%83%a0%e1%83%90%e1%83%a5%e1%83%a2%e1%83%9d-%e1%83%93%e1%83%90%e1%83%96%e1%83%a6%e1%83%95%e1%83%94%e1%83%95%e1%83%90\/\" class=\"more-link\">Continue reading <span class=\"screen-reader-text\">\u10e1\u10d0\u10d9\u10dd\u10dc\u10e2\u10e0\u10d0\u10e5\u10e2\u10dd \u10d3\u10d0\u10d6\u10e6\u10d5\u10d4\u10d5\u10d0<\/span><\/a><\/p>\n","protected":false},"author":1,"featured_media":0,"parent":0,"menu_order":14,"comment_status":"closed","ping_status":"closed","template":"","meta":{"footnotes":""},"class_list":["post-6892","page","type-page","status-publish","hentry"],"_links":{"self":[{"href":"https:\/\/www.giresunadahastanesi.com\/ka-ge\/wp-json\/wp\/v2\/pages\/6892","targetHints":{"allow":["GET"]}}],"collection":[{"href":"https:\/\/www.giresunadahastanesi.com\/ka-ge\/wp-json\/wp\/v2\/pages"}],"about":[{"href":"https:\/\/www.giresunadahastanesi.com\/ka-ge\/wp-json\/wp\/v2\/types\/page"}],"author":[{"embeddable":true,"href":"https:\/\/www.giresunadahastanesi.com\/ka-ge\/wp-json\/wp\/v2\/users\/1"}],"replies":[{"embeddable":true,"href":"https:\/\/www.giresunadahastanesi.com\/ka-ge\/wp-json\/wp\/v2\/comments?post=6892"}],"version-history":[{"count":3,"href":"https:\/\/www.giresunadahastanesi.com\/ka-ge\/wp-json\/wp\/v2\/pages\/6892\/revisions"}],"predecessor-version":[{"id":7763,"href":"https:\/\/www.giresunadahastanesi.com\/ka-ge\/wp-json\/wp\/v2\/pages\/6892\/revisions\/7763"}],"wp:attachment":[{"href":"https:\/\/www.giresunadahastanesi.com\/ka-ge\/wp-json\/wp\/v2\/media?parent=6892"}],"curies":[{"name":"wp","href":"https:\/\/api.w.org\/{rel}","templated":true}]}}