{"id":4533,"date":"2023-05-09T14:50:16","date_gmt":"2023-05-09T11:50:16","guid":{"rendered":"https:\/\/www.giresunadahastanesi.com\/%d0%b4%d0%b5%d1%82%d1%81%d0%ba%d0%b8%d0%b5-%d0%b1%d0%be%d0%bb%d0%b5%d0%b7%d0%bd%d0%b8\/"},"modified":"2023-05-21T23:50:50","modified_gmt":"2023-05-21T20:50:50","slug":"%d0%b4%d0%b5%d1%82%d1%81%d0%ba%d0%b8%d0%b5-%d0%b1%d0%be%d0%bb%d0%b5%d0%b7%d0%bd%d0%b8","status":"publish","type":"page","link":"https:\/\/www.giresunadahastanesi.com\/ru\/%d0%b4%d0%b5%d1%82%d1%81%d0%ba%d0%b8%d0%b5-%d0%b1%d0%be%d0%bb%d0%b5%d0%b7%d0%bd%d0%b8\/","title":{"rendered":"\u0414\u0435\u0442\u0441\u043a\u0438\u0435 \u0431\u043e\u043b\u0435\u0437\u043d\u0438"},"content":{"rendered":"<div class=\"wpb-content-wrapper\"><p>[vc_row tm_bgimagefixed=&#187;&#187; break_in_responsive=&#187;991&#8243;][vc_column][vc_single_image image=&#187;3819&#8243; img_size=&#187;full&#187; alignment=&#187;center&#187;][vc_column_text css=&#187;.vc_custom_1683632949531{margin-bottom: 20px !important;}&#187;]<\/p>\n<div class=\"elementor-element elementor-element-1986 elementor-widget elementor-widget-text-editor\" data-id=\"1986\" data-element_type=\"text-editor.default\">\n<div class=\"elementor-widget-container\">\n<div class=\"elementor-text-editor elementor-clearfix\">\n<p>\u0412 \u043d\u0430\u0448\u0438\u0445 \u043f\u0435\u0434\u0438\u0430\u0442\u0440\u0438\u0447\u0435\u0441\u043a\u0438\u0445 \u0430\u043c\u0431\u0443\u043b\u0430\u0442\u043e\u0440\u0438\u044f\u0445 \u0441\u043b\u0435\u0434\u044f\u0442 \u0437\u0430 \u0437\u0434\u043e\u0440\u043e\u0432\u044c\u0435\u043c \u0438 \u043f\u0440\u0438\u0432\u0438\u0432\u043a\u0430\u043c\u0438 \u0434\u0435\u0442\u0435\u0439 \u0438 \u043c\u043b\u0430\u0434\u0435\u043d\u0446\u0435\u0432, \u0435\u0441\u0442\u044c \u0438\u0433\u0440\u043e\u0432\u0430\u044f \u043f\u043b\u043e\u0449\u0430\u0434\u043a\u0430 \u0438 \u043a\u0440\u0443\u0433 \u0431\u0435\u0437\u043e\u043f\u0430\u0441\u043d\u043e\u0441\u0442\u0438, \u0447\u0442\u043e\u0431\u044b \u0434\u0435\u0442\u0438 \u0447\u0443\u0432\u0441\u0442\u0432\u043e\u0432\u0430\u043b\u0438 \u0441\u0435\u0431\u044f \u043a\u043e\u043c\u0444\u043e\u0440\u0442\u043d\u043e \u0434\u043e \u0438 \u043f\u043e\u0441\u043b\u0435 \u043e\u0441\u043c\u043e\u0442\u0440\u0430 \u0432\u0440\u0430\u0447\u0430.<\/p><\/div>\n<\/div>\n<\/div>\n<p>[\/vc_column_text]<h4 style=\"text-align:left;\" class=\"tm-custom-heading \" >\u0423\u0441\u043b\u0443\u0433\u0438<\/h4>\n[vc_column_text css=&#187;.vc_custom_1683633015099{margin-bottom: 10px !important;}&#187;]<\/p>\n<div class=\"elementor-element elementor-element-24f8 elementor-widget elementor-widget-text-editor\" data-id=\"24f8\" data-element_type=\"text-editor.default\">\n<div class=\"elementor-widget-container\">\n<div class=\"elementor-text-editor elementor-clearfix\">\n<p>\u0412 \u043d\u0430\u0448\u0438\u0445 \u0430\u043c\u0431\u0443\u043b\u0430\u0442\u043e\u0440\u0438\u044f\u0445 \u0432\u044b \u043c\u043e\u0436\u0435\u0442\u0435 \u043f\u0440\u043e\u0439\u0442\u0438 \u043e\u0431\u0441\u043b\u0435\u0434\u043e\u0432\u0430\u043d\u0438\u0435, \u0437\u0430\u043f\u0438\u0441\u0430\u0432\u0448\u0438\u0441\u044c \u043d\u0430 \u043f\u0440\u0438\u0435\u043c \u0438\u0437 \u043d\u0430\u0448\u0435\u0433\u043e \u043a\u043e\u043b\u043b-\u0446\u0435\u043d\u0442\u0440\u0430 \u0441 \u043f\u043e\u043c\u043e\u0449\u044c\u044e \u0441\u0438\u0441\u0442\u0435\u043c\u044b \u043f\u0440\u0435\u0434\u0432\u0430\u0440\u0438\u0442\u0435\u043b\u044c\u043d\u043e\u0439 \u0437\u0430\u043f\u0438\u0441\u0438, \u0430 \u0432 \u044d\u043a\u0441\u0442\u0440\u0435\u043d\u043d\u044b\u0445 \u0441\u043b\u0443\u0447\u0430\u044f\u0445 \u043f\u0440\u0438 \u043a\u043e\u043e\u0440\u0434\u0438\u043d\u0430\u0446\u0438\u0438 \u0438 \u0441\u043e\u0442\u0440\u0443\u0434\u043d\u0438\u0447\u0435\u0441\u0442\u0432\u0435 \u0432\u0440\u0430\u0447\u0435\u0439 \u043d\u0430\u0448\u0435\u0439 \u0441\u043b\u0443\u0436\u0431\u044b \u0441\u043a\u043e\u0440\u043e\u0439 \u043f\u043e\u043c\u043e\u0449\u0438 \u0438 \u0432\u0440\u0430\u0447\u0435\u0439 \u0434\u0435\u0442\u0441\u043a\u043e\u0439 \u043f\u043e\u043b\u0438\u043a\u043b\u0438\u043d\u0438\u043a\u0438 \u043f\u0440\u043e\u0438\u0441\u0445\u043e\u0434\u0438\u0442 \u043d\u0435\u043c\u0435\u0434\u043b\u0435\u043d\u043d\u043e\u0435 \u0432\u043c\u0435\u0448\u0430\u0442\u0435\u043b\u044c\u0441\u0442\u0432\u043e.<\/p><\/div>\n<\/div>\n<\/div>\n<p>[\/vc_column_text][vc_row_inner][vc_column_inner width=&#187;1\/2&#8243;]<ul class=\"tm-list tm-list-style-icon tm-list-icon-color-skincolor tm-black tm-icon-skincolor tm-list-textsize- tm-list-icon-library-fontawesome\"><li><i class=\"tm-skincolor fa fa-arrow-circle-right\"><\/i>  <span class=\"tm-list-li-content\">\u041e\u0431\u0449\u0438\u0439 \u043e\u0441\u043c\u043e\u0442\u0440<\/span><\/li><\/ul>[\/vc_column_inner][vc_column_inner width=&#187;1\/2&#8243; tm_responsive_css=&#187;40737847|colbreak_no|||||||||colbreak_no|-33px||||||||colbreak_no||||||||||colbreak_no|||||||||&#187;]<ul class=\"tm-list tm-list-style-icon tm-list-icon-color-skincolor tm-black tm-icon-skincolor tm-list-textsize- tm-list-icon-library-fontawesome\"><li><i class=\"tm-skincolor fa fa-arrow-circle-right\"><\/i>  <span class=\"tm-list-li-content\">\u041d\u0435\u043e\u0431\u0445\u043e\u0434\u0438\u043c\u044b\u0435 \u043c\u0435\u0442\u043e\u0434\u044b \u0438 \u043b\u0430\u0431\u043e\u0440\u0430\u0442\u043e\u0440\u043d\u044b\u0435 \u0443\u0441\u043b\u0443\u0433\u0438\n<\/span><\/li><\/ul>[\/vc_column_inner][\/vc_row_inner][\/vc_column][\/vc_row][vc_row tm_bgimagefixed=&#187;&#187; break_in_responsive=&#187;991&#8243; css=&#187;.vc_custom_1543407948016{padding-top: 10px !important;}&#187;][vc_column]<h4 style=\"text-align:left;\" class=\"tm-custom-heading \" >\u041d\u0430\u0448\u0438 \u0432\u0440\u0430\u0447\u0438<\/h4>\n[vc_separator color=&#187;custom&#187; accent_color=&#187;#ebebeb&#187;]<div class=\"themetechmount-boxes themetechmount-boxes-team themetechmount-boxes-view-default themetechmount-boxes-col-three themetechmount-boxes-sortable-no themetechmount-boxes-textalign-center themetechmount-boxes-sortablebutton-\">\n\t\t<div class=\"themetechmount-boxes-inner themetechmount-boxes-team-inner \">\n\t\t\t\n\t\t\t<div class=\"row multi-columns-row themetechmount-boxes-row-wrapper\">\n\t\t\t\t<div class=\"tm-box-col-wrapper col-lg-4 col-sm-6 col-md-4 col-xs-12 %d0%b4%d0%b5%d1%82%d1%81%d0%ba%d0%b8%d0%b5-%d0%b1%d0%be%d0%bb%d0%b5%d0%b7%d0%bd%d0%b8\"><article class=\"themetechmount-box themetechmount-box-team themetechmount-teambox-view-overlay\">\n\t<div class=\"themetechmount-post-item\">\n\t\t<div class=\"themetechmount-team-image-box\">\n\t\t\t\n\t\t<span class=\"themetechmount-item-thumbnail\">\n\t\t\t<span class=\"themetechmount-item-thumbnail-inner\">\n\t\t\t\t<img fetchpriority=\"high\" decoding=\"async\" width=\"380\" height=\"500\" src=\"https:\/\/www.giresunadahastanesi.com\/wp-content\/uploads\/2023\/05\/huseyindinc-380x500.jpg\" class=\"attachment-themetechmount-img-teamoverlay size-themetechmount-img-teamoverlay wp-post-image\" alt=\"\" data-id=\"4143\" \/>\n\t\t\t<\/span>\n\t\t<\/span>\t        <div class=\"themetechmount-overlay\">\n\t\t\t\t<div class=\"themetechmount-icon-box themetechmount-box-link\"><a href=\"https:\/\/www.giresunadahastanesi.com\/ru\/team-member\/%d1%81%d0%bf%d0%b5%d1%86%d0%b8%d0%b0%d0%bb%d0%b8%d1%81%d1%82-%d0%b4-%d1%80-huseyin-dinc\/\"><i class=\"tm-brivona-icon-plus-1\"><\/i><\/a><\/div>\t\n\t\t\t<\/div>\t\n\t\t<\/div>\t\n\t\t\t<div class=\"themetechmount-box-content\">\n\t\t\t\t<div class=\"themetechmount-team-position\">\u0414\u0435\u0442\u0441\u043a\u0438\u0435 \u0431\u043e\u043b\u0435\u0437\u043d\u0438<\/div>\n\t\t\t\t<div class=\"themetechmount-box-title\"><h4><a href=\"https:\/\/www.giresunadahastanesi.com\/ru\/team-member\/%d1%81%d0%bf%d0%b5%d1%86%d0%b8%d0%b0%d0%bb%d0%b8%d1%81%d1%82-%d0%b4-%d1%80-huseyin-dinc\/\">\u0421\u043f\u0435\u0446\u0438\u0430\u043b\u0438\u0441\u0442 \u0434-\u0440. H\u00fcseyin D\u0130N\u00c7<\/a><\/h4><\/div>\t\t\t\t\t\t\t\t\n\t\t\t<\/div>\t\t\t\n\t<\/div>\n<\/article>\n <\/div><div class=\"tm-box-col-wrapper col-lg-4 col-sm-6 col-md-4 col-xs-12 %d0%b4%d0%b5%d1%82%d1%81%d0%ba%d0%b8%d0%b5-%d0%b1%d0%be%d0%bb%d0%b5%d0%b7%d0%bd%d0%b8\"><article class=\"themetechmount-box themetechmount-box-team themetechmount-teambox-view-overlay\">\n\t<div class=\"themetechmount-post-item\">\n\t\t<div class=\"themetechmount-team-image-box\">\n\t\t\t\n\t\t<span class=\"themetechmount-item-thumbnail\">\n\t\t\t<span class=\"themetechmount-item-thumbnail-inner\">\n\t\t\t\t<img decoding=\"async\" width=\"380\" height=\"500\" src=\"https:\/\/www.giresunadahastanesi.com\/wp-content\/uploads\/2023\/05\/aysemelikoglu-2-380x500.jpg\" class=\"attachment-themetechmount-img-teamoverlay size-themetechmount-img-teamoverlay wp-post-image\" alt=\"\" data-id=\"4147\" \/>\n\t\t\t<\/span>\n\t\t<\/span>\t        <div class=\"themetechmount-overlay\">\n\t\t\t\t<div class=\"themetechmount-icon-box themetechmount-box-link\"><a href=\"https:\/\/www.giresunadahastanesi.com\/ru\/team-member\/%d1%81%d0%bf%d0%b5%d1%86%d0%b8%d0%b0%d0%bb%d0%b8%d1%81%d1%82-%d0%b4-%d1%80-ayse-melikoglu\/\"><i class=\"tm-brivona-icon-plus-1\"><\/i><\/a><\/div>\t\n\t\t\t<\/div>\t\n\t\t<\/div>\t\n\t\t\t<div class=\"themetechmount-box-content\">\n\t\t\t\t<div class=\"themetechmount-team-position\">\u0414\u0435\u0442\u0441\u043a\u0438\u0435 \u0431\u043e\u043b\u0435\u0437\u043d\u0438<\/div>\n\t\t\t\t<div class=\"themetechmount-box-title\"><h4><a href=\"https:\/\/www.giresunadahastanesi.com\/ru\/team-member\/%d1%81%d0%bf%d0%b5%d1%86%d0%b8%d0%b0%d0%bb%d0%b8%d1%81%d1%82-%d0%b4-%d1%80-ayse-melikoglu\/\">\u0421\u043f\u0435\u0446\u0438\u0430\u043b\u0438\u0441\u0442 \u0434-\u0440. Ay\u015fe MEL\u0130KO\u011eLU<\/a><\/h4><\/div>\t\t\t\t\t\t\t\t\n\t\t\t<\/div>\t\t\t\n\t<\/div>\n<\/article>\n <\/div>\n\t\t\t<\/div>\n\t\t<\/div><!-- .themetechmount-boxes-inner -->   <\/div><!-- .themetechmount-boxes -->  [\/vc_column][\/vc_row]<\/p>\n<\/div>","protected":false},"excerpt":{"rendered":"<p>[vc_row tm_bgimagefixed=&#187;&#187; break_in_responsive=&#187;991&#8243;][vc_column][vc_single_image image=&#187;3819&#8243; img_size=&#187;full&#187; alignment=&#187;center&#187;][vc_column_text css=&#187;.vc_custom_1683632949531{margin-bottom: 20px !important;}&#187;] \u0412 \u043d\u0430\u0448\u0438\u0445 \u043f\u0435\u0434\u0438\u0430\u0442\u0440\u0438\u0447\u0435\u0441\u043a\u0438\u0445 \u0430\u043c\u0431\u0443\u043b\u0430\u0442\u043e\u0440\u0438\u044f\u0445 \u0441\u043b\u0435\u0434\u044f\u0442 \u0437\u0430 \u0437\u0434\u043e\u0440\u043e\u0432\u044c\u0435\u043c \u0438 \u043f\u0440\u0438\u0432\u0438\u0432\u043a\u0430\u043c\u0438 \u0434\u0435\u0442\u0435\u0439 \u0438 \u043c\u043b\u0430\u0434\u0435\u043d\u0446\u0435\u0432, \u0435\u0441\u0442\u044c \u0438\u0433\u0440\u043e\u0432\u0430\u044f \u043f\u043b\u043e\u0449\u0430\u0434\u043a\u0430 \u0438 \u043a\u0440\u0443\u0433 \u0431\u0435\u0437\u043e\u043f\u0430\u0441\u043d\u043e\u0441\u0442\u0438, \u0447\u0442\u043e\u0431\u044b \u0434\u0435\u0442\u0438 \u0447\u0443\u0432\u0441\u0442\u0432\u043e\u0432\u0430\u043b\u0438 \u0441\u0435\u0431\u044f \u043a\u043e\u043c\u0444\u043e\u0440\u0442\u043d\u043e \u0434\u043e \u0438 \u043f\u043e\u0441\u043b\u0435 \u043e\u0441\u043c\u043e\u0442\u0440\u0430 \u0432\u0440\u0430\u0447\u0430. [\/vc_column_text][vc_column_text css=&#187;.vc_custom_1683633015099{margin-bottom: 10px !important;}&#187;] \u0412 \u043d\u0430\u0448\u0438\u0445 \u0430\u043c\u0431\u0443\u043b\u0430\u0442\u043e\u0440\u0438\u044f\u0445 \u0432\u044b \u043c\u043e\u0436\u0435\u0442\u0435 \u043f\u0440\u043e\u0439\u0442\u0438 \u043e\u0431\u0441\u043b\u0435\u0434\u043e\u0432\u0430\u043d\u0438\u0435, \u0437\u0430\u043f\u0438\u0441\u0430\u0432\u0448\u0438\u0441\u044c \u043d\u0430 \u043f\u0440\u0438\u0435\u043c \u0438\u0437 \u043d\u0430\u0448\u0435\u0433\u043e \u043a\u043e\u043b\u043b-\u0446\u0435\u043d\u0442\u0440\u0430 \u0441 &hellip; <a href=\"https:\/\/www.giresunadahastanesi.com\/ru\/team-member\/%d1%81%d0%bf%d0%b5%d1%86%d0%b8%d0%b0%d0%bb%d0%b8%d1%81%d1%82-%d0%b4-%d1%80-ayse-melikoglu\/\" class=\"more-link\">Continue reading <span class=\"screen-reader-text\">\u0421\u043f\u0435\u0446\u0438\u0430\u043b\u0438\u0441\u0442 \u0434-\u0440. Ay\u015fe MEL\u0130KO\u011eLU<\/span><\/a><\/p>\n","protected":false},"author":1,"featured_media":0,"parent":0,"menu_order":23,"comment_status":"closed","ping_status":"closed","template":"","meta":{"footnotes":""},"class_list":["post-4533","page","type-page","status-publish","hentry"],"_links":{"self":[{"href":"https:\/\/www.giresunadahastanesi.com\/ru\/wp-json\/wp\/v2\/pages\/4533","targetHints":{"allow":["GET"]}}],"collection":[{"href":"https:\/\/www.giresunadahastanesi.com\/ru\/wp-json\/wp\/v2\/pages"}],"about":[{"href":"https:\/\/www.giresunadahastanesi.com\/ru\/wp-json\/wp\/v2\/types\/page"}],"author":[{"embeddable":true,"href":"https:\/\/www.giresunadahastanesi.com\/ru\/wp-json\/wp\/v2\/users\/1"}],"replies":[{"embeddable":true,"href":"https:\/\/www.giresunadahastanesi.com\/ru\/wp-json\/wp\/v2\/comments?post=4533"}],"version-history":[{"count":14,"href":"https:\/\/www.giresunadahastanesi.com\/ru\/wp-json\/wp\/v2\/pages\/4533\/revisions"}],"predecessor-version":[{"id":7942,"href":"https:\/\/www.giresunadahastanesi.com\/ru\/wp-json\/wp\/v2\/pages\/4533\/revisions\/7942"}],"wp:attachment":[{"href":"https:\/\/www.giresunadahastanesi.com\/ru\/wp-json\/wp\/v2\/media?parent=4533"}],"curies":[{"name":"wp","href":"https:\/\/api.w.org\/{rel}","templated":true}]}}