{"id":4738,"date":"2023-05-09T15:03:54","date_gmt":"2023-05-09T12:03:54","guid":{"rendered":"https:\/\/www.giresunadahastanesi.com\/%d0%bf%d0%b8%d1%82%d0%b0%d0%bd%d0%b8%d0%b5-%d0%b8-%d0%b4%d0%b8%d0%b5%d1%82%d0%b0\/"},"modified":"2023-05-21T23:54:25","modified_gmt":"2023-05-21T20:54:25","slug":"%d0%bf%d0%b8%d1%82%d0%b0%d0%bd%d0%b8%d0%b5-%d0%b8-%d0%b4%d0%b8%d0%b5%d1%82%d0%b0","status":"publish","type":"page","link":"https:\/\/www.giresunadahastanesi.com\/ru\/%d0%bf%d0%b8%d1%82%d0%b0%d0%bd%d0%b8%d0%b5-%d0%b8-%d0%b4%d0%b8%d0%b5%d1%82%d0%b0\/","title":{"rendered":"\u041f\u0438\u0442\u0430\u043d\u0438\u0435 \u0438 \u0434\u0438\u0435\u0442\u0430"},"content":{"rendered":"<div class=\"wpb-content-wrapper\"><p>[vc_row tm_bgimagefixed=&#187;&#187; break_in_responsive=&#187;991&#8243;][vc_column][vc_single_image image=&#187;3819&#8243; img_size=&#187;full&#187; alignment=&#187;center&#187;][vc_column_text css=&#187;.vc_custom_1683633786133{margin-bottom: 20px !important;}&#187;]<\/p>\n<div class=\"elementor-element elementor-element-1986 elementor-widget elementor-widget-text-editor\" data-id=\"1986\" data-element_type=\"text-editor.default\">\n<div class=\"elementor-widget-container\">\n<div class=\"elementor-text-editor elementor-clearfix\">\n<p>\u041f\u043e\u0441\u043b\u0435 \u043f\u0440\u043e\u0432\u0435\u0434\u0435\u043d\u0438\u044f \u043d\u0435\u043e\u0431\u0445\u043e\u0434\u0438\u043c\u044b\u0445 \u043e\u0431\u0441\u043b\u0435\u0434\u043e\u0432\u0430\u043d\u0438\u0439 \u0432 \u043e\u0442\u0434\u0435\u043b\u0435 \u043f\u0438\u0442\u0430\u043d\u0438\u044f \u0438 \u0434\u0438\u0435\u0442\u043e\u043b\u043e\u0433\u0438\u0438 \u0441\u043e\u0441\u0442\u0430\u0432\u043b\u044f\u0435\u0442\u0441\u044f \u0438\u043d\u0434\u0438\u0432\u0438\u0434\u0443\u0430\u043b\u044c\u043d\u0430\u044f \u043f\u0440\u043e\u0433\u0440\u0430\u043c\u043c\u0430 \u0437\u0434\u043e\u0440\u043e\u0432\u043e\u0433\u043e \u043f\u0438\u0442\u0430\u043d\u0438\u044f \u0441 \u0443\u0447\u0435\u0442\u043e\u043c \u0443\u0441\u043b\u043e\u0432\u0438\u0439 \u0442\u0440\u0443\u0434\u0430 \u0438 \u0441\u043e\u0446\u0438\u0430\u043b\u044c\u043d\u044b\u0445 \u0443\u0441\u043b\u043e\u0432\u0438\u0439. \u041e\u0442\u0434\u0435\u043b\u0435\u043d\u0438\u0435 \u043f\u0438\u0442\u0430\u043d\u0438\u044f \u0438 \u0434\u0438\u0435\u0442\u044b, \u043a\u043e\u0442\u043e\u0440\u043e\u0435 \u0441\u043e\u0441\u0442\u0430\u0432\u043b\u044f\u0435\u0442 \u0438\u043d\u0434\u0438\u0432\u0438\u0434\u0443\u0430\u043b\u044c\u043d\u044b\u0439 \u043f\u043b\u0430\u043d \u043f\u0438\u0442\u0430\u043d\u0438\u044f, \u043f\u044b\u0442\u0430\u0435\u0442\u0441\u044f \u043d\u0430\u0443\u0447\u0438\u0442\u044c \u0437\u0434\u043e\u0440\u043e\u0432\u043e\u043c\u0443 \u043f\u0438\u0442\u0430\u043d\u0438\u044e \u0438\u043b\u0438 \u0438\u0437\u043c\u0435\u043d\u0438\u0442\u044c \u043f\u0438\u0449\u0435\u0432\u043e\u0435 \u043f\u043e\u0432\u0435\u0434\u0435\u043d\u0438\u0435 \u043b\u044e\u0434\u0435\u0439, \u043e\u0431\u0440\u0430\u0442\u0438\u0432\u0448\u0438\u0445\u0441\u044f \u0441 \u043b\u044e\u0431\u043e\u0439 \u043f\u0440\u043e\u0431\u043b\u0435\u043c\u043e\u0439 \u0441\u043e \u0437\u0434\u043e\u0440\u043e\u0432\u044c\u0435\u043c.<\/p><\/div>\n<\/div>\n<\/div>\n<p>[\/vc_column_text]<h4 style=\"text-align:left;\" class=\"tm-custom-heading \" >\u0423\u0441\u043b\u0443\u0433\u0438<\/h4>\n[vc_column_text css=&#187;.vc_custom_1683633805532{margin-bottom: 10px !important;}&#187;]<\/p>\n<div class=\"elementor-element elementor-element-24f8 elementor-widget elementor-widget-text-editor\" data-id=\"24f8\" data-element_type=\"text-editor.default\">\n<div class=\"elementor-widget-container\">\n<div class=\"elementor-text-editor elementor-clearfix\">\n<p>\u0414\u043b\u044f \u044d\u0442\u043e\u0433\u043e \u0432\u043e \u0432\u0440\u0435\u043c\u044f \u043f\u0435\u0440\u0432\u043e\u0433\u043e \u043e\u0431\u0441\u043b\u0435\u0434\u043e\u0432\u0430\u043d\u0438\u044f \u043f\u043e\u0434\u0440\u043e\u0431\u043d\u043e \u0440\u0430\u0441\u0441\u043c\u0430\u0442\u0440\u0438\u0432\u0430\u044e\u0442\u0441\u044f \u043f\u0438\u0449\u0435\u0432\u044b\u0435 \u043f\u0440\u0438\u0432\u044b\u0447\u043a\u0438 \u0447\u0435\u043b\u043e\u0432\u0435\u043a\u0430. \u0421\u043d\u0430\u0447\u0430\u043b\u0430 \u043e\u043f\u0440\u0435\u0434\u0435\u043b\u044f\u0435\u0442\u0441\u044f \u0441\u043e\u043e\u0442\u043d\u043e\u0448\u0435\u043d\u0438\u0435 \u0436\u0438\u0440\u0430, \u043c\u044b\u0448\u0446, \u0432\u043e\u0434\u044b \u0432 \u043e\u0440\u0433\u0430\u043d\u0438\u0437\u043c\u0435 \u0438 \u0440\u0430\u0441\u043f\u0440\u0435\u0434\u0435\u043b\u0435\u043d\u0438\u0435 \u0438\u043c\u0435\u044e\u0449\u0435\u0433\u043e\u0441\u044f \u0436\u0438\u0440\u0430 \u0432 \u043e\u0440\u0433\u0430\u043d\u0438\u0437\u043c\u0435, \u0437\u0430\u0442\u0435\u043c \u043f\u043b\u0430\u043d\u0438\u0440\u0443\u0435\u0442\u0441\u044f &#171;\u0438\u043d\u0434\u0438\u0432\u0438\u0434\u0443\u0430\u043b\u044c\u043d\u043e\u0435 \u043b\u0435\u0447\u0435\u043d\u0438\u0435 \u043f\u0438\u0442\u0430\u043d\u0438\u0435\u043c&#187; \u0432 \u0441\u043e\u043e\u0442\u0432\u0435\u0442\u0441\u0442\u0432\u0438\u0438 \u0441 \u0432\u043e\u0437\u0440\u0430\u0441\u0442\u043e\u043c, \u0440\u043e\u0441\u0442\u043e\u043c, \u043f\u043e\u043b\u043e\u043c, \u0444\u0438\u0437\u0438\u0447\u0435\u0441\u043a\u043e\u0439 \u0430\u043a\u0442\u0438\u0432\u043d\u043e\u0441\u0442\u044c\u044e \u0438 \u0440\u0435\u0437\u0443\u043b\u044c\u0442\u0430\u0442\u0430\u043c\u0438 \u0430\u043d\u0430\u043b\u0438\u0437\u043e\u0432 \u043a\u0440\u043e\u0432\u0438, \u043f\u043e\u0441\u043b\u0435 \u0447\u0435\u0433\u043e \u043f\u0440\u043e\u0432\u043e\u0434\u0438\u0442\u0441\u044f \u0440\u0435\u0433\u0443\u043b\u044f\u0440\u043d\u043e\u0435 \u043d\u0430\u0431\u043b\u044e\u0434\u0435\u043d\u0438\u0435. \u041a\u0440\u043e\u043c\u0435 \u0442\u043e\u0433\u043e, \u0440\u0430\u0437\u0440\u0430\u0431\u0430\u0442\u044b\u0432\u0430\u044e\u0442\u0441\u044f, \u043e\u0431\u0443\u0447\u0430\u044e\u0442\u0441\u044f \u0438 \u043a\u043e\u043d\u0442\u0440\u043e\u043b\u0438\u0440\u0443\u044e\u0442\u0441\u044f \u043f\u0440\u043e\u0433\u0440\u0430\u043c\u043c\u044b \u043f\u0438\u0442\u0430\u043d\u0438\u044f \u0434\u043b\u044f \u043b\u044e\u0434\u0435\u0439 \u0441 \u043e\u0441\u043e\u0431\u044b\u043c\u0438 \u0437\u0430\u0431\u043e\u043b\u0435\u0432\u0430\u043d\u0438\u044f\u043c\u0438, \u0442\u0430\u043a\u0438\u043c\u0438 \u043a\u0430\u043a \u0434\u0438\u0430\u0431\u0435\u0442, \u0431\u0435\u0440\u0435\u043c\u0435\u043d\u043d\u044b\u0445 &#8212; \u043f\u0435\u0440\u0438\u043e\u0434 \u0433\u0440\u0443\u0434\u043d\u043e\u0433\u043e \u0432\u0441\u043a\u0430\u0440\u043c\u043b\u0438\u0432\u0430\u043d\u0438\u044f, \u0434\u0435\u0442\u0435\u0439 \u0438 \u043f\u043e\u0434\u0440\u043e\u0441\u0442\u043a\u043e\u0432.<\/p><\/div>\n<\/div>\n<\/div>\n<p>[\/vc_column_text][vc_row_inner][vc_column_inner width=&#187;1\/2&#8243;]<ul class=\"tm-list tm-list-style-icon tm-list-icon-color-skincolor tm-black tm-icon-skincolor tm-list-textsize- tm-list-icon-library-fontawesome\"><li><i class=\"tm-skincolor fa fa-arrow-circle-right\"><\/i>  <span class=\"tm-list-li-content\">\u0421\u043f\u0435\u0446\u0438\u0430\u043b\u044c\u043d\u044b\u0435 \u043f\u043b\u0430\u043d\u044b \u043f\u0438\u0442\u0430\u043d\u0438\u044f \u0434\u043b\u044f \u043f\u0430\u0446\u0438\u0435\u043d\u0442\u043e\u0432 \u0441 \u0434\u0438\u0430\u0431\u0435\u0442\u043e\u043c, \u0441\u0435\u0440\u0434\u0435\u0447\u043d\u043e-\u0441\u043e\u0441\u0443\u0434\u0438\u0441\u0442\u044b\u043c\u0438 \u0437\u0430\u0431\u043e\u043b\u0435\u0432\u0430\u043d\u0438\u044f\u043c\u0438 \u0438 \u0433\u0438\u043f\u0435\u0440\u0442\u043e\u043d\u0438\u0435\u0439\n<\/span><\/li><li><i class=\"tm-skincolor fa fa-arrow-circle-right\"><\/i>  <span class=\"tm-list-li-content\">\u041f\u0440\u043e\u0433\u0440\u0430\u043c\u043c\u044b \u043d\u0430\u0431\u043e\u0440\u0430 \u0432\u0435\u0441\u0430 \u0434\u043b\u044f \u043b\u044e\u0434\u0435\u0439, \u0441\u0442\u0440\u0430\u0434\u0430\u044e\u0449\u0438\u0445 \u043a\u0440\u0430\u0439\u043d\u0435\u0439 \u0445\u0443\u0434\u043e\u0431\u043e\u0439<\/span><\/li><li><i class=\"tm-skincolor fa fa-arrow-circle-right\"><\/i>  <span class=\"tm-list-li-content\">\u0421\u043f\u0435\u0446\u0438\u0430\u043b\u044c\u043d\u044b\u0435 \u043f\u043b\u0430\u043d\u044b \u043f\u0438\u0442\u0430\u043d\u0438\u044f \u0434\u043b\u044f \u043f\u0430\u0446\u0438\u0435\u043d\u0442\u043e\u0432 \u0441 \u0436\u0435\u043b\u0443\u0434\u043a\u043e\u043c \u0438 \u043a\u0438\u0448\u0435\u0447\u043d\u0438\u043a\u043e\u043c\n<\/span><\/li><\/ul>[\/vc_column_inner][vc_column_inner width=&#187;1\/2&#8243; tm_responsive_css=&#187;40737847|colbreak_no|||||||||colbreak_no|-33px||||||||colbreak_no||||||||||colbreak_no|||||||||&#187;]<ul class=\"tm-list tm-list-style-icon tm-list-icon-color-skincolor tm-black tm-icon-skincolor tm-list-textsize- tm-list-icon-library-fontawesome\"><li><i class=\"tm-skincolor fa fa-arrow-circle-right\"><\/i>  <span class=\"tm-list-li-content\">\u0421\u043f\u0435\u0446\u0438\u0430\u043b\u044c\u043d\u044b\u0435 \u043f\u0440\u043e\u0433\u0440\u0430\u043c\u043c\u044b \u0434\u043b\u044f \u0434\u0435\u0442\u0435\u0439 \u0432 \u043f\u0435\u0440\u0438\u043e\u0434 \u0440\u043e\u0441\u0442\u0430 \u0438 \u0440\u0430\u0437\u0432\u0438\u0442\u0438\u044f<\/span><\/li><li><i class=\"tm-skincolor fa fa-arrow-circle-right\"><\/i>  <span class=\"tm-list-li-content\">\u0421\u043f\u0435\u0446\u0438\u0430\u043b\u044c\u043d\u044b\u0435 \u043f\u043b\u0430\u043d\u044b \u043f\u0438\u0442\u0430\u043d\u0438\u044f \u0434\u043b\u044f \u043c\u0430\u0442\u0435\u0440\u0435\u0439 \u0432\u043e \u0432\u0440\u0435\u043c\u044f \u0431\u0435\u0440\u0435\u043c\u0435\u043d\u043d\u043e\u0441\u0442\u0438 \u0438\u043b\u0438 \u043a\u043e\u0440\u043c\u043b\u0435\u043d\u0438\u044f \u0433\u0440\u0443\u0434\u044c\u044e<\/span><\/li><\/ul>[\/vc_column_inner][\/vc_row_inner][\/vc_column][\/vc_row][vc_row tm_bgimagefixed=&#187;&#187; break_in_responsive=&#187;991&#8243; css=&#187;.vc_custom_1543407948016{padding-top: 10px !important;}&#187;][vc_column]<h4 style=\"text-align:left;\" class=\"tm-custom-heading \" >\u041d\u0430\u0448\u0438 \u0432\u0440\u0430\u0447\u0438<\/h4>\n[vc_separator color=&#187;custom&#187; accent_color=&#187;#ebebeb&#187;]<div class=\"themetechmount-boxes themetechmount-boxes-team themetechmount-boxes-view-default themetechmount-boxes-col-three themetechmount-boxes-sortable-no themetechmount-boxes-textalign-center themetechmount-boxes-sortablebutton-\">\n\t\t<div class=\"themetechmount-boxes-inner themetechmount-boxes-team-inner \">\n\t\t\t\n\t\t\t<div class=\"row multi-columns-row themetechmount-boxes-row-wrapper\">\n\t\t\t\t<div class=\"tm-box-col-wrapper col-lg-4 col-sm-6 col-md-4 col-xs-12 %d0%b4%d0%b8%d0%b5%d1%82%d0%b2%d1%80%d0%b0%d1%87\"><article class=\"themetechmount-box themetechmount-box-team themetechmount-teambox-view-overlay\">\n\t<div class=\"themetechmount-post-item\">\n\t\t<div class=\"themetechmount-team-image-box\">\n\t\t\t\n\t\t<span class=\"themetechmount-item-thumbnail\">\n\t\t\t<span class=\"themetechmount-item-thumbnail-inner\">\n\t\t\t\t<img fetchpriority=\"high\" decoding=\"async\" width=\"380\" height=\"500\" src=\"https:\/\/www.giresunadahastanesi.com\/wp-content\/uploads\/2023\/05\/nuray-380x500.jpg\" class=\"attachment-themetechmount-img-teamoverlay size-themetechmount-img-teamoverlay wp-post-image\" alt=\"\" data-id=\"4159\" \/>\n\t\t\t<\/span>\n\t\t<\/span>\t        <div class=\"themetechmount-overlay\">\n\t\t\t\t<div class=\"themetechmount-icon-box themetechmount-box-link\"><a href=\"https:\/\/www.giresunadahastanesi.com\/ru\/team-member\/dyt-nuray-ipekci\/\"><i class=\"tm-brivona-icon-plus-1\"><\/i><\/a><\/div>\t\n\t\t\t<\/div>\t\n\t\t<\/div>\t\n\t\t\t<div class=\"themetechmount-box-content\">\n\t\t\t\t<div class=\"themetechmount-team-position\">\u0414\u0438\u0435\u0442\u0432\u0440\u0430\u0447<\/div>\n\t\t\t\t<div class=\"themetechmount-box-title\"><h4><a href=\"https:\/\/www.giresunadahastanesi.com\/ru\/team-member\/dyt-nuray-ipekci\/\">Dyt. Nuray \u0130PEK\u00c7\u0130<\/a><\/h4><\/div>\t\t\t\t\t\t\t\t\n\t\t\t<\/div>\t\t\t\n\t<\/div>\n<\/article>\n <\/div><div class=\"tm-box-col-wrapper col-lg-4 col-sm-6 col-md-4 col-xs-12 %d0%b4%d0%b8%d0%b5%d1%82%d0%b2%d1%80%d0%b0%d1%87\"><article class=\"themetechmount-box themetechmount-box-team themetechmount-teambox-view-overlay\">\n\t<div class=\"themetechmount-post-item\">\n\t\t<div class=\"themetechmount-team-image-box\">\n\t\t\t\n\t\t<span class=\"themetechmount-item-thumbnail\">\n\t\t\t<span class=\"themetechmount-item-thumbnail-inner\">\n\t\t\t\t<img decoding=\"async\" width=\"380\" height=\"500\" src=\"https:\/\/www.giresunadahastanesi.com\/wp-content\/uploads\/2023\/05\/ebrutasdemir-2-380x500.jpg\" class=\"attachment-themetechmount-img-teamoverlay size-themetechmount-img-teamoverlay wp-post-image\" alt=\"\" data-id=\"4163\" \/>\n\t\t\t<\/span>\n\t\t<\/span>\t        <div class=\"themetechmount-overlay\">\n\t\t\t\t<div class=\"themetechmount-icon-box themetechmount-box-link\"><a href=\"https:\/\/www.giresunadahastanesi.com\/ru\/team-member\/dyt-ebru-tasdemir\/\"><i class=\"tm-brivona-icon-plus-1\"><\/i><\/a><\/div>\t\n\t\t\t<\/div>\t\n\t\t<\/div>\t\n\t\t\t<div class=\"themetechmount-box-content\">\n\t\t\t\t<div class=\"themetechmount-team-position\">\u0414\u0438\u0435\u0442\u0432\u0440\u0430\u0447<\/div>\n\t\t\t\t<div class=\"themetechmount-box-title\"><h4><a href=\"https:\/\/www.giresunadahastanesi.com\/ru\/team-member\/dyt-ebru-tasdemir\/\">Dyt. Ebru TA\u015eDEM\u0130R<\/a><\/h4><\/div>\t\t\t\t\t\t\t\t\n\t\t\t<\/div>\t\t\t\n\t<\/div>\n<\/article>\n <\/div>\n\t\t\t<\/div>\n\t\t<\/div><!-- .themetechmount-boxes-inner -->   <\/div><!-- .themetechmount-boxes -->  [\/vc_column][\/vc_row]<\/p>\n<\/div>","protected":false},"excerpt":{"rendered":"<p>[vc_row tm_bgimagefixed=&#187;&#187; break_in_responsive=&#187;991&#8243;][vc_column][vc_single_image image=&#187;3819&#8243; img_size=&#187;full&#187; alignment=&#187;center&#187;][vc_column_text css=&#187;.vc_custom_1683633786133{margin-bottom: 20px !important;}&#187;] \u041f\u043e\u0441\u043b\u0435 \u043f\u0440\u043e\u0432\u0435\u0434\u0435\u043d\u0438\u044f \u043d\u0435\u043e\u0431\u0445\u043e\u0434\u0438\u043c\u044b\u0445 \u043e\u0431\u0441\u043b\u0435\u0434\u043e\u0432\u0430\u043d\u0438\u0439 \u0432 \u043e\u0442\u0434\u0435\u043b\u0435 \u043f\u0438\u0442\u0430\u043d\u0438\u044f \u0438 \u0434\u0438\u0435\u0442\u043e\u043b\u043e\u0433\u0438\u0438 \u0441\u043e\u0441\u0442\u0430\u0432\u043b\u044f\u0435\u0442\u0441\u044f \u0438\u043d\u0434\u0438\u0432\u0438\u0434\u0443\u0430\u043b\u044c\u043d\u0430\u044f \u043f\u0440\u043e\u0433\u0440\u0430\u043c\u043c\u0430 \u0437\u0434\u043e\u0440\u043e\u0432\u043e\u0433\u043e \u043f\u0438\u0442\u0430\u043d\u0438\u044f \u0441 \u0443\u0447\u0435\u0442\u043e\u043c \u0443\u0441\u043b\u043e\u0432\u0438\u0439 \u0442\u0440\u0443\u0434\u0430 \u0438 \u0441\u043e\u0446\u0438\u0430\u043b\u044c\u043d\u044b\u0445 \u0443\u0441\u043b\u043e\u0432\u0438\u0439. \u041e\u0442\u0434\u0435\u043b\u0435\u043d\u0438\u0435 \u043f\u0438\u0442\u0430\u043d\u0438\u044f \u0438 \u0434\u0438\u0435\u0442\u044b, \u043a\u043e\u0442\u043e\u0440\u043e\u0435 \u0441\u043e\u0441\u0442\u0430\u0432\u043b\u044f\u0435\u0442 \u0438\u043d\u0434\u0438\u0432\u0438\u0434\u0443\u0430\u043b\u044c\u043d\u044b\u0439 \u043f\u043b\u0430\u043d \u043f\u0438\u0442\u0430\u043d\u0438\u044f, \u043f\u044b\u0442\u0430\u0435\u0442\u0441\u044f \u043d\u0430\u0443\u0447\u0438\u0442\u044c \u0437\u0434\u043e\u0440\u043e\u0432\u043e\u043c\u0443 \u043f\u0438\u0442\u0430\u043d\u0438\u044e \u0438\u043b\u0438 \u0438\u0437\u043c\u0435\u043d\u0438\u0442\u044c \u043f\u0438\u0449\u0435\u0432\u043e\u0435 \u043f\u043e\u0432\u0435\u0434\u0435\u043d\u0438\u0435 \u043b\u044e\u0434\u0435\u0439, \u043e\u0431\u0440\u0430\u0442\u0438\u0432\u0448\u0438\u0445\u0441\u044f \u0441 \u043b\u044e\u0431\u043e\u0439 \u043f\u0440\u043e\u0431\u043b\u0435\u043c\u043e\u0439 \u0441\u043e \u0437\u0434\u043e\u0440\u043e\u0432\u044c\u0435\u043c. [\/vc_column_text][vc_column_text &hellip; <a href=\"https:\/\/www.giresunadahastanesi.com\/ru\/team-member\/dyt-ebru-tasdemir\/\" class=\"more-link\">Continue reading <span class=\"screen-reader-text\">Dyt. Ebru TA\u015eDEM\u0130R<\/span><\/a><\/p>\n","protected":false},"author":1,"featured_media":0,"parent":0,"menu_order":23,"comment_status":"closed","ping_status":"closed","template":"","meta":{"footnotes":""},"class_list":["post-4738","page","type-page","status-publish","hentry"],"_links":{"self":[{"href":"https:\/\/www.giresunadahastanesi.com\/ru\/wp-json\/wp\/v2\/pages\/4738","targetHints":{"allow":["GET"]}}],"collection":[{"href":"https:\/\/www.giresunadahastanesi.com\/ru\/wp-json\/wp\/v2\/pages"}],"about":[{"href":"https:\/\/www.giresunadahastanesi.com\/ru\/wp-json\/wp\/v2\/types\/page"}],"author":[{"embeddable":true,"href":"https:\/\/www.giresunadahastanesi.com\/ru\/wp-json\/wp\/v2\/users\/1"}],"replies":[{"embeddable":true,"href":"https:\/\/www.giresunadahastanesi.com\/ru\/wp-json\/wp\/v2\/comments?post=4738"}],"version-history":[{"count":10,"href":"https:\/\/www.giresunadahastanesi.com\/ru\/wp-json\/wp\/v2\/pages\/4738\/revisions"}],"predecessor-version":[{"id":7948,"href":"https:\/\/www.giresunadahastanesi.com\/ru\/wp-json\/wp\/v2\/pages\/4738\/revisions\/7948"}],"wp:attachment":[{"href":"https:\/\/www.giresunadahastanesi.com\/ru\/wp-json\/wp\/v2\/media?parent=4738"}],"curies":[{"name":"wp","href":"https:\/\/api.w.org\/{rel}","templated":true}]}}