{"id":3285,"date":"2023-05-02T22:00:05","date_gmt":"2023-05-02T19:00:05","guid":{"rendered":"https:\/\/www.giresunadahastanesi.com\/?page_id=3285"},"modified":"2023-10-13T11:26:24","modified_gmt":"2023-10-13T08:26:24","slug":"servisler-anestezi-reanimasyon","status":"publish","type":"page","link":"https:\/\/www.giresunadahastanesi.com\/tr\/servisler-anestezi-reanimasyon\/","title":{"rendered":"Anestezi Reanimasyon"},"content":{"rendered":"<div class=\"wpb-content-wrapper\"><p>[vc_row tm_bgimagefixed=&#8221;&#8221; break_in_responsive=&#8221;991&#8243;][vc_column][vc_single_image image=&#8221;3286&#8243; img_size=&#8221;full&#8221; alignment=&#8221;center&#8221;][vc_column_text css=&#8221;.vc_custom_1683038999238{margin-bottom: 20px !important;}&#8221;]Anestezi \u00f6ncesinde hastan\u0131n t\u0131bbi ge\u00e7mi\u015fine y\u00f6nelik de\u011ferlendirme yap\u0131lmas\u0131, ameliyat sonras\u0131 a\u011fr\u0131 tedavisi uygulamalar\u0131 i\u00e7in kons\u00fcltasyon hizmetleri de verilmektedir.<\/p>\n<p>Kalp Cerrahisi gibi y\u00fcksek riskli ameliyatlar\u0131n yan\u0131 s\u0131ra sezaryen ve epidural anestezi ile do\u011fum gibi alan\u0131nda \u00f6zel dikkat ve uzmanla\u015fma gerektiren uygulamalar da hastanelerimiz uzmanlar\u0131n\u0131n ba\u015far\u0131yla uygulad\u0131klar\u0131 hizmetler aras\u0131ndad\u0131r.[\/vc_column_text]<h4 style=\"text-align:left;\" class=\"tm-custom-heading \" >Hizmetler<\/h4>\n[vc_column_text css=&#8221;.vc_custom_1683054001109{margin-bottom: 10px !important;}&#8221;]<\/p>\n<div class=\"elementor-element elementor-element-2f3 elementor-widget elementor-widget-text-editor\" data-id=\"2f3\" data-element_type=\"text-editor.default\">\n<div class=\"elementor-widget-container\">\n<div class=\"elementor-text-editor elementor-clearfix\">\n<h2>A\u011fr\u0131 Poliklini\u011fi<\/h2>\n<p>A\u011fr\u0131 hissi, baz\u0131 hallerde v\u00fccuttaki hastal\u0131klar\u0131n habercisi olarak faydal\u0131 say\u0131lsa da \u00e7o\u011fu zaman kurtulmak istedi\u011fimiz, g\u00fcnl\u00fck ya\u015fant\u0131m\u0131z\u0131 olumsuz etkileyen hatta onu \u0131zd\u0131rap haline getiren bir duygudur.<\/p>\n<p>A\u011fr\u0131, a\u011fr\u0131 \u00e7eken ki\u015filerin bedensel, duygusal ve psikolojik olarak etkilemekte yak\u0131nlar\u0131 i\u00e7in de duygusal ve sosyal s\u0131k\u0131nt\u0131lar do\u011furmaktad\u0131r.<\/p>\n<p>A\u011fr\u0131 yal\u0131n bir uyar\u0131 de\u011fildir. Bilakis \u00f6nceden ya\u015fanm\u0131\u015f deneyimleri de i\u00e7eren kar\u0131\u015f\u0131k bir alg\u0131lama halidir. Yeri, tipi, uyar\u0131n\u0131n \u015fiddeti gibi hissel iletilerin yan\u0131nda, \u00e7ok derin duygusal (\u00f6rn emosyenel) ve kavramaya ait (kognitif) \u00f6zellikleri de kapsar.<\/p>\n<p>Hissedilmeye ba\u015fland\u0131\u011f\u0131 zaman ki\u015fiyi rahats\u0131z ve huzursuz eden ho\u015f olmayan bir duygudur.<\/p>\n<p>Sinirlerin i\u00e7inde a\u011fr\u0131 lifleri, beynin i\u00e7inde a\u011fr\u0131 yollar\u0131 yoktur. Bu nedenle a\u011fr\u0131y\u0131 alg\u0131lama tecr\u00fcbesi kar\u0131\u015f\u0131k bir mekanizman\u0131n son halidir. Belirli bir uyar\u0131n\u0131n a\u011fr\u0131 olarak alg\u0131lanmas\u0131 sadece uyar\u0131n\u0131n yap\u0131s\u0131na ba\u011fl\u0131 de\u011fildir. Ge\u00e7mi\u015fte ki ya\u015fanm\u0131\u015f tecr\u00fcbeler, bellekteki birikimler ve o an ki emosyenel durum da alg\u0131y\u0131 etkiler.<\/p>\n<p>Bu kar\u0131\u015f\u0131k yap\u0131n\u0131n iyi analiz edilmesi, a\u011fr\u0131 tedavisi a\u00e7\u0131s\u0131ndan do\u011fru yakla\u015f\u0131m\u0131n ortaya konmas\u0131, tedavide ba\u015far\u0131 i\u00e7in elzemdir. \u00d6zel Giresun Ada Hastanesi A\u011fr\u0131 Poliklini\u011fi\u2019nde bu disiplin alt\u0131nda medikal veya invasiv y\u00f6ntemleri de kapsayacak \u015fekilde a\u015fa\u011f\u0131da ad\u0131 ge\u00e7en ba\u015fl\u0131klarda gerekli tedavi hizmetleri verilmektedir.<\/p><\/div>\n<\/div>\n<\/div>\n<p>[\/vc_column_text][vc_row_inner][vc_column_inner width=&#8221;1\/2&#8243;]<ul class=\"tm-list tm-list-style-icon tm-list-icon-color-skincolor tm-black tm-icon-skincolor tm-list-textsize- tm-list-icon-library-fontawesome\"><li><i class=\"tm-skincolor fa fa-arrow-circle-right\"><\/i>  <span class=\"tm-list-li-content\">Kronik Ge\u00e7meyen A\u011fr\u0131lar<\/span><\/li><li><i class=\"tm-skincolor fa fa-arrow-circle-right\"><\/i>  <span class=\"tm-list-li-content\">Spontan A\u011fr\u0131lar<\/span><\/li><li><i class=\"tm-skincolor fa fa-arrow-circle-right\"><\/i>  <span class=\"tm-list-li-content\">Kanser A\u011fr\u0131lar\u0131<\/span><\/li><li><i class=\"tm-skincolor fa fa-arrow-circle-right\"><\/i>  <span class=\"tm-list-li-content\">Kas-Kemik A\u011fr\u0131lar\u0131 (Muskuloskekeletal A\u011fr\u0131lar)\n<\/span><\/li><li><i class=\"tm-skincolor fa fa-arrow-circle-right\"><\/i>  <span class=\"tm-list-li-content\">Periferik ve Santral A\u011fr\u0131lar\u0131<\/span><\/li><\/ul>[\/vc_column_inner][vc_column_inner width=&#8221;1\/2&#8243; tm_responsive_css=&#8221;40737847|colbreak_no|||||||||colbreak_no|-33px||||||||colbreak_no||||||||||colbreak_no|||||||||&#8221;]<ul class=\"tm-list tm-list-style-icon tm-list-icon-color-skincolor tm-black tm-icon-skincolor tm-list-textsize- tm-list-icon-library-fontawesome\"><li><i class=\"tm-skincolor fa fa-arrow-circle-right\"><\/i>  <span class=\"tm-list-li-content\">Kompleks B\u00f6lgesel A\u011fr\u0131 Sendromlar\u0131<\/span><\/li><li><i class=\"tm-skincolor fa fa-arrow-circle-right\"><\/i>  <span class=\"tm-list-li-content\">Migren ve Di\u011fer Ba\u015f A\u011fr\u0131lar\u0131<\/span><\/li><li><i class=\"tm-skincolor fa fa-arrow-circle-right\"><\/i>  <span class=\"tm-list-li-content\">Ge\u00e7meyen Ameliyat Sonras\u0131 A\u011fr\u0131lar\u0131 (Persistant Postoperatif A\u011fr\u0131lar)<\/span><\/li><li><i class=\"tm-skincolor fa fa-arrow-circle-right\"><\/i>  <span class=\"tm-list-li-content\">Bel A\u011fr\u0131lar\u0131 (Low Back Pain)\n<\/span><\/li><\/ul>[\/vc_column_inner][\/vc_row_inner][\/vc_column][\/vc_row][vc_row tm_bgimagefixed=&#8221;&#8221; break_in_responsive=&#8221;991&#8243; css=&#8221;.vc_custom_1543407948016{padding-top: 10px !important;}&#8221;][vc_column]<h4 style=\"text-align:left;\" class=\"tm-custom-heading \" >Servis Doktorlar\u0131m\u0131z<\/h4>\n[vc_separator color=&#8221;custom&#8221; accent_color=&#8221;#ebebeb&#8221;]<div class=\"themetechmount-boxes themetechmount-boxes-team themetechmount-boxes-view-default themetechmount-boxes-col-three themetechmount-boxes-sortable-no themetechmount-boxes-textalign-center themetechmount-boxes-sortablebutton-\">\n\t\t<div class=\"themetechmount-boxes-inner themetechmount-boxes-team-inner \">\n\t\t\t\n\t\t\t<div class=\"row multi-columns-row themetechmount-boxes-row-wrapper\">\n\t\t\t\t<div class=\"tm-box-col-wrapper col-lg-4 col-sm-6 col-md-4 col-xs-12 anestezi-ve-reanimasyon\"><article class=\"themetechmount-box themetechmount-box-team themetechmount-teambox-view-overlay\">\n\t<div class=\"themetechmount-post-item\">\n\t\t<div class=\"themetechmount-team-image-box\">\n\t\t\t\n\t\t<span class=\"themetechmount-item-thumbnail\">\n\t\t\t<span class=\"themetechmount-item-thumbnail-inner\">\n\t\t\t\t<img fetchpriority=\"high\" decoding=\"async\" width=\"380\" height=\"500\" src=\"https:\/\/www.giresunadahastanesi.com\/wp-content\/uploads\/2023\/05\/yucel-1-380x500.jpg\" class=\"attachment-themetechmount-img-teamoverlay size-themetechmount-img-teamoverlay wp-post-image\" alt=\"\" data-id=\"3535\" \/>\n\t\t\t<\/span>\n\t\t<\/span>\t        <div class=\"themetechmount-overlay\">\n\t\t\t\t<div class=\"themetechmount-icon-box themetechmount-box-link\"><a href=\"https:\/\/www.giresunadahastanesi.com\/tr\/team-member\/uzm-dr-yucel-demirci\/\"><i class=\"tm-brivona-icon-plus-1\"><\/i><\/a><\/div>\t\n\t\t\t<\/div>\t\n\t\t<\/div>\t\n\t\t\t<div class=\"themetechmount-box-content\">\n\t\t\t\t<div class=\"themetechmount-team-position\">Anestezi ve Reanimasyon<\/div>\n\t\t\t\t<div class=\"themetechmount-box-title\"><h4><a href=\"https:\/\/www.giresunadahastanesi.com\/tr\/team-member\/uzm-dr-yucel-demirci\/\">Uzm.Dr. Y\u00fccel Demirci<\/a><\/h4><\/div>\t\t\t\t\t\t\t\t\n\t\t\t<\/div>\t\t\t\n\t<\/div>\n<\/article>\n <\/div><div class=\"tm-box-col-wrapper col-lg-4 col-sm-6 col-md-4 col-xs-12 anestezi-ve-reanimasyon\"><article class=\"themetechmount-box themetechmount-box-team themetechmount-teambox-view-overlay\">\n\t<div class=\"themetechmount-post-item\">\n\t\t<div class=\"themetechmount-team-image-box\">\n\t\t\t\n\t\t<span class=\"themetechmount-item-thumbnail\">\n\t\t\t<span class=\"themetechmount-item-thumbnail-inner\">\n\t\t\t\t<img decoding=\"async\" width=\"380\" height=\"500\" src=\"https:\/\/www.giresunadahastanesi.com\/wp-content\/uploads\/2023\/05\/hasan-380x500.jpg\" class=\"attachment-themetechmount-img-teamoverlay size-themetechmount-img-teamoverlay wp-post-image\" alt=\"\" data-id=\"3536\" \/>\n\t\t\t<\/span>\n\t\t<\/span>\t        <div class=\"themetechmount-overlay\">\n\t\t\t\t<div class=\"themetechmount-icon-box themetechmount-box-link\"><a href=\"https:\/\/www.giresunadahastanesi.com\/tr\/team-member\/uzm-dr-hasan-yilmaz\/\"><i class=\"tm-brivona-icon-plus-1\"><\/i><\/a><\/div>\t\n\t\t\t<\/div>\t\n\t\t<\/div>\t\n\t\t\t<div class=\"themetechmount-box-content\">\n\t\t\t\t<div class=\"themetechmount-team-position\">Anestezi ve Reanimasyon<\/div>\n\t\t\t\t<div class=\"themetechmount-box-title\"><h4><a href=\"https:\/\/www.giresunadahastanesi.com\/tr\/team-member\/uzm-dr-hasan-yilmaz\/\">Uzm.Dr. Hasan YILMAZ<\/a><\/h4><\/div>\t\t\t\t\t\t\t\t\n\t\t\t<\/div>\t\t\t\n\t<\/div>\n<\/article>\n <\/div><div class=\"tm-box-col-wrapper col-lg-4 col-sm-6 col-md-4 col-xs-12 anestezi-ve-reanimasyon\"><article class=\"themetechmount-box themetechmount-box-team themetechmount-teambox-view-overlay\">\n\t<div class=\"themetechmount-post-item\">\n\t\t<div class=\"themetechmount-team-image-box\">\n\t\t\t\n\t\t<span class=\"themetechmount-item-thumbnail\">\n\t\t\t<span class=\"themetechmount-item-thumbnail-inner\">\n\t\t\t\t<img decoding=\"async\" width=\"380\" height=\"500\" src=\"https:\/\/www.giresunadahastanesi.com\/wp-content\/uploads\/2023\/05\/ercin-380x500.jpg\" class=\"attachment-themetechmount-img-teamoverlay size-themetechmount-img-teamoverlay wp-post-image\" alt=\"\" data-id=\"3537\" \/>\n\t\t\t<\/span>\n\t\t<\/span>\t        <div class=\"themetechmount-overlay\">\n\t\t\t\t<div class=\"themetechmount-icon-box themetechmount-box-link\"><a href=\"https:\/\/www.giresunadahastanesi.com\/tr\/team-member\/uzm-dr-ercin-ongen\/\"><i class=\"tm-brivona-icon-plus-1\"><\/i><\/a><\/div>\t\n\t\t\t<\/div>\t\n\t\t<\/div>\t\n\t\t\t<div class=\"themetechmount-box-content\">\n\t\t\t\t<div class=\"themetechmount-team-position\">Anestezi ve Reanimasyon<\/div>\n\t\t\t\t<div class=\"themetechmount-box-title\"><h4><a href=\"https:\/\/www.giresunadahastanesi.com\/tr\/team-member\/uzm-dr-ercin-ongen\/\">Uzm.Dr. Er\u00e7in \u00d6NGEN<\/a><\/h4><\/div>\t\t\t\t\t\t\t\t\n\t\t\t<\/div>\t\t\t\n\t<\/div>\n<\/article>\n <\/div>\n\t\t\t<\/div>\n\t\t<\/div><!-- .themetechmount-boxes-inner -->   <\/div><!-- .themetechmount-boxes -->  [\/vc_column][\/vc_row]<\/p>\n<\/div>","protected":false},"excerpt":{"rendered":"<p>[vc_row tm_bgimagefixed=&#8221;&#8221; break_in_responsive=&#8221;991&#8243;][vc_column][vc_single_image image=&#8221;3286&#8243; img_size=&#8221;full&#8221; alignment=&#8221;center&#8221;][vc_column_text css=&#8221;.vc_custom_1683038999238{margin-bottom: 20px !important;}&#8221;]Anestezi \u00f6ncesinde hastan\u0131n t\u0131bbi ge\u00e7mi\u015fine y\u00f6nelik de\u011ferlendirme yap\u0131lmas\u0131, ameliyat sonras\u0131 a\u011fr\u0131 tedavisi uygulamalar\u0131 i\u00e7in kons\u00fcltasyon hizmetleri de verilmektedir. Kalp Cerrahisi gibi y\u00fcksek riskli ameliyatlar\u0131n yan\u0131 s\u0131ra sezaryen ve epidural anestezi ile do\u011fum gibi alan\u0131nda \u00f6zel dikkat ve uzmanla\u015fma gerektiren uygulamalar da hastanelerimiz uzmanlar\u0131n\u0131n ba\u015far\u0131yla uygulad\u0131klar\u0131 hizmetler aras\u0131ndad\u0131r.[\/vc_column_text][vc_column_text &hellip; <a href=\"https:\/\/www.giresunadahastanesi.com\/tr\/team-member\/uzm-dr-ercin-ongen\/\" class=\"more-link\">Continue reading <span class=\"screen-reader-text\">Uzm.Dr. Er\u00e7in \u00d6NGEN<\/span><\/a><\/p>\n","protected":false},"author":1,"featured_media":0,"parent":0,"menu_order":23,"comment_status":"closed","ping_status":"closed","template":"","meta":{"footnotes":""},"class_list":["post-3285","page","type-page","status-publish","hentry"],"_links":{"self":[{"href":"https:\/\/www.giresunadahastanesi.com\/tr\/wp-json\/wp\/v2\/pages\/3285","targetHints":{"allow":["GET"]}}],"collection":[{"href":"https:\/\/www.giresunadahastanesi.com\/tr\/wp-json\/wp\/v2\/pages"}],"about":[{"href":"https:\/\/www.giresunadahastanesi.com\/tr\/wp-json\/wp\/v2\/types\/page"}],"author":[{"embeddable":true,"href":"https:\/\/www.giresunadahastanesi.com\/tr\/wp-json\/wp\/v2\/users\/1"}],"replies":[{"embeddable":true,"href":"https:\/\/www.giresunadahastanesi.com\/tr\/wp-json\/wp\/v2\/comments?post=3285"}],"version-history":[{"count":4,"href":"https:\/\/www.giresunadahastanesi.com\/tr\/wp-json\/wp\/v2\/pages\/3285\/revisions"}],"predecessor-version":[{"id":8010,"href":"https:\/\/www.giresunadahastanesi.com\/tr\/wp-json\/wp\/v2\/pages\/3285\/revisions\/8010"}],"wp:attachment":[{"href":"https:\/\/www.giresunadahastanesi.com\/tr\/wp-json\/wp\/v2\/media?parent=3285"}],"curies":[{"name":"wp","href":"https:\/\/api.w.org\/{rel}","templated":true}]}}