{"id":3423,"date":"2023-05-09T14:52:25","date_gmt":"2023-05-09T11:52:25","guid":{"rendered":"https:\/\/www.giresunadahastanesi.com\/?page_id=3423"},"modified":"2023-10-13T11:27:09","modified_gmt":"2023-10-13T08:27:09","slug":"servisler-cocuk-cerrahisi","status":"publish","type":"page","link":"https:\/\/www.giresunadahastanesi.com\/tr\/servisler-cocuk-cerrahisi\/","title":{"rendered":"\u00c7ocuk Cerrahisi"},"content":{"rendered":"<div class=\"wpb-content-wrapper\"><p>[vc_row tm_bgimagefixed=&#8221;&#8221; break_in_responsive=&#8221;991&#8243;][vc_column][vc_single_image image=&#8221;2962&#8243; img_size=&#8221;full&#8221; alignment=&#8221;center&#8221;][vc_column_text css=&#8221;.vc_custom_1683633112356{margin-bottom: 20px !important;}&#8221;]<\/p>\n<div class=\"elementor-element elementor-element-70b9 elementor-widget elementor-widget-text-editor\" data-id=\"70b9\" data-element_type=\"text-editor.default\">\n<div class=\"elementor-widget-container\">\n<div class=\"elementor-text-editor elementor-clearfix\">\n<p>Yenido\u011fan d\u00f6neminden eri\u015fkinli\u011fe kadar olan \u00e7ocukluk \u00e7a\u011f\u0131na ait (0-17 ya\u015f), do\u011fumsal ve\/veya edinsel solunum, sindirim ve bo\u015falt\u0131m sistemlerini ilgilendiren cerrahi hastal\u0131klar\u0131n tan\u0131 ve tedavi y\u00f6ntemlerini uygulayan bir bilim dal\u0131d\u0131r.<\/p><\/div>\n<\/div>\n<\/div>\n<p>[\/vc_column_text]<h4 style=\"text-align:left;\" class=\"tm-custom-heading \" >Hizmetler<\/h4>\n[vc_column_text css=&#8221;.vc_custom_1683633127110{margin-bottom: 10px !important;}&#8221;]<\/p>\n<div class=\"elementor-element elementor-element-2f3 elementor-widget elementor-widget-text-editor\" data-id=\"2f3\" data-element_type=\"text-editor.default\">\n<div class=\"elementor-widget-container\">\n<div class=\"elementor-text-editor elementor-clearfix\">\n<p>\u00c7ocuklar, hi\u00e7bir zaman eri\u015fkinlerin k\u00fc\u00e7\u00fclt\u00fclm\u00fc\u015f bir hali de\u011fildir. \u00c7ocukluk \u00e7a\u011f\u0131n\u0131n kendine has fizyolojisi ve hastal\u0131klar\u0131 vard\u0131r. \u00c7ocukluk \u00e7a\u011f\u0131nda g\u00f6r\u00fclen hastal\u0131klar, d\u00f6nemlere g\u00f6re farkl\u0131 \u00f6zellikler g\u00f6stermektedir. Bu hastal\u0131klar\u0131n tan\u0131 ve tedavisi \u00e7ocu\u011fun geli\u015fimi, fizyolojisi ve psikolojisi g\u00f6z \u00f6n\u00fcne al\u0131narak yap\u0131lmal\u0131d\u0131r. Cerrahi yakla\u015f\u0131m gerektiren hastal\u0131klar ise ilgili konulara \u00f6zg\u00fc tan\u0131 ve tedavi y\u00f6ntemlerini belirleyen ve uygulayan\u00a0<strong>\u00c7ocuk Cerrahlar\u0131<\/strong>\u00a0taraf\u0131ndan de\u011ferlendirilmeli ve ger\u00e7ekle\u015ftirilmelidir.<\/p>\n<p>\u00c7ocukluk \u00e7a\u011f\u0131nda yap\u0131lan bir cerrahi m\u00fcdehalenin sonu\u00e7lar\u0131n\u0131, hastalar bir \u00f6m\u00fcr boyu \u00fczerlerinde ta\u015f\u0131rlar. Bu y\u00fczden t\u00fcm bu m\u00fcdehaleler; uzun ve me\u015fekkatli bir e\u011fitimden ge\u00e7en, en disiplinli ve en modern tedavi tekniklerini \u00f6\u011frenen, insiyatif al\u0131p \u00e7ok k\u0131sa bir s\u00fcrede en ideal tedaviyi uygulayabilen iyi yeti\u015fmi\u015f\u00a0<strong>\u00c7ocuk Cerrahlar\u0131<\/strong>\u00a0taraf\u0131ndan yap\u0131lmal\u0131d\u0131r.<\/div>\n<\/div>\n<\/div>\n<div class=\"elementor-element elementor-element-7bb0 elementor-widget elementor-widget-text-editor\" data-id=\"7bb0\" data-element_type=\"text-editor.default\">\n<div class=\"elementor-widget-container\">\n<div class=\"elementor-text-editor elementor-clearfix\">\n<p><strong>Yenido\u011fan\u0131n Cerrahi Hastal\u0131klar\u0131<\/strong><\/p>\n<ul>\n<li>Yemek borusunun do\u011fumsal yoklu\u011fu, geli\u015fimsel hatalar\u0131 ve soluk borusu ile ili\u015fkisi<\/li>\n<li>Do\u011fumsal mide, duodenum (oniki parmak barsa\u011f\u0131), ince barsak ve kal\u0131n barsa\u011f\u0131n yoklu\u011fu veya t\u0131kan\u0131kl\u0131\u011f\u0131<\/li>\n<li>Diyafram\u0131n olmamas\u0131na ba\u011fl\u0131 barsaklar\u0131n g\u00f6\u011f\u00fcs kafesinde yer almas\u0131 ve akci\u011ferlerin yetersiz geli\u015fimi (Konjenital Diafragma Hernisi)<\/li>\n<li>Do\u011fumsal makat darl\u0131\u011f\u0131 veya yoklu\u011fu (Anorektal malformasyonlar)<\/li>\n<li>Premat\u00fcrelik ve buna ba\u011fl\u0131 geli\u015fen hastal\u0131klar\u0131n cerrahi tedavisi<\/li>\n<li>Kar\u0131n duvar\u0131n\u0131n olmamas\u0131na ba\u011fl\u0131 barsaklar\u0131n kar\u0131n d\u0131\u015f\u0131nda yer almas\u0131 (Omfalosel ve Gastro\u015fizis)<\/li>\n<\/ul>\n<p><strong>Sindirim Sistemi Cerrahi Hastal\u0131klar\u0131<\/strong><\/p>\n<ul>\n<li>Yemek borusunun (\u00f6sofagus) darl\u0131klar\u0131, yan\u0131c\u0131 ve yak\u0131c\u0131 madde i\u00e7imine ba\u011fl\u0131 olu\u015fan hastal\u0131lar (Korozif \u00d6sofajit)<\/li>\n<li>Mide darl\u0131k, t\u0131kan\u0131kl\u0131k ve \u00fclser hastal\u0131\u011f\u0131<\/li>\n<li>Gastro\u00f6zofagial refl\u00fc hastal\u0131\u011f\u0131 (GER) ve komplikasyonlar\u0131<\/li>\n<li>\u0130nce barsaklar\u0131n t\u0131kan\u0131kl\u0131\u011f\u0131, polip hastal\u0131\u011f\u0131, inflamatuar barsak hastal\u0131klar\u0131<\/li>\n<li>Apendisit<\/li>\n<li>Do\u011fumsal barsak sinirlerinin geli\u015fim bozuklu\u011funa ba\u011fl\u0131 megakolon (geni\u015flemi\u015f kal\u0131n barsak) (Hirschprung Hastal\u0131\u011f\u0131)<\/li>\n<li>Kab\u0131zl\u0131k, makatta \u00e7atlak ve fist\u00fcl olu\u015fumu<\/li>\n<li>Ergenlerde hemoraid ve cerrahisi<\/li>\n<li>Kas\u0131k f\u0131t\u0131\u011f\u0131, g\u00f6bek f\u0131t\u0131\u011f\u0131<\/li>\n<li>Karaci\u011fer kist, abse ve t\u00fcm\u00f6rleri<\/li>\n<li>Safra yollar\u0131n\u0131n do\u011fumsal yoklu\u011fu, kistik geni\u015flemesi ve ta\u015f hastal\u0131\u011f\u0131<\/li>\n<li>Pankreas kistleri ve t\u00fcm\u00f6rleri<\/li>\n<li>Dalak hastal\u0131klar\u0131 ve kan kastal\u0131klar\u0131nda dalak \u00e7\u0131kar\u0131lmas\u0131<\/li>\n<\/ul>\n<p><strong>Solunum Sistemi Cerrahi Hastal\u0131klar\u0131<\/strong><\/p>\n<ul>\n<li>Do\u011fumsal akci\u011fer hastal\u0131klar\u0131, kistleri<\/li>\n<li>Akci\u011fer enfeksiyonlar\u0131na ba\u011fl\u0131 geli\u015fen abse ve ampiyemin tedavisi<\/li>\n<li>Soluk borusunun do\u011fumsal hastal\u0131klar\u0131<\/li>\n<li>Soluk borusuna yabanc\u0131 cisim ka\u00e7mas\u0131 ve bronkoskopik giri\u015fimler<\/li>\n<li>Pn\u00f6motoraks, hemotoraks<\/li>\n<li>G\u00f6\u011f\u00fcs kafesinin deformiteleri (kundurac\u0131 g\u00f6\u011f\u00fcs, g\u00fcvercin g\u00f6\u011f\u00fcs)<\/li>\n<\/ul>\n<p><strong>\u00c7ocuklarda Travma<\/strong><\/p>\n<ul>\n<li>Trafik kazalar\u0131<\/li>\n<li>D\u00fc\u015fme, darp ve buna benzer genel v\u00fcc\u00fct travmalar\u0131<\/li>\n<li>H\u0131rpalanm\u0131\u015f \u00e7ocuk sendromu<\/li>\n<li>Kesici, delici, kar\u0131n, g\u00f6\u011f\u00fcs travmalar\u0131<\/li>\n<\/ul>\n<p><strong>\u00c7ocukluk \u00c7a\u011f\u0131nda Kanser Hastal\u0131klar\u0131 ve Cerrahi Tedavileri<\/strong><\/p>\n<ul>\n<li>B\u00f6brek t\u00fcm\u00f6rleri<\/li>\n<li>Sinir elemanlar\u0131 kaynakl\u0131 t\u00fcm\u00f6rler<\/li>\n<li>Yumu\u015fak doku t\u00fcm\u00f6rleri<\/li>\n<li>Lenf bezi t\u00fcm\u00f6rleri<\/li>\n<li>Karaci\u011fer t\u00fcm\u00f6rleri<\/li>\n<li>Akci\u011fere yay\u0131lan t\u00fcm\u00f6rlerin cerrahi tedavisi<\/li>\n<li>Over, testis (yumurtal\u0131k) t\u00fcm\u00f6rleri<\/li>\n<li>Di\u011fer organlara ait t\u00fcm\u00f6rler<\/li>\n<\/ul>\n<p><strong>Hormonal Hastal\u0131klar\u0131n Cerrahi Tedavisi<\/strong><\/p>\n<ul>\n<li>Tiroid bezi (guatr) hastal\u0131klar\u0131<\/li>\n<li>Pankreas hastal\u0131klar\u0131<\/li>\n<li>B\u00f6brek \u00fcst\u00fc bezi hastal\u0131klar\u0131<\/li>\n<\/ul>\n<p><strong>\u00c7ocuklarda Ba\u015f Boyun Cerrahisi<\/strong><\/p>\n<ul>\n<li>Boyun kitleleri<\/li>\n<li>Do\u011fumsal boyun kistleri ve sin\u00fcsleri<\/li>\n<\/ul>\n<p><strong>Yan\u0131k<\/strong><\/p>\n<ul>\n<li>Yan\u0131klar\u0131n ayaktan ve yat\u0131ralarak her t\u00fcrl\u00fc tedavisi<\/li>\n<\/ul>\n<\/div>\n<\/div>\n<\/div>\n<section class=\"elementor-element elementor-element-4886 elementor-section-boxed elementor-section-height-default elementor-section-height-default elementor-section-content-middle elementor-section elementor-inner-section\" data-id=\"4886\" data-element_type=\"section\">\n<div class=\"elementor-container elementor-column-gap-default\">\n<div class=\"elementor-row\">\n<div class=\"elementor-element elementor-element-5b4f elementor-column elementor-col-33 elementor-inner-column\" data-id=\"5b4f\" data-element_type=\"column\">\n<div class=\"elementor-column-wrap elementor-element-populated\">\n<div class=\"elementor-widget-wrap\"><\/div>\n<\/div>\n<\/div>\n<\/div>\n<\/div>\n<\/section>\n<p>[\/vc_column_text][\/vc_column][\/vc_row][vc_row tm_bgimagefixed=&#8221;&#8221; break_in_responsive=&#8221;991&#8243; css=&#8221;.vc_custom_1543407948016{padding-top: 10px !important;}&#8221;][vc_column]<h4 style=\"text-align:left;\" class=\"tm-custom-heading \" >Servis Doktorlar\u0131m\u0131z<\/h4>\n[vc_separator color=&#8221;custom&#8221; accent_color=&#8221;#ebebeb&#8221;]<div class=\"themetechmount-boxes themetechmount-boxes-team themetechmount-boxes-view-default themetechmount-boxes-col-three themetechmount-boxes-sortable-no themetechmount-boxes-textalign-center themetechmount-boxes-sortablebutton-\">\n\t\t<div class=\"themetechmount-boxes-inner themetechmount-boxes-team-inner \">\n\t\t\t\n\t\t\t<div class=\"row multi-columns-row themetechmount-boxes-row-wrapper\">\n\t\t\t\t<div class=\"tm-box-col-wrapper col-lg-4 col-sm-6 col-md-4 col-xs-12 cocuk-hastaliklari\"><article class=\"themetechmount-box themetechmount-box-team themetechmount-teambox-view-overlay\">\n\t<div class=\"themetechmount-post-item\">\n\t\t<div class=\"themetechmount-team-image-box\">\n\t\t\t\n\t\t<span class=\"themetechmount-item-thumbnail\">\n\t\t\t<span class=\"themetechmount-item-thumbnail-inner\">\n\t\t\t\t<img fetchpriority=\"high\" decoding=\"async\" width=\"380\" height=\"500\" src=\"https:\/\/www.giresunadahastanesi.com\/wp-content\/uploads\/2023\/05\/huseyindinc-380x500.jpg\" class=\"attachment-themetechmount-img-teamoverlay size-themetechmount-img-teamoverlay wp-post-image\" alt=\"\" data-id=\"3529\" \/>\n\t\t\t<\/span>\n\t\t<\/span>\t        <div class=\"themetechmount-overlay\">\n\t\t\t\t<div class=\"themetechmount-icon-box themetechmount-box-link\"><a href=\"https:\/\/www.giresunadahastanesi.com\/tr\/team-member\/uzm-dr-huseyin-dinc\/\"><i class=\"tm-brivona-icon-plus-1\"><\/i><\/a><\/div>\t\n\t\t\t<\/div>\t\n\t\t<\/div>\t\n\t\t\t<div class=\"themetechmount-box-content\">\n\t\t\t\t<div class=\"themetechmount-team-position\">\u00c7ocuk Hastal\u0131klar\u0131<\/div>\n\t\t\t\t<div class=\"themetechmount-box-title\"><h4><a href=\"https:\/\/www.giresunadahastanesi.com\/tr\/team-member\/uzm-dr-huseyin-dinc\/\">Uzm.Dr. H\u00fcseyin D\u0130N\u00c7<\/a><\/h4><\/div>\t\t\t\t\t\t\t\t\n\t\t\t<\/div>\t\t\t\n\t<\/div>\n<\/article>\n <\/div><div class=\"tm-box-col-wrapper col-lg-4 col-sm-6 col-md-4 col-xs-12 cocuk-hastaliklari\"><article class=\"themetechmount-box themetechmount-box-team themetechmount-teambox-view-overlay\">\n\t<div class=\"themetechmount-post-item\">\n\t\t<div class=\"themetechmount-team-image-box\">\n\t\t\t\n\t\t<span class=\"themetechmount-item-thumbnail\">\n\t\t\t<span class=\"themetechmount-item-thumbnail-inner\">\n\t\t\t\t<img decoding=\"async\" width=\"380\" height=\"500\" src=\"https:\/\/www.giresunadahastanesi.com\/wp-content\/uploads\/2023\/05\/aysemelikoglu-2-380x500.jpg\" class=\"attachment-themetechmount-img-teamoverlay size-themetechmount-img-teamoverlay wp-post-image\" alt=\"\" data-id=\"3530\" \/>\n\t\t\t<\/span>\n\t\t<\/span>\t        <div class=\"themetechmount-overlay\">\n\t\t\t\t<div class=\"themetechmount-icon-box themetechmount-box-link\"><a href=\"https:\/\/www.giresunadahastanesi.com\/tr\/team-member\/uzm-dr-ayse-melikoglu\/\"><i class=\"tm-brivona-icon-plus-1\"><\/i><\/a><\/div>\t\n\t\t\t<\/div>\t\n\t\t<\/div>\t\n\t\t\t<div class=\"themetechmount-box-content\">\n\t\t\t\t<div class=\"themetechmount-team-position\">\u00c7ocuk Hastal\u0131klar\u0131<\/div>\n\t\t\t\t<div class=\"themetechmount-box-title\"><h4><a href=\"https:\/\/www.giresunadahastanesi.com\/tr\/team-member\/uzm-dr-ayse-melikoglu\/\">Uzm.Dr. Ay\u015fe MEL\u0130KO\u011eLU<\/a><\/h4><\/div>\t\t\t\t\t\t\t\t\n\t\t\t<\/div>\t\t\t\n\t<\/div>\n<\/article>\n <\/div><div class=\"tm-box-col-wrapper col-lg-4 col-sm-6 col-md-4 col-xs-12 cocuk-hastaliklari\"><article class=\"themetechmount-box themetechmount-box-team themetechmount-teambox-view-overlay\">\n\t<div class=\"themetechmount-post-item\">\n\t\t<div class=\"themetechmount-team-image-box\">\n\t\t\t\n\t\t<span class=\"themetechmount-item-thumbnail\">\n\t\t\t<span class=\"themetechmount-item-thumbnail-inner\">\n\t\t\t\t<img decoding=\"async\" width=\"380\" height=\"500\" src=\"https:\/\/www.giresunadahastanesi.com\/wp-content\/uploads\/2023\/05\/ahmetihsan-2-380x500.jpg\" class=\"attachment-themetechmount-img-teamoverlay size-themetechmount-img-teamoverlay wp-post-image\" alt=\"\" data-id=\"3531\" \/>\n\t\t\t<\/span>\n\t\t<\/span>\t        <div class=\"themetechmount-overlay\">\n\t\t\t\t<div class=\"themetechmount-icon-box themetechmount-box-link\"><a href=\"https:\/\/www.giresunadahastanesi.com\/tr\/team-member\/uzm-dr-ahmet-ihsan-kaya\/\"><i class=\"tm-brivona-icon-plus-1\"><\/i><\/a><\/div>\t\n\t\t\t<\/div>\t\n\t\t<\/div>\t\n\t\t\t<div class=\"themetechmount-box-content\">\n\t\t\t\t<div class=\"themetechmount-team-position\">\u00c7ocuk Hastal\u0131klar\u0131<\/div>\n\t\t\t\t<div class=\"themetechmount-box-title\"><h4><a href=\"https:\/\/www.giresunadahastanesi.com\/tr\/team-member\/uzm-dr-ahmet-ihsan-kaya\/\">Uzm.Dr. Ahmet \u0130hsan KAYA<\/a><\/h4><\/div>\t\t\t\t\t\t\t\t\n\t\t\t<\/div>\t\t\t\n\t<\/div>\n<\/article>\n <\/div>\n\t\t\t<\/div>\n\t\t<\/div><!-- .themetechmount-boxes-inner -->   <\/div><!-- .themetechmount-boxes -->  [\/vc_column][\/vc_row]<\/p>\n<\/div>","protected":false},"excerpt":{"rendered":"<p>[vc_row tm_bgimagefixed=&#8221;&#8221; break_in_responsive=&#8221;991&#8243;][vc_column][vc_single_image image=&#8221;2962&#8243; img_size=&#8221;full&#8221; alignment=&#8221;center&#8221;][vc_column_text css=&#8221;.vc_custom_1683633112356{margin-bottom: 20px !important;}&#8221;] Yenido\u011fan d\u00f6neminden eri\u015fkinli\u011fe kadar olan \u00e7ocukluk \u00e7a\u011f\u0131na ait (0-17 ya\u015f), do\u011fumsal ve\/veya edinsel solunum, sindirim ve bo\u015falt\u0131m sistemlerini ilgilendiren cerrahi hastal\u0131klar\u0131n tan\u0131 ve tedavi y\u00f6ntemlerini uygulayan bir bilim dal\u0131d\u0131r. [\/vc_column_text][vc_column_text css=&#8221;.vc_custom_1683633127110{margin-bottom: 10px !important;}&#8221;] \u00c7ocuklar, hi\u00e7bir zaman eri\u015fkinlerin k\u00fc\u00e7\u00fclt\u00fclm\u00fc\u015f bir hali de\u011fildir. \u00c7ocukluk \u00e7a\u011f\u0131n\u0131n kendine has fizyolojisi &hellip; <a href=\"https:\/\/www.giresunadahastanesi.com\/tr\/team-member\/uzm-dr-ahmet-ihsan-kaya\/\" class=\"more-link\">Continue reading <span class=\"screen-reader-text\">Uzm.Dr. Ahmet \u0130hsan KAYA<\/span><\/a><\/p>\n","protected":false},"author":1,"featured_media":0,"parent":0,"menu_order":23,"comment_status":"closed","ping_status":"closed","template":"","meta":{"footnotes":""},"class_list":["post-3423","page","type-page","status-publish","hentry"],"_links":{"self":[{"href":"https:\/\/www.giresunadahastanesi.com\/tr\/wp-json\/wp\/v2\/pages\/3423","targetHints":{"allow":["GET"]}}],"collection":[{"href":"https:\/\/www.giresunadahastanesi.com\/tr\/wp-json\/wp\/v2\/pages"}],"about":[{"href":"https:\/\/www.giresunadahastanesi.com\/tr\/wp-json\/wp\/v2\/types\/page"}],"author":[{"embeddable":true,"href":"https:\/\/www.giresunadahastanesi.com\/tr\/wp-json\/wp\/v2\/users\/1"}],"replies":[{"embeddable":true,"href":"https:\/\/www.giresunadahastanesi.com\/tr\/wp-json\/wp\/v2\/comments?post=3423"}],"version-history":[{"count":4,"href":"https:\/\/www.giresunadahastanesi.com\/tr\/wp-json\/wp\/v2\/pages\/3423\/revisions"}],"predecessor-version":[{"id":8014,"href":"https:\/\/www.giresunadahastanesi.com\/tr\/wp-json\/wp\/v2\/pages\/3423\/revisions\/8014"}],"wp:attachment":[{"href":"https:\/\/www.giresunadahastanesi.com\/tr\/wp-json\/wp\/v2\/media?parent=3423"}],"curies":[{"name":"wp","href":"https:\/\/api.w.org\/{rel}","templated":true}]}}