{"id":3427,"date":"2023-05-09T14:54:46","date_gmt":"2023-05-09T11:54:46","guid":{"rendered":"https:\/\/www.giresunadahastanesi.com\/?page_id=3427"},"modified":"2023-10-13T11:26:57","modified_gmt":"2023-10-13T08:26:57","slug":"servisler-cocuk-ergen-psikiyatrisi","status":"publish","type":"page","link":"https:\/\/www.giresunadahastanesi.com\/tr\/servisler-cocuk-ergen-psikiyatrisi\/","title":{"rendered":"\u00c7ocuk &#038; Ergen Psikiyatrisi"},"content":{"rendered":"<div class=\"wpb-content-wrapper\"><p>[vc_row tm_bgimagefixed=&#8221;&#8221; break_in_responsive=&#8221;991&#8243;][vc_column][vc_single_image image=&#8221;2962&#8243; img_size=&#8221;full&#8221; alignment=&#8221;center&#8221;][vc_column_text css=&#8221;.vc_custom_1683633224339{margin-bottom: 20px !important;}&#8221;]\u00c7ocukluk ve ergenlik d\u00f6nemi insan hayat\u0131nda en fazla de\u011fi\u015fim ve geli\u015fimin oldu\u011fu d\u00f6nemdir. Bu d\u00f6nemdeki de\u011fi\u015fiklikler ve geli\u015fmeler yaln\u0131zca i\u00e7inde bulunulan d\u00f6nemi de\u011fil ya\u015fam\u0131n tamam\u0131n\u0131 etkiler.[\/vc_column_text]<h4 style=\"text-align:left;\" class=\"tm-custom-heading \" >Hizmetler<\/h4>\n[vc_column_text css=&#8221;.vc_custom_1683633238943{margin-bottom: 10px !important;}&#8221;]<\/p>\n<div class=\"elementor-element elementor-element-24f8 elementor-widget elementor-widget-text-editor\" data-id=\"24f8\" data-element_type=\"text-editor.default\">\n<div class=\"elementor-widget-container\">\n<div class=\"elementor-text-editor elementor-clearfix\">\n<p>G\u00fcn\u00fcm\u00fczde \u00c7ocuk ve Ergen Psikiyatrisi alan\u0131, kapsam\u0131, gereksinimleri ve toplumsal etkinli\u011fi t\u00fcm d\u00fcnyada ve \u00fclkemizde h\u0131zla geni\u015fleyen, toplumsal ve bireysel a\u00e7\u0131dan t\u00fcm biyolojik, psikolojik ve sosyolojik bilim dallar\u0131 ile do\u011frudan etkile\u015fen bir bilim dal\u0131d\u0131r.<\/p>\n<p>Avrupa T\u0131p Uzmanlar\u0131 Birli\u011fi taraf\u0131ndan \u00c7ocuk ve Ergen Psikiyatrisi \u201c18 ya\u015f alt\u0131 \u00e7ocuklarda uzman hekim taraf\u0131ndan t\u0131bbi y\u00f6ntemler, standartlar ve yakla\u015f\u0131mlar ile ruh sa\u011fl\u0131\u011f\u0131 sorunlar\u0131n\u0131n \u00f6nlenmesi, tan\u0131 konmas\u0131 ve tedavisinin uygulanmas\u0131\u201d olarak tan\u0131mlanm\u0131\u015ft\u0131r.<\/p>\n<p>\u00c7ocuk ve Ergen Ruh Sa\u011fl\u0131\u011f\u0131 ve Hastal\u0131klar\u0131 B\u00f6l\u00fcm\u00fcm\u00fczde, bireysel psikoterapi, aile terapisi, ila\u00e7 tedavisi ve psikometrik de\u011ferlendirmeler uygulanarak 0-18 ya\u015f aras\u0131 \u00e7ocuk ve ergenlere tedavi hizmeti sunulmaktad\u0131r.<\/p>\n<p>0-18 ya\u015f aral\u0131\u011f\u0131ndaki \u00e7ocu\u011funuzun g\u00fcnl\u00fck hayat\u0131n\u0131, ruhsal ve bedensel geli\u015fimini, okul ba\u015far\u0131s\u0131n\u0131 ve di\u011fer insanlarla ili\u015fkilerini olumsuz etkileyebilecek duygusal ya da davran\u0131\u015fsal bir belirti bulunuyorsa \u00c7ocuk Psikiyatri Uzman\u0131na ba\u015fvurabilirsiniz.<\/p>\n<p>Ayr\u0131ca birimimizde psikolog taraf\u0131ndan dikkat, geli\u015fim ve zeka testleri yap\u0131lmaktad\u0131r. B\u00f6l\u00fcm\u00fcm\u00fczde uygulanan testler:<\/p><\/div>\n<\/div>\n<\/div>\n<p>[\/vc_column_text][vc_row_inner][vc_column_inner width=&#8221;1\/2&#8243;]<ul class=\"tm-list tm-list-style-icon tm-list-icon-color-skincolor tm-black tm-icon-skincolor tm-list-textsize- tm-list-icon-library-fontawesome\"><li><i class=\"tm-skincolor fa fa-arrow-circle-right\"><\/i>  <span class=\"tm-list-li-content\">Geli\u015fim Testleri<\/span><\/li><li><i class=\"tm-skincolor fa fa-arrow-circle-right\"><\/i>  <span class=\"tm-list-li-content\">Zeka Testleri<\/span><\/li><\/ul>[\/vc_column_inner][vc_column_inner width=&#8221;1\/2&#8243; tm_responsive_css=&#8221;40737847|colbreak_no|||||||||colbreak_no|-33px||||||||colbreak_no||||||||||colbreak_no|||||||||&#8221;]<ul class=\"tm-list tm-list-style-icon tm-list-icon-color-skincolor tm-black tm-icon-skincolor tm-list-textsize- tm-list-icon-library-fontawesome\"><li><i class=\"tm-skincolor fa fa-arrow-circle-right\"><\/i>  <span class=\"tm-list-li-content\">Projektif Testler<\/span><\/li><\/ul>[\/vc_column_inner][\/vc_row_inner][\/vc_column][\/vc_row][vc_row tm_bgimagefixed=&#8221;&#8221; break_in_responsive=&#8221;991&#8243; css=&#8221;.vc_custom_1543407948016{padding-top: 10px !important;}&#8221;][vc_column]<h4 style=\"text-align:left;\" class=\"tm-custom-heading \" >Servis Doktorlar\u0131m\u0131z<\/h4>\n[vc_separator color=&#8221;custom&#8221; accent_color=&#8221;#ebebeb&#8221;]<div class=\"themetechmount-boxes themetechmount-boxes-team themetechmount-boxes-view-default themetechmount-boxes-col-three themetechmount-boxes-sortable-no themetechmount-boxes-textalign-center themetechmount-boxes-sortablebutton-\">\n\t\t<div class=\"themetechmount-boxes-inner themetechmount-boxes-team-inner \">\n\t\t\t\n\t\t\t<div class=\"row multi-columns-row themetechmount-boxes-row-wrapper\">\n\t\t\t\t<div class=\"tm-box-col-wrapper col-lg-4 col-sm-6 col-md-4 col-xs-12 psikoloji\"><article class=\"themetechmount-box themetechmount-box-team themetechmount-teambox-view-overlay\">\n\t<div class=\"themetechmount-post-item\">\n\t\t<div class=\"themetechmount-team-image-box\">\n\t\t\t\n\t\t<span class=\"themetechmount-item-thumbnail\">\n\t\t\t<span class=\"themetechmount-item-thumbnail-inner\">\n\t\t\t\t<img fetchpriority=\"high\" decoding=\"async\" width=\"380\" height=\"500\" src=\"https:\/\/www.giresunadahastanesi.com\/wp-content\/uploads\/2023\/05\/songul-380x500.jpg\" class=\"attachment-themetechmount-img-teamoverlay size-themetechmount-img-teamoverlay wp-post-image\" alt=\"\" data-id=\"3500\" \/>\n\t\t\t<\/span>\n\t\t<\/span>\t        <div class=\"themetechmount-overlay\">\n\t\t\t\t<div class=\"themetechmount-icon-box themetechmount-box-link\"><a href=\"https:\/\/www.giresunadahastanesi.com\/tr\/team-member\/psk-songul-colakoglu\/\"><i class=\"tm-brivona-icon-plus-1\"><\/i><\/a><\/div>\t\n\t\t\t<\/div>\t\n\t\t<\/div>\t\n\t\t\t<div class=\"themetechmount-box-content\">\n\t\t\t\t<div class=\"themetechmount-team-position\">Psikoloji<\/div>\n\t\t\t\t<div class=\"themetechmount-box-title\"><h4><a href=\"https:\/\/www.giresunadahastanesi.com\/tr\/team-member\/psk-songul-colakoglu\/\">Psk. Song\u00fcl \u00c7OLAKO\u011eLU<\/a><\/h4><\/div>\t\t\t\t\t\t\t\t\n\t\t\t<\/div>\t\t\t\n\t<\/div>\n<\/article>\n <\/div><div class=\"tm-box-col-wrapper col-lg-4 col-sm-6 col-md-4 col-xs-12 psikiyatri\"><article class=\"themetechmount-box themetechmount-box-team themetechmount-teambox-view-overlay\">\n\t<div class=\"themetechmount-post-item\">\n\t\t<div class=\"themetechmount-team-image-box\">\n\t\t\t\n\t\t<span class=\"themetechmount-item-thumbnail\">\n\t\t\t<span class=\"themetechmount-item-thumbnail-inner\">\n\t\t\t\t<img decoding=\"async\" width=\"380\" height=\"500\" src=\"https:\/\/www.giresunadahastanesi.com\/wp-content\/uploads\/2023\/05\/metinulgen-2-380x500.jpg\" class=\"attachment-themetechmount-img-teamoverlay size-themetechmount-img-teamoverlay wp-post-image\" alt=\"\" data-id=\"3502\" \/>\n\t\t\t<\/span>\n\t\t<\/span>\t        <div class=\"themetechmount-overlay\">\n\t\t\t\t<div class=\"themetechmount-icon-box themetechmount-box-link\"><a href=\"https:\/\/www.giresunadahastanesi.com\/tr\/team-member\/uzm-dr-metin-ulgen\/\"><i class=\"tm-brivona-icon-plus-1\"><\/i><\/a><\/div>\t\n\t\t\t<\/div>\t\n\t\t<\/div>\t\n\t\t\t<div class=\"themetechmount-box-content\">\n\t\t\t\t<div class=\"themetechmount-team-position\">Psikiyatri<\/div>\n\t\t\t\t<div class=\"themetechmount-box-title\"><h4><a href=\"https:\/\/www.giresunadahastanesi.com\/tr\/team-member\/uzm-dr-metin-ulgen\/\">Uzm.Dr. Metin \u00dcLGEN<\/a><\/h4><\/div>\t\t\t\t\t\t\t\t\n\t\t\t<\/div>\t\t\t\n\t<\/div>\n<\/article>\n <\/div>\n\t\t\t<\/div>\n\t\t<\/div><!-- .themetechmount-boxes-inner -->   <\/div><!-- .themetechmount-boxes -->  [\/vc_column][\/vc_row]<\/p>\n<\/div>","protected":false},"excerpt":{"rendered":"<p>[vc_row tm_bgimagefixed=&#8221;&#8221; break_in_responsive=&#8221;991&#8243;][vc_column][vc_single_image image=&#8221;2962&#8243; img_size=&#8221;full&#8221; alignment=&#8221;center&#8221;][vc_column_text css=&#8221;.vc_custom_1683633224339{margin-bottom: 20px !important;}&#8221;]\u00c7ocukluk ve ergenlik d\u00f6nemi insan hayat\u0131nda en fazla de\u011fi\u015fim ve geli\u015fimin oldu\u011fu d\u00f6nemdir. Bu d\u00f6nemdeki de\u011fi\u015fiklikler ve geli\u015fmeler yaln\u0131zca i\u00e7inde bulunulan d\u00f6nemi de\u011fil ya\u015fam\u0131n tamam\u0131n\u0131 etkiler.[\/vc_column_text][vc_column_text css=&#8221;.vc_custom_1683633238943{margin-bottom: 10px !important;}&#8221;] G\u00fcn\u00fcm\u00fczde \u00c7ocuk ve Ergen Psikiyatrisi alan\u0131, kapsam\u0131, gereksinimleri ve toplumsal etkinli\u011fi t\u00fcm d\u00fcnyada ve \u00fclkemizde h\u0131zla geni\u015fleyen, toplumsal &hellip; <a href=\"https:\/\/www.giresunadahastanesi.com\/tr\/team-member\/uzm-dr-metin-ulgen\/\" class=\"more-link\">Continue reading <span class=\"screen-reader-text\">Uzm.Dr. Metin \u00dcLGEN<\/span><\/a><\/p>\n","protected":false},"author":1,"featured_media":0,"parent":0,"menu_order":23,"comment_status":"closed","ping_status":"closed","template":"","meta":{"footnotes":""},"class_list":["post-3427","page","type-page","status-publish","hentry"],"_links":{"self":[{"href":"https:\/\/www.giresunadahastanesi.com\/tr\/wp-json\/wp\/v2\/pages\/3427","targetHints":{"allow":["GET"]}}],"collection":[{"href":"https:\/\/www.giresunadahastanesi.com\/tr\/wp-json\/wp\/v2\/pages"}],"about":[{"href":"https:\/\/www.giresunadahastanesi.com\/tr\/wp-json\/wp\/v2\/types\/page"}],"author":[{"embeddable":true,"href":"https:\/\/www.giresunadahastanesi.com\/tr\/wp-json\/wp\/v2\/users\/1"}],"replies":[{"embeddable":true,"href":"https:\/\/www.giresunadahastanesi.com\/tr\/wp-json\/wp\/v2\/comments?post=3427"}],"version-history":[{"count":3,"href":"https:\/\/www.giresunadahastanesi.com\/tr\/wp-json\/wp\/v2\/pages\/3427\/revisions"}],"predecessor-version":[{"id":8013,"href":"https:\/\/www.giresunadahastanesi.com\/tr\/wp-json\/wp\/v2\/pages\/3427\/revisions\/8013"}],"wp:attachment":[{"href":"https:\/\/www.giresunadahastanesi.com\/tr\/wp-json\/wp\/v2\/media?parent=3427"}],"curies":[{"name":"wp","href":"https:\/\/api.w.org\/{rel}","templated":true}]}}