{"id":3440,"date":"2023-05-09T15:03:54","date_gmt":"2023-05-09T12:03:54","guid":{"rendered":"https:\/\/www.giresunadahastanesi.com\/?page_id=3440"},"modified":"2023-10-13T11:26:35","modified_gmt":"2023-10-13T08:26:35","slug":"servisler-beslenme-ve-diyet","status":"publish","type":"page","link":"https:\/\/www.giresunadahastanesi.com\/tr\/servisler-beslenme-ve-diyet\/","title":{"rendered":"Beslenme ve Diyet"},"content":{"rendered":"<div class=\"wpb-content-wrapper\"><p>[vc_row tm_bgimagefixed=&#8221;&#8221; break_in_responsive=&#8221;991&#8243;][vc_column][vc_single_image image=&#8221;2962&#8243; img_size=&#8221;full&#8221; alignment=&#8221;center&#8221;][vc_column_text css=&#8221;.vc_custom_1683633786133{margin-bottom: 20px !important;}&#8221;]<\/p>\n<div class=\"elementor-element elementor-element-1986 elementor-widget elementor-widget-text-editor\" data-id=\"1986\" data-element_type=\"text-editor.default\">\n<div class=\"elementor-widget-container\">\n<div class=\"elementor-text-editor elementor-clearfix\">\n<p>Beslenme ve diyet b\u00f6l\u00fcm\u00fcnde gerekli tetkikler yap\u0131ld\u0131ktan sonra, \u00e7al\u0131\u015fma ve sosyal \u015fartlar\u0131 da dikkate al\u0131narak, ki\u015fiye \u00f6zel sa\u011fl\u0131kl\u0131 bir diyet program\u0131 haz\u0131rlan\u0131r. Ki\u015fiye \u00f6zel bir beslenme plan\u0131 haz\u0131rlayan Beslenme ve Diyet \u00dcnitesi, sa\u011fl\u0131kl\u0131 beslenmeyi \u00f6\u011fretmeye veya herhangi bir sa\u011fl\u0131k sorunuyla gelen ki\u015filerde beslenme davran\u0131\u015f de\u011fi\u015fikli\u011fi sa\u011flamaya \u00e7al\u0131\u015f\u0131r.<\/p><\/div>\n<\/div>\n<\/div>\n<p>[\/vc_column_text]<h4 style=\"text-align:left;\" class=\"tm-custom-heading \" >Hizmetler<\/h4>\n[vc_column_text css=&#8221;.vc_custom_1683633805532{margin-bottom: 10px !important;}&#8221;]<\/p>\n<div class=\"elementor-element elementor-element-24f8 elementor-widget elementor-widget-text-editor\" data-id=\"24f8\" data-element_type=\"text-editor.default\">\n<div class=\"elementor-widget-container\">\n<div class=\"elementor-text-editor elementor-clearfix\">\n<p>Bunun i\u00e7in ilk muayenede bireylerin beslenme al\u0131\u015fkanl\u0131klar\u0131 ayr\u0131nt\u0131l\u0131 olarak g\u00f6zden ge\u00e7irilir. Beslenme dan\u0131\u015fmanl\u0131\u011f\u0131 almak isteyenlerin veya hastalar\u0131n \u00f6nce v\u00fccut ya\u011f, kas, su oran\u0131 ve mevcut ya\u011f\u0131n v\u00fccuttaki da\u011f\u0131l\u0131m\u0131 tespit edilir, daha sonra, ya\u015f, boy, cinsiyet, fiziksel aktivite ve kan bulgular\u0131 do\u011frultusunda \u2018ki\u015fiye \u00f6zel bir beslenme tedavisi\u2019 planlan\u0131r ve d\u00fczenli olarak takibi yap\u0131l\u0131r. Ayr\u0131ca; diyabet, gebe \u2013 emzirme d\u00f6nemi, \u00e7ocuk ve adolesan \u00e7a\u011f\u0131 gibi \u00f6zel durumu bulunan ki\u015filere de beslenme programlar\u0131 d\u00fczenlenir, e\u011fitimleri verilir ve takibi yap\u0131l\u0131r.<\/p><\/div>\n<\/div>\n<\/div>\n<p>[\/vc_column_text][vc_row_inner][vc_column_inner width=&#8221;1\/2&#8243;]<ul class=\"tm-list tm-list-style-icon tm-list-icon-color-skincolor tm-black tm-icon-skincolor tm-list-textsize- tm-list-icon-library-fontawesome\"><li><i class=\"tm-skincolor fa fa-arrow-circle-right\"><\/i>  <span class=\"tm-list-li-content\">Diyabet, kalp-damar, hipertansiyon hastalar\u0131na \u00f6zel beslenme planlar\u0131<\/span><\/li><li><i class=\"tm-skincolor fa fa-arrow-circle-right\"><\/i>  <span class=\"tm-list-li-content\">A\u015f\u0131r\u0131 zay\u0131fl\u0131ktan \u015fikayet\u00e7i ki\u015filer i\u00e7in kilo alma programlar\u0131<\/span><\/li><li><i class=\"tm-skincolor fa fa-arrow-circle-right\"><\/i>  <span class=\"tm-list-li-content\">Mide ve ba\u011f\u0131rsak hastalar\u0131na \u00f6zel beslenme planlar\u0131<\/span><\/li><\/ul>[\/vc_column_inner][vc_column_inner width=&#8221;1\/2&#8243; tm_responsive_css=&#8221;40737847|colbreak_no|||||||||colbreak_no|-33px||||||||colbreak_no||||||||||colbreak_no|||||||||&#8221;]<ul class=\"tm-list tm-list-style-icon tm-list-icon-color-skincolor tm-black tm-icon-skincolor tm-list-textsize- tm-list-icon-library-fontawesome\"><li><i class=\"tm-skincolor fa fa-arrow-circle-right\"><\/i>  <span class=\"tm-list-li-content\">B\u00fcy\u00fcme ve geli\u015fme d\u00f6nemindeki \u00e7ocuklara \u00f6zel programlar<\/span><\/li><li><i class=\"tm-skincolor fa fa-arrow-circle-right\"><\/i>  <span class=\"tm-list-li-content\">Gebelik veya emzirme s\u00fcrecindeki annelere \u00f6zel beslenme planlar\u0131d\u0131r<\/span><\/li><\/ul>[\/vc_column_inner][\/vc_row_inner][\/vc_column][\/vc_row][vc_row tm_bgimagefixed=&#8221;&#8221; break_in_responsive=&#8221;991&#8243; css=&#8221;.vc_custom_1543407948016{padding-top: 10px !important;}&#8221;][vc_column]<h4 style=\"text-align:left;\" class=\"tm-custom-heading \" >Servis Doktorlar\u0131m\u0131z<\/h4>\n[vc_separator color=&#8221;custom&#8221; accent_color=&#8221;#ebebeb&#8221;]<div class=\"themetechmount-boxes themetechmount-boxes-team themetechmount-boxes-view-default themetechmount-boxes-col-three themetechmount-boxes-sortable-no themetechmount-boxes-textalign-center themetechmount-boxes-sortablebutton-\">\n\t\t<div class=\"themetechmount-boxes-inner themetechmount-boxes-team-inner \">\n\t\t\t\n\t\t\t<div class=\"row multi-columns-row themetechmount-boxes-row-wrapper\">\n\t\t\t\t<div class=\"tm-box-col-wrapper col-lg-4 col-sm-6 col-md-4 col-xs-12 diyetisyen\"><article class=\"themetechmount-box themetechmount-box-team themetechmount-teambox-view-overlay\">\n\t<div class=\"themetechmount-post-item\">\n\t\t<div class=\"themetechmount-team-image-box\">\n\t\t\t\n\t\t<span class=\"themetechmount-item-thumbnail\">\n\t\t\t<span class=\"themetechmount-item-thumbnail-inner\">\n\t\t\t\t<img fetchpriority=\"high\" decoding=\"async\" width=\"380\" height=\"500\" src=\"https:\/\/www.giresunadahastanesi.com\/wp-content\/uploads\/2023\/05\/nuray-380x500.jpg\" class=\"attachment-themetechmount-img-teamoverlay size-themetechmount-img-teamoverlay wp-post-image\" alt=\"\" data-id=\"3533\" \/>\n\t\t\t<\/span>\n\t\t<\/span>\t        <div class=\"themetechmount-overlay\">\n\t\t\t\t<div class=\"themetechmount-icon-box themetechmount-box-link\"><a href=\"https:\/\/www.giresunadahastanesi.com\/tr\/team-member\/dyt-nuray-ipekci\/\"><i class=\"tm-brivona-icon-plus-1\"><\/i><\/a><\/div>\t\n\t\t\t<\/div>\t\n\t\t<\/div>\t\n\t\t\t<div class=\"themetechmount-box-content\">\n\t\t\t\t<div class=\"themetechmount-team-position\">Diyetisyen<\/div>\n\t\t\t\t<div class=\"themetechmount-box-title\"><h4><a href=\"https:\/\/www.giresunadahastanesi.com\/tr\/team-member\/dyt-nuray-ipekci\/\">Dyt. Nuray \u0130PEK\u00c7\u0130<\/a><\/h4><\/div>\t\t\t\t\t\t\t\t\n\t\t\t<\/div>\t\t\t\n\t<\/div>\n<\/article>\n <\/div><div class=\"tm-box-col-wrapper col-lg-4 col-sm-6 col-md-4 col-xs-12 diyetisyen\"><article class=\"themetechmount-box themetechmount-box-team themetechmount-teambox-view-overlay\">\n\t<div class=\"themetechmount-post-item\">\n\t\t<div class=\"themetechmount-team-image-box\">\n\t\t\t\n\t\t<span class=\"themetechmount-item-thumbnail\">\n\t\t\t<span class=\"themetechmount-item-thumbnail-inner\">\n\t\t\t\t<img decoding=\"async\" width=\"380\" height=\"500\" src=\"https:\/\/www.giresunadahastanesi.com\/wp-content\/uploads\/2023\/05\/ebrutasdemir-2-380x500.jpg\" class=\"attachment-themetechmount-img-teamoverlay size-themetechmount-img-teamoverlay wp-post-image\" alt=\"\" data-id=\"3534\" \/>\n\t\t\t<\/span>\n\t\t<\/span>\t        <div class=\"themetechmount-overlay\">\n\t\t\t\t<div class=\"themetechmount-icon-box themetechmount-box-link\"><a href=\"https:\/\/www.giresunadahastanesi.com\/tr\/team-member\/dyt-ebru-tasdemir\/\"><i class=\"tm-brivona-icon-plus-1\"><\/i><\/a><\/div>\t\n\t\t\t<\/div>\t\n\t\t<\/div>\t\n\t\t\t<div class=\"themetechmount-box-content\">\n\t\t\t\t<div class=\"themetechmount-team-position\">Diyetisyen<\/div>\n\t\t\t\t<div class=\"themetechmount-box-title\"><h4><a href=\"https:\/\/www.giresunadahastanesi.com\/tr\/team-member\/dyt-ebru-tasdemir\/\">Dyt. Ebru TA\u015eDEM\u0130R<\/a><\/h4><\/div>\t\t\t\t\t\t\t\t\n\t\t\t<\/div>\t\t\t\n\t<\/div>\n<\/article>\n <\/div>\n\t\t\t<\/div>\n\t\t<\/div><!-- .themetechmount-boxes-inner -->   <\/div><!-- .themetechmount-boxes -->  [\/vc_column][\/vc_row]<\/p>\n<\/div>","protected":false},"excerpt":{"rendered":"<p>[vc_row tm_bgimagefixed=&#8221;&#8221; break_in_responsive=&#8221;991&#8243;][vc_column][vc_single_image image=&#8221;2962&#8243; img_size=&#8221;full&#8221; alignment=&#8221;center&#8221;][vc_column_text css=&#8221;.vc_custom_1683633786133{margin-bottom: 20px !important;}&#8221;] Beslenme ve diyet b\u00f6l\u00fcm\u00fcnde gerekli tetkikler yap\u0131ld\u0131ktan sonra, \u00e7al\u0131\u015fma ve sosyal \u015fartlar\u0131 da dikkate al\u0131narak, ki\u015fiye \u00f6zel sa\u011fl\u0131kl\u0131 bir diyet program\u0131 haz\u0131rlan\u0131r. Ki\u015fiye \u00f6zel bir beslenme plan\u0131 haz\u0131rlayan Beslenme ve Diyet \u00dcnitesi, sa\u011fl\u0131kl\u0131 beslenmeyi \u00f6\u011fretmeye veya herhangi bir sa\u011fl\u0131k sorunuyla gelen ki\u015filerde beslenme davran\u0131\u015f de\u011fi\u015fikli\u011fi sa\u011flamaya &hellip; <a href=\"https:\/\/www.giresunadahastanesi.com\/tr\/team-member\/dyt-ebru-tasdemir\/\" class=\"more-link\">Continue reading <span class=\"screen-reader-text\">Dyt. Ebru TA\u015eDEM\u0130R<\/span><\/a><\/p>\n","protected":false},"author":1,"featured_media":0,"parent":0,"menu_order":23,"comment_status":"closed","ping_status":"closed","template":"","meta":{"footnotes":""},"class_list":["post-3440","page","type-page","status-publish","hentry"],"_links":{"self":[{"href":"https:\/\/www.giresunadahastanesi.com\/tr\/wp-json\/wp\/v2\/pages\/3440","targetHints":{"allow":["GET"]}}],"collection":[{"href":"https:\/\/www.giresunadahastanesi.com\/tr\/wp-json\/wp\/v2\/pages"}],"about":[{"href":"https:\/\/www.giresunadahastanesi.com\/tr\/wp-json\/wp\/v2\/types\/page"}],"author":[{"embeddable":true,"href":"https:\/\/www.giresunadahastanesi.com\/tr\/wp-json\/wp\/v2\/users\/1"}],"replies":[{"embeddable":true,"href":"https:\/\/www.giresunadahastanesi.com\/tr\/wp-json\/wp\/v2\/comments?post=3440"}],"version-history":[{"count":3,"href":"https:\/\/www.giresunadahastanesi.com\/tr\/wp-json\/wp\/v2\/pages\/3440\/revisions"}],"predecessor-version":[{"id":8011,"href":"https:\/\/www.giresunadahastanesi.com\/tr\/wp-json\/wp\/v2\/pages\/3440\/revisions\/8011"}],"wp:attachment":[{"href":"https:\/\/www.giresunadahastanesi.com\/tr\/wp-json\/wp\/v2\/media?parent=3440"}],"curies":[{"name":"wp","href":"https:\/\/api.w.org\/{rel}","templated":true}]}}