{"id":3444,"date":"2023-05-09T15:06:46","date_gmt":"2023-05-09T12:06:46","guid":{"rendered":"https:\/\/www.giresunadahastanesi.com\/?page_id=3444"},"modified":"2023-10-13T11:28:29","modified_gmt":"2023-10-13T08:28:29","slug":"servisler-gogus-hastaliklari","status":"publish","type":"page","link":"https:\/\/www.giresunadahastanesi.com\/tr\/servisler-gogus-hastaliklari\/","title":{"rendered":"G\u00f6\u011f\u00fcs Hastal\u0131klar\u0131"},"content":{"rendered":"<div class=\"wpb-content-wrapper\"><p>[vc_row tm_bgimagefixed=&#8221;&#8221; break_in_responsive=&#8221;991&#8243;][vc_column][vc_single_image image=&#8221;2962&#8243; img_size=&#8221;full&#8221; alignment=&#8221;center&#8221;][vc_column_text css=&#8221;.vc_custom_1683633945019{margin-bottom: 20px !important;}&#8221;]<strong>G\u00f6\u011f\u00fcs hastal\u0131klar\u0131 <\/strong>b\u00f6l\u00fcm\u00fc, akci\u011fer ve solunum sisteminde olu\u015fan hastal\u0131klar\u0131n tan\u0131 ve tedavisi ile ilgilenen ana bilim dal\u0131d\u0131r. Ast\u0131m, alerjik hastal\u0131klar, bron\u015fit, kronik obstr\u00fcktif akci\u011fer hastal\u0131\u011f\u0131, zat\u00fcrre, t\u00fcberk\u00fcloz, akci\u011fer embolisi, kronik \u00f6ks\u00fcr\u00fck, akci\u011fer kanseri, uyku s\u0131ras\u0131nda olu\u015fan solunum bozukluklar\u0131, sigara ba\u011f\u0131ml\u0131l\u0131\u011f\u0131na ba\u011fl\u0131 olarak geli\u015fen hastal\u0131klar gibi pek \u00e7ok rahats\u0131zl\u0131k ile ilgilenen b\u00f6l\u00fcm hekimleri, multidisipliner yakla\u015f\u0131m ile \u00e7al\u0131\u015farak, tedavi d\u00fczenler.[\/vc_column_text]<h4 style=\"text-align:left;\" class=\"tm-custom-heading \" >Hizmetler<\/h4>\n[vc_column_text css=&#8221;.vc_custom_1683633956220{margin-bottom: 10px !important;}&#8221;]<\/p>\n<div class=\"elementor-element elementor-element-55fa elementor-widget elementor-widget-text-editor\" data-id=\"55fa\" data-element_type=\"text-editor.default\">\n<div class=\"elementor-widget-container\">\n<div class=\"elementor-text-editor elementor-clearfix\">\n<h2>G\u00f6\u011f\u00fcs Hastal\u0131klar\u0131 B\u00f6l\u00fcm\u00fcnde Hangi Hastal\u0131klar\u0131n Tan\u0131 ve Tedavisi Yap\u0131l\u0131r?<\/h2>\n<p>G\u00f6\u011f\u00fcs Hastal\u0131klar\u0131 Anabilim Dal\u0131, solunuma ve akci\u011fere ba\u011fl\u0131 olarak geli\u015fen hastal\u0131klar\u0131n tan\u0131 ve tedavisi ile ilgilenir. Hastalar, b\u00f6l\u00fcm\u00fcn uzman hekimleri taraf\u0131ndan gerekti\u011finde ayaktan takip ile ya da yatarak tedavi edilir. G\u00f6\u011f\u00fcs hastal\u0131klar\u0131 aras\u0131nda yer alan solunum sistemi sorunlar\u0131n\u0131n tan\u0131s\u0131 i\u00e7in, laboratuvar ve radyolojik tetkiklerden yararlanan hekimler, b\u00f6l\u00fcm laboratuvarlar\u0131 aras\u0131nda yer alan solunum fonksiyon laboratuvar\u0131nda, a\u011f\u0131z i\u00e7i bas\u0131n\u00e7 \u00f6l\u00e7\u00fcmleri, akci\u011fer vol\u00fcm testleri,\u00a0dif\u00fczyon testi,\u00a0reversibilite testi,\u00a0yava\u015f vital kapasite testi ve\u00a0zorlu vital kapasite testi gibi pek \u00e7ok tan\u0131 ama\u00e7l\u0131 giri\u015fimlerde bulunur. Alerjik nedenlerden olu\u015fan rahats\u0131zl\u0131klarda\u00a0cilt testi uygulamas\u0131 gibi y\u00f6ntemler i\u00e7in di\u011fer b\u00f6l\u00fcm hekimleri ile koordineli olarak \u00e7al\u0131\u015f\u0131r. Solunuma ba\u011fl\u0131 olarak geli\u015fen uyku bozukluklar\u0131n\u0131n tan\u0131 ve tedavisi i\u00e7in uyku laboratuvar\u0131 ve ayr\u0131ca ileri g\u00f6r\u00fcnt\u00fcleme hizmetlerinin verildi\u011fi<strong>\u00a0<\/strong>bronkoskopi \u00fcnitesinde de g\u00f6\u011f\u00fcs hastal\u0131klar\u0131 uzman hekimleri, hastal\u0131klar\u0131n tan\u0131 ve tedavisi ile ilgilenir.<\/p>\n<h2>G\u00f6\u011f\u00fcs Hastal\u0131klar\u0131 Nelerdir?<\/h2>\n<p>Bran\u015f dahilinde yer alan t\u00fcm akci\u011fer hastal\u0131klar\u0131n\u0131n tetkik, takip ve tedavisi, g\u00f6\u011f\u00fcs hastal\u0131klar\u0131 b\u00f6l\u00fcm\u00fc hekimlerince yap\u0131l\u0131r. Ki\u015fiyi g\u00fcnl\u00fck aktiviteleri yapmaktan al\u0131koyan, ya\u015fam kalitesini d\u00fc\u015f\u00fcren, rahats\u0131zl\u0131k veren, solunum sisteminde ve akci\u011ferde olu\u015fan pek \u00e7ok hastal\u0131k bulunur. \u00d6ks\u00fcr\u00fck, g\u00f6\u011f\u00fcs, s\u0131rt ve omuzda olu\u015fan a\u011fr\u0131lar, h\u0131r\u0131lt\u0131l\u0131 solunum, balgam, horlama, \u00f6ks\u00fcr\u00fck ile birlikte g\u00f6r\u00fclen kan, h\u00e2lsizlik, sadece geceleri g\u00f6r\u00fclen terlemeler, ate\u015f, i\u015ftahs\u0131zl\u0131k ve kilo kayb\u0131 gibi pek \u00e7ok \u015fikayete yol a\u00e7an hastal\u0131klar, g\u00f6\u011f\u00fcs hastal\u0131klar\u0131 b\u00f6l\u00fcm\u00fc taraf\u0131nca takip ve tedavi edilir. Bu hastal\u0131klardan baz\u0131lar\u0131 \u015f\u00f6yledir:<\/p><\/div>\n<\/div>\n<\/div>\n<p>[\/vc_column_text][vc_row_inner][vc_column_inner width=&#8221;1\/2&#8243;]<ul class=\"tm-list tm-list-style-icon tm-list-icon-color-skincolor tm-black tm-icon-skincolor tm-list-textsize- tm-list-icon-library-fontawesome\"><li><i class=\"tm-skincolor fa fa-arrow-circle-right\"><\/i>  <span class=\"tm-list-li-content\">Akci\u011fer embolisi<\/span><\/li><li><i class=\"tm-skincolor fa fa-arrow-circle-right\"><\/i>  <span class=\"tm-list-li-content\">Akci\u011fer kanseri<\/span><\/li><li><i class=\"tm-skincolor fa fa-arrow-circle-right\"><\/i>  <span class=\"tm-list-li-content\">Alerjik akci\u011fer hastal\u0131klar\u0131<\/span><\/li><li><i class=\"tm-skincolor fa fa-arrow-circle-right\"><\/i>  <span class=\"tm-list-li-content\">Kronik \u00f6ks\u00fcr\u00fck<\/span><\/li><li><i class=\"tm-skincolor fa fa-arrow-circle-right\"><\/i>  <span class=\"tm-list-li-content\">Obstr\u00fcktif akci\u011fer hastal\u0131klar\u0131 olarak bilinen ast\u0131m<\/span><\/li><\/ul>[\/vc_column_inner][vc_column_inner width=&#8221;1\/2&#8243; tm_responsive_css=&#8221;40737847|colbreak_no|||||||||colbreak_no|-33px||||||||colbreak_no||||||||||colbreak_no|||||||||&#8221;]<ul class=\"tm-list tm-list-style-icon tm-list-icon-color-skincolor tm-black tm-icon-skincolor tm-list-textsize- tm-list-icon-library-fontawesome\"><li><i class=\"tm-skincolor fa fa-arrow-circle-right\"><\/i>  <span class=\"tm-list-li-content\">Ron\u015fektazi ve KOAH<\/span><\/li><li><i class=\"tm-skincolor fa fa-arrow-circle-right\"><\/i>  <span class=\"tm-list-li-content\">Halk aras\u0131nda akci\u011fer zar\u0131nda s\u0131v\u0131 birikmesi olarak bilinen pl\u00f6rezi<\/span><\/li><li><i class=\"tm-skincolor fa fa-arrow-circle-right\"><\/i>  <span class=\"tm-list-li-content\">Pnomotoraks ya da di\u011fer bir deyi\u015fle akci\u011ferin s\u00f6nmesi<\/span><\/li><li><i class=\"tm-skincolor fa fa-arrow-circle-right\"><\/i>  <span class=\"tm-list-li-content\">Pn\u00f6moni olarak tan\u0131mlanan zat\u00fcrre<\/span><\/li><li><i class=\"tm-skincolor fa fa-arrow-circle-right\"><\/i>  <span class=\"tm-list-li-content\">Sebebi hen\u00fcz bilinmeyen, akci\u011fer tutulumuna neden olan ve tedavi edilebilen bir t\u00fcr hastal\u0131k olan; sarkoidoz<\/span><\/li><li><i class=\"tm-skincolor fa fa-arrow-circle-right\"><\/i>  <span class=\"tm-list-li-content\">Sigara ba\u011f\u0131ml\u0131l\u0131\u011f\u0131, b\u0131rakma y\u00f6ntemleri ve sigaraya ba\u011fl\u0131 olarak geli\u015fen hastal\u0131klar<\/span><\/li><\/ul>[\/vc_column_inner][\/vc_row_inner][\/vc_column][\/vc_row][vc_row tm_bgimagefixed=&#8221;&#8221; break_in_responsive=&#8221;991&#8243; css=&#8221;.vc_custom_1543407948016{padding-top: 10px !important;}&#8221;][vc_column]<h4 style=\"text-align:left;\" class=\"tm-custom-heading \" >Servis Doktorlar\u0131m\u0131z<\/h4>\n[vc_separator color=&#8221;custom&#8221; accent_color=&#8221;#ebebeb&#8221;]<div class=\"themetechmount-boxes themetechmount-boxes-team themetechmount-boxes-view-default themetechmount-boxes-col-three themetechmount-boxes-sortable-no themetechmount-boxes-textalign-center themetechmount-boxes-sortablebutton-\">\n\t\t<div class=\"themetechmount-boxes-inner themetechmount-boxes-team-inner \">\n\t\t\t\n\t\t\t<div class=\"row multi-columns-row themetechmount-boxes-row-wrapper\">\n\t\t\t\t<div class=\"tm-box-col-wrapper col-lg-4 col-sm-6 col-md-4 col-xs-12 gogus-hastaliklari\"><article class=\"themetechmount-box themetechmount-box-team themetechmount-teambox-view-overlay\">\n\t<div class=\"themetechmount-post-item\">\n\t\t<div class=\"themetechmount-team-image-box\">\n\t\t\t\n\t\t<span class=\"themetechmount-item-thumbnail\">\n\t\t\t<span class=\"themetechmount-item-thumbnail-inner\">\n\t\t\t\t<img fetchpriority=\"high\" decoding=\"async\" width=\"380\" height=\"500\" src=\"https:\/\/www.giresunadahastanesi.com\/wp-content\/uploads\/2023\/05\/didem-kircikckbyk-380x500.jpg\" class=\"attachment-themetechmount-img-teamoverlay size-themetechmount-img-teamoverlay wp-post-image\" alt=\"\" data-id=\"3517\" \/>\n\t\t\t<\/span>\n\t\t<\/span>\t        <div class=\"themetechmount-overlay\">\n\t\t\t\t<div class=\"themetechmount-icon-box themetechmount-box-link\"><a href=\"https:\/\/www.giresunadahastanesi.com\/tr\/team-member\/uzm-dr-didem-kirici\/\"><i class=\"tm-brivona-icon-plus-1\"><\/i><\/a><\/div>\t\n\t\t\t<\/div>\t\n\t\t<\/div>\t\n\t\t\t<div class=\"themetechmount-box-content\">\n\t\t\t\t<div class=\"themetechmount-team-position\">G\u00f6\u011f\u00fcs Hastal\u0131klar\u0131<\/div>\n\t\t\t\t<div class=\"themetechmount-box-title\"><h4><a href=\"https:\/\/www.giresunadahastanesi.com\/tr\/team-member\/uzm-dr-didem-kirici\/\">Uzm.Dr. Didem KIRCI<\/a><\/h4><\/div>\t\t\t\t\t\t\t\t\n\t\t\t<\/div>\t\t\t\n\t<\/div>\n<\/article>\n <\/div>\n\t\t\t<\/div>\n\t\t<\/div><!-- .themetechmount-boxes-inner -->   <\/div><!-- .themetechmount-boxes -->  [\/vc_column][\/vc_row]<\/p>\n<\/div>","protected":false},"excerpt":{"rendered":"<p>[vc_row tm_bgimagefixed=&#8221;&#8221; break_in_responsive=&#8221;991&#8243;][vc_column][vc_single_image image=&#8221;2962&#8243; img_size=&#8221;full&#8221; alignment=&#8221;center&#8221;][vc_column_text css=&#8221;.vc_custom_1683633945019{margin-bottom: 20px !important;}&#8221;]G\u00f6\u011f\u00fcs hastal\u0131klar\u0131 b\u00f6l\u00fcm\u00fc, akci\u011fer ve solunum sisteminde olu\u015fan hastal\u0131klar\u0131n tan\u0131 ve tedavisi ile ilgilenen ana bilim dal\u0131d\u0131r. Ast\u0131m, alerjik hastal\u0131klar, bron\u015fit, kronik obstr\u00fcktif akci\u011fer hastal\u0131\u011f\u0131, zat\u00fcrre, t\u00fcberk\u00fcloz, akci\u011fer embolisi, kronik \u00f6ks\u00fcr\u00fck, akci\u011fer kanseri, uyku s\u0131ras\u0131nda olu\u015fan solunum bozukluklar\u0131, sigara ba\u011f\u0131ml\u0131l\u0131\u011f\u0131na ba\u011fl\u0131 olarak geli\u015fen hastal\u0131klar gibi pek \u00e7ok &hellip; <a href=\"https:\/\/www.giresunadahastanesi.com\/tr\/team-member\/uzm-dr-didem-kirici\/\" class=\"more-link\">Continue reading <span class=\"screen-reader-text\">Uzm.Dr. Didem KIRCI<\/span><\/a><\/p>\n","protected":false},"author":1,"featured_media":0,"parent":0,"menu_order":23,"comment_status":"closed","ping_status":"closed","template":"","meta":{"footnotes":""},"class_list":["post-3444","page","type-page","status-publish","hentry"],"_links":{"self":[{"href":"https:\/\/www.giresunadahastanesi.com\/tr\/wp-json\/wp\/v2\/pages\/3444","targetHints":{"allow":["GET"]}}],"collection":[{"href":"https:\/\/www.giresunadahastanesi.com\/tr\/wp-json\/wp\/v2\/pages"}],"about":[{"href":"https:\/\/www.giresunadahastanesi.com\/tr\/wp-json\/wp\/v2\/types\/page"}],"author":[{"embeddable":true,"href":"https:\/\/www.giresunadahastanesi.com\/tr\/wp-json\/wp\/v2\/users\/1"}],"replies":[{"embeddable":true,"href":"https:\/\/www.giresunadahastanesi.com\/tr\/wp-json\/wp\/v2\/comments?post=3444"}],"version-history":[{"count":3,"href":"https:\/\/www.giresunadahastanesi.com\/tr\/wp-json\/wp\/v2\/pages\/3444\/revisions"}],"predecessor-version":[{"id":8022,"href":"https:\/\/www.giresunadahastanesi.com\/tr\/wp-json\/wp\/v2\/pages\/3444\/revisions\/8022"}],"wp:attachment":[{"href":"https:\/\/www.giresunadahastanesi.com\/tr\/wp-json\/wp\/v2\/media?parent=3444"}],"curies":[{"name":"wp","href":"https:\/\/api.w.org\/{rel}","templated":true}]}}