{"id":3446,"date":"2023-05-09T15:08:59","date_gmt":"2023-05-09T12:08:59","guid":{"rendered":"https:\/\/www.giresunadahastanesi.com\/?page_id=3446"},"modified":"2023-10-13T11:27:38","modified_gmt":"2023-10-13T08:27:38","slug":"servisler-endokronoloji","status":"publish","type":"page","link":"https:\/\/www.giresunadahastanesi.com\/tr\/servisler-endokronoloji\/","title":{"rendered":"Endokronoloji"},"content":{"rendered":"<div class=\"wpb-content-wrapper\"><p>[vc_row tm_bgimagefixed=&#8221;&#8221; break_in_responsive=&#8221;991&#8243;][vc_column][vc_single_image image=&#8221;2962&#8243; img_size=&#8221;full&#8221; alignment=&#8221;center&#8221;][vc_column_text css=&#8221;.vc_custom_1683634087885{margin-bottom: 20px !important;}&#8221;]<\/p>\n<div class=\"elementor-element elementor-element-6ed8 elementor-widget elementor-widget-text-editor\" data-id=\"6ed8\" data-element_type=\"text-editor.default\">\n<div class=\"elementor-widget-container\">\n<div class=\"elementor-text-editor elementor-clearfix\">\n<p>Endokrinolog endokrin sistem hastal\u0131klar\u0131yla u\u011fra\u015fan doktordur. Endokrinologlar salg\u0131 bezlerini etkileyen hastal\u0131klar\u0131n tan\u0131s\u0131n\u0131 koyarlar. Genellikle karma\u015f\u0131k olan ve v\u00fccudumuzdaki bir\u00e7ok sistemi i\u00e7eren hastal\u0131klar\u0131 nas\u0131l tedavi edeceklerini bilirler.<\/p><\/div>\n<\/div>\n<\/div>\n<p>[\/vc_column_text]<h4 style=\"text-align:left;\" class=\"tm-custom-heading \" >Hizmetler<\/h4>\n[vc_column_text css=&#8221;.vc_custom_1683634098515{margin-bottom: 10px !important;}&#8221;]<\/p>\n<div class=\"elementor-element elementor-element-55fa elementor-widget elementor-widget-text-editor\" data-id=\"55fa\" data-element_type=\"text-editor.default\">\n<div class=\"elementor-widget-container\">\n<div class=\"elementor-text-editor elementor-clearfix\">\n<p><strong>Endokrinologlar Ne Yaparlar?<\/strong><br \/>\nEndokrinologlar hormon dengesizli\u011fi ve problemlerine tan\u0131 ve taki ve tedavi eder. Homronal hastal\u0131klar \u00e7ok \u00e7e\u015fitlidir, \u00f6rne\u011fi: Diyabet, Tiroid hastal\u0131klar\u0131, Metabolik bozukluklar, Hormonlar\u0131n fazla ya da az \u00fcretimi, Menopoz, Osteoporoz, Hipertansiyon, Ya\u011f metabolizmas\u0131 ile ilgili hastal\u0131klar, \u0130nfertilite (K\u0131s\u0131rl\u0131k), B\u00fcy\u00fcme gerili\u011fi (Boy k\u0131sal\u0131\u011f\u0131), Salg\u0131 bezlerinin t\u00fcm\u00f6rleri, \u015ei\u015fmanl\u0131k\u2026<\/p>\n<p>Endokrinologlar salg\u0131 bezlerinin nas\u0131l \u00e7al\u0131\u015ft\u0131\u011f\u0131n\u0131 de\u011ferlendirmek i\u00e7in baz\u0131 testler isteyebilirler.<\/p>\n<p><strong>Endokrinologlar Ne Tip Bir T\u0131p E\u011fitimi Al\u0131rlar?<\/strong><br \/>\nEndokrinologlar alt\u0131 y\u0131ll\u0131k t\u0131p fak\u00fcltesini bitirirler ve sonras\u0131nda d\u00f6rt veya be\u015f y\u0131ll\u0131k i\u00e7 hastal\u0131klar\u0131 ihtisas program\u0131n\u0131 tamamlarlar. \u00dc\u00e7 y\u0131l da hormon hastal\u0131klar\u0131na nas\u0131l tan\u0131 koyacaklar\u0131n\u0131 ve tedavi edeceklerini \u00f6\u011frenmek i\u00e7in ge\u00e7irirler. Toplam olarak bir endokrinolo\u011fun e\u011fitimi 13 y\u0131ldan fazla zaman almaktad\u0131r.<\/p>\n<p><strong>En S\u0131k Endokrin Hastal\u0131klar ve Bozukluklar Nelerdir?<\/strong><br \/>\nEndokrin sistemin hastal\u0131klar\u0131 ve bozukluklar\u0131 \u00e7e\u015fitli de\u011fi\u015fik alanlarda grupland\u0131r\u0131labilir. Endokrinolojinin ana alanlar\u0131 a\u015fa\u011f\u0131da a\u00e7\u0131klanm\u0131\u015ft\u0131r.<\/div>\n<\/div>\n<\/div>\n<p>[\/vc_column_text][vc_row_inner][vc_column_inner width=&#8221;1\/2&#8243;]<ul class=\"tm-list tm-list-style-icon tm-list-icon-color-skincolor tm-black tm-icon-skincolor tm-list-textsize- tm-list-icon-library-fontawesome\"><li><i class=\"tm-skincolor fa fa-arrow-circle-right\"><\/i>  <span class=\"tm-list-li-content\">Diyabet<\/span><\/li><li><i class=\"tm-skincolor fa fa-arrow-circle-right\"><\/i>  <span class=\"tm-list-li-content\">Tiroid<\/span><\/li><li><i class=\"tm-skincolor fa fa-arrow-circle-right\"><\/i>  <span class=\"tm-list-li-content\">Kemik<\/span><\/li><li><i class=\"tm-skincolor fa fa-arrow-circle-right\"><\/i>  <span class=\"tm-list-li-content\">\u00dcreme & K\u0131s\u0131rl\u0131k<\/span><\/li><li><i class=\"tm-skincolor fa fa-arrow-circle-right\"><\/i>  <span class=\"tm-list-li-content\">Obezite ve Fazla Kilo<\/span><\/li><\/ul>[\/vc_column_inner][vc_column_inner width=&#8221;1\/2&#8243; tm_responsive_css=&#8221;40737847|colbreak_no|||||||||colbreak_no|-33px||||||||colbreak_no||||||||||colbreak_no|||||||||&#8221;]<ul class=\"tm-list tm-list-style-icon tm-list-icon-color-skincolor tm-black tm-icon-skincolor tm-list-textsize- tm-list-icon-library-fontawesome\"><li><i class=\"tm-skincolor fa fa-arrow-circle-right\"><\/i>  <span class=\"tm-list-li-content\">Hipofiz Bezi<\/span><\/li><li><i class=\"tm-skincolor fa fa-arrow-circle-right\"><\/i>  <span class=\"tm-list-li-content\">B\u00fcy\u00fcme<\/span><\/li><li><i class=\"tm-skincolor fa fa-arrow-circle-right\"><\/i>  <span class=\"tm-list-li-content\">Hipertansiyon<\/span><\/li><li><i class=\"tm-skincolor fa fa-arrow-circle-right\"><\/i>  <span class=\"tm-list-li-content\">Lipid Bozukluklar\u0131<\/span><\/li><\/ul>[\/vc_column_inner][\/vc_row_inner][\/vc_column][\/vc_row][vc_row tm_bgimagefixed=&#8221;&#8221; break_in_responsive=&#8221;991&#8243; css=&#8221;.vc_custom_1543407948016{padding-top: 10px !important;}&#8221;][vc_column]<h4 style=\"text-align:left;\" class=\"tm-custom-heading \" >Servis Doktorlar\u0131m\u0131z<\/h4>\n[vc_separator color=&#8221;custom&#8221; accent_color=&#8221;#ebebeb&#8221;]<div class=\"themetechmount-boxes themetechmount-boxes-team themetechmount-boxes-view-default themetechmount-boxes-col-three themetechmount-boxes-sortable-no themetechmount-boxes-textalign-center themetechmount-boxes-sortablebutton-\">\n\t\t<div class=\"themetechmount-boxes-inner themetechmount-boxes-team-inner \"><\/div><!-- .themetechmount-boxes-inner -->   <\/div><!-- .themetechmount-boxes -->  [\/vc_column][\/vc_row]<\/p>\n<\/div>","protected":false},"excerpt":{"rendered":"<p>[vc_row tm_bgimagefixed=&#8221;&#8221; break_in_responsive=&#8221;991&#8243;][vc_column][vc_single_image image=&#8221;2962&#8243; img_size=&#8221;full&#8221; alignment=&#8221;center&#8221;][vc_column_text css=&#8221;.vc_custom_1683634087885{margin-bottom: 20px !important;}&#8221;] Endokrinolog endokrin sistem hastal\u0131klar\u0131yla u\u011fra\u015fan doktordur. Endokrinologlar salg\u0131 bezlerini etkileyen hastal\u0131klar\u0131n tan\u0131s\u0131n\u0131 koyarlar. Genellikle karma\u015f\u0131k olan ve v\u00fccudumuzdaki bir\u00e7ok sistemi i\u00e7eren hastal\u0131klar\u0131 nas\u0131l tedavi edeceklerini bilirler. [\/vc_column_text][vc_column_text css=&#8221;.vc_custom_1683634098515{margin-bottom: 10px !important;}&#8221;] Endokrinologlar Ne Yaparlar? Endokrinologlar hormon dengesizli\u011fi ve problemlerine tan\u0131 ve taki ve tedavi eder. Homronal hastal\u0131klar &hellip; <a href=\"https:\/\/www.giresunadahastanesi.com\/tr\/servisler-endokronoloji\/\" class=\"more-link\">Continue reading <span class=\"screen-reader-text\">Endokronoloji<\/span><\/a><\/p>\n","protected":false},"author":1,"featured_media":0,"parent":0,"menu_order":23,"comment_status":"closed","ping_status":"closed","template":"","meta":{"footnotes":""},"class_list":["post-3446","page","type-page","status-publish","hentry"],"_links":{"self":[{"href":"https:\/\/www.giresunadahastanesi.com\/tr\/wp-json\/wp\/v2\/pages\/3446","targetHints":{"allow":["GET"]}}],"collection":[{"href":"https:\/\/www.giresunadahastanesi.com\/tr\/wp-json\/wp\/v2\/pages"}],"about":[{"href":"https:\/\/www.giresunadahastanesi.com\/tr\/wp-json\/wp\/v2\/types\/page"}],"author":[{"embeddable":true,"href":"https:\/\/www.giresunadahastanesi.com\/tr\/wp-json\/wp\/v2\/users\/1"}],"replies":[{"embeddable":true,"href":"https:\/\/www.giresunadahastanesi.com\/tr\/wp-json\/wp\/v2\/comments?post=3446"}],"version-history":[{"count":2,"href":"https:\/\/www.giresunadahastanesi.com\/tr\/wp-json\/wp\/v2\/pages\/3446\/revisions"}],"predecessor-version":[{"id":8017,"href":"https:\/\/www.giresunadahastanesi.com\/tr\/wp-json\/wp\/v2\/pages\/3446\/revisions\/8017"}],"wp:attachment":[{"href":"https:\/\/www.giresunadahastanesi.com\/tr\/wp-json\/wp\/v2\/media?parent=3446"}],"curies":[{"name":"wp","href":"https:\/\/api.w.org\/{rel}","templated":true}]}}