{"id":3451,"date":"2023-05-09T15:12:03","date_gmt":"2023-05-09T12:12:03","guid":{"rendered":"https:\/\/www.giresunadahastanesi.com\/?page_id=3451"},"modified":"2023-10-13T11:27:58","modified_gmt":"2023-10-13T08:27:58","slug":"servisler-fizik-tedavi-rehabilitasyon","status":"publish","type":"page","link":"https:\/\/www.giresunadahastanesi.com\/tr\/servisler-fizik-tedavi-rehabilitasyon\/","title":{"rendered":"Fizik Tedavi &#038; Rehabilitasyon"},"content":{"rendered":"<div class=\"wpb-content-wrapper\"><p>[vc_row tm_bgimagefixed=&#8221;&#8221; break_in_responsive=&#8221;991&#8243;][vc_column][vc_single_image image=&#8221;2962&#8243; img_size=&#8221;full&#8221; alignment=&#8221;center&#8221;][vc_column_text css=&#8221;.vc_custom_1683634258178{margin-bottom: 20px !important;}&#8221;]Fizik Tedavi B\u00f6l\u00fcmleri, ayaktan gelen veya yatarak tedavi g\u00f6rmekte olan, fizik tedavi ve \/veya rehabilitasyon endikasyonu olan hastalara, g\u00fcncel, etik ve uluslararas\u0131 standartlara uygun hizmet vermeyi hedeflemektedir.[\/vc_column_text]<h4 style=\"text-align:left;\" class=\"tm-custom-heading \" >Hizmetler<\/h4>\n[vc_column_text css=&#8221;.vc_custom_1683634271428{margin-bottom: 10px !important;}&#8221;]<\/p>\n<div class=\"elementor-element elementor-element-55fa elementor-widget elementor-widget-text-editor\" data-id=\"55fa\" data-element_type=\"text-editor.default\">\n<div class=\"elementor-widget-container\">\n<div class=\"elementor-text-editor elementor-clearfix\">\n<p>Muayene odalar\u0131, fizyoterapi odalar\u0131 ve egzersiz salonlar\u0131m\u0131zdan olu\u015fan, son sistem cihazlarla donat\u0131lm\u0131\u015f olan fizik tedavi ve rehabilitasyon b\u00f6l\u00fcm\u00fcm\u00fczde, deneyimli uzman doktorlar\u0131m\u0131z ve fizyoterapistlerimizden olu\u015fan ekibimiz ile poliklinik, servis ve yo\u011fun bak\u0131m hastalar\u0131na hizmet vermektedir.<\/p>\n<p>Fizik Tedavi ve Rehabilitasyon\u2019un u\u011fra\u015f\u0131 alan\u0131 olan, \u00e7e\u015fitli hastal\u0131klar veya yaralanmalar nedeniyle, v\u00fccudun \u00e7e\u015fitli k\u0131s\u0131mlar\u0131n\u0131n fonksiyonlar\u0131n\u0131n yitirildi\u011fi veya tehdit edildi\u011fi durumlarda, hastalar\u0131n ya\u015fam kalitesini geli\u015ftirmek ama\u00e7lanmaktad\u0131r.<\/p>\n<p>Temel olarak hastalar\u0131m\u0131z\u0131n ba\u011f\u0131ms\u0131z hareket potansiyellerinin artt\u0131r\u0131lmas\u0131, a\u011fr\u0131lar\u0131n\u0131n giderilmesi, maksimum hareket kabiliyetinin kazand\u0131r\u0131lmas\u0131 i\u00e7in modern rehabilitasyon teknikleri uygulanmaktad\u0131r.<\/p>\n<p>Fizik Tedavi ve Rehabilitasyon B\u00f6l\u00fcmleri\u2019nde, ortopedik rehabilitasyon kapsam\u0131nda, spor yaralanmalar\u0131n\u0131n rehabilitasyonu, k\u0131r\u0131k sonras\u0131 rehabilitasyon, men\u00fcsk\u00fcs ameliyat\u0131 sonras\u0131 rehabilitasyonu, protez ameliyat\u0131 ge\u00e7irmi\u015f hastalar\u0131n rehabilitasyonu gibi alanlarda hizmet verilmektedir.<\/p>\n<p>Kas hastal\u0131klar\u0131n\u0131n rehabilitasyonla tedavisi kapsam\u0131nda, eklem problemlerinin \u00f6nlenmesi veya eklem k\u0131s\u0131tl\u0131l\u0131\u011f\u0131n\u0131n a\u00e7\u0131lmas\u0131, bel ve boyun a\u011fr\u0131lar\u0131n\u0131n tedavisi, romatizmal hastal\u0131klar\u0131n rehabilitasyonu gibi alanlarda uluslararas\u0131 fizyoterapi protokolleri ile tedavisi yap\u0131lmaktad\u0131r.<\/p>\n<p>N\u00f6rolojik rehabilitasyon alan\u0131nda, kas, tendon ve sinir yaralanmalar\u0131 sonras\u0131 fizik tedavi ve rehabilitasyon, tam veya k\u0131smi fel\u00e7li, omurilik yaralanmal\u0131 hastalar\u0131n ve serebral palsi rehabilitasyonu hizmetleri verilmektedir.<\/p>\n<p>Romatizmal hastal\u0131klar\u0131n tan\u0131 ve medikal tedavisi sonras\u0131nda eklem kontrakt\u00fcrlerinin \u00f6nlenmesi ve fonksiyon kay\u0131plar\u0131n\u0131n azalmas\u0131 i\u00e7in \u00f6zellikle romatodit artrit ve ankilozan spondilitli hastalarda hastaya g\u00f6re d\u00fczenlenen fizik tedavi ve rehabilitasyon programlar\u0131 uygulanmaktad\u0131r.<\/p>\n<p>Osteoporoz ve dejeneratif eklem hastal\u0131klar\u0131n\u0131n rehabilitasyonu, fibromiyalji sendromu ve miyofasiyal a\u011fr\u0131 sendromu, \u00e7ene eklemi hastal\u0131klar\u0131, omurga e\u011frili\u011fi (Skolyoz) tedavisi, solunum rehabilitasyonu, el yaralanmalar\u0131 i\u00e7in Mikrocerrahi ameliyatlar\u0131 sonras\u0131 rehabilitasyonu uygulamalar\u0131 yap\u0131lmaktad\u0131r.<\/p>\n<p>Eklem i\u00e7i enjeksiyon, yumu\u015fak doku injeksiyonlar\u0131, kas iskelet sistemi hastal\u0131klar\u0131nda PRP uygulamas\u0131, n\u00f6ralterapi, kuru i\u011f ile a\u011fr\u0131 tedavisi ,gibi geni\u015f bir yelpazede fizik tedavi ve rehabilitasyon hizmetleri de sunulmaktad\u0131r.<\/p>\n<p>Manuel Terapi Nedir?<\/p>\n<p>Bel, boyun, s\u0131rt a\u011fr\u0131lar\u0131 ve daha bir\u00e7ok kas iskelet sistemi problemlerinde el ile uygulanan manuel terapi; etkili ve a\u011fr\u0131s\u0131z bir y\u00f6ntemdir. Eklem, kas, yumu\u015fak doku ve bir\u00e7ok myofasyal yap\u0131lara el ile uygulanan, kendine \u00f6zg\u00fc spesifik tekniklerden olu\u015fan bir tedavi yakla\u015f\u0131m\u0131d\u0131r. Fizik tedavi i\u00e7erisinde \u00f6zel bir yeri olan bu y\u00f6ntem pek \u00e7ok kas-iskelet sistemi rahats\u0131zl\u0131klar\u0131nda ve omurga a\u011fr\u0131lar\u0131nda etkili ve emniyetli bir uygulamad\u0131r.<\/p>\n<p>Spazma giren adele, blokaja giden eklem, bas\u0131ya maruz kalan sinir, gerginle\u015fen ve sertle\u015fen her myofasyal yap\u0131 v\u00fccutta a\u011fr\u0131 olu\u015fturabilecek ve ki\u015fiyi g\u00fcnl\u00fck ya\u015fam\u0131nda ciddi derecede rahats\u0131z edebilecek sebeplerdendir. Manuel terapide; v\u00fccuttaki anatomik ve fizyolojik i\u015fleyi\u015f dikkate al\u0131narak, bu yap\u0131lar\u0131n i\u015fleyi\u015findeki bu t\u00fcr bozukluklar giderilmeye \u00e7al\u0131\u015f\u0131l\u0131r. Yani v\u00fccuda herhangi bir ila\u00e7 verilmeden dokular\u0131n yeniden sa\u011fl\u0131kl\u0131 \u00e7al\u0131\u015fmas\u0131 hedeflenir. Kendine \u00f6zg\u00fc ; mobilizasyon, manuplasyon, germe, gev\u015fetme ve kas-enerji teknikleri ile dokulara fonksiyonlar\u0131 yeniden kazand\u0131r\u0131l\u0131r. Etkili, a\u011fr\u0131s\u0131z ve herhangi bir yan etkisi olmayan bu y\u00f6ntem ba\u015fl\u0131ca;<\/p><\/div>\n<\/div>\n<\/div>\n<p>[\/vc_column_text][vc_row_inner][vc_column_inner width=&#8221;1\/2&#8243;]<ul class=\"tm-list tm-list-style-icon tm-list-icon-color-skincolor tm-black tm-icon-skincolor tm-list-textsize- tm-list-icon-library-fontawesome\"><li><i class=\"tm-skincolor fa fa-arrow-circle-right\"><\/i>  <span class=\"tm-list-li-content\">Bel ve boyun f\u0131t\u0131\u011f\u0131<\/span><\/li><li><i class=\"tm-skincolor fa fa-arrow-circle-right\"><\/i>  <span class=\"tm-list-li-content\">Omurgan\u0131n kas ve faset eklem a\u011fr\u0131lar\u0131<\/span><\/li><li><i class=\"tm-skincolor fa fa-arrow-circle-right\"><\/i>  <span class=\"tm-list-li-content\">Miyofasiyal a\u011fr\u0131 sendromu<\/span><\/li><li><i class=\"tm-skincolor fa fa-arrow-circle-right\"><\/i>  <span class=\"tm-list-li-content\">Donuk omuz, impingement sendromu, rotator cuff y\u0131rt\u0131klar\u0131<\/span><\/li><li><i class=\"tm-skincolor fa fa-arrow-circle-right\"><\/i>  <span class=\"tm-list-li-content\">Kol ve bacakta g\u00f6r\u00fclen sinir s\u0131k\u0131\u015fmalar\u0131<\/span><\/li><\/ul>[\/vc_column_inner][vc_column_inner width=&#8221;1\/2&#8243; tm_responsive_css=&#8221;40737847|colbreak_no|||||||||colbreak_no|-33px||||||||colbreak_no||||||||||colbreak_no|||||||||&#8221;]<ul class=\"tm-list tm-list-style-icon tm-list-icon-color-skincolor tm-black tm-icon-skincolor tm-list-textsize- tm-list-icon-library-fontawesome\"><li><i class=\"tm-skincolor fa fa-arrow-circle-right\"><\/i>  <span class=\"tm-list-li-content\">Kal\u00e7a ve sacroiliak eklem a\u011fr\u0131lar\u0131<\/span><\/li><li><i class=\"tm-skincolor fa fa-arrow-circle-right\"><\/i>  <span class=\"tm-list-li-content\">Dizin menisk\u00fcs ve ba\u011f yaralanmalar\u0131<\/span><\/li><li><i class=\"tm-skincolor fa fa-arrow-circle-right\"><\/i>  <span class=\"tm-list-li-content\">K\u0131r\u0131k sonras\u0131 geli\u015fen eklem k\u0131s\u0131tl\u0131l\u0131klar\u0131<\/span><\/li><li><i class=\"tm-skincolor fa fa-arrow-circle-right\"><\/i>  <span class=\"tm-list-li-content\">Boyun kaynakl\u0131 ba\u015f a\u011fr\u0131lar\u0131 gibi pek \u00e7ok durumda g\u00fcvenle uygulanabilir<\/span><\/li><\/ul>[\/vc_column_inner][\/vc_row_inner][\/vc_column][\/vc_row][vc_row tm_bgimagefixed=&#8221;&#8221; break_in_responsive=&#8221;991&#8243; css=&#8221;.vc_custom_1543407948016{padding-top: 10px !important;}&#8221;][vc_column]<h4 style=\"text-align:left;\" class=\"tm-custom-heading \" >Servis Doktorlar\u0131m\u0131z<\/h4>\n[vc_separator color=&#8221;custom&#8221; accent_color=&#8221;#ebebeb&#8221;]<div class=\"themetechmount-boxes themetechmount-boxes-team themetechmount-boxes-view-default themetechmount-boxes-col-three themetechmount-boxes-sortable-no themetechmount-boxes-textalign-center themetechmount-boxes-sortablebutton-\">\n\t\t<div class=\"themetechmount-boxes-inner themetechmount-boxes-team-inner \">\n\t\t\t\n\t\t\t<div class=\"row multi-columns-row themetechmount-boxes-row-wrapper\">\n\t\t\t\t<div class=\"tm-box-col-wrapper col-lg-4 col-sm-6 col-md-4 col-xs-12 fizik-tedavi-ve-rehabilitasyon\"><article class=\"themetechmount-box themetechmount-box-team themetechmount-teambox-view-overlay\">\n\t<div class=\"themetechmount-post-item\">\n\t\t<div class=\"themetechmount-team-image-box\">\n\t\t\t\n\t\t<span class=\"themetechmount-item-thumbnail\">\n\t\t\t<span class=\"themetechmount-item-thumbnail-inner\">\n\t\t\t\t<img fetchpriority=\"high\" decoding=\"async\" width=\"380\" height=\"500\" src=\"https:\/\/www.giresunadahastanesi.com\/wp-content\/uploads\/2023\/05\/celalettin-380x500.jpg\" class=\"attachment-themetechmount-img-teamoverlay size-themetechmount-img-teamoverlay wp-post-image\" alt=\"\" data-id=\"3524\" \/>\n\t\t\t<\/span>\n\t\t<\/span>\t        <div class=\"themetechmount-overlay\">\n\t\t\t\t<div class=\"themetechmount-icon-box themetechmount-box-link\"><a href=\"https:\/\/www.giresunadahastanesi.com\/tr\/team-member\/uzm-dr-celalettin-orzan\/\"><i class=\"tm-brivona-icon-plus-1\"><\/i><\/a><\/div>\t\n\t\t\t<\/div>\t\n\t\t<\/div>\t\n\t\t\t<div class=\"themetechmount-box-content\">\n\t\t\t\t<div class=\"themetechmount-team-position\">Fizik Tedavi ve Rehabilitasyon<\/div>\n\t\t\t\t<div class=\"themetechmount-box-title\"><h4><a href=\"https:\/\/www.giresunadahastanesi.com\/tr\/team-member\/uzm-dr-celalettin-orzan\/\">Uzm.Dr. Celalettin ORZAN<\/a><\/h4><\/div>\t\t\t\t\t\t\t\t\n\t\t\t<\/div>\t\t\t\n\t<\/div>\n<\/article>\n <\/div>\n\t\t\t<\/div>\n\t\t<\/div><!-- .themetechmount-boxes-inner -->   <\/div><!-- .themetechmount-boxes -->  [\/vc_column][\/vc_row]<\/p>\n<\/div>","protected":false},"excerpt":{"rendered":"<p>[vc_row tm_bgimagefixed=&#8221;&#8221; break_in_responsive=&#8221;991&#8243;][vc_column][vc_single_image image=&#8221;2962&#8243; img_size=&#8221;full&#8221; alignment=&#8221;center&#8221;][vc_column_text css=&#8221;.vc_custom_1683634258178{margin-bottom: 20px !important;}&#8221;]Fizik Tedavi B\u00f6l\u00fcmleri, ayaktan gelen veya yatarak tedavi g\u00f6rmekte olan, fizik tedavi ve \/veya rehabilitasyon endikasyonu olan hastalara, g\u00fcncel, etik ve uluslararas\u0131 standartlara uygun hizmet vermeyi hedeflemektedir.[\/vc_column_text][vc_column_text css=&#8221;.vc_custom_1683634271428{margin-bottom: 10px !important;}&#8221;] Muayene odalar\u0131, fizyoterapi odalar\u0131 ve egzersiz salonlar\u0131m\u0131zdan olu\u015fan, son sistem cihazlarla donat\u0131lm\u0131\u015f olan fizik tedavi ve rehabilitasyon &hellip; <a href=\"https:\/\/www.giresunadahastanesi.com\/tr\/team-member\/uzm-dr-celalettin-orzan\/\" class=\"more-link\">Continue reading <span class=\"screen-reader-text\">Uzm.Dr. Celalettin ORZAN<\/span><\/a><\/p>\n","protected":false},"author":1,"featured_media":0,"parent":0,"menu_order":23,"comment_status":"closed","ping_status":"closed","template":"","meta":{"footnotes":""},"class_list":["post-3451","page","type-page","status-publish","hentry"],"_links":{"self":[{"href":"https:\/\/www.giresunadahastanesi.com\/tr\/wp-json\/wp\/v2\/pages\/3451","targetHints":{"allow":["GET"]}}],"collection":[{"href":"https:\/\/www.giresunadahastanesi.com\/tr\/wp-json\/wp\/v2\/pages"}],"about":[{"href":"https:\/\/www.giresunadahastanesi.com\/tr\/wp-json\/wp\/v2\/types\/page"}],"author":[{"embeddable":true,"href":"https:\/\/www.giresunadahastanesi.com\/tr\/wp-json\/wp\/v2\/users\/1"}],"replies":[{"embeddable":true,"href":"https:\/\/www.giresunadahastanesi.com\/tr\/wp-json\/wp\/v2\/comments?post=3451"}],"version-history":[{"count":2,"href":"https:\/\/www.giresunadahastanesi.com\/tr\/wp-json\/wp\/v2\/pages\/3451\/revisions"}],"predecessor-version":[{"id":8019,"href":"https:\/\/www.giresunadahastanesi.com\/tr\/wp-json\/wp\/v2\/pages\/3451\/revisions\/8019"}],"wp:attachment":[{"href":"https:\/\/www.giresunadahastanesi.com\/tr\/wp-json\/wp\/v2\/media?parent=3451"}],"curies":[{"name":"wp","href":"https:\/\/api.w.org\/{rel}","templated":true}]}}