{"id":3453,"date":"2023-05-09T15:13:41","date_gmt":"2023-05-09T12:13:41","guid":{"rendered":"https:\/\/www.giresunadahastanesi.com\/?page_id=3453"},"modified":"2023-10-13T11:28:09","modified_gmt":"2023-10-13T08:28:09","slug":"servisler-gastroenteroloji","status":"publish","type":"page","link":"https:\/\/www.giresunadahastanesi.com\/tr\/servisler-gastroenteroloji\/","title":{"rendered":"Gastroenteroloji"},"content":{"rendered":"<div class=\"wpb-content-wrapper\"><p>[vc_row tm_bgimagefixed=&#8221;&#8221; break_in_responsive=&#8221;991&#8243;][vc_column][vc_single_image image=&#8221;2962&#8243; img_size=&#8221;full&#8221; alignment=&#8221;center&#8221;][vc_column_text css=&#8221;.vc_custom_1683634367181{margin-bottom: 20px !important;}&#8221;]<\/p>\n<div class=\"elementor-element elementor-element-70b9 elementor-widget elementor-widget-text-editor\" data-id=\"70b9\" data-element_type=\"text-editor.default\">\n<div class=\"elementor-widget-container\">\n<div class=\"elementor-text-editor elementor-clearfix\">\n<p>Gastroenteroloji, sindirim sistemi (mide,ba\u011f\u0131rsak), karaci\u011fer, safra yollar\u0131 ve pankreas hastal\u0131klar\u0131 ile ilgilenen bir bilim dal\u0131d\u0131r. Gastroenteroloji birimi \u00e7e\u015fitli sindirim sistemi hastal\u0131klar\u0131n\u0131n tan\u0131 ve tedavisi ile ilgilenir.<\/p><\/div>\n<\/div>\n<\/div>\n<p>[\/vc_column_text]<h4 style=\"text-align:left;\" class=\"tm-custom-heading \" >Hizmetler<\/h4>\n[vc_column_text css=&#8221;.vc_custom_1683634392679{margin-bottom: 10px !important;}&#8221;]<\/p>\n<div class=\"elementor-element elementor-element-2f3 elementor-widget elementor-widget-text-editor\" data-id=\"2f3\" data-element_type=\"text-editor.default\">\n<div class=\"elementor-widget-container\">\n<div class=\"elementor-text-editor elementor-clearfix\">\n<p>Gastroenteroloji ve hepatoloji b\u00f6l\u00fcm\u00fcm\u00fczde, yemek borusu mide ince barsak kal\u0131n barsak ve anorektal b\u00f6lge<\/p>\n<p>hastal\u0131klar\u0131 ile karaci\u011fer, pankreas , safra kesesi ve safra yollar\u0131 ile ilgili b\u00fct\u00fcn hastal\u00fdklar\u00fdn tan\u00fd ve<\/p>\n<p>tedavisi yap\u0131lmaktad\u0131r .Sindirim sistemine ili\u015fkin organlar\u0131 hastal\u0131klar\u0131n\u0131n t\u0131bbi tedavisinin yan\u0131 s\u0131ra \u00f6zellik<\/p>\n<p>ile ileri teknik i\u015flemlerden ba\u015fta ERCP olmak \u00fczere ,sindirim sistemi t\u00fcm\u00f6rler\u0131nde metal stent takma<\/p>\n<p>,Peg tak\u0131lmas\u0131 , mide ve kal\u0131n barsak poliplerinin al\u0131nmas\u0131 ,akalazya balon tedavisi,\u00f6zefagus varislerinde<\/p>\n<p>band ligasyonu vb . b\u00fct\u00fcn endoskopik ve kolonoskopik i\u015flemler yap\u0131lmaktad\u0131r<\/p>\n<p>Hastanemiz de sahip oldu\u011fumuz endoskpi \u00fcnitemiz b\u00f6lgemizin en b\u00fcy\u00fck \u00fcniteleri aras\u0131nda olup en son<\/p>\n<p>teknolojik cihazlar ile donat\u0131lm\u0131\u015ft\u0131r. Her i\u015flemden \u00f6nce b\u00fct\u00fcn cihazlar\u0131m\u0131z \u00fcst d\u00fczey dezenfektalar ile<\/p>\n<p>temizlenmektedir. Endoskopik inceleme ve i\u015flemler i\u00e7in hasta konforunu \u00f6n planda tutulmu\u015f b\u00fct\u00fcn<\/p>\n<p>hastalar\u0131m\u0131z i\u015flem \u00f6ncesi tek kullan\u0131ml\u0131k endoskopi k\u0131yafetleri giydirilerek i\u015fleme al\u0131nmaktad\u0131r. B\u00fct\u00fcn<\/p>\n<p>endoskopik i\u015flemlerimiz \u00fcnitemizin b\u00fcnyesinde bulunan anestezi ekipmanlar\u0131 ile ANESTEZ\u0130<\/p>\n<p>ekibimizin kontrolunde UYUTULARAK yap\u0131lmaktd\u0131r.<\/p>\n<p>&nbsp;<\/p>\n<p>Hastanemiz Gastroenterohepatoloji b\u00f6l\u00fcm\u00fcnde verdi\u011fimiz hizmetler ve yap\u0131lan ba\u015fl\u0131ca i\u015flemler:<\/p>\n<p>&nbsp;<\/p>\n<p>\u00dcst Gastrointestinal Sistem Endoskopileri (endoskopi\/gastroskopi) : yemek borusu (\u00f6zefagus ) mide ve<\/p>\n<p>ince barsak hastal\u0131klar\u0131 te\u015fhis ve tedavisinde kullanmak \u00fczere b\u00fct\u00fcn ileri teknik endoskopik i\u015flemler<\/p>\n<p>Alt Gastrointestinal Sistem Endoskopileri (kolonoskopi\/sigmoidoskopi) : kal\u0131n barsak ve ince barsak<\/p>\n<p>hastal\u0131klar\u0131 te\u015fhis ve tedaviside kullanmak \u00fczere b\u00fct\u00fcn ileri teknik endoskopik i\u015flemler<\/p>\n<p>Polipektomiler, enjeksiyon skleroterapileri \/ band ligasyonlar\u0131 (Poliplerin kesilerek \u00e7\u0131kar\u0131lmas\u0131, Hemoroid<\/p>\n<p>ve kanamalara ila\u00e7 enjeksiyonu \/ bantla ya da yak\u0131larak tedaviler)<\/p>\n<p>ERCP \u2013 Endoskopik retrograd kolanjiyo pankreatografi (Safra ve pankreas kanal\u0131n\u0131n endoskopik olarak<\/p>\n<p>tetkiki ve tedavisi, safra kanal\u0131 ta\u015flar\u0131n\u0131n ameliyats\u0131z c\u0131kar\u0131lmas\u0131 ,safra ve pankreas kanallar\u0131<\/p>\n<p>t\u0131kan\u0131kl\u0131klar\u0131na metal veya plastik stent tak\u0131lmas\u0131)<\/p>\n<p>Sindirim sistemi kanal\u0131ndaki darl\u0131klara (akalazya gibi ) \u00dclserlere ba\u011fl\u0131 olu\u015fan mide \u00e7\u0131k\u0131\u015f\u0131 darl\u0131klar\u0131 veya<\/p>\n<p>t\u00fcm\u00f6rlere ;BALON \u0130LE D\u0130LATASYON ve STENT (plastik ya da metal yapay kanal) i\u015flemleri<\/p>\n<p>PEG \/ PEJ \/ J-PEG ( demansl\u0131, Alzheimerli ,felcli ve herhangi bir neden ile yemek yiyemeyen hastalara<\/p>\n<p>beslenme kolayl\u0131\u011f\u0131 sa\u011flayan y\u00f6ntem bu y\u00f6ntem ile kar\u0131n duvar\u0131 ile mide ya da ince ba\u011f\u0131rsa\u011f\u0131n<\/p>\n<p>a\u011f\u0131zla\u015ft\u0131r\u0131larak, beslenme t\u00fcp\u00fc ak\u0131lmas\u0131)<\/p>\n<p>Mide i\u00e7i balon uygulamalar\u0131 ve Botok uygulamas\u0131 (ameliyats\u0131z kilo verme y\u00f6ntemlerinden olan bu iki metod<\/p>\n<p>ihastanemizde anestezi e\u015fli\u011finde k\u0131sa surede yap\u0131lmaktad\u0131r.)<\/p>\n<p>Endoskopik hemoroid tedavileri (enjeksiyon skleroterapisi \/ band ligasyonu)<\/p>\n<p>\u00d6zofagus mide ve duodenum pasaj grafisi (Yemek borusu ,mide ve ince barsak radyolojik incelemesi ve<\/p>\n<p>akalazya gibi hastal\u0131klar\u0131n te\u015fhisi)<\/p>\n<p>Kaps\u00fcl Endoskopi (Kamera ta\u015f\u0131yan bir kaps\u00fcl yutturularak \u00e7ekilen resimler arac\u0131l\u0131\u011f\u0131 ile ba\u011f\u0131rsaklar\u0131n<\/p>\n<p>i\u00e7inin g\u00f6r\u00fcnt\u00fclenmesi)<\/p>\n<p>\u00c7\u00f6lyak hastal\u0131\u011f\u0131 takip ve tedavisi<\/p>\n<p>Crohn Hastal\u0131\u011f\u0131 ve \u00fclseratif Kolitin takip ve tedavisi<\/p>\n<p>karaci\u011fer Nakilli hastalar\u0131n takip ve tedavisi<\/p>\n<p>Karaci\u011fer tahlil y\u00fcksekli\u011fi ara\u015ft\u0131r\u0131lmas\u0131<\/p>\n<p>karaci\u011fer Ya\u011flanmas\u0131 tak\u0131p ve tedav\u0131<\/p>\n<p>Karaci\u011fer sirozu takip ve tedavileri<\/p>\n<p>hepatit B _C takip ve tedavisi<\/p>\n<p>Otoimm\u00fcn hepatit \u2013 Wilson hastal\u0131\u011f\u0131 \u2013 primer bilier siroz -primer sklerozan kolanjit vb \u00f6zelikli<\/p>\n<p>hastal\u0131klar\u0131n takip ve tedavisi<\/p>\n<p>&nbsp;<\/p>\n<p>Alkolik karaci\u011fer hastal\u0131\u011f\u0131 takip ve tedavisi<\/p>\n<p>Stresli Barsak Hastalar\u0131nda (\u0130BS) G\u0131da alerjisi testi ile do\u011fru ve uygun beslenme tedavisi<\/p>\n<p>Refl\u00fc hastal\u0131\u011f\u0131 tedavisi ve takibi<\/p>\n<p>Mide \u00fclser ve di\u011fer hastal\u0131lar\u0131 tedavisi ve takibi<\/p>\n<p>Kabz\u0131l\u0131k,haz\u0131ms\u0131zl\u0131k,\u0130rritable barsak sendromu tedavi ve takibi<\/p>\n<p>kronik (uzun s\u00fcreli ) ishal ,ac\u0131klanamayan kilo kayb\u0131 ve i\u015ftahs\u0131zl\u0131k olan hastalr\u0131n tedavisi ve takibi<\/p>\n<p>ac\u0131klanamayan kar\u0131n a\u011fr\u0131s\u0131 olan hastalar\u0131n tedav\u0131 ve takibi<\/p>\n<p>&nbsp;<\/p>\n<p>Unutmay\u0131n ki Erken te\u015fhis hayat kurtar\u0131r.<\/p>\n<p>A\u015fa\u011f\u0131daki \u015fikayet ve belirtilerde mutlaka gastroenteroloji ve hepatoloji b\u00f6l\u00fcm\u00fcm\u00fczze ba\u015fvurun :<\/p>\n<p>Midede ek\u015fime, a\u011fza asitli s\u0131v\u0131 gelmesi, g\u00f6\u011f\u00fcste yanma, mide bulant\u0131s\u0131 ve inat\u00e7\u0131 kusma, ate\u015f, yorgunluk<\/p>\n<p>gibi \u015fikayetlerinizde<\/p>\n<p>Yutma g\u00fc\u00e7l\u00fc\u011f\u00fc (disfaji) ve yutkunurken tak\u0131lma hissi \u015fikayetinizde<\/p>\n<p>Sebebi bulunamayan a\u015f\u0131r\u0131 kilo kayb\u0131 durumunda<\/p>\n<p>Yeterli ve dengeli beslenmesine kar\u015f\u0131l\u0131k kans\u0131zl\u0131k (anemi) sorunu ya\u015f\u0131yorsan\u0131z<\/p>\n<p>Kahverengi ve k\u0131rm\u0131z\u0131 kusma, kanl\u0131 ishal ve siyah renkli d\u0131\u015fk\u0131 \u015fikayetiniz varsa ,<\/p>\n<p>\u00d6nceden gastrointestinal sisteme ili\u015fkin cerrahi operasyon ge\u00e7irmi\u015f ve kontrolden ge\u00e7mesi gereken<\/p>\n<p>hastal\u0131klarda<\/p>\n<p>Uzun s\u00fcren inat\u00e7\u0131 ve tedaviye yan\u0131ts\u0131z kalan kab\u0131zl\u0131k \u015fikayetinizde ,<\/p>\n<p>Ultrasonografi ve tomografi gibi g\u00f6r\u00fcnt\u00fcleme i\u015flemlerinde \u015f\u00fcpheli lezyonlara rastlan\u0131lmas\u0131 durumunda bu<\/p>\n<p>lezyonlardan biyopsi al\u0131nmas\u0131 gereken durumunuz varsa<\/p>\n<p>D\u0131\u015fk\u0131n\u0131n siyah renkli olmas\u0131, rektal kanama ve d\u0131\u015fk\u0131da kan g\u00f6r\u00fclmesi durumlar\u0131nda<\/p>\n<p>Nedeni bulunamayan kar\u0131n a\u011fr\u0131lar\u0131, ishal ve kab\u0131zl\u0131klarda,<\/p>\n<p>Ba\u011f\u0131rsak polipleriniz varsa ve al\u0131nmam\u0131\u015f ise<\/p>\n<p>Ailenizde ba\u011f\u0131rsak kanseri \u00f6yk\u00fcs\u00fcn\u00fcn varsa,<\/p>\n<p>Nedeni bulunamayan kans\u0131zl\u0131k durumlar\u0131nda ,<\/p>\n<p>Gaita testi sonucunda d\u0131\u015fk\u0131da kan tespit edilen durumlarda<\/p>\n<p>D\u0131\u015fk\u0131 yap\u0131s\u0131n\u0131n uzun s\u00fcre boyunca normalin d\u0131\u015f\u0131nda oldu\u011fu durumlarda<\/p><\/div>\n<\/div>\n<\/div>\n<p>[\/vc_column_text][vc_row_inner][vc_column_inner width=&#8221;1\/2&#8243;]<ul class=\"tm-list tm-list-style-icon tm-list-icon-color-skincolor tm-black tm-icon-skincolor tm-list-textsize- tm-list-icon-library-fontawesome\"><\/ul>[\/vc_column_inner][vc_column_inner width=&#8221;1\/2&#8243; tm_responsive_css=&#8221;40737847|colbreak_no|||||||||colbreak_no|-33px||||||||colbreak_no||||||||||colbreak_no|||||||||&#8221;]<ul class=\"tm-list tm-list-style-icon tm-list-icon-color-skincolor tm-black tm-icon-skincolor tm-list-textsize- tm-list-icon-library-fontawesome\"><\/ul>[\/vc_column_inner][\/vc_row_inner][\/vc_column][\/vc_row][vc_row tm_bgimagefixed=&#8221;&#8221; break_in_responsive=&#8221;991&#8243; css=&#8221;.vc_custom_1543407948016{padding-top: 10px !important;}&#8221;][vc_column]<h4 style=\"text-align:left;\" class=\"tm-custom-heading \" >Servis Doktorlar\u0131m\u0131z<\/h4>\n[vc_separator color=&#8221;custom&#8221; accent_color=&#8221;#ebebeb&#8221;]<div class=\"themetechmount-boxes themetechmount-boxes-team themetechmount-boxes-view-default themetechmount-boxes-col-three themetechmount-boxes-sortable-no themetechmount-boxes-textalign-center themetechmount-boxes-sortablebutton-\">\n\t\t<div class=\"themetechmount-boxes-inner themetechmount-boxes-team-inner \">\n\t\t\t\n\t\t\t<div class=\"row multi-columns-row themetechmount-boxes-row-wrapper\">\n\t\t\t\t<div class=\"tm-box-col-wrapper col-lg-4 col-sm-6 col-md-4 col-xs-12 gastroenteroloji\"><article class=\"themetechmount-box themetechmount-box-team themetechmount-teambox-view-overlay\">\n\t<div class=\"themetechmount-post-item\">\n\t\t<div class=\"themetechmount-team-image-box\">\n\t\t\t\n\t\t<span class=\"themetechmount-item-thumbnail\">\n\t\t\t<span class=\"themetechmount-item-thumbnail-inner\">\n\t\t\t\t<img fetchpriority=\"high\" decoding=\"async\" width=\"380\" height=\"500\" src=\"https:\/\/www.giresunadahastanesi.com\/wp-content\/uploads\/2023\/05\/evrenkanat-380x500.jpg\" class=\"attachment-themetechmount-img-teamoverlay size-themetechmount-img-teamoverlay wp-post-image\" alt=\"\" data-id=\"3523\" \/>\n\t\t\t<\/span>\n\t\t<\/span>\t        <div class=\"themetechmount-overlay\">\n\t\t\t\t<div class=\"themetechmount-icon-box themetechmount-box-link\"><a href=\"https:\/\/www.giresunadahastanesi.com\/tr\/team-member\/uzm-dr-evren-kanat\/\"><i class=\"tm-brivona-icon-plus-1\"><\/i><\/a><\/div>\t\n\t\t\t<\/div>\t\n\t\t<\/div>\t\n\t\t\t<div class=\"themetechmount-box-content\">\n\t\t\t\t<div class=\"themetechmount-team-position\">Gastroentereloji<\/div>\n\t\t\t\t<div class=\"themetechmount-box-title\"><h4><a href=\"https:\/\/www.giresunadahastanesi.com\/tr\/team-member\/uzm-dr-evren-kanat\/\">Uzm.Dr. Evren KANAT<\/a><\/h4><\/div>\t\t\t\t\t\t\t\t\n\t\t\t<\/div>\t\t\t\n\t<\/div>\n<\/article>\n <\/div>\n\t\t\t<\/div>\n\t\t<\/div><!-- .themetechmount-boxes-inner -->   <\/div><!-- .themetechmount-boxes -->  [\/vc_column][\/vc_row]<\/p>\n<\/div>","protected":false},"excerpt":{"rendered":"<p>[vc_row tm_bgimagefixed=&#8221;&#8221; break_in_responsive=&#8221;991&#8243;][vc_column][vc_single_image image=&#8221;2962&#8243; img_size=&#8221;full&#8221; alignment=&#8221;center&#8221;][vc_column_text css=&#8221;.vc_custom_1683634367181{margin-bottom: 20px !important;}&#8221;] Gastroenteroloji, sindirim sistemi (mide,ba\u011f\u0131rsak), karaci\u011fer, safra yollar\u0131 ve pankreas hastal\u0131klar\u0131 ile ilgilenen bir bilim dal\u0131d\u0131r. Gastroenteroloji birimi \u00e7e\u015fitli sindirim sistemi hastal\u0131klar\u0131n\u0131n tan\u0131 ve tedavisi ile ilgilenir. [\/vc_column_text][vc_column_text css=&#8221;.vc_custom_1683634392679{margin-bottom: 10px !important;}&#8221;] Gastroenteroloji ve hepatoloji b\u00f6l\u00fcm\u00fcm\u00fczde, yemek borusu mide ince barsak kal\u0131n barsak ve anorektal b\u00f6lge hastal\u0131klar\u0131 ile &hellip; <a href=\"https:\/\/www.giresunadahastanesi.com\/tr\/team-member\/uzm-dr-evren-kanat\/\" class=\"more-link\">Continue reading <span class=\"screen-reader-text\">Uzm.Dr. Evren KANAT<\/span><\/a><\/p>\n","protected":false},"author":1,"featured_media":0,"parent":0,"menu_order":23,"comment_status":"closed","ping_status":"closed","template":"","meta":{"footnotes":""},"class_list":["post-3453","page","type-page","status-publish","hentry"],"_links":{"self":[{"href":"https:\/\/www.giresunadahastanesi.com\/tr\/wp-json\/wp\/v2\/pages\/3453","targetHints":{"allow":["GET"]}}],"collection":[{"href":"https:\/\/www.giresunadahastanesi.com\/tr\/wp-json\/wp\/v2\/pages"}],"about":[{"href":"https:\/\/www.giresunadahastanesi.com\/tr\/wp-json\/wp\/v2\/types\/page"}],"author":[{"embeddable":true,"href":"https:\/\/www.giresunadahastanesi.com\/tr\/wp-json\/wp\/v2\/users\/1"}],"replies":[{"embeddable":true,"href":"https:\/\/www.giresunadahastanesi.com\/tr\/wp-json\/wp\/v2\/comments?post=3453"}],"version-history":[{"count":2,"href":"https:\/\/www.giresunadahastanesi.com\/tr\/wp-json\/wp\/v2\/pages\/3453\/revisions"}],"predecessor-version":[{"id":8020,"href":"https:\/\/www.giresunadahastanesi.com\/tr\/wp-json\/wp\/v2\/pages\/3453\/revisions\/8020"}],"wp:attachment":[{"href":"https:\/\/www.giresunadahastanesi.com\/tr\/wp-json\/wp\/v2\/media?parent=3453"}],"curies":[{"name":"wp","href":"https:\/\/api.w.org\/{rel}","templated":true}]}}