{"id":3459,"date":"2023-05-09T15:18:48","date_gmt":"2023-05-09T12:18:48","guid":{"rendered":"https:\/\/www.giresunadahastanesi.com\/?page_id=3459"},"modified":"2023-10-13T11:28:47","modified_gmt":"2023-10-13T08:28:47","slug":"servisler-ic-hastaliklari","status":"publish","type":"page","link":"https:\/\/www.giresunadahastanesi.com\/tr\/servisler-ic-hastaliklari\/","title":{"rendered":"\u0130\u00e7 Hastal\u0131klar\u0131"},"content":{"rendered":"<div class=\"wpb-content-wrapper\"><p>[vc_row tm_bgimagefixed=&#8221;&#8221; break_in_responsive=&#8221;991&#8243;][vc_column][vc_single_image image=&#8221;2962&#8243; img_size=&#8221;full&#8221; alignment=&#8221;center&#8221;][vc_column_text css=&#8221;.vc_custom_1683634676092{margin-bottom: 20px !important;}&#8221;]<\/p>\n<div class=\"elementor-element elementor-element-3e51 elementor-widget elementor-widget-text-editor\" data-id=\"3e51\" data-element_type=\"text-editor.default\">\n<div class=\"elementor-widget-container\">\n<div class=\"elementor-text-editor elementor-clearfix\">\n<p>G\u00fcn\u00fcm\u00fczdeki bilimsel geli\u015fmelerin \u0131\u015f\u0131\u011f\u0131nda ayr\u0131nt\u0131l\u0131 fizik muayene do\u011frultusunda gerekli modern tetkikler, laboratuar (kan, idrar, d\u0131\u015fk\u0131 vb.), radyolojik incelemeler (r\u00f6ntgen, ultrasonografi, mammografi, bilgisayarl\u0131 tomografi, MR, kemik yo\u011funlu\u011fu, vb.), gerekli durumlarda endoskopik incelemeler (\u00fcst gastrointestinal sistem endoskopisi, kolonoskopi, vb.) ve EKG, Ekokardiyografi gibi gerekli t\u00fcm tetkikleri kullanarak hastal\u0131klar\u0131n erken ve kesin tan\u0131s\u0131n\u0131 sa\u011flar.<\/p><\/div>\n<\/div>\n<\/div>\n<p>[\/vc_column_text]<h4 style=\"text-align:left;\" class=\"tm-custom-heading \" >Hizmetler<\/h4>\n[vc_column_text css=&#8221;.vc_custom_1683634717734{margin-bottom: 10px !important;}&#8221;]<\/p>\n<div class=\"elementor-element elementor-element-66cb elementor-widget elementor-widget-text-editor\" data-id=\"66cb\" data-element_type=\"text-editor.default\">\n<div class=\"elementor-widget-container\">\n<div class=\"elementor-text-editor elementor-clearfix\">\n<p>\u0130\u00e7 Hastal\u0131klar\u0131 B\u00f6l\u00fcm\u00fc, \u00fcst ve alt solunum yolu hastal\u0131klar\u0131, ate\u015fli hastal\u0131klar, hipertansiyon, \u015feker hastal\u0131\u011f\u0131, tiroid hastal\u0131klar\u0131, kolesterol ve trigliserid y\u00fckseklikleri, sindirim sistemi hastal\u0131klar\u0131 (gastrit, \u00fclser, refl\u00fc, spastik kolit, vb.), karaci\u011fer ve safra kesesi hastal\u0131klar\u0131, akci\u011fer hastal\u0131klar\u0131 (kronik bron\u015fit, amfizem, ast\u0131m vb.), b\u00f6brek hastal\u0131klar\u0131, kans\u0131zl\u0131k ve kan hastal\u0131klar\u0131 tan\u0131 ve tedavisi, \u00e7e\u015fitli kanser hastal\u0131klar\u0131n\u0131n erken tan\u0131s\u0131, romatizmal hastal\u0131klar, kas ve iskelet sistemi hastal\u0131klar\u0131n\u0131 kapsar.<\/p>\n<div class=\"elementor-element elementor-element-3976 elementor-column elementor-col-66 elementor-top-column\" data-id=\"3976\" data-element_type=\"column\">\n<div class=\"elementor-column-wrap elementor-element-populated\">\n<div class=\"elementor-widget-wrap\">\n<div class=\"elementor-element elementor-element-66b5 elementor-widget elementor-widget-text-editor\" data-id=\"66b5\" data-element_type=\"text-editor.default\">\n<div class=\"elementor-widget-container\">\n<div class=\"elementor-text-editor elementor-clearfix\">\n<p>\u0130\u00e7 Hastal\u0131klar\u0131 bilimsel ve teknolojik geli\u015fmelere paralel olarak bir\u00e7ok yan dala ayr\u0131lmakla beraber hastan\u0131n bir b\u00fct\u00fcn olarak de\u011ferlendirilmesi, ileri tetkiklerinin yap\u0131larak te\u015fhisinin konulmas\u0131 ve tedavisinin d\u00fczenlenmesi a\u00e7\u0131s\u0131ndan b\u00fcy\u00fck \u00f6nem ta\u015f\u0131r.<\/p>\n<p>\u0130\u00e7 Hastal\u0131klar\u0131 B\u00f6l\u00fcm\u00fc, \u00fcst ve alt solunum yolu hastal\u0131klar\u0131, ate\u015fli hastal\u0131klar, hipertansiyon, \u015feker hastal\u0131\u011f\u0131, tiroid hastal\u0131klar\u0131, kolesterol ve trigliserid y\u00fckseklikleri, sindirim sistemi hastal\u0131klar\u0131 (gastrit, \u00fclser, refl\u00fc, spastik kolit, vb.), karaci\u011fer ve safra kesesi hastal\u0131klar\u0131, akci\u011fer hastal\u0131klar\u0131 (kronik bron\u015fit, amfizem, ast\u0131m vb.), b\u00f6brek hastal\u0131klar\u0131, kans\u0131zl\u0131k ve kan hastal\u0131klar\u0131 tan\u0131 ve tedavisi, \u00e7e\u015fitli kanser hastal\u0131klar\u0131n\u0131n erken tan\u0131s\u0131, romatizmal hastal\u0131klar, kas ve iskelet sistemi hastal\u0131klar\u0131n\u0131 kapsar.<\/p>\n<p>Genel Dahiliye B\u00f6l\u00fcm\u00fcnde konulan te\u015fhis do\u011frultusunda gerekti\u011finde gerek i\u00e7 hastal\u0131klar\u0131 yan dallar\u0131-endokrinoloji, gastroentroloji, romatoloji, vb. gerekse kardiyoloji, g\u00f6\u011f\u00fcs hastal\u0131klar\u0131, enfeksiyon hastal\u0131klar\u0131, n\u00f6roloji, t\u00fcm cerrahi b\u00f6l\u00fcmler, psikiyatri b\u00f6l\u00fcmleri ile i\u015fbirli\u011fi i\u00e7inde, gerekti\u011finde hastay\u0131 ilgili b\u00f6l\u00fcme sevk ederek hastan\u0131n t\u00fcm sa\u011fl\u0131k problemlerinin \u00e7\u00f6z\u00fcm\u00fc i\u00e7in u\u011fra\u015f\u0131r.<\/p>\n<p>Genel Dahiliye hizmeti poliklinik muayeneleri, yatarak takip ve tedavi, acil servis ve check-up\u2019\u0131 i\u00e7erir. Check-up ki\u015finin herhangi bir \u015fikayeti olmaks\u0131z\u0131n belirli periyotlarla yap\u0131lan ve ki\u015finin cins, ya\u015f ve artan risk fakt\u00f6rleri do\u011frultusunda yap\u0131lan geni\u015f kapsaml\u0131 sa\u011fl\u0131k taramas\u0131d\u0131r. Check-up\u2019lar sayesinde bir\u00e7ok hayati \u00f6nem ta\u015f\u0131yan hastal\u0131klar\u0131n tan\u0131s\u0131n\u0131n m\u00fcmk\u00fcn olan en erken d\u00f6nemde konulabilmesi hastal\u0131klar\u0131n tedavi ba\u015far\u0131 olas\u0131l\u0131klar\u0131n\u0131 artt\u0131rabilmektedir.<\/p><\/div>\n<\/div>\n<\/div>\n<\/div>\n<\/div>\n<\/div>\n<div class=\"elementor-element elementor-element-5067 elementor-column elementor-col-33 elementor-top-column\" data-id=\"5067\" data-element_type=\"column\">\n<div class=\"elementor-column-wrap elementor-element-populated\">\n<div class=\"elementor-widget-wrap\">\n<div class=\"elementor-element elementor-element-645a elementor-widget elementor-widget-spacer\" data-id=\"645a\" data-element_type=\"spacer.default\">\n<div class=\"elementor-widget-container\">\n<div class=\"elementor-spacer\"><\/div>\n<\/div>\n<\/div>\n<\/div>\n<\/div>\n<\/div>\n<\/div>\n<\/div>\n<\/div>\n<p>[\/vc_column_text][vc_row_inner][vc_column_inner width=&#8221;1\/2&#8243;]<ul class=\"tm-list tm-list-style-icon tm-list-icon-color-skincolor tm-black tm-icon-skincolor tm-list-textsize- tm-list-icon-library-fontawesome\"><\/ul>[\/vc_column_inner][vc_column_inner width=&#8221;1\/2&#8243; tm_responsive_css=&#8221;40737847|colbreak_no|||||||||colbreak_no|-33px||||||||colbreak_no||||||||||colbreak_no|||||||||&#8221;]<ul class=\"tm-list tm-list-style-icon tm-list-icon-color-skincolor tm-black tm-icon-skincolor tm-list-textsize- tm-list-icon-library-fontawesome\"><\/ul>[\/vc_column_inner][\/vc_row_inner][\/vc_column][\/vc_row][vc_row tm_bgimagefixed=&#8221;&#8221; break_in_responsive=&#8221;991&#8243; css=&#8221;.vc_custom_1543407948016{padding-top: 10px !important;}&#8221;][vc_column]<h4 style=\"text-align:left;\" class=\"tm-custom-heading \" >Servis Doktorlar\u0131m\u0131z<\/h4>\n[vc_separator color=&#8221;custom&#8221; accent_color=&#8221;#ebebeb&#8221;]<div class=\"themetechmount-boxes themetechmount-boxes-team themetechmount-boxes-view-default themetechmount-boxes-col-three themetechmount-boxes-sortable-no themetechmount-boxes-textalign-center themetechmount-boxes-sortablebutton-\">\n\t\t<div class=\"themetechmount-boxes-inner themetechmount-boxes-team-inner \">\n\t\t\t\n\t\t\t<div class=\"row multi-columns-row themetechmount-boxes-row-wrapper\">\n\t\t\t\t<div class=\"tm-box-col-wrapper col-lg-4 col-sm-6 col-md-4 col-xs-12 ic-hastaliklari\"><article class=\"themetechmount-box themetechmount-box-team themetechmount-teambox-view-overlay\">\n\t<div class=\"themetechmount-post-item\">\n\t\t<div class=\"themetechmount-team-image-box\">\n\t\t\t\n\t\t<span class=\"themetechmount-item-thumbnail\">\n\t\t\t<span class=\"themetechmount-item-thumbnail-inner\">\n\t\t\t\t<img fetchpriority=\"high\" decoding=\"async\" width=\"380\" height=\"500\" src=\"https:\/\/www.giresunadahastanesi.com\/wp-content\/uploads\/2023\/05\/hasanbodur-2-380x500.jpg\" class=\"attachment-themetechmount-img-teamoverlay size-themetechmount-img-teamoverlay wp-post-image\" alt=\"\" data-id=\"3515\" \/>\n\t\t\t<\/span>\n\t\t<\/span>\t        <div class=\"themetechmount-overlay\">\n\t\t\t\t<div class=\"themetechmount-icon-box themetechmount-box-link\"><a href=\"https:\/\/www.giresunadahastanesi.com\/tr\/team-member\/uzm-dr-hasan-bodur\/\"><i class=\"tm-brivona-icon-plus-1\"><\/i><\/a><\/div>\t\n\t\t\t<\/div>\t\n\t\t<\/div>\t\n\t\t\t<div class=\"themetechmount-box-content\">\n\t\t\t\t<div class=\"themetechmount-team-position\">\u0130\u00e7 Hastal\u0131klar\u0131<\/div>\n\t\t\t\t<div class=\"themetechmount-box-title\"><h4><a href=\"https:\/\/www.giresunadahastanesi.com\/tr\/team-member\/uzm-dr-hasan-bodur\/\">Uzm.Dr. Hasan BODUR<\/a><\/h4><\/div>\t\t\t\t\t\t\t\t\n\t\t\t<\/div>\t\t\t\n\t<\/div>\n<\/article>\n <\/div><div class=\"tm-box-col-wrapper col-lg-4 col-sm-6 col-md-4 col-xs-12 ic-hastaliklari\"><article class=\"themetechmount-box themetechmount-box-team themetechmount-teambox-view-overlay\">\n\t<div class=\"themetechmount-post-item\">\n\t\t<div class=\"themetechmount-team-image-box\">\n\t\t\t\n\t\t<span class=\"themetechmount-item-thumbnail\">\n\t\t\t<span class=\"themetechmount-item-thumbnail-inner\">\n\t\t\t\t<img decoding=\"async\" width=\"380\" height=\"500\" src=\"https:\/\/www.giresunadahastanesi.com\/wp-content\/uploads\/2023\/05\/mehmetfalakaloglu-2-380x500.jpg\" class=\"attachment-themetechmount-img-teamoverlay size-themetechmount-img-teamoverlay wp-post-image\" alt=\"\" data-id=\"3516\" \/>\n\t\t\t<\/span>\n\t\t<\/span>\t        <div class=\"themetechmount-overlay\">\n\t\t\t\t<div class=\"themetechmount-icon-box themetechmount-box-link\"><a href=\"https:\/\/www.giresunadahastanesi.com\/tr\/team-member\/uzm-dr-mehmet-falakaloglu\/\"><i class=\"tm-brivona-icon-plus-1\"><\/i><\/a><\/div>\t\n\t\t\t<\/div>\t\n\t\t<\/div>\t\n\t\t\t<div class=\"themetechmount-box-content\">\n\t\t\t\t<div class=\"themetechmount-team-position\">\u0130\u00e7 Hastal\u0131klar\u0131<\/div>\n\t\t\t\t<div class=\"themetechmount-box-title\"><h4><a href=\"https:\/\/www.giresunadahastanesi.com\/tr\/team-member\/uzm-dr-mehmet-falakaloglu\/\">Uzm.Dr. Mehmet FALAKALO\u011eLU<\/a><\/h4><\/div>\t\t\t\t\t\t\t\t\n\t\t\t<\/div>\t\t\t\n\t<\/div>\n<\/article>\n <\/div>\n\t\t\t<\/div>\n\t\t<\/div><!-- .themetechmount-boxes-inner -->   <\/div><!-- .themetechmount-boxes -->  [\/vc_column][\/vc_row]<\/p>\n<\/div>","protected":false},"excerpt":{"rendered":"<p>[vc_row tm_bgimagefixed=&#8221;&#8221; break_in_responsive=&#8221;991&#8243;][vc_column][vc_single_image image=&#8221;2962&#8243; img_size=&#8221;full&#8221; alignment=&#8221;center&#8221;][vc_column_text css=&#8221;.vc_custom_1683634676092{margin-bottom: 20px !important;}&#8221;] G\u00fcn\u00fcm\u00fczdeki bilimsel geli\u015fmelerin \u0131\u015f\u0131\u011f\u0131nda ayr\u0131nt\u0131l\u0131 fizik muayene do\u011frultusunda gerekli modern tetkikler, laboratuar (kan, idrar, d\u0131\u015fk\u0131 vb.), radyolojik incelemeler (r\u00f6ntgen, ultrasonografi, mammografi, bilgisayarl\u0131 tomografi, MR, kemik yo\u011funlu\u011fu, vb.), gerekli durumlarda endoskopik incelemeler (\u00fcst gastrointestinal sistem endoskopisi, kolonoskopi, vb.) ve EKG, Ekokardiyografi gibi gerekli t\u00fcm tetkikleri kullanarak hastal\u0131klar\u0131n &hellip; <a href=\"https:\/\/www.giresunadahastanesi.com\/tr\/team-member\/uzm-dr-mehmet-falakaloglu\/\" class=\"more-link\">Continue reading <span class=\"screen-reader-text\">Uzm.Dr. Mehmet FALAKALO\u011eLU<\/span><\/a><\/p>\n","protected":false},"author":1,"featured_media":0,"parent":0,"menu_order":23,"comment_status":"closed","ping_status":"closed","template":"","meta":{"footnotes":""},"class_list":["post-3459","page","type-page","status-publish","hentry"],"_links":{"self":[{"href":"https:\/\/www.giresunadahastanesi.com\/tr\/wp-json\/wp\/v2\/pages\/3459","targetHints":{"allow":["GET"]}}],"collection":[{"href":"https:\/\/www.giresunadahastanesi.com\/tr\/wp-json\/wp\/v2\/pages"}],"about":[{"href":"https:\/\/www.giresunadahastanesi.com\/tr\/wp-json\/wp\/v2\/types\/page"}],"author":[{"embeddable":true,"href":"https:\/\/www.giresunadahastanesi.com\/tr\/wp-json\/wp\/v2\/users\/1"}],"replies":[{"embeddable":true,"href":"https:\/\/www.giresunadahastanesi.com\/tr\/wp-json\/wp\/v2\/comments?post=3459"}],"version-history":[{"count":2,"href":"https:\/\/www.giresunadahastanesi.com\/tr\/wp-json\/wp\/v2\/pages\/3459\/revisions"}],"predecessor-version":[{"id":8024,"href":"https:\/\/www.giresunadahastanesi.com\/tr\/wp-json\/wp\/v2\/pages\/3459\/revisions\/8024"}],"wp:attachment":[{"href":"https:\/\/www.giresunadahastanesi.com\/tr\/wp-json\/wp\/v2\/media?parent=3459"}],"curies":[{"name":"wp","href":"https:\/\/api.w.org\/{rel}","templated":true}]}}