{"id":3470,"date":"2023-05-09T15:26:36","date_gmt":"2023-05-09T12:26:36","guid":{"rendered":"https:\/\/www.giresunadahastanesi.com\/?page_id=3470"},"modified":"2023-10-13T11:30:34","modified_gmt":"2023-10-13T08:30:34","slug":"servisler-laboratuar","status":"publish","type":"page","link":"https:\/\/www.giresunadahastanesi.com\/tr\/servisler-laboratuar\/","title":{"rendered":"Laboratuar"},"content":{"rendered":"<div class=\"wpb-content-wrapper\"><p>[vc_row tm_bgimagefixed=&#8221;&#8221; break_in_responsive=&#8221;991&#8243;][vc_column][vc_single_image image=&#8221;2962&#8243; img_size=&#8221;full&#8221; alignment=&#8221;center&#8221;][vc_column_text css=&#8221;.vc_custom_1683635162133{margin-bottom: 20px !important;}&#8221;]<\/p>\n<div class=\"elementor-element elementor-element-2084 elementor-column elementor-col-50 elementor-top-column\" data-id=\"2084\" data-element_type=\"column\">\n<div class=\"elementor-column-wrap elementor-element-populated\">\n<div class=\"elementor-widget-wrap\">\n<section class=\"elementor-element elementor-element-2697 elementor-section-boxed elementor-section-height-default elementor-section-height-default column-align-right elementor-section elementor-inner-section\" data-id=\"2697\" data-element_type=\"section\">\n<div class=\"elementor-container elementor-column-gap-extended\">\n<div class=\"elementor-row\">\n<div class=\"elementor-element elementor-element-7d16 elementor-column elementor-col-100 elementor-inner-column\" data-id=\"7d16\" data-element_type=\"column\">\n<div class=\"elementor-column-wrap elementor-element-populated\">\n<div class=\"elementor-widget-wrap\">\n<div class=\"elementor-element elementor-element-6ed8 elementor-widget elementor-widget-text-editor\" data-id=\"6ed8\" data-element_type=\"text-editor.default\">\n<div class=\"elementor-widget-container\">\n<div class=\"elementor-text-editor elementor-clearfix\">\n<p>Laboratuvar verileri, tedavinin ba\u015far\u0131s\u0131 i\u00e7in ta\u015f\u0131d\u0131\u011f\u0131 \u00f6nemin yan\u0131 s\u0131ra t\u0131bbi geli\u015fmelerin de temel ta\u015flar\u0131ndan biridir. \u00d6zel Giresun Ada Hastanesi, di\u011fer birimlerine g\u00f6sterdi\u011fi titizli\u011fi ve \u00f6zeni laboratuvar biriminde de uygulayarak uluslararas\u0131 standartlar\u0131 esas alan bir yap\u0131 olu\u015fturmu\u015ftur. Y\u00fcksek teknoloji, hizmette zenginlik, h\u0131z ve g\u00fcvenilirlik \u00d6zel Giresun Ada Hastanesi\u2019nin ana hedefini olu\u015fturmaktad\u0131r.<\/p><\/div>\n<\/div>\n<\/div>\n<\/div>\n<\/div>\n<\/div>\n<\/div>\n<\/div>\n<\/section>\n<\/div>\n<\/div>\n<\/div>\n<p>[\/vc_column_text]<h4 style=\"text-align:left;\" class=\"tm-custom-heading \" >Hizmetler<\/h4>\n[vc_column_text css=&#8221;.vc_custom_1683635168965{margin-bottom: 10px !important;}&#8221;]<\/p>\n<div class=\"elementor-element elementor-element-55fa elementor-widget elementor-widget-text-editor\" data-id=\"55fa\" data-element_type=\"text-editor.default\">\n<div class=\"elementor-widget-container\">\n<div class=\"elementor-text-editor elementor-clearfix\">\n<p>Ba\u015far\u0131l\u0131 ve iyi bir sa\u011fl\u0131k hizmeti i\u00e7in kaliteli laboratuvar sonu\u00e7lar\u0131 \u00e7ok \u00f6nemlidir. G\u00fcn\u00fcm\u00fcz t\u0131p uygulamalar\u0131nda vazge\u00e7ilmez ko\u015ful kabul edilen hasta g\u00fcvenli\u011fi, laboratuvar sonu\u00e7lar\u0131n\u0131n do\u011frulu\u011fu ve g\u00fcvenilirli\u011fi ile yak\u0131ndan ilgilidir.<\/p><\/div>\n<\/div>\n<\/div>\n<p>[\/vc_column_text][vc_row_inner][vc_column_inner width=&#8221;1\/2&#8243;]<ul class=\"tm-list tm-list-style-icon tm-list-icon-color-skincolor tm-black tm-icon-skincolor tm-list-textsize- tm-list-icon-library-fontawesome\"><li><i class=\"tm-skincolor fa fa-arrow-circle-right\"><\/i>  <span class=\"tm-list-li-content\">Biyokimya<\/span><\/li><li><i class=\"tm-skincolor fa fa-arrow-circle-right\"><\/i>  <span class=\"tm-list-li-content\">Hormon<\/span><\/li><li><i class=\"tm-skincolor fa fa-arrow-circle-right\"><\/i>  <span class=\"tm-list-li-content\">Hematoloji<\/span><\/li><\/ul>[\/vc_column_inner][vc_column_inner width=&#8221;1\/2&#8243; tm_responsive_css=&#8221;40737847|colbreak_no|||||||||colbreak_no|-33px||||||||colbreak_no||||||||||colbreak_no|||||||||&#8221;]<ul class=\"tm-list tm-list-style-icon tm-list-icon-color-skincolor tm-black tm-icon-skincolor tm-list-textsize- tm-list-icon-library-fontawesome\"><li><i class=\"tm-skincolor fa fa-arrow-circle-right\"><\/i>  <span class=\"tm-list-li-content\">\u0130mmunoloji<\/span><\/li><li><i class=\"tm-skincolor fa fa-arrow-circle-right\"><\/i>  <span class=\"tm-list-li-content\">Alerji<\/span><\/li><li><i class=\"tm-skincolor fa fa-arrow-circle-right\"><\/i>  <span class=\"tm-list-li-content\">Mikrobiyoloji<\/span><\/li><\/ul>[\/vc_column_inner][\/vc_row_inner][\/vc_column][\/vc_row][vc_row tm_bgimagefixed=&#8221;&#8221; break_in_responsive=&#8221;991&#8243; css=&#8221;.vc_custom_1543407948016{padding-top: 10px !important;}&#8221;][vc_column]<h4 style=\"text-align:left;\" class=\"tm-custom-heading \" >Servis Doktorlar\u0131m\u0131z<\/h4>\n[vc_separator color=&#8221;custom&#8221; accent_color=&#8221;#ebebeb&#8221;]<div class=\"themetechmount-boxes themetechmount-boxes-team themetechmount-boxes-view-default themetechmount-boxes-col-three themetechmount-boxes-sortable-no themetechmount-boxes-textalign-center themetechmount-boxes-sortablebutton-\">\n\t\t<div class=\"themetechmount-boxes-inner themetechmount-boxes-team-inner \"><\/div><!-- .themetechmount-boxes-inner -->   <\/div><!-- .themetechmount-boxes -->  [\/vc_column][\/vc_row]<\/p>\n<\/div>","protected":false},"excerpt":{"rendered":"<p>[vc_row tm_bgimagefixed=&#8221;&#8221; break_in_responsive=&#8221;991&#8243;][vc_column][vc_single_image image=&#8221;2962&#8243; img_size=&#8221;full&#8221; alignment=&#8221;center&#8221;][vc_column_text css=&#8221;.vc_custom_1683635162133{margin-bottom: 20px !important;}&#8221;] Laboratuvar verileri, tedavinin ba\u015far\u0131s\u0131 i\u00e7in ta\u015f\u0131d\u0131\u011f\u0131 \u00f6nemin yan\u0131 s\u0131ra t\u0131bbi geli\u015fmelerin de temel ta\u015flar\u0131ndan biridir. \u00d6zel Giresun Ada Hastanesi, di\u011fer birimlerine g\u00f6sterdi\u011fi titizli\u011fi ve \u00f6zeni laboratuvar biriminde de uygulayarak uluslararas\u0131 standartlar\u0131 esas alan bir yap\u0131 olu\u015fturmu\u015ftur. Y\u00fcksek teknoloji, hizmette zenginlik, h\u0131z ve g\u00fcvenilirlik \u00d6zel Giresun Ada &hellip; <a href=\"https:\/\/www.giresunadahastanesi.com\/tr\/servisler-laboratuar\/\" class=\"more-link\">Continue reading <span class=\"screen-reader-text\">Laboratuar<\/span><\/a><\/p>\n","protected":false},"author":1,"featured_media":0,"parent":0,"menu_order":23,"comment_status":"closed","ping_status":"closed","template":"","meta":{"footnotes":""},"class_list":["post-3470","page","type-page","status-publish","hentry"],"_links":{"self":[{"href":"https:\/\/www.giresunadahastanesi.com\/tr\/wp-json\/wp\/v2\/pages\/3470","targetHints":{"allow":["GET"]}}],"collection":[{"href":"https:\/\/www.giresunadahastanesi.com\/tr\/wp-json\/wp\/v2\/pages"}],"about":[{"href":"https:\/\/www.giresunadahastanesi.com\/tr\/wp-json\/wp\/v2\/types\/page"}],"author":[{"embeddable":true,"href":"https:\/\/www.giresunadahastanesi.com\/tr\/wp-json\/wp\/v2\/users\/1"}],"replies":[{"embeddable":true,"href":"https:\/\/www.giresunadahastanesi.com\/tr\/wp-json\/wp\/v2\/comments?post=3470"}],"version-history":[{"count":3,"href":"https:\/\/www.giresunadahastanesi.com\/tr\/wp-json\/wp\/v2\/pages\/3470\/revisions"}],"predecessor-version":[{"id":8031,"href":"https:\/\/www.giresunadahastanesi.com\/tr\/wp-json\/wp\/v2\/pages\/3470\/revisions\/8031"}],"wp:attachment":[{"href":"https:\/\/www.giresunadahastanesi.com\/tr\/wp-json\/wp\/v2\/media?parent=3470"}],"curies":[{"name":"wp","href":"https:\/\/api.w.org\/{rel}","templated":true}]}}