{"id":3472,"date":"2023-05-09T15:28:42","date_gmt":"2023-05-09T12:28:42","guid":{"rendered":"https:\/\/www.giresunadahastanesi.com\/?page_id=3472"},"modified":"2023-10-13T11:29:56","modified_gmt":"2023-10-13T08:29:56","slug":"servisler-noroloji","status":"publish","type":"page","link":"https:\/\/www.giresunadahastanesi.com\/tr\/servisler-noroloji\/","title":{"rendered":"N\u00f6roloji"},"content":{"rendered":"<div class=\"wpb-content-wrapper\"><p>[vc_row tm_bgimagefixed=&#8221;&#8221; break_in_responsive=&#8221;991&#8243;][vc_column][vc_single_image image=&#8221;2962&#8243; img_size=&#8221;full&#8221; alignment=&#8221;center&#8221;][vc_column_text css=&#8221;.vc_custom_1683635258309{margin-bottom: 20px !important;}&#8221;]<\/p>\n<div class=\"elementor-element elementor-element-0bbace2 elementor-widget elementor-widget-text-editor\" data-id=\"0bbace2\" data-element_type=\"text-editor.default\">\n<div class=\"elementor-widget-container\">\n<div class=\"elementor-text-editor elementor-clearfix\">\n<p>N\u00f6roloji B\u00f6l\u00fcmlerimizin u\u011fra\u015f\u0131 alan\u0131na giren, beyin kanamalar\u0131, ba\u015f a\u011fr\u0131s\u0131, ba\u015f d\u00f6nmesi serebrovask\u00fcler hastal\u0131klar, hareket bozukluklar\u0131, kas ve sinir hastal\u0131klar\u0131, epilepsi, alzheimer, multipl skleroz, inme ve uyku bozukluklar\u0131 konular\u0131nda hastanelerimizde hizmet verilmektedir. Gerekti\u011finde hastanelerimizin T\u0131bbi G\u00f6r\u00fcnt\u00fcleme ve Beyin, Omurilik ve Sinir Cerrahisi B\u00f6l\u00fcmleri ile yak\u0131n i\u015fbirli\u011fi i\u00e7inde \u00e7al\u0131\u015fmalar y\u00fcr\u00fct\u00fclmektedir.<\/p><\/div>\n<\/div>\n<\/div>\n<p>[\/vc_column_text]<h4 style=\"text-align:left;\" class=\"tm-custom-heading \" >Hizmetler<\/h4>\n[vc_column_text css=&#8221;.vc_custom_1683635262676{margin-bottom: 10px !important;}&#8221;]<\/p>\n<div class=\"elementor-element elementor-element-0bbace2 elementor-widget elementor-widget-text-editor\" data-id=\"0bbace2\" data-element_type=\"text-editor.default\">\n<div class=\"elementor-widget-container\">\n<div class=\"elementor-text-editor elementor-clearfix\">\n<p>N\u00f6roloji B\u00f6l\u00fcmlerimizin u\u011fra\u015f\u0131 alan\u0131na giren, beyin kanamalar\u0131, ba\u015f a\u011fr\u0131s\u0131, ba\u015f d\u00f6nmesi serebrovask\u00fcler hastal\u0131klar, hareket bozukluklar\u0131, kas ve sinir hastal\u0131klar\u0131, epilepsi, alzheimer, multipl skleroz, inme ve uyku bozukluklar\u0131 konular\u0131nda hastanelerimizde hizmet verilmektedir. Gerekti\u011finde hastanelerimizin T\u0131bbi G\u00f6r\u00fcnt\u00fcleme ve Beyin, Omurilik ve Sinir Cerrahisi B\u00f6l\u00fcmleri ile yak\u0131n i\u015fbirli\u011fi i\u00e7inde \u00e7al\u0131\u015fmalar y\u00fcr\u00fct\u00fclmektedir.<\/p><\/div>\n<\/div>\n<\/div>\n<p>[\/vc_column_text][vc_row_inner][vc_column_inner width=&#8221;1\/2&#8243;]<ul class=\"tm-list tm-list-style-icon tm-list-icon-color-skincolor tm-black tm-icon-skincolor tm-list-textsize- tm-list-icon-library-fontawesome\"><li><i class=\"tm-skincolor fa fa-arrow-circle-right\"><\/i>  <span class=\"tm-list-li-content\">Serebrovask\u00fcler hastal\u0131klar<\/span><\/li><li><i class=\"tm-skincolor fa fa-arrow-circle-right\"><\/i>  <span class=\"tm-list-li-content\">Epilepsi<\/span><\/li><li><i class=\"tm-skincolor fa fa-arrow-circle-right\"><\/i>  <span class=\"tm-list-li-content\">Hareket bozukluklar\u0131<\/span><\/li><li><i class=\"tm-skincolor fa fa-arrow-circle-right\"><\/i>  <span class=\"tm-list-li-content\">Demiyalizan hastal\u0131klar<\/span><\/li><li><i class=\"tm-skincolor fa fa-arrow-circle-right\"><\/i>  <span class=\"tm-list-li-content\">Periferik sinir hastal\u0131klar\u0131<\/span><\/li><li><i class=\"tm-skincolor fa fa-arrow-circle-right\"><\/i>  <span class=\"tm-list-li-content\">Kas ve sinir kas kav\u015fa\u011f\u0131 hastal\u0131klar\u0131<\/span><\/li><\/ul>[\/vc_column_inner][vc_column_inner width=&#8221;1\/2&#8243; tm_responsive_css=&#8221;40737847|colbreak_no|||||||||colbreak_no|-33px||||||||colbreak_no||||||||||colbreak_no|||||||||&#8221;]<ul class=\"tm-list tm-list-style-icon tm-list-icon-color-skincolor tm-black tm-icon-skincolor tm-list-textsize- tm-list-icon-library-fontawesome\"><li><i class=\"tm-skincolor fa fa-arrow-circle-right\"><\/i>  <span class=\"tm-list-li-content\">Ba\u015f boyun bel a\u011fr\u0131lar\u0131<\/span><\/li><li><i class=\"tm-skincolor fa fa-arrow-circle-right\"><\/i>  <span class=\"tm-list-li-content\">Demansiyel sendromlar<\/span><\/li><li><i class=\"tm-skincolor fa fa-arrow-circle-right\"><\/i>  <span class=\"tm-list-li-content\">Sistemik ve metabolik n\u00f6roloji hastal\u0131klar\u0131<\/span><\/li><li><i class=\"tm-skincolor fa fa-arrow-circle-right\"><\/i>  <span class=\"tm-list-li-content\">Omurili\u011fin travma d\u0131\u015f\u0131 hastal\u0131klar<\/span><\/li><li><i class=\"tm-skincolor fa fa-arrow-circle-right\"><\/i>  <span class=\"tm-list-li-content\">Konu\u015fma bozukluklar\u0131<\/span><\/li><li><i class=\"tm-skincolor fa fa-arrow-circle-right\"><\/i>  <span class=\"tm-list-li-content\">Konu\u015fma bozukluklar\u0131<\/span><\/li><\/ul>[\/vc_column_inner][\/vc_row_inner][\/vc_column][\/vc_row][vc_row tm_bgimagefixed=&#8221;&#8221; break_in_responsive=&#8221;991&#8243; css=&#8221;.vc_custom_1543407948016{padding-top: 10px !important;}&#8221;][vc_column]<h4 style=\"text-align:left;\" class=\"tm-custom-heading \" >Servis Doktorlar\u0131m\u0131z<\/h4>\n[vc_separator color=&#8221;custom&#8221; accent_color=&#8221;#ebebeb&#8221;]<div class=\"themetechmount-boxes themetechmount-boxes-team themetechmount-boxes-view-default themetechmount-boxes-col-three themetechmount-boxes-sortable-no themetechmount-boxes-textalign-center themetechmount-boxes-sortablebutton-\">\n\t\t<div class=\"themetechmount-boxes-inner themetechmount-boxes-team-inner \">\n\t\t\t\n\t\t\t<div class=\"row multi-columns-row themetechmount-boxes-row-wrapper\">\n\t\t\t\t<div class=\"tm-box-col-wrapper col-lg-4 col-sm-6 col-md-4 col-xs-12 noroloji\"><article class=\"themetechmount-box themetechmount-box-team themetechmount-teambox-view-overlay\">\n\t<div class=\"themetechmount-post-item\">\n\t\t<div class=\"themetechmount-team-image-box\">\n\t\t\t\n\t\t<span class=\"themetechmount-item-thumbnail\">\n\t\t\t<span class=\"themetechmount-item-thumbnail-inner\">\n\t\t\t\t<img fetchpriority=\"high\" decoding=\"async\" width=\"380\" height=\"500\" src=\"https:\/\/www.giresunadahastanesi.com\/wp-content\/uploads\/2023\/05\/mutluvardar-2-380x500.jpg\" class=\"attachment-themetechmount-img-teamoverlay size-themetechmount-img-teamoverlay wp-post-image\" alt=\"\" data-id=\"3505\" \/>\n\t\t\t<\/span>\n\t\t<\/span>\t        <div class=\"themetechmount-overlay\">\n\t\t\t\t<div class=\"themetechmount-icon-box themetechmount-box-link\"><a href=\"https:\/\/www.giresunadahastanesi.com\/tr\/team-member\/uzm-dr-mutlu-vardar\/\"><i class=\"tm-brivona-icon-plus-1\"><\/i><\/a><\/div>\t\n\t\t\t<\/div>\t\n\t\t<\/div>\t\n\t\t\t<div class=\"themetechmount-box-content\">\n\t\t\t\t<div class=\"themetechmount-team-position\">N\u00f6rolog<\/div>\n\t\t\t\t<div class=\"themetechmount-box-title\"><h4><a href=\"https:\/\/www.giresunadahastanesi.com\/tr\/team-member\/uzm-dr-mutlu-vardar\/\">Uzm.Dr. Mutlu VARDAR<\/a><\/h4><\/div>\t\t\t\t\t\t\t\t\n\t\t\t<\/div>\t\t\t\n\t<\/div>\n<\/article>\n <\/div>\n\t\t\t<\/div>\n\t\t<\/div><!-- .themetechmount-boxes-inner -->   <\/div><!-- .themetechmount-boxes -->  [\/vc_column][\/vc_row]<\/p>\n<\/div>","protected":false},"excerpt":{"rendered":"<p>[vc_row tm_bgimagefixed=&#8221;&#8221; break_in_responsive=&#8221;991&#8243;][vc_column][vc_single_image image=&#8221;2962&#8243; img_size=&#8221;full&#8221; alignment=&#8221;center&#8221;][vc_column_text css=&#8221;.vc_custom_1683635258309{margin-bottom: 20px !important;}&#8221;] N\u00f6roloji B\u00f6l\u00fcmlerimizin u\u011fra\u015f\u0131 alan\u0131na giren, beyin kanamalar\u0131, ba\u015f a\u011fr\u0131s\u0131, ba\u015f d\u00f6nmesi serebrovask\u00fcler hastal\u0131klar, hareket bozukluklar\u0131, kas ve sinir hastal\u0131klar\u0131, epilepsi, alzheimer, multipl skleroz, inme ve uyku bozukluklar\u0131 konular\u0131nda hastanelerimizde hizmet verilmektedir. Gerekti\u011finde hastanelerimizin T\u0131bbi G\u00f6r\u00fcnt\u00fcleme ve Beyin, Omurilik ve Sinir Cerrahisi B\u00f6l\u00fcmleri ile yak\u0131n i\u015fbirli\u011fi i\u00e7inde &hellip; <a href=\"https:\/\/www.giresunadahastanesi.com\/tr\/team-member\/uzm-dr-mutlu-vardar\/\" class=\"more-link\">Continue reading <span class=\"screen-reader-text\">Uzm.Dr. Mutlu VARDAR<\/span><\/a><\/p>\n","protected":false},"author":1,"featured_media":0,"parent":0,"menu_order":23,"comment_status":"closed","ping_status":"closed","template":"","meta":{"footnotes":""},"class_list":["post-3472","page","type-page","status-publish","hentry"],"_links":{"self":[{"href":"https:\/\/www.giresunadahastanesi.com\/tr\/wp-json\/wp\/v2\/pages\/3472","targetHints":{"allow":["GET"]}}],"collection":[{"href":"https:\/\/www.giresunadahastanesi.com\/tr\/wp-json\/wp\/v2\/pages"}],"about":[{"href":"https:\/\/www.giresunadahastanesi.com\/tr\/wp-json\/wp\/v2\/types\/page"}],"author":[{"embeddable":true,"href":"https:\/\/www.giresunadahastanesi.com\/tr\/wp-json\/wp\/v2\/users\/1"}],"replies":[{"embeddable":true,"href":"https:\/\/www.giresunadahastanesi.com\/tr\/wp-json\/wp\/v2\/comments?post=3472"}],"version-history":[{"count":2,"href":"https:\/\/www.giresunadahastanesi.com\/tr\/wp-json\/wp\/v2\/pages\/3472\/revisions"}],"predecessor-version":[{"id":8029,"href":"https:\/\/www.giresunadahastanesi.com\/tr\/wp-json\/wp\/v2\/pages\/3472\/revisions\/8029"}],"wp:attachment":[{"href":"https:\/\/www.giresunadahastanesi.com\/tr\/wp-json\/wp\/v2\/media?parent=3472"}],"curies":[{"name":"wp","href":"https:\/\/api.w.org\/{rel}","templated":true}]}}