{"id":3476,"date":"2023-05-09T15:32:42","date_gmt":"2023-05-09T12:32:42","guid":{"rendered":"https:\/\/www.giresunadahastanesi.com\/?page_id=3476"},"modified":"2023-10-13T11:31:44","modified_gmt":"2023-10-13T08:31:44","slug":"servisler-psikoloji","status":"publish","type":"page","link":"https:\/\/www.giresunadahastanesi.com\/tr\/servisler-psikoloji\/","title":{"rendered":"Psikoloji"},"content":{"rendered":"<div class=\"wpb-content-wrapper\"><p>[vc_row tm_bgimagefixed=&#8221;&#8221; break_in_responsive=&#8221;991&#8243;][vc_column][vc_single_image image=&#8221;2962&#8243; img_size=&#8221;full&#8221; alignment=&#8221;center&#8221;][vc_column_text css=&#8221;.vc_custom_1683635468493{margin-bottom: 20px !important;}&#8221;]<\/p>\n<div class=\"elementor-element elementor-element-6ed8 elementor-widget elementor-widget-text-editor\" data-id=\"6ed8\" data-element_type=\"text-editor.default\">\n<div class=\"elementor-widget-container\">\n<div class=\"elementor-text-editor elementor-clearfix\">\n<p>Birimimizde, ki\u015filerin ya\u015fad\u0131klar\u0131 psikolojik sorunlarla ba\u015f edebilmelerine, kendilerini geli\u015ftirmelerine ve tan\u0131malar\u0131na y\u00f6nelik profesyonel hizmet sunulmaktad\u0131r. Ayn\u0131 zamanda hastanemizde yatan hastalar\u0131m\u0131za ve yak\u0131nlar\u0131na t\u0131bbi tedavilerine ek olarak psikolojik destek sa\u011flanmaktad\u0131r.<\/p><\/div>\n<\/div>\n<\/div>\n<p>[\/vc_column_text]<h4 style=\"text-align:left;\" class=\"tm-custom-heading \" >Hizmetler<\/h4>\n[vc_column_text css=&#8221;.vc_custom_1683635485118{margin-bottom: 10px !important;}&#8221;]<\/p>\n<div class=\"elementor-element elementor-element-55fa elementor-widget elementor-widget-text-editor\" data-id=\"55fa\" data-element_type=\"text-editor.default\">\n<div class=\"elementor-widget-container\">\n<div class=\"elementor-text-editor elementor-clearfix\">\n<p>Klinik psikologlardan ve psikiyatristlerden olu\u015fan ekip, hastanelerimizde t\u0131bbi tedavi g\u00f6ren hastalara, psikolojik sorunlarla ba\u015fvuran ki\u015filere ve topluma y\u00f6nelik psikolojik de\u011ferlendirme ve psikoterapi uygulamalar\u0131 y\u00fcr\u00fct\u00fcr.<\/p>\n<p><strong>Neden Bir Psikolo\u011fa Gitmeliyim?<\/strong><\/p>\n<p>Nas\u0131l fiziksel bir s\u0131k\u0131nt\u0131 ya\u015fad\u0131\u011f\u0131n\u0131zda doktora ba\u015fvuruyorsan\u0131z, psikolojik problemlerle ilgili yard\u0131m almak da gerekli ve faydal\u0131d\u0131r. Psikolojik bir rahats\u0131zl\u0131\u011f\u0131n\u0131z olabilece\u011fi gibi, ya\u015fam\u0131n herhangi bir evresinde kendi ba\u015f\u0131n\u0131za ba\u015fa \u00e7\u0131kam\u0131yor olabilirsiniz\u2026<\/p>\n<p>Birebir psikolojik ve ya\u015famsal s\u0131k\u0131nt\u0131larla ba\u015fvurabilece\u011finiz gibi, sizin ya da yak\u0131nlar\u0131n\u0131z\u0131n fiziksel hastal\u0131klar\u0131yla ba\u015fa \u00e7\u0131kma konusunda da bir psikolo\u011fa ba\u015fvurabilirsiniz. Burada ama\u00e7 ruhsal bir hastal\u0131\u011f\u0131n tedavisi de olabilir, basit bir problemin \u00e7\u00f6z\u00fclmesi ya da sadece dan\u0131\u015fmak da\u2026<\/p>\n<p>Psikolog, psikolojik \u00f6l\u00e7\u00fcm ara\u00e7lar\u0131n\u0131 kullanarak de\u011ferlendirmeler yapar.<\/p>\n<p>Bilimsel y\u00f6ntem ve teknikleri kullanarak size yard\u0131m eder, ruhsal s\u0131k\u0131nt\u0131lar\u0131n\u0131z\u0131 \u00e7\u00f6z\u00fcmlemenizde yard\u0131mc\u0131 olur. Ayn\u0131 zamanda gerekli durumlarda birimimizde bulunan kons\u00fcltan psikiyatristlerimize y\u00f6nlendirme yap\u0131lmaktad\u0131r.<\/p><\/div>\n<\/div>\n<\/div>\n<p>[\/vc_column_text][vc_row_inner][vc_column_inner width=&#8221;1\/2&#8243;]<ul class=\"tm-list tm-list-style-icon tm-list-icon-color-skincolor tm-black tm-icon-skincolor tm-list-textsize- tm-list-icon-library-fontawesome\"><li><i class=\"tm-skincolor fa fa-arrow-circle-right\"><\/i>  <span class=\"tm-list-li-content\">Depresyon<\/span><\/li><li><i class=\"tm-skincolor fa fa-arrow-circle-right\"><\/i>  <span class=\"tm-list-li-content\">Kayg\u0131 Bozukluklar\u0131<\/span><\/li><li><i class=\"tm-skincolor fa fa-arrow-circle-right\"><\/i>  <span class=\"tm-list-li-content\">Psikolojik travmalar<\/span><\/li><li><i class=\"tm-skincolor fa fa-arrow-circle-right\"><\/i>  <span class=\"tm-list-li-content\">Okul ba\u015far\u0131s\u0131zl\u0131\u011f\u0131<\/span><\/li><li><i class=\"tm-skincolor fa fa-arrow-circle-right\"><\/i>  <span class=\"tm-list-li-content\">Okul ba\u015far\u0131s\u0131zl\u0131\u011f\u0131<\/span><\/li><li><i class=\"tm-skincolor fa fa-arrow-circle-right\"><\/i>  <span class=\"tm-list-li-content\">Yeme Bozuklu\u011fu<\/span><\/li><\/ul>[\/vc_column_inner][vc_column_inner width=&#8221;1\/2&#8243; tm_responsive_css=&#8221;40737847|colbreak_no|||||||||colbreak_no|-33px||||||||colbreak_no||||||||||colbreak_no|||||||||&#8221;]<ul class=\"tm-list tm-list-style-icon tm-list-icon-color-skincolor tm-black tm-icon-skincolor tm-list-textsize- tm-list-icon-library-fontawesome\"><li><i class=\"tm-skincolor fa fa-arrow-circle-right\"><\/i>  <span class=\"tm-list-li-content\">Sa\u011fl\u0131k Psikolojisi<\/span><\/li><li><i class=\"tm-skincolor fa fa-arrow-circle-right\"><\/i>  <span class=\"tm-list-li-content\">Ki\u015filik Testleri<\/span><\/li><li><i class=\"tm-skincolor fa fa-arrow-circle-right\"><\/i>  <span class=\"tm-list-li-content\">Geli\u015fim Testleri<\/span><\/li><li><i class=\"tm-skincolor fa fa-arrow-circle-right\"><\/i>  <span class=\"tm-list-li-content\">Zeka testleri<\/span><\/li><li><i class=\"tm-skincolor fa fa-arrow-circle-right\"><\/i>  <span class=\"tm-list-li-content\">Dikkat testleri<\/span><\/li><li><i class=\"tm-skincolor fa fa-arrow-circle-right\"><\/i>  <span class=\"tm-list-li-content\">N\u00f6ropsikolojik Testler<\/span><\/li><li><i class=\"tm-skincolor fa fa-arrow-circle-right\"><\/i>  <span class=\"tm-list-li-content\">Alg\u0131 laboratuvar\u0131<\/span><\/li><\/ul>[\/vc_column_inner][\/vc_row_inner][\/vc_column][\/vc_row][vc_row tm_bgimagefixed=&#8221;&#8221; break_in_responsive=&#8221;991&#8243; css=&#8221;.vc_custom_1543407948016{padding-top: 10px !important;}&#8221;][vc_column]<h4 style=\"text-align:left;\" class=\"tm-custom-heading \" >Servis Doktorlar\u0131m\u0131z<\/h4>\n[vc_separator color=&#8221;custom&#8221; accent_color=&#8221;#ebebeb&#8221;]<div class=\"themetechmount-boxes themetechmount-boxes-team themetechmount-boxes-view-default themetechmount-boxes-col-three themetechmount-boxes-sortable-no themetechmount-boxes-textalign-center themetechmount-boxes-sortablebutton-\">\n\t\t<div class=\"themetechmount-boxes-inner themetechmount-boxes-team-inner \">\n\t\t\t\n\t\t\t<div class=\"row multi-columns-row themetechmount-boxes-row-wrapper\">\n\t\t\t\t<div class=\"tm-box-col-wrapper col-lg-4 col-sm-6 col-md-4 col-xs-12 psikoloji\"><article class=\"themetechmount-box themetechmount-box-team themetechmount-teambox-view-overlay\">\n\t<div class=\"themetechmount-post-item\">\n\t\t<div class=\"themetechmount-team-image-box\">\n\t\t\t\n\t\t<span class=\"themetechmount-item-thumbnail\">\n\t\t\t<span class=\"themetechmount-item-thumbnail-inner\">\n\t\t\t\t<img fetchpriority=\"high\" decoding=\"async\" width=\"380\" height=\"500\" src=\"https:\/\/www.giresunadahastanesi.com\/wp-content\/uploads\/2023\/05\/songul-380x500.jpg\" class=\"attachment-themetechmount-img-teamoverlay size-themetechmount-img-teamoverlay wp-post-image\" alt=\"\" data-id=\"3500\" \/>\n\t\t\t<\/span>\n\t\t<\/span>\t        <div class=\"themetechmount-overlay\">\n\t\t\t\t<div class=\"themetechmount-icon-box themetechmount-box-link\"><a href=\"https:\/\/www.giresunadahastanesi.com\/tr\/team-member\/psk-songul-colakoglu\/\"><i class=\"tm-brivona-icon-plus-1\"><\/i><\/a><\/div>\t\n\t\t\t<\/div>\t\n\t\t<\/div>\t\n\t\t\t<div class=\"themetechmount-box-content\">\n\t\t\t\t<div class=\"themetechmount-team-position\">Psikoloji<\/div>\n\t\t\t\t<div class=\"themetechmount-box-title\"><h4><a href=\"https:\/\/www.giresunadahastanesi.com\/tr\/team-member\/psk-songul-colakoglu\/\">Psk. Song\u00fcl \u00c7OLAKO\u011eLU<\/a><\/h4><\/div>\t\t\t\t\t\t\t\t\n\t\t\t<\/div>\t\t\t\n\t<\/div>\n<\/article>\n <\/div>\n\t\t\t<\/div>\n\t\t<\/div><!-- .themetechmount-boxes-inner -->   <\/div><!-- .themetechmount-boxes -->  [\/vc_column][\/vc_row]<\/p>\n<\/div>","protected":false},"excerpt":{"rendered":"<p>[vc_row tm_bgimagefixed=&#8221;&#8221; break_in_responsive=&#8221;991&#8243;][vc_column][vc_single_image image=&#8221;2962&#8243; img_size=&#8221;full&#8221; alignment=&#8221;center&#8221;][vc_column_text css=&#8221;.vc_custom_1683635468493{margin-bottom: 20px !important;}&#8221;] Birimimizde, ki\u015filerin ya\u015fad\u0131klar\u0131 psikolojik sorunlarla ba\u015f edebilmelerine, kendilerini geli\u015ftirmelerine ve tan\u0131malar\u0131na y\u00f6nelik profesyonel hizmet sunulmaktad\u0131r. Ayn\u0131 zamanda hastanemizde yatan hastalar\u0131m\u0131za ve yak\u0131nlar\u0131na t\u0131bbi tedavilerine ek olarak psikolojik destek sa\u011flanmaktad\u0131r. [\/vc_column_text][vc_column_text css=&#8221;.vc_custom_1683635485118{margin-bottom: 10px !important;}&#8221;] Klinik psikologlardan ve psikiyatristlerden olu\u015fan ekip, hastanelerimizde t\u0131bbi tedavi g\u00f6ren hastalara, psikolojik sorunlarla &hellip; <a href=\"https:\/\/www.giresunadahastanesi.com\/tr\/team-member\/psk-songul-colakoglu\/\" class=\"more-link\">Continue reading <span class=\"screen-reader-text\">Psk. Song\u00fcl \u00c7OLAKO\u011eLU<\/span><\/a><\/p>\n","protected":false},"author":1,"featured_media":0,"parent":0,"menu_order":23,"comment_status":"closed","ping_status":"closed","template":"","meta":{"footnotes":""},"class_list":["post-3476","page","type-page","status-publish","hentry"],"_links":{"self":[{"href":"https:\/\/www.giresunadahastanesi.com\/tr\/wp-json\/wp\/v2\/pages\/3476","targetHints":{"allow":["GET"]}}],"collection":[{"href":"https:\/\/www.giresunadahastanesi.com\/tr\/wp-json\/wp\/v2\/pages"}],"about":[{"href":"https:\/\/www.giresunadahastanesi.com\/tr\/wp-json\/wp\/v2\/types\/page"}],"author":[{"embeddable":true,"href":"https:\/\/www.giresunadahastanesi.com\/tr\/wp-json\/wp\/v2\/users\/1"}],"replies":[{"embeddable":true,"href":"https:\/\/www.giresunadahastanesi.com\/tr\/wp-json\/wp\/v2\/comments?post=3476"}],"version-history":[{"count":2,"href":"https:\/\/www.giresunadahastanesi.com\/tr\/wp-json\/wp\/v2\/pages\/3476\/revisions"}],"predecessor-version":[{"id":8034,"href":"https:\/\/www.giresunadahastanesi.com\/tr\/wp-json\/wp\/v2\/pages\/3476\/revisions\/8034"}],"wp:attachment":[{"href":"https:\/\/www.giresunadahastanesi.com\/tr\/wp-json\/wp\/v2\/media?parent=3476"}],"curies":[{"name":"wp","href":"https:\/\/api.w.org\/{rel}","templated":true}]}}