{"id":3484,"date":"2023-05-09T15:38:29","date_gmt":"2023-05-09T12:38:29","guid":{"rendered":"https:\/\/www.giresunadahastanesi.com\/?page_id=3484"},"modified":"2023-10-13T11:32:27","modified_gmt":"2023-10-13T08:32:27","slug":"servisler-uroloji","status":"publish","type":"page","link":"https:\/\/www.giresunadahastanesi.com\/tr\/servisler-uroloji\/","title":{"rendered":"\u00dcroloji"},"content":{"rendered":"<div class=\"wpb-content-wrapper\"><p>[vc_row tm_bgimagefixed=&#8221;&#8221; break_in_responsive=&#8221;991&#8243;][vc_column][vc_single_image image=&#8221;2962&#8243; img_size=&#8221;full&#8221; alignment=&#8221;center&#8221;][vc_column_text css=&#8221;.vc_custom_1683635848765{margin-bottom: 20px !important;}&#8221;]<\/p>\n<div class=\"elementor-element elementor-element-6ed8 elementor-widget elementor-widget-text-editor\" data-id=\"6ed8\" data-element_type=\"text-editor.default\">\n<div class=\"elementor-widget-container\">\n<div class=\"elementor-text-editor elementor-clearfix\">\n<p>\u00dcriner sorunlar\u0131n\u0131za kar\u015f\u0131 dikkatli olun Klini\u011fimizde; erkek ve kad\u0131n\u0131n idrar yollar\u0131 ve organlar\u0131 ile erkek \u00fcreme organlar\u0131n\u0131 konu alan ve bu sistemlerin hastal\u0131klar\u0131 ile u\u011fra\u015f\u0131r. Ayr\u0131ca b\u00f6brek\u00fcst\u00fc bezlerinin cerrahi tedavisi de \u00fcrolojinin alan\u0131na girer.<\/p><\/div>\n<\/div>\n<\/div>\n<p>[\/vc_column_text]<h4 style=\"text-align:left;\" class=\"tm-custom-heading \" >Hizmetler<\/h4>\n[vc_column_text css=&#8221;.vc_custom_1683635855773{margin-bottom: 10px !important;}&#8221;]<\/p>\n<div class=\"elementor-element elementor-element-55fa elementor-widget elementor-widget-text-editor\" data-id=\"55fa\" data-element_type=\"text-editor.default\">\n<div class=\"elementor-widget-container\">\n<div class=\"elementor-text-editor elementor-clearfix\">\n<p>\u00dcriner sorunlar\u0131n\u0131za kar\u015f\u0131 dikkatli olun Klini\u011fimizde; erkek ve kad\u0131n\u0131n idrar yollar\u0131 ve organlar\u0131 ile erkek \u00fcreme organlar\u0131n\u0131 konu alan ve bu sistemlerin hastal\u0131klar\u0131 ile u\u011fra\u015f\u0131r. Ayr\u0131ca b\u00f6brek\u00fcst\u00fc bezlerinin cerrahi tedavisi de \u00fcrolojinin alan\u0131na girer. \u00dcroloji, hem eri\u015fkin hem de \u00e7ocuk hastalarla ilgilenir. \u00dcroloji prati\u011finde kar\u015f\u0131la\u015f\u0131lan hastal\u0131klar aras\u0131nda: idrar yollar\u0131 t\u0131kan\u0131kl\u0131\u011f\u0131, prostat b\u00fcy\u00fcmesi, iktidars\u0131zl\u0131k, k\u0131s\u0131rl\u0131k, idrar ka\u00e7\u0131rma, b\u00f6brek ve idrar yollar\u0131n\u0131n ta\u015flar\u0131; b\u00f6brek, mesane, prostat ve (testis) yumurta kanserleri \u00f6nemli bir yer tutar. \u00dcrologlar\u0131n tedavi etti\u011fi s\u0131k g\u00f6r\u00fclen di\u011fer baz\u0131 hastal\u0131klar ise, idrar yolu iltihaplar\u0131, cinsel yolla bula\u015fan hastal\u0131klar, ve \u00fcrolojik organlar\u0131n yaralanmalar\u0131d\u0131r. Ayr\u0131ca, \u00f6zellikle erkek \u00e7ocuklar\u0131n do\u011fu\u015ftan gelen baz\u0131 hastal\u0131klar\u0131 da \u00fcrolojinin ilgi alan\u0131ndad\u0131r. Bunlar aras\u0131nda, inmemi\u015f testis (yumurtan\u0131n torbaya inmemesi),\u00a0 hidrosel (torbada su kesesi), idrar deli\u011finin yanl\u0131\u015f yerde olmas\u0131 (hipospadiyas ve epispadiyas) say\u0131labilir. Gece yatak \u0131slatma, mesaneden b\u00f6bre\u011fe idrar\u0131n geri ka\u00e7mas\u0131, s\u00fcnnet derisinin t\u00fcm hastal\u0131klar\u0131 ve s\u00fcnnet operasyonu da \u00fcrolojinin sahas\u0131na girmektedir. \u00dcroloji bilimi, a\u00e7\u0131k cerrahi ameliyatlar yan\u0131nda, endoskopi ve laparoskopi gibi modern teknolojik y\u00f6ntemlere dayal\u0131 kapal\u0131 ameliyatlar\u0131 da ger\u00e7ekle\u015ftirir.<\/p><\/div>\n<\/div>\n<\/div>\n<p>[\/vc_column_text][vc_row_inner][vc_column_inner width=&#8221;1\/2&#8243;]<ul class=\"tm-list tm-list-style-icon tm-list-icon-color-skincolor tm-black tm-icon-skincolor tm-list-textsize- tm-list-icon-library-fontawesome\"><li><i class=\"tm-skincolor fa fa-arrow-circle-right\"><\/i>  <span class=\"tm-list-li-content\">Kapal\u0131 (TUR) ve a\u00e7\u0131k prostat ameliyatlar\u0131<\/span><\/li><li><i class=\"tm-skincolor fa fa-arrow-circle-right\"><\/i>  <span class=\"tm-list-li-content\">\u0130drar ka\u00e7\u0131rman\u0131n (stress incontinans) medikal ve cerrahi tedavisi<\/span><\/li><li><i class=\"tm-skincolor fa fa-arrow-circle-right\"><\/i>  <span class=\"tm-list-li-content\">B\u00f6brek ve idrar yollar\u0131 ta\u015flar\u0131<\/span><\/li><li><i class=\"tm-skincolor fa fa-arrow-circle-right\"><\/i>  <span class=\"tm-list-li-content\">K\u0131s\u0131rl\u0131k tedavisi (erkek infertilitesi)<\/span><\/li><li><i class=\"tm-skincolor fa fa-arrow-circle-right\"><\/i>  <span class=\"tm-list-li-content\">K\u0131s\u0131rl\u0131k tedavisi (erkek infertilitesi)<\/span><\/li><\/ul>[\/vc_column_inner][vc_column_inner width=&#8221;1\/2&#8243; tm_responsive_css=&#8221;40737847|colbreak_no|||||||||colbreak_no|-33px||||||||colbreak_no||||||||||colbreak_no|||||||||&#8221;]<ul class=\"tm-list tm-list-style-icon tm-list-icon-color-skincolor tm-black tm-icon-skincolor tm-list-textsize- tm-list-icon-library-fontawesome\"><li><i class=\"tm-skincolor fa fa-arrow-circle-right\"><\/i>  <span class=\"tm-list-li-content\">Cerrahi giri\u015fimler (inmemi\u015f testis, varikosel, hipospadias vb.)<\/span><\/li><li><i class=\"tm-skincolor fa fa-arrow-circle-right\"><\/i>  <span class=\"tm-list-li-content\">Mesane t\u00fcm\u00f6r\u00fc<\/span><\/li><li><i class=\"tm-skincolor fa fa-arrow-circle-right\"><\/i>  <span class=\"tm-list-li-content\">B\u00f6brek t\u00fcm\u00f6rleri<\/span><\/li><li><i class=\"tm-skincolor fa fa-arrow-circle-right\"><\/i>  <span class=\"tm-list-li-content\">Prostat i\u011fne biyopsisi<\/span><\/li><\/ul>[\/vc_column_inner][\/vc_row_inner][\/vc_column][\/vc_row][vc_row tm_bgimagefixed=&#8221;&#8221; break_in_responsive=&#8221;991&#8243; css=&#8221;.vc_custom_1543407948016{padding-top: 10px !important;}&#8221;][vc_column]<h4 style=\"text-align:left;\" class=\"tm-custom-heading \" >Servis Doktorlar\u0131m\u0131z<\/h4>\n[vc_separator color=&#8221;custom&#8221; accent_color=&#8221;#ebebeb&#8221;]<div class=\"themetechmount-boxes themetechmount-boxes-team themetechmount-boxes-view-default themetechmount-boxes-col-three themetechmount-boxes-sortable-no themetechmount-boxes-textalign-center themetechmount-boxes-sortablebutton-\">\n\t\t<div class=\"themetechmount-boxes-inner themetechmount-boxes-team-inner \">\n\t\t\t\n\t\t\t<div class=\"row multi-columns-row themetechmount-boxes-row-wrapper\">\n\t\t\t\t<div class=\"tm-box-col-wrapper col-lg-4 col-sm-6 col-md-4 col-xs-12 uroloji\"><article class=\"themetechmount-box themetechmount-box-team themetechmount-teambox-view-overlay\">\n\t<div class=\"themetechmount-post-item\">\n\t\t<div class=\"themetechmount-team-image-box\">\n\t\t\t\n\t\t<span class=\"themetechmount-item-thumbnail\">\n\t\t\t<span class=\"themetechmount-item-thumbnail-inner\">\n\t\t\t\t<img fetchpriority=\"high\" decoding=\"async\" width=\"380\" height=\"500\" src=\"https:\/\/www.giresunadahastanesi.com\/wp-content\/uploads\/2025\/02\/bayram1-380x500.jpg\" class=\"attachment-themetechmount-img-teamoverlay size-themetechmount-img-teamoverlay wp-post-image\" alt=\"\" data-id=\"8124\" \/>\n\t\t\t<\/span>\n\t\t<\/span>\t        <div class=\"themetechmount-overlay\">\n\t\t\t\t<div class=\"themetechmount-icon-box themetechmount-box-link\"><a href=\"https:\/\/www.giresunadahastanesi.com\/tr\/team-member\/opr-dr-bayram-gulmamedov\/\"><i class=\"tm-brivona-icon-plus-1\"><\/i><\/a><\/div>\t\n\t\t\t<\/div>\t\n\t\t<\/div>\t\n\t\t\t<div class=\"themetechmount-box-content\">\n\t\t\t\t<div class=\"themetechmount-team-position\">\u00dcroloji Uzman\u0131<\/div>\n\t\t\t\t<div class=\"themetechmount-box-title\"><h4><a href=\"https:\/\/www.giresunadahastanesi.com\/tr\/team-member\/opr-dr-bayram-gulmamedov\/\">Op.Dr. Bayram Gulmamedov<\/a><\/h4><\/div>\t\t\t\t\t\t\t\t\n\t\t\t<\/div>\t\t\t\n\t<\/div>\n<\/article>\n <\/div>\n\t\t\t<\/div>\n\t\t<\/div><!-- .themetechmount-boxes-inner -->   <\/div><!-- .themetechmount-boxes -->  [\/vc_column][\/vc_row]<\/p>\n<\/div>","protected":false},"excerpt":{"rendered":"<p>[vc_row tm_bgimagefixed=&#8221;&#8221; break_in_responsive=&#8221;991&#8243;][vc_column][vc_single_image image=&#8221;2962&#8243; img_size=&#8221;full&#8221; alignment=&#8221;center&#8221;][vc_column_text css=&#8221;.vc_custom_1683635848765{margin-bottom: 20px !important;}&#8221;] \u00dcriner sorunlar\u0131n\u0131za kar\u015f\u0131 dikkatli olun Klini\u011fimizde; erkek ve kad\u0131n\u0131n idrar yollar\u0131 ve organlar\u0131 ile erkek \u00fcreme organlar\u0131n\u0131 konu alan ve bu sistemlerin hastal\u0131klar\u0131 ile u\u011fra\u015f\u0131r. Ayr\u0131ca b\u00f6brek\u00fcst\u00fc bezlerinin cerrahi tedavisi de \u00fcrolojinin alan\u0131na girer. [\/vc_column_text][vc_column_text css=&#8221;.vc_custom_1683635855773{margin-bottom: 10px !important;}&#8221;] \u00dcriner sorunlar\u0131n\u0131za kar\u015f\u0131 dikkatli olun Klini\u011fimizde; erkek ve &hellip; <a href=\"https:\/\/www.giresunadahastanesi.com\/tr\/team-member\/opr-dr-bayram-gulmamedov\/\" class=\"more-link\">Continue reading <span class=\"screen-reader-text\">Op.Dr. Bayram Gulmamedov<\/span><\/a><\/p>\n","protected":false},"author":1,"featured_media":0,"parent":0,"menu_order":23,"comment_status":"closed","ping_status":"closed","template":"","meta":{"footnotes":""},"class_list":["post-3484","page","type-page","status-publish","hentry"],"_links":{"self":[{"href":"https:\/\/www.giresunadahastanesi.com\/tr\/wp-json\/wp\/v2\/pages\/3484","targetHints":{"allow":["GET"]}}],"collection":[{"href":"https:\/\/www.giresunadahastanesi.com\/tr\/wp-json\/wp\/v2\/pages"}],"about":[{"href":"https:\/\/www.giresunadahastanesi.com\/tr\/wp-json\/wp\/v2\/types\/page"}],"author":[{"embeddable":true,"href":"https:\/\/www.giresunadahastanesi.com\/tr\/wp-json\/wp\/v2\/users\/1"}],"replies":[{"embeddable":true,"href":"https:\/\/www.giresunadahastanesi.com\/tr\/wp-json\/wp\/v2\/comments?post=3484"}],"version-history":[{"count":2,"href":"https:\/\/www.giresunadahastanesi.com\/tr\/wp-json\/wp\/v2\/pages\/3484\/revisions"}],"predecessor-version":[{"id":8037,"href":"https:\/\/www.giresunadahastanesi.com\/tr\/wp-json\/wp\/v2\/pages\/3484\/revisions\/8037"}],"wp:attachment":[{"href":"https:\/\/www.giresunadahastanesi.com\/tr\/wp-json\/wp\/v2\/media?parent=3484"}],"curies":[{"name":"wp","href":"https:\/\/api.w.org\/{rel}","templated":true}]}}