{"id":3488,"date":"2023-05-09T15:41:02","date_gmt":"2023-05-09T12:41:02","guid":{"rendered":"https:\/\/www.giresunadahastanesi.com\/?page_id=3488"},"modified":"2023-10-13T11:32:50","modified_gmt":"2023-10-13T08:32:50","slug":"servisler-yeni-dogan","status":"publish","type":"page","link":"https:\/\/www.giresunadahastanesi.com\/tr\/servisler-yeni-dogan\/","title":{"rendered":"Yeni Do\u011fan"},"content":{"rendered":"<div class=\"wpb-content-wrapper\"><p>[vc_row tm_bgimagefixed=&#8221;&#8221; break_in_responsive=&#8221;991&#8243;][vc_column][vc_single_image image=&#8221;2962&#8243; img_size=&#8221;full&#8221; alignment=&#8221;center&#8221;][vc_column_text css=&#8221;.vc_custom_1683636044749{margin-bottom: 20px !important;}&#8221;]Yenido\u011fan Yo\u011fun Bak\u0131m \u00dcnitesi, yo\u011fun bak\u0131m ihtiyac\u0131 olan t\u00fcm bebeklere gerekli deste\u011fi sa\u011flamaktad\u0131r. G\u00fcncel bilgiler \u0131\u015f\u0131\u011f\u0131nda, modern t\u0131bbi donan\u0131m\u0131yla bebekleri k\u0131sa s\u00fcrede ailelerine kavu\u015fturmakta, ailelerin bilgilendirilmesinde ve e\u011fitiminde gerekli kaynaklar\u0131 sa\u011flamaktad\u0131r.[\/vc_column_text]<h4 style=\"text-align:left;\" class=\"tm-custom-heading \" >Hizmetler<\/h4>\n[vc_column_text css=&#8221;.vc_custom_1683636052349{margin-bottom: 10px !important;}&#8221;]Yenido\u011fan Yo\u011fun Bak\u0131m \u00dcnitesi, 24\u2019\u00fcnc\u00fc gebelik haftas\u0131ndan itibaren erken do\u011fum, \u00e7o\u011ful gebelik, \u015feker hastal\u0131\u011f\u0131 annelerin bebe\u011fi, iri bebek, anne karn\u0131nda mekonyum yutmu\u015f bebek, zor do\u011fum sonucu olu\u015fan beyin ve di\u011fer organ hasar\u0131 gibi y\u00fcksek risk ta\u015f\u0131yan bebeklere geli\u015fmi\u015f d\u00fczeyde bak\u0131m sa\u011flamaktad\u0131r. K\u00fc\u00e7\u00fck hastalar\u0131na gerekli olan t\u00fcm t\u0131bbi ve cerrahi hizmetleri sunan Yenido\u011fan Yo\u011fun Bak\u0131m \u00dcnitesi, hastanenin yan\u0131 s\u0131ra T\u00fcrkiye\u2019de ve kom\u015fu \u00fclkelerde yo\u011fun bak\u0131m ihtiyac\u0131 duyan t\u00fcm yeni do\u011fan bebeklere sa\u011fl\u0131k hizmeti sa\u011flamaktad\u0131r. Bu ama\u00e7la hava ve kara ambulans sistemleri ile i\u015fbirli\u011fi i\u00e7inde hizmet verilmektedir.[\/vc_column_text][vc_row_inner][vc_column_inner width=&#8221;1\/2&#8243;]<ul class=\"tm-list tm-list-style-icon tm-list-icon-color-skincolor tm-black tm-icon-skincolor tm-list-textsize- tm-list-icon-library-fontawesome\"><\/ul>[\/vc_column_inner][vc_column_inner width=&#8221;1\/2&#8243; tm_responsive_css=&#8221;40737847|colbreak_no|||||||||colbreak_no|-33px||||||||colbreak_no||||||||||colbreak_no|||||||||&#8221;]<ul class=\"tm-list tm-list-style-icon tm-list-icon-color-skincolor tm-black tm-icon-skincolor tm-list-textsize- tm-list-icon-library-fontawesome\"><\/ul>[\/vc_column_inner][\/vc_row_inner][\/vc_column][\/vc_row][vc_row tm_bgimagefixed=&#8221;&#8221; break_in_responsive=&#8221;991&#8243; css=&#8221;.vc_custom_1543407948016{padding-top: 10px !important;}&#8221;][vc_column]<h4 style=\"text-align:left;\" class=\"tm-custom-heading \" >Servis Doktorlar\u0131m\u0131z<\/h4>\n[vc_separator color=&#8221;custom&#8221; accent_color=&#8221;#ebebeb&#8221;]<div class=\"themetechmount-boxes themetechmount-boxes-team themetechmount-boxes-view-default themetechmount-boxes-col-three themetechmount-boxes-sortable-no themetechmount-boxes-textalign-center themetechmount-boxes-sortablebutton-\">\n\t\t<div class=\"themetechmount-boxes-inner themetechmount-boxes-team-inner \">\n\t\t\t\n\t\t\t<div class=\"row multi-columns-row themetechmount-boxes-row-wrapper\">\n\t\t\t\t<div class=\"tm-box-col-wrapper col-lg-4 col-sm-6 col-md-4 col-xs-12 kadin-hastaliklari-ve-dogum\"><article class=\"themetechmount-box themetechmount-box-team themetechmount-teambox-view-overlay\">\n\t<div class=\"themetechmount-post-item\">\n\t\t<div class=\"themetechmount-team-image-box\">\n\t\t\t\n\t\t<span class=\"themetechmount-item-thumbnail\">\n\t\t\t<span class=\"themetechmount-item-thumbnail-inner\">\n\t\t\t\t<img fetchpriority=\"high\" decoding=\"async\" width=\"380\" height=\"500\" src=\"https:\/\/www.giresunadahastanesi.com\/wp-content\/uploads\/2025\/02\/funda1-380x500.jpg\" class=\"attachment-themetechmount-img-teamoverlay size-themetechmount-img-teamoverlay wp-post-image\" alt=\"\" data-id=\"8114\" \/>\n\t\t\t<\/span>\n\t\t<\/span>\t        <div class=\"themetechmount-overlay\">\n\t\t\t\t<div class=\"themetechmount-icon-box themetechmount-box-link\"><a href=\"https:\/\/www.giresunadahastanesi.com\/tr\/team-member\/op-dr-funda-muhtaroglu\/\"><i class=\"tm-brivona-icon-plus-1\"><\/i><\/a><\/div>\t\n\t\t\t<\/div>\t\n\t\t<\/div>\t\n\t\t\t<div class=\"themetechmount-box-content\">\n\t\t\t\t<div class=\"themetechmount-team-position\">Kad\u0131n Hastal\u0131klar\u0131 ve Do\u011fum <\/div>\n\t\t\t\t<div class=\"themetechmount-box-title\"><h4><a href=\"https:\/\/www.giresunadahastanesi.com\/tr\/team-member\/op-dr-funda-muhtaroglu\/\">Op. Dr. Funda Muhtaro\u011flu<\/a><\/h4><\/div>\t\t\t\t\t\t\t\t\n\t\t\t<\/div>\t\t\t\n\t<\/div>\n<\/article>\n <\/div><div class=\"tm-box-col-wrapper col-lg-4 col-sm-6 col-md-4 col-xs-12 kadin-hastaliklari-ve-dogum\"><article class=\"themetechmount-box themetechmount-box-team themetechmount-teambox-view-overlay\">\n\t<div class=\"themetechmount-post-item\">\n\t\t<div class=\"themetechmount-team-image-box\">\n\t\t\t\n\t\t<span class=\"themetechmount-item-thumbnail\">\n\t\t\t<span class=\"themetechmount-item-thumbnail-inner\">\n\t\t\t\t<img decoding=\"async\" width=\"380\" height=\"500\" src=\"https:\/\/www.giresunadahastanesi.com\/wp-content\/uploads\/2023\/05\/ugurcobanoglu-380x500.jpg\" class=\"attachment-themetechmount-img-teamoverlay size-themetechmount-img-teamoverlay wp-post-image\" alt=\"\" data-id=\"3512\" \/>\n\t\t\t<\/span>\n\t\t<\/span>\t        <div class=\"themetechmount-overlay\">\n\t\t\t\t<div class=\"themetechmount-icon-box themetechmount-box-link\"><a href=\"https:\/\/www.giresunadahastanesi.com\/tr\/team-member\/opr-dr-ugur-cobanoglu\/\"><i class=\"tm-brivona-icon-plus-1\"><\/i><\/a><\/div>\t\n\t\t\t<\/div>\t\n\t\t<\/div>\t\n\t\t\t<div class=\"themetechmount-box-content\">\n\t\t\t\t<div class=\"themetechmount-team-position\">Kad\u0131n Hastal\u0131klar\u0131 ve Do\u011fum<\/div>\n\t\t\t\t<div class=\"themetechmount-box-title\"><h4><a href=\"https:\/\/www.giresunadahastanesi.com\/tr\/team-member\/opr-dr-ugur-cobanoglu\/\">Opr.Dr. U\u011fur \u00c7OBANO\u011eLU<\/a><\/h4><\/div>\t\t\t\t\t\t\t\t\n\t\t\t<\/div>\t\t\t\n\t<\/div>\n<\/article>\n <\/div><div class=\"tm-box-col-wrapper col-lg-4 col-sm-6 col-md-4 col-xs-12 kadin-hastaliklari-ve-dogum\"><article class=\"themetechmount-box themetechmount-box-team themetechmount-teambox-view-overlay\">\n\t<div class=\"themetechmount-post-item\">\n\t\t<div class=\"themetechmount-team-image-box\">\n\t\t\t\n\t\t<span class=\"themetechmount-item-thumbnail\">\n\t\t\t<span class=\"themetechmount-item-thumbnail-inner\">\n\t\t\t\t<img decoding=\"async\" width=\"380\" height=\"500\" src=\"https:\/\/www.giresunadahastanesi.com\/wp-content\/uploads\/2023\/05\/hasanoztekesin-3-380x500.jpg\" class=\"attachment-themetechmount-img-teamoverlay size-themetechmount-img-teamoverlay wp-post-image\" alt=\"\" data-id=\"3513\" \/>\n\t\t\t<\/span>\n\t\t<\/span>\t        <div class=\"themetechmount-overlay\">\n\t\t\t\t<div class=\"themetechmount-icon-box themetechmount-box-link\"><a href=\"https:\/\/www.giresunadahastanesi.com\/tr\/team-member\/opr-dr-hasan-oztekesin\/\"><i class=\"tm-brivona-icon-plus-1\"><\/i><\/a><\/div>\t\n\t\t\t<\/div>\t\n\t\t<\/div>\t\n\t\t\t<div class=\"themetechmount-box-content\">\n\t\t\t\t<div class=\"themetechmount-team-position\">Kad\u0131n Hastal\u0131klar\u0131 ve Do\u011fum<\/div>\n\t\t\t\t<div class=\"themetechmount-box-title\"><h4><a href=\"https:\/\/www.giresunadahastanesi.com\/tr\/team-member\/opr-dr-hasan-oztekesin\/\">Opr.Dr. Hasan \u00d6ZTEKE\u015e\u0130N<\/a><\/h4><\/div>\t\t\t\t\t\t\t\t\n\t\t\t<\/div>\t\t\t\n\t<\/div>\n<\/article>\n <\/div>\n\t\t\t<\/div>\n\t\t<\/div><!-- .themetechmount-boxes-inner -->   <\/div><!-- .themetechmount-boxes -->  [\/vc_column][\/vc_row]<\/p>\n<\/div>","protected":false},"excerpt":{"rendered":"<p>[vc_row tm_bgimagefixed=&#8221;&#8221; break_in_responsive=&#8221;991&#8243;][vc_column][vc_single_image image=&#8221;2962&#8243; img_size=&#8221;full&#8221; alignment=&#8221;center&#8221;][vc_column_text css=&#8221;.vc_custom_1683636044749{margin-bottom: 20px !important;}&#8221;]Yenido\u011fan Yo\u011fun Bak\u0131m \u00dcnitesi, yo\u011fun bak\u0131m ihtiyac\u0131 olan t\u00fcm bebeklere gerekli deste\u011fi sa\u011flamaktad\u0131r. G\u00fcncel bilgiler \u0131\u015f\u0131\u011f\u0131nda, modern t\u0131bbi donan\u0131m\u0131yla bebekleri k\u0131sa s\u00fcrede ailelerine kavu\u015fturmakta, ailelerin bilgilendirilmesinde ve e\u011fitiminde gerekli kaynaklar\u0131 sa\u011flamaktad\u0131r.[\/vc_column_text][vc_column_text css=&#8221;.vc_custom_1683636052349{margin-bottom: 10px !important;}&#8221;]Yenido\u011fan Yo\u011fun Bak\u0131m \u00dcnitesi, 24\u2019\u00fcnc\u00fc gebelik haftas\u0131ndan itibaren erken do\u011fum, \u00e7o\u011ful gebelik, \u015feker hastal\u0131\u011f\u0131 &hellip; <a href=\"https:\/\/www.giresunadahastanesi.com\/tr\/team-member\/opr-dr-hasan-oztekesin\/\" class=\"more-link\">Continue reading <span class=\"screen-reader-text\">Opr.Dr. Hasan \u00d6ZTEKE\u015e\u0130N<\/span><\/a><\/p>\n","protected":false},"author":1,"featured_media":0,"parent":0,"menu_order":23,"comment_status":"closed","ping_status":"closed","template":"","meta":{"footnotes":""},"class_list":["post-3488","page","type-page","status-publish","hentry"],"_links":{"self":[{"href":"https:\/\/www.giresunadahastanesi.com\/tr\/wp-json\/wp\/v2\/pages\/3488","targetHints":{"allow":["GET"]}}],"collection":[{"href":"https:\/\/www.giresunadahastanesi.com\/tr\/wp-json\/wp\/v2\/pages"}],"about":[{"href":"https:\/\/www.giresunadahastanesi.com\/tr\/wp-json\/wp\/v2\/types\/page"}],"author":[{"embeddable":true,"href":"https:\/\/www.giresunadahastanesi.com\/tr\/wp-json\/wp\/v2\/users\/1"}],"replies":[{"embeddable":true,"href":"https:\/\/www.giresunadahastanesi.com\/tr\/wp-json\/wp\/v2\/comments?post=3488"}],"version-history":[{"count":2,"href":"https:\/\/www.giresunadahastanesi.com\/tr\/wp-json\/wp\/v2\/pages\/3488\/revisions"}],"predecessor-version":[{"id":8038,"href":"https:\/\/www.giresunadahastanesi.com\/tr\/wp-json\/wp\/v2\/pages\/3488\/revisions\/8038"}],"wp:attachment":[{"href":"https:\/\/www.giresunadahastanesi.com\/tr\/wp-json\/wp\/v2\/media?parent=3488"}],"curies":[{"name":"wp","href":"https:\/\/api.w.org\/{rel}","templated":true}]}}